{"id":100,"date":"2013-02-26T22:52:17","date_gmt":"2013-02-26T22:52:17","guid":{"rendered":"http:\/\/s414282258.online.de\/ErkaReiseWP\/?page_id=100"},"modified":"2023-03-09T12:23:32","modified_gmt":"2023-03-09T11:23:32","slug":"georgien-traumland-zwischen-kazbek-und-kolchis","status":"publish","type":"page","link":"https:\/\/www.erkareisen.com\/?page_id=100","title":{"rendered":"Georgien: Traumland zwischen Kazbek und Kolchis"},"content":{"rendered":"<p>&nbsp;<\/p>\n<figure id=\"attachment_607\" class=\"thumbnail wp-caption aligncenter\" style=\"width: 300px\"><a href=\"http:\/\/s414282258.online.de\/ErkaReiseWP\/wp-content\/uploads\/2013\/03\/geo_tbs_museum_IMG_5928.jpg\"><img loading=\"lazy\" class=\"size-medium wp-image-607\" src=\"http:\/\/s414282258.online.de\/ErkaReiseWP\/wp-content\/uploads\/2013\/03\/geo_tbs_museum_IMG_5928-300x217.jpg\" alt=\"Schatzkammer im Nationalmuseum\" width=\"300\" height=\"217\" srcset=\"https:\/\/www.erkareisen.com\/wp-content\/uploads\/2013\/03\/geo_tbs_museum_IMG_5928-300x217.jpg 300w, https:\/\/www.erkareisen.com\/wp-content\/uploads\/2013\/03\/geo_tbs_museum_IMG_5928-150x108.jpg 150w, https:\/\/www.erkareisen.com\/wp-content\/uploads\/2013\/03\/geo_tbs_museum_IMG_5928-190x137.jpg 190w, https:\/\/www.erkareisen.com\/wp-content\/uploads\/2013\/03\/geo_tbs_museum_IMG_5928-60x43.jpg 60w, https:\/\/www.erkareisen.com\/wp-content\/uploads\/2013\/03\/geo_tbs_museum_IMG_5928-400x289.jpg 400w, https:\/\/www.erkareisen.com\/wp-content\/uploads\/2013\/03\/geo_tbs_museum_IMG_5928.jpg 1024w\" sizes=\"(max-width: 300px) 100vw, 300px\" \/><\/a><figcaption class=\"caption wp-caption-text\">Schatzkammer im Nationalmuseum<\/figcaption><\/figure>\n<h2 style=\"text-align: center;\">Gro\u00dfe Rundreise<\/h2>\n<p style=\"text-align: center;\"><strong>2 Wochen<\/strong><\/p>\n<p>Diese zweiw\u00f6chige Standard-Studienreise gibt einen umfassenden Einblick in Geschichte und Kultur des Landes. Wir zeigen Ihnen nahezu alle wichtigen Sehensw\u00fcrdigkeiten und f\u00fchren Sie durch alle Teile des Landes mit einer ungew\u00f6hnlichen Vielfalt an aufregend sch\u00f6nen Landschaften. Sie besichtigen die wichtigsten Museen und Schatzkammern Georgiens, sehen vorchristliche H\u00f6hlenst\u00e4dte und mittelalterliche Kl\u00f6ster, machen immer wieder Bekanntschaften mit interessanten Menschen und der sprichw\u00f6rtlichen Gastfreundschaft des Kaukasus. Neben einer Einf\u00fchrung in die Tradition des georgischen Tisches bieten wir Ihnen einen kulinarischer Streifzug durch den Kaukasus, selbstverst\u00e4ndlich mit viel Wein. Eine mittelschwere und eine beschwerliche Wanderung erwarten Sie. Stammquartier der Reise ist die georgische Hauptstadt, sieben \u00dcbernachtungen im Land.<\/p>\n<p><strong>Tag 1: Ankunft in Tbilissi<\/strong><br \/>\nTransfer zum Hotel, \u00dcbernachtung in Tbilissi.<\/p>\n<figure id=\"attachment_606\" class=\"thumbnail wp-caption alignleft\" style=\"width: 150px\"><a href=\"http:\/\/s414282258.online.de\/ErkaReiseWP\/wp-content\/uploads\/2013\/03\/geo_tbs_museum_IMG_5918.jpg\"><img loading=\"lazy\" class=\"size-thumbnail wp-image-606\" src=\"http:\/\/s414282258.online.de\/ErkaReiseWP\/wp-content\/uploads\/2013\/03\/geo_tbs_museum_IMG_5918-150x110.jpg\" alt=\"Der Bronzej\u00fcngling von Vani\" width=\"150\" height=\"110\" srcset=\"https:\/\/www.erkareisen.com\/wp-content\/uploads\/2013\/03\/geo_tbs_museum_IMG_5918-150x110.jpg 150w, https:\/\/www.erkareisen.com\/wp-content\/uploads\/2013\/03\/geo_tbs_museum_IMG_5918-300x220.jpg 300w, https:\/\/www.erkareisen.com\/wp-content\/uploads\/2013\/03\/geo_tbs_museum_IMG_5918-190x139.jpg 190w, https:\/\/www.erkareisen.com\/wp-content\/uploads\/2013\/03\/geo_tbs_museum_IMG_5918-60x44.jpg 60w, https:\/\/www.erkareisen.com\/wp-content\/uploads\/2013\/03\/geo_tbs_museum_IMG_5918-400x293.jpg 400w, https:\/\/www.erkareisen.com\/wp-content\/uploads\/2013\/03\/geo_tbs_museum_IMG_5918.jpg 1024w\" sizes=\"(max-width: 150px) 100vw, 150px\" \/><\/a><figcaption class=\"caption wp-caption-text\">Der Bronzej\u00fcngling von Vani<\/figcaption><\/figure>\n<p><strong>Tag 2: Kolchisschatzkammer<br \/>\n<\/strong>Die Schatzkammer des georgischen Nationalmuseums zeigt eine einmalige Sammlung an Goldfunden aus der Kolchiszeit. Sie stammen zum Teil aus der westgeorgischen Grabungsst\u00e4tte Vani. Au\u00dferdem bietet das Nationalmuseum weitere interessante Ausstellungen. Dazu ein erster Stadtrundgang mit dem Stadtmuseum in der Karawanserei. Abends: Einf\u00fchrung in die Tradition des georgischen Tisches. \u00dcbernachtung in Tbilissi.<\/p>\n<p><strong>Tag 3: Altstadt von Tbilissi<\/strong><\/p>\n<figure id=\"attachment_604\" class=\"thumbnail wp-caption alignright\" style=\"width: 150px\"><img loading=\"lazy\" class=\"size-thumbnail wp-image-604\" src=\"http:\/\/s414282258.online.de\/ErkaReiseWP\/wp-content\/uploads\/2013\/03\/geo_tbs_bruecke_IMG_5440-150x95.jpg\" alt=\"Die neue Friedensbr\u00fccke in Tbilissi\" width=\"150\" height=\"95\" srcset=\"https:\/\/www.erkareisen.com\/wp-content\/uploads\/2013\/03\/geo_tbs_bruecke_IMG_5440-150x95.jpg 150w, https:\/\/www.erkareisen.com\/wp-content\/uploads\/2013\/03\/geo_tbs_bruecke_IMG_5440-300x190.jpg 300w, https:\/\/www.erkareisen.com\/wp-content\/uploads\/2013\/03\/geo_tbs_bruecke_IMG_5440-190x120.jpg 190w, https:\/\/www.erkareisen.com\/wp-content\/uploads\/2013\/03\/geo_tbs_bruecke_IMG_5440-60x38.jpg 60w, https:\/\/www.erkareisen.com\/wp-content\/uploads\/2013\/03\/geo_tbs_bruecke_IMG_5440-400x253.jpg 400w, https:\/\/www.erkareisen.com\/wp-content\/uploads\/2013\/03\/geo_tbs_bruecke_IMG_5440.jpg 1024w\" sizes=\"(max-width: 150px) 100vw, 150px\" \/><figcaption class=\"caption wp-caption-text\">Die neue Friedensbr\u00fccke in Tbilissi<\/figcaption><\/figure>\n<p>Altstadtrundgang mit den Kirchen Metechi, Antschischati und Sioni. Besuch der j\u00fcdischen Synagoge, der Moschee und der Nariqala-Festung. Wir zeigen Ihnen in einem sch\u00f6nen Spaziergang das alte und das neue Tbilissi und fahren auf den Mtazminda, den Hausberg Tbilissi, von dem aus man einen herrlichen \u00fcberblick \u00fcber die Stadt und das Kuratal hat. \u00dcbernachtung in Tbilissi.<\/p>\n<figure id=\"attachment_545\" class=\"thumbnail wp-caption alignleft\" style=\"width: 150px\"><a href=\"http:\/\/s414282258.online.de\/ErkaReiseWP\/wp-content\/uploads\/2013\/03\/geo_stepanzminda_IMG_45971.jpg\"><img loading=\"lazy\" class=\"size-thumbnail wp-image-545\" src=\"http:\/\/s414282258.online.de\/ErkaReiseWP\/wp-content\/uploads\/2013\/03\/geo_stepanzminda_IMG_45971-150x104.jpg\" alt=\"Markt in Stepanzminda\" width=\"150\" height=\"104\" srcset=\"https:\/\/www.erkareisen.com\/wp-content\/uploads\/2013\/03\/geo_stepanzminda_IMG_45971-150x104.jpg 150w, https:\/\/www.erkareisen.com\/wp-content\/uploads\/2013\/03\/geo_stepanzminda_IMG_45971-300x209.jpg 300w, https:\/\/www.erkareisen.com\/wp-content\/uploads\/2013\/03\/geo_stepanzminda_IMG_45971-190x132.jpg 190w, https:\/\/www.erkareisen.com\/wp-content\/uploads\/2013\/03\/geo_stepanzminda_IMG_45971-60x41.jpg 60w, https:\/\/www.erkareisen.com\/wp-content\/uploads\/2013\/03\/geo_stepanzminda_IMG_45971-400x279.jpg 400w, https:\/\/www.erkareisen.com\/wp-content\/uploads\/2013\/03\/geo_stepanzminda_IMG_45971.jpg 1024w\" sizes=\"(max-width: 150px) 100vw, 150px\" \/><\/a><figcaption class=\"caption wp-caption-text\">Markt in Stepanzminda<\/figcaption><\/figure>\n<p class=\"size-thumbnail wp-image-519\"><strong>Tag 4: Mzcheta und Ananuri<br \/>\n<\/strong>Fahrt in den Grossen Kaukasus \u00fcber die historische Hauptstadt Mzcheta (UNESCO-Weltkulturerbe) mit der Kirche Dschwari, dem Kloster Samtawro und der Kathedrale Sweti Zchoweli. Danach Weiterfahrt zur georgischen Heerstra\u00dfe, unterwegs Besichtigung der Wehrkirche Ananuri. Fahrt \u00fcber den Kreuzpass (2.379 m) nach Kasbegi. \u00dcbernachtung in Stepanzminda (fr\u00fcher: Kasbeghi).<\/p>\n<figure id=\"attachment_395\" class=\"thumbnail wp-caption alignright\" style=\"width: 150px\"><a href=\"http:\/\/s414282258.online.de\/ErkaReiseWP\/wp-content\/uploads\/2013\/03\/geo_kazbek_mariamoba_2_IMG_.jpg\"><img loading=\"lazy\" class=\"size-thumbnail wp-image-395\" src=\"http:\/\/s414282258.online.de\/ErkaReiseWP\/wp-content\/uploads\/2013\/03\/geo_kazbek_mariamoba_2_IMG_-150x112.jpg\" alt=\"Opfergang auf Zminda Sameba\" width=\"150\" height=\"112\" srcset=\"https:\/\/www.erkareisen.com\/wp-content\/uploads\/2013\/03\/geo_kazbek_mariamoba_2_IMG_-150x112.jpg 150w, https:\/\/www.erkareisen.com\/wp-content\/uploads\/2013\/03\/geo_kazbek_mariamoba_2_IMG_-300x225.jpg 300w, https:\/\/www.erkareisen.com\/wp-content\/uploads\/2013\/03\/geo_kazbek_mariamoba_2_IMG_-190x142.jpg 190w, https:\/\/www.erkareisen.com\/wp-content\/uploads\/2013\/03\/geo_kazbek_mariamoba_2_IMG_-60x45.jpg 60w, https:\/\/www.erkareisen.com\/wp-content\/uploads\/2013\/03\/geo_kazbek_mariamoba_2_IMG_-400x300.jpg 400w, https:\/\/www.erkareisen.com\/wp-content\/uploads\/2013\/03\/geo_kazbek_mariamoba_2_IMG_.jpg 1024w\" sizes=\"(max-width: 150px) 100vw, 150px\" \/><\/a><figcaption class=\"caption wp-caption-text\">Opfergang auf Zminda Sameba<\/figcaption><\/figure>\n<p><strong>Tag 5: Prometheus&#8216; Berg<\/strong><\/p>\n<p>Wanderung oder Allrad-Shuttle zur Wallfahrtskirche Zminda Sameba vor dem Berg Kasbek (5.033 m). R\u00fcckfahrt \u00fcber die georgische Heerstra\u00dfe nach Westgeorgien, unterwegs Stopp am Stalin-Museum in Gori, das seit 1957 unver\u00e4nderte sozialistische Heldenverehrung bietet und deshalb einen Besuch wert ist. \u00dcbernachtung in Gori.<\/p>\n<figure id=\"attachment_334\" class=\"thumbnail wp-caption alignleft\" style=\"width: 150px\"><a href=\"http:\/\/s414282258.online.de\/ErkaReiseWP\/wp-content\/uploads\/2013\/03\/geo_bagrati_ruine.jpg\"><img loading=\"lazy\" class=\"size-thumbnail wp-image-334\" src=\"http:\/\/s414282258.online.de\/ErkaReiseWP\/wp-content\/uploads\/2013\/03\/geo_bagrati_ruine-150x106.jpg\" alt=\"Bagrati vor der Renovierung\" width=\"150\" height=\"106\" srcset=\"https:\/\/www.erkareisen.com\/wp-content\/uploads\/2013\/03\/geo_bagrati_ruine-150x106.jpg 150w, https:\/\/www.erkareisen.com\/wp-content\/uploads\/2013\/03\/geo_bagrati_ruine-300x212.jpg 300w, https:\/\/www.erkareisen.com\/wp-content\/uploads\/2013\/03\/geo_bagrati_ruine-190x134.jpg 190w, https:\/\/www.erkareisen.com\/wp-content\/uploads\/2013\/03\/geo_bagrati_ruine-60x42.jpg 60w, https:\/\/www.erkareisen.com\/wp-content\/uploads\/2013\/03\/geo_bagrati_ruine-400x283.jpg 400w, https:\/\/www.erkareisen.com\/wp-content\/uploads\/2013\/03\/geo_bagrati_ruine.jpg 1024w\" sizes=\"(max-width: 150px) 100vw, 150px\" \/><\/a><figcaption class=\"caption wp-caption-text\">Bagrati vor der Renovierung<\/figcaption><\/figure>\n<p><strong>Tag 6: K\u00f6nig David&#8217;s Kloster<\/strong><br \/>\nBesichtigung der H\u00f6hlenstadt Uplisziche, danach Fahrt \u00fcber den Rikoti-Pass nach Westgeorgien. Besichtigung des mittelalterlichen Klosterkomplexes Gelati und der Kathedrale Bagrati.&nbsp; Die Bagrati-Kathedrale, bis vor wenigen Jahren eine eindrucksvolle Ruine, wurde jetzt v\u00f6llig rekonstruiert. Stadtbummel in Kutaissi. \u00dcbernachtung in Kutaissi.<\/p>\n<figure id=\"attachment_541\" class=\"thumbnail wp-caption alignright\" style=\"width: 150px\"><a href=\"http:\/\/s414282258.online.de\/ErkaReiseWP\/wp-content\/uploads\/2013\/03\/geo_gori_autobahn_IMG_67201.jpg\"><img loading=\"lazy\" class=\"size-thumbnail wp-image-541\" src=\"http:\/\/s414282258.online.de\/ErkaReiseWP\/wp-content\/uploads\/2013\/03\/geo_gori_autobahn_IMG_67201-150x112.jpg\" alt=\"Moderne Rastst\u00e4tte in Gori\" width=\"150\" height=\"112\" srcset=\"https:\/\/www.erkareisen.com\/wp-content\/uploads\/2013\/03\/geo_gori_autobahn_IMG_67201-150x112.jpg 150w, https:\/\/www.erkareisen.com\/wp-content\/uploads\/2013\/03\/geo_gori_autobahn_IMG_67201-300x225.jpg 300w, https:\/\/www.erkareisen.com\/wp-content\/uploads\/2013\/03\/geo_gori_autobahn_IMG_67201-190x142.jpg 190w, https:\/\/www.erkareisen.com\/wp-content\/uploads\/2013\/03\/geo_gori_autobahn_IMG_67201-60x45.jpg 60w, https:\/\/www.erkareisen.com\/wp-content\/uploads\/2013\/03\/geo_gori_autobahn_IMG_67201-400x300.jpg 400w, https:\/\/www.erkareisen.com\/wp-content\/uploads\/2013\/03\/geo_gori_autobahn_IMG_67201.jpg 1024w\" sizes=\"(max-width: 150px) 100vw, 150px\" \/><\/a><figcaption class=\"caption wp-caption-text\">Moderne Rastst\u00e4tte in Gori<\/figcaption><\/figure>\n<p><strong>Tag 7: Bordschomi und Bakuriani<\/strong><br \/>\nFahrt \u00fcber Ubissa und den Rikoti-Pass nach Bordschomi, kleiner Spaziergang im Kurpark, auf Wunsch Fahrt mit der Schmalspureisenbahn zum H\u00f6henkurort Bakuriani. \u00dcbernachtung in&nbsp; Bakurani.<\/p>\n<figure id=\"attachment_360\" class=\"thumbnail wp-caption alignleft\" style=\"width: 150px\"><a href=\"http:\/\/s414282258.online.de\/ErkaReiseWP\/wp-content\/uploads\/2013\/03\/geo_wardsia_2.jpg\"><img loading=\"lazy\" class=\"size-thumbnail wp-image-360\" src=\"http:\/\/s414282258.online.de\/ErkaReiseWP\/wp-content\/uploads\/2013\/03\/geo_wardsia_2-150x106.jpg\" alt=\"Christusfresko in Wardsia\" width=\"150\" height=\"106\" srcset=\"https:\/\/www.erkareisen.com\/wp-content\/uploads\/2013\/03\/geo_wardsia_2-150x106.jpg 150w, https:\/\/www.erkareisen.com\/wp-content\/uploads\/2013\/03\/geo_wardsia_2-300x212.jpg 300w, https:\/\/www.erkareisen.com\/wp-content\/uploads\/2013\/03\/geo_wardsia_2-190x134.jpg 190w, https:\/\/www.erkareisen.com\/wp-content\/uploads\/2013\/03\/geo_wardsia_2-60x42.jpg 60w, https:\/\/www.erkareisen.com\/wp-content\/uploads\/2013\/03\/geo_wardsia_2-400x283.jpg 400w, https:\/\/www.erkareisen.com\/wp-content\/uploads\/2013\/03\/geo_wardsia_2.jpg 1024w\" sizes=\"(max-width: 150px) 100vw, 150px\" \/><\/a><figcaption class=\"caption wp-caption-text\">Christusfresko in Wardsia<\/figcaption><\/figure>\n<p><strong>Tag 8: Die H\u00f6hlenstadt der K\u00f6nigin<br \/>\n<\/strong>Fahrt nach Wardsia, Besichtigung der H\u00f6hlenstadt Wardsia aus dem 11. Jahrhundert. \u00dcbernachtung in&nbsp; Wardsia.<\/p>\n<p>&nbsp;<\/p>\n<p>&nbsp;<\/p>\n<p><strong>Tag 9: Nationalpark Bordschomi-Charagauli<\/strong><br \/>\nSpaziergang im Nationalpark Bordschomi-Charagauli am Parkeingang Kwabischewi. R\u00fcckfahrt nach Tbilissi. \u00dcbernachtung in Tbilissi.<\/p>\n<p><strong>Tag 10: Bolnissi und Dmanissi<\/strong><\/p>\n<figure id=\"attachment_335\" class=\"thumbnail wp-caption alignright\" style=\"width: 150px\"><a href=\"http:\/\/s414282258.online.de\/ErkaReiseWP\/wp-content\/uploads\/2013\/03\/geo_dmanissi_burg.jpg\"><img loading=\"lazy\" class=\"size-thumbnail wp-image-335\" src=\"http:\/\/s414282258.online.de\/ErkaReiseWP\/wp-content\/uploads\/2013\/03\/geo_dmanissi_burg-150x112.jpg\" alt=\"Burg Dmanissi\" width=\"150\" height=\"112\" srcset=\"https:\/\/www.erkareisen.com\/wp-content\/uploads\/2013\/03\/geo_dmanissi_burg-150x112.jpg 150w, https:\/\/www.erkareisen.com\/wp-content\/uploads\/2013\/03\/geo_dmanissi_burg-300x225.jpg 300w, https:\/\/www.erkareisen.com\/wp-content\/uploads\/2013\/03\/geo_dmanissi_burg-190x142.jpg 190w, https:\/\/www.erkareisen.com\/wp-content\/uploads\/2013\/03\/geo_dmanissi_burg-60x45.jpg 60w, https:\/\/www.erkareisen.com\/wp-content\/uploads\/2013\/03\/geo_dmanissi_burg-400x300.jpg 400w, https:\/\/www.erkareisen.com\/wp-content\/uploads\/2013\/03\/geo_dmanissi_burg.jpg 1024w\" sizes=\"(max-width: 150px) 100vw, 150px\" \/><\/a><figcaption class=\"caption wp-caption-text\">Burg Dmanissi<\/figcaption><\/figure>\n<p>Fahrt nach S\u00fcdgeorgien mit Besichtigung der ehemaligen deutschen Siedlungen Asureti und Bolnissi und dem arach\u00e4ologischen Ausgrabungsgel\u00e4nde von Dmanissi. Abendessen in der &#8222;Deutschen M\u00fchle Bolnisi&#8220;. \u00dcbernachtung in Tbilissi.<\/p>\n<p>&nbsp;<\/p>\n<p><strong>Tag 11: Weinland Kachetien<\/strong><br \/>\nFahrt \u00fcber den Gombori-Pass nach Ostgeorgien, Besichtigung des Klosters Alt Shuamta, Marktrundgang in Telavi.&nbsp; Besichtigung der Kathedrale Alaverdi und der Kirchenburg Gremi. \u00dcbernachtung in Kvareli mit Besichtigung der Weinkellerei Kindzmarauli Cooperative mit Weinprobe.<\/p>\n<p><strong>Tag 12: Kachetiens Kirchen<\/strong><br \/>\nBesichtigung der Doppelkuppelkirche Kweladzminda von Gurdschaani, des St\u00e4dtchen Signachi und des Klosters Bodbe (Grabkirche der hl. Nino). Besuch im Familien-Weingut Avtandil Bedenashvili mit Weinprobe und Abendessen. \u00dcbernachtung in Kvareli.<\/p>\n<p><strong>Tag 13: David Garedschi<\/strong><br \/>\nFahrt zum H\u00f6hlenkloster David Garedschi. Wanderung vom Hauptkloster Lawra zum H\u00f6hlenkloster auf dem Berg Udabno (anspruchsvolle Wanderung, ca. 3 &#8211; 4 Stunden). R\u00fcckfahrt nach Tbilissi. \u00dcbernachtung in Tbilissi.<\/p>\n<figure id=\"attachment_616\" class=\"thumbnail wp-caption alignleft\" style=\"width: 150px\"><a href=\"http:\/\/s414282258.online.de\/ErkaReiseWP\/wp-content\/uploads\/2013\/03\/geo_tbs_seilbahn_IMG_5487.jpg\"><img loading=\"lazy\" class=\"size-thumbnail wp-image-616\" src=\"http:\/\/s414282258.online.de\/ErkaReiseWP\/wp-content\/uploads\/2013\/03\/geo_tbs_seilbahn_IMG_5487-150x106.jpg\" alt=\"Tbilissi\" width=\"150\" height=\"106\" srcset=\"https:\/\/www.erkareisen.com\/wp-content\/uploads\/2013\/03\/geo_tbs_seilbahn_IMG_5487-150x106.jpg 150w, https:\/\/www.erkareisen.com\/wp-content\/uploads\/2013\/03\/geo_tbs_seilbahn_IMG_5487-300x212.jpg 300w, https:\/\/www.erkareisen.com\/wp-content\/uploads\/2013\/03\/geo_tbs_seilbahn_IMG_5487-190x134.jpg 190w, https:\/\/www.erkareisen.com\/wp-content\/uploads\/2013\/03\/geo_tbs_seilbahn_IMG_5487-60x42.jpg 60w, https:\/\/www.erkareisen.com\/wp-content\/uploads\/2013\/03\/geo_tbs_seilbahn_IMG_5487-400x283.jpg 400w, https:\/\/www.erkareisen.com\/wp-content\/uploads\/2013\/03\/geo_tbs_seilbahn_IMG_5487.jpg 1024w\" sizes=\"(max-width: 150px) 100vw, 150px\" \/><\/a><figcaption class=\"caption wp-caption-text\">Tbilissi<\/figcaption><\/figure>\n<p><strong>Tag 14: Tbilissi Markt und Schwefelbad<br \/>\n<\/strong>Einkaufsbummel auf dem gro\u00dfen Markt von Tbilissi und den Einkaufsstrassen. Auf Wunsch Besuch des t\u00fcrkischen Schwefelbades. Abschiedsabend mit einem gro\u00dfen Buffet der &#8222;Neuen Georgischen K\u00fcche&#8220;. \u00dcbernachtung in Tbilissi.<\/p>\n<p><strong>Tag 15: R\u00fcckreise<\/strong><br \/>\nTransfer zum Flughafen.<\/p>\n<p><strong><span style=\"text-decoration: underline;\">Besondere Hinweise:<\/span><\/strong><br \/>\nF\u00fcr die Wanderungen in Kasbegi und David Garedschi werden kn\u00f6chelhohe Wanderschuhe empfohlen.<br \/>\nDas Programm wird je nach individueller Ankunfts- und Abflugzeit optimiert. Programm\u00e4nderungen vorbehalten.<\/p>\n<p><strong><span style=\"text-decoration: underline;\">Unsere Leistungen:<\/span><\/strong><br \/>\n&#8211; alle Transfers ab und bis Flughafen mit deutsch-\/englisch-sprachigem Fahrer\/Guide<br \/>\n&#8211; Unterbringung: DZ mit Vollpension in Tbilissi in einem landes\u00fcblichen ***-Hotel (andere Hotelkategorie oder EZ gegen Aufpreis), im Land in landes\u00fcblichen guten Hotels oder Privatpensionen<br \/>\n&#8211; alle Eintritte f\u00fcr Kirchen und Museen<br \/>\n&#8211; Touristenkarte Georgien<br \/>\n&#8211; Reise-Lesebuch Georgien<\/p>\n<p><strong>Beste Reisezeit:<\/strong> Mai bis Oktober<\/p>\n<p><span style=\"text-decoration: underline;\"><strong>Preis pro Person: \u0080<br \/>\n<\/strong><\/span><strong>Preise auf Anfrage<\/strong><\/p>\n<p><strong> Zus\u00e4tzliche Kosten:<\/strong><br \/>\nFl\u00fcge, Einzelzimmerzuschlag, Trinkgelder,&nbsp; alkoholische Getr\u00e4nke bei Mittag- und Abendessen.<\/p>\n<p align=\"left\">Wir empfehlen den Abschluss eines &#8222;RundumSorglos-Schutzes&#8220; (Reise-R\u00fccktritts-, Reiseabbruch-, Reisegep\u00e4ck- und Reisekrankenversicherung mit medizinischer Notfallhilfe und RundumSorglos-Service) der ERV\/Europ\u00e4ische Reiseversicherung AG.<\/p>\n<p align=\"left\"><strong>Flugbuchungen<\/strong><br \/>\nDa in den letzten Jahren immer mehr Reisende ihre Fl\u00fcge preiswerter und individuell \u00fcber Internet buchen, bieten wir diese Reise ohne Flug an. Wir sind Ihnen aber gerne bei der Suche nach einem preiswerten und geeigneten Flug nach Ihren individuellen W\u00fcnschen behilflich.<\/p>\n<p>Veranstalter ist unsere Schwesterfirma-Firma <strong><em>ERKA TRAVEL CAUCASUS Ltd<\/em>.<\/strong> in Tiflis.<\/p>\n<p><strong>Buchung per e-mail:<\/strong><br \/>\n<a href=\"mailto:service@erkareisen.de\">service@erkareisen.de<\/a><\/p>\n<p>&nbsp;<\/p>\n","protected":false},"excerpt":{"rendered":"<p>&nbsp; Gro\u00dfe Rundreise 2 Wochen Diese zweiw\u00f6chige Standard-Studienreise gibt einen umfassenden Einblick in Geschichte und Kultur des Landes. Wir zeigen Ihnen nahezu alle wichtigen Sehensw\u00fcrdigkeiten und f\u00fchren Sie durch alle Teile des Landes mit einer ungew\u00f6hnlichen Vielfalt an aufregend sch\u00f6nen &hellip; <a href=\"https:\/\/www.erkareisen.com\/?page_id=100\">Weiter<\/a><\/p>\n","protected":false},"author":2,"featured_media":0,"parent":0,"menu_order":0,"comment_status":"closed","ping_status":"closed","template":"","meta":{"kt_blocks_editor_width":"","ngg_post_thumbnail":0},"_links":{"self":[{"href":"https:\/\/www.erkareisen.com\/index.php?rest_route=\/wp\/v2\/pages\/100"}],"collection":[{"href":"https:\/\/www.erkareisen.com\/index.php?rest_route=\/wp\/v2\/pages"}],"about":[{"href":"https:\/\/www.erkareisen.com\/index.php?rest_route=\/wp\/v2\/types\/page"}],"author":[{"embeddable":true,"href":"https:\/\/www.erkareisen.com\/index.php?rest_route=\/wp\/v2\/users\/2"}],"replies":[{"embeddable":true,"href":"https:\/\/www.erkareisen.com\/index.php?rest_route=%2Fwp%2Fv2%2Fcomments&post=100"}],"version-history":[{"count":18,"href":"https:\/\/www.erkareisen.com\/index.php?rest_route=\/wp\/v2\/pages\/100\/revisions"}],"predecessor-version":[{"id":3597,"href":"https:\/\/www.erkareisen.com\/index.php?rest_route=\/wp\/v2\/pages\/100\/revisions\/3597"}],"wp:attachment":[{"href":"https:\/\/www.erkareisen.com\/index.php?rest_route=%2Fwp%2Fv2%2Fmedia&parent=100"}],"curies":[{"name":"wp","href":"https:\/\/api.w.org\/{rel}","templated":true}]}}