{"id":101,"date":"2013-02-26T22:53:34","date_gmt":"2013-02-26T22:53:34","guid":{"rendered":"http:\/\/s414282258.online.de\/ErkaReiseWP\/?page_id=101"},"modified":"2013-04-28T10:37:23","modified_gmt":"2013-04-28T08:37:23","slug":"georgien-auf-schusters-rappen-zu-kultur-und-geschichte","status":"publish","type":"page","link":"https:\/\/www.erkareisen.com\/?page_id=101","title":{"rendered":"Georgien: Auf Schusters Rappen zu Kultur und Geschichte"},"content":{"rendered":"<figure id=\"attachment_416\" class=\"thumbnail wp-caption aligncenter\" style=\"width: 300px\"><a href=\"http:\/\/s414282258.online.de\/ErkaReiseWP\/wp-content\/uploads\/2013\/03\/geo_tzratzkaro_IMG_3932.jpg\"><img loading=\"lazy\" class=\"size-medium wp-image-416\" alt=\"Wandersch\u00e4fer am Tabzkurisee\" src=\"http:\/\/s414282258.online.de\/ErkaReiseWP\/wp-content\/uploads\/2013\/03\/geo_tzratzkaro_IMG_3932-300x225.jpg\" width=\"300\" height=\"225\" srcset=\"https:\/\/www.erkareisen.com\/wp-content\/uploads\/2013\/03\/geo_tzratzkaro_IMG_3932-300x225.jpg 300w, https:\/\/www.erkareisen.com\/wp-content\/uploads\/2013\/03\/geo_tzratzkaro_IMG_3932-150x112.jpg 150w, https:\/\/www.erkareisen.com\/wp-content\/uploads\/2013\/03\/geo_tzratzkaro_IMG_3932-190x142.jpg 190w, https:\/\/www.erkareisen.com\/wp-content\/uploads\/2013\/03\/geo_tzratzkaro_IMG_3932-60x45.jpg 60w, https:\/\/www.erkareisen.com\/wp-content\/uploads\/2013\/03\/geo_tzratzkaro_IMG_3932-400x300.jpg 400w, https:\/\/www.erkareisen.com\/wp-content\/uploads\/2013\/03\/geo_tzratzkaro_IMG_3932.jpg 1024w\" sizes=\"(max-width: 300px) 100vw, 300px\" \/><\/a><figcaption class=\"caption wp-caption-text\">Wandersch\u00e4fer am Tabzkurisee<\/figcaption><\/figure>\n<h2 style=\"text-align: center;\">Wanderstudienreise<\/h2>\n<p style=\"text-align: center;\"><strong>2 Wochen<\/strong><br \/>\nBeste Reisezeit: Mai bis Oktober<\/p>\n<p>Nicht jeder ist darauf versessen, in zwei Wochen Georgien alle kulturellen Sehensw\u00fcrdigkeiten abzufahren und \u201eabzuarbeiten\u201c. Manche m\u00f6gen es ein wenig gem\u00fctlicher und ziehen einen Spaziergang oder eine Wanderung den st\u00e4ndigen Transfers im Bus oder PKW vor. F\u00fcr solche Kultur-Enthusiasten ist die Wanderstudienreise gedacht. Die meisten touristischen Ziele werden durch eine attraktive Wanderung angegangen, daf\u00fcr lassen wir die eine oder andere Kirche aus oder bieten auch einmal ein Ziel an, das eine \u00fcberwiegend motorisierte Reisegruppe kaum ansteuern kann. Und: Wir haben Zeit genug f\u00fcr viele Begegnungen, lassen Sie sich \u00fcberraschen. Allerdings: Ganz ohne Benzinkisten kommen wir auch nicht aus, wenn wir in dieser Rundreise verschiedene Regionen im Lande erreichen wollen. F\u00fcr l\u00e4ngere Transfers sind wir auch auf Busse oder PKW angewiesen. F\u00fcr reine Wanderfreuden empfehlen wir Ihnen unsere bew\u00e4hrten Wanderreisen.<\/p>\n<p><strong>1. Tag: Die Altstadt von Tbilissi<\/strong><br \/>\n<a href=\"http:\/\/s414282258.online.de\/ErkaReiseWP\/wp-content\/uploads\/2013\/03\/geo_tbs_rike_IMG_5449.jpg\"><img loading=\"lazy\" class=\"size-thumbnail wp-image-613 alignleft\" alt=\"geo_tbs_rike_IMG_5449\" src=\"http:\/\/s414282258.online.de\/ErkaReiseWP\/wp-content\/uploads\/2013\/03\/geo_tbs_rike_IMG_5449-150x105.jpg\" width=\"150\" height=\"105\" srcset=\"https:\/\/www.erkareisen.com\/wp-content\/uploads\/2013\/03\/geo_tbs_rike_IMG_5449-150x105.jpg 150w, https:\/\/www.erkareisen.com\/wp-content\/uploads\/2013\/03\/geo_tbs_rike_IMG_5449-300x211.jpg 300w, https:\/\/www.erkareisen.com\/wp-content\/uploads\/2013\/03\/geo_tbs_rike_IMG_5449-190x134.jpg 190w, https:\/\/www.erkareisen.com\/wp-content\/uploads\/2013\/03\/geo_tbs_rike_IMG_5449-60x42.jpg 60w, https:\/\/www.erkareisen.com\/wp-content\/uploads\/2013\/03\/geo_tbs_rike_IMG_5449-400x282.jpg 400w, https:\/\/www.erkareisen.com\/wp-content\/uploads\/2013\/03\/geo_tbs_rike_IMG_5449.jpg 1024w\" sizes=\"(max-width: 150px) 100vw, 150px\" \/><\/a>Altstadtrundgang mit den Kirchen Metechi, Antischati und Sioni (Sitz des georgischen Patriarchen). Besuch der j\u00fcdischen Synagoge, der Moschee und der Nariqala-Festung. Spaziergang vom B\u00e4derviertel \u00fcber die Leselidse-Strasse zum Freiheitsplatz und Rustaweli-Prospekt. Den Mtazminda, den Hausberg von Tbiliss, besteigen wir, indem wir die Treppen an der Standseilbahn einer Autofahrt vorziehen. Am Abend f\u00fchren wir Sie in die Tradition des georgischen Tisches ein. \u00dcbernachtung in Tbilissi.<\/p>\n<p><strong>2. Tag: Spazierg\u00e4nge zum Eingew\u00f6hnen<\/strong><br \/>\nIn den Ausl\u00e4ufern des Trialeti-Berglandes machen Sie einen ersten Spaziergang vom Dorf Dsinarechi zur Kirche Kwatachewi, von wo aus Sie ins Dorf Ertazminda gefahren werden. Dort steht am Nachmittag eine kleine Wanderung zur Kirche Ikwi und zur mittelalterlichen Br\u00fccke Rkoni samt Kloster auf dem Programm. \u00dcbernachtung in Tbilissi.<\/p>\n<p><strong>3. Tag: Wallfahrtskirche vor dem Kazbek<\/strong><\/p>\n<figure id=\"attachment_528\" class=\"thumbnail wp-caption alignleft\" style=\"width: 150px\"><a href=\"http:\/\/s414282258.online.de\/ErkaReiseWP\/wp-content\/uploads\/2013\/03\/geo_wildepaesse_kreuzp_3_IM.jpg\"><img loading=\"lazy\" class=\"size-thumbnail wp-image-528\" alt=\"Versinterung am Kreuzpass\" src=\"http:\/\/s414282258.online.de\/ErkaReiseWP\/wp-content\/uploads\/2013\/03\/geo_wildepaesse_kreuzp_3_IM-150x112.jpg\" width=\"150\" height=\"112\" srcset=\"https:\/\/www.erkareisen.com\/wp-content\/uploads\/2013\/03\/geo_wildepaesse_kreuzp_3_IM-150x112.jpg 150w, https:\/\/www.erkareisen.com\/wp-content\/uploads\/2013\/03\/geo_wildepaesse_kreuzp_3_IM-300x225.jpg 300w, https:\/\/www.erkareisen.com\/wp-content\/uploads\/2013\/03\/geo_wildepaesse_kreuzp_3_IM-190x142.jpg 190w, https:\/\/www.erkareisen.com\/wp-content\/uploads\/2013\/03\/geo_wildepaesse_kreuzp_3_IM-60x45.jpg 60w, https:\/\/www.erkareisen.com\/wp-content\/uploads\/2013\/03\/geo_wildepaesse_kreuzp_3_IM-400x300.jpg 400w, https:\/\/www.erkareisen.com\/wp-content\/uploads\/2013\/03\/geo_wildepaesse_kreuzp_3_IM.jpg 1024w\" sizes=\"(max-width: 150px) 100vw, 150px\" \/><\/a><figcaption class=\"caption wp-caption-text\">Versinterung am Kreuzpass<\/figcaption><\/figure>\n<p>Sie fahren \u00fcber die Grosse Heerstrasse und den Kreuzpass (2.379 m) nach Stepanzminda, fr\u00fcher Kasbeghi, wo am Nachmittag eine Wanderung zur Wallfahrtskirche Zminda Sameba auf dem Programm steht. Wer will \u2013 und sofern die Zeit reicht \u2013 kann noch ein paar Kilometer dranh\u00e4ngen und bis zum Gergeti-Gletscher wandern. \u00dcbernachtung in der Privat-Pension Luisa in Stepanzminda.<\/p>\n<p><strong>4. Tag: Im Djutatal<\/strong><br \/>\nFahrt ins Dorf Kargutscha, von da wandern Sie \u00fcber das malerische D\u00f6rfchen Djuta zum Bergmassiv Tschiuchebi. R\u00fcckfahrt ab Djuta nach Kasbegi. \u00dcbernachtung Kasbegi<\/p>\n<figure id=\"attachment_916\" class=\"thumbnail wp-caption alignright\" style=\"width: 150px\"><a href=\"http:\/\/s414282258.online.de\/ErkaReiseWP\/wp-content\/uploads\/2013\/03\/geo_gori_IMG_7837.jpg\"><img loading=\"lazy\" class=\"size-thumbnail wp-image-916\" alt=\"Stalinmuseum in Gori\" src=\"http:\/\/s414282258.online.de\/ErkaReiseWP\/wp-content\/uploads\/2013\/03\/geo_gori_IMG_7837-150x112.jpg\" width=\"150\" height=\"112\" srcset=\"https:\/\/www.erkareisen.com\/wp-content\/uploads\/2013\/03\/geo_gori_IMG_7837-150x112.jpg 150w, https:\/\/www.erkareisen.com\/wp-content\/uploads\/2013\/03\/geo_gori_IMG_7837-300x225.jpg 300w, https:\/\/www.erkareisen.com\/wp-content\/uploads\/2013\/03\/geo_gori_IMG_7837-190x142.jpg 190w, https:\/\/www.erkareisen.com\/wp-content\/uploads\/2013\/03\/geo_gori_IMG_7837-60x45.jpg 60w, https:\/\/www.erkareisen.com\/wp-content\/uploads\/2013\/03\/geo_gori_IMG_7837-400x300.jpg 400w, https:\/\/www.erkareisen.com\/wp-content\/uploads\/2013\/03\/geo_gori_IMG_7837.jpg 1024w\" sizes=\"(max-width: 150px) 100vw, 150px\" \/><\/a><figcaption class=\"caption wp-caption-text\">Stalinmuseum in Gori<\/figcaption><\/figure>\n<p><strong>5. Tag: Terekschlucht und Gori<\/strong><br \/>\nEine der eindrucksvollsten Wanderungen f\u00fchrt durch die Terekschlucht zur Terekm\u00fcndung. Am sp\u00e4ten Nachmittag fahren wir Sie nach Gori, dem Geburtsort Stalins. Das Stalinmuseum ist deshalb bemerkenswert, weil es seit 1957 unver\u00e4ndert den gro\u00dfen Sohn der Stadt verherrlicht. Das Museum ist selbst das Museum und deshalb einen Besuch wert. \u00dcbernachtung in Gori.<\/p>\n<p><strong>6. Tag: Schmalspurbahn zum H\u00f6henort<\/strong><br \/>\nNach einer Besichtigung der H\u00f6hlenstadt Uplisziche fahren Sie nach Bordschomi, von wo ein gem\u00fctlicher Bummelzug auf der Schmalspurstrecke nach Bakuriani f\u00fchrt. \u00dcbernachtung in Bakuriani.<\/p>\n<p><strong>9. Tag: \u00dcber den Kochta zum Tabazkuri-See<\/strong><\/p>\n<figure id=\"attachment_413\" class=\"thumbnail wp-caption alignleft\" style=\"width: 150px\"><a href=\"http:\/\/s414282258.online.de\/ErkaReiseWP\/wp-content\/uploads\/2013\/03\/geo_tabazkurisee_IMG_2016.jpg\"><img loading=\"lazy\" class=\"size-thumbnail wp-image-413\" alt=\"Am Tabazkurisee\" src=\"http:\/\/s414282258.online.de\/ErkaReiseWP\/wp-content\/uploads\/2013\/03\/geo_tabazkurisee_IMG_2016-150x112.jpg\" width=\"150\" height=\"112\" srcset=\"https:\/\/www.erkareisen.com\/wp-content\/uploads\/2013\/03\/geo_tabazkurisee_IMG_2016-150x112.jpg 150w, https:\/\/www.erkareisen.com\/wp-content\/uploads\/2013\/03\/geo_tabazkurisee_IMG_2016-300x225.jpg 300w, https:\/\/www.erkareisen.com\/wp-content\/uploads\/2013\/03\/geo_tabazkurisee_IMG_2016-190x142.jpg 190w, https:\/\/www.erkareisen.com\/wp-content\/uploads\/2013\/03\/geo_tabazkurisee_IMG_2016-60x45.jpg 60w, https:\/\/www.erkareisen.com\/wp-content\/uploads\/2013\/03\/geo_tabazkurisee_IMG_2016-400x300.jpg 400w, https:\/\/www.erkareisen.com\/wp-content\/uploads\/2013\/03\/geo_tabazkurisee_IMG_2016.jpg 1024w\" sizes=\"(max-width: 150px) 100vw, 150px\" \/><\/a><figcaption class=\"caption wp-caption-text\">Am Tabazkurisee<\/figcaption><\/figure>\n<p>Wanderung \u00fcber den Berg Kochta mit einem fantastischen Ausblick auf die gesamte Kette des Grossen Kaukasus (vom Elbrus bis zum Kazbek) zum Tabazkurisee und dem gleichnamigen Dorf, das ausschlie\u00dflich von Armeniern bewohnt wird. Der See liegt auf knapp 2.000 m H\u00f6he. Danach Transfer \u00fcber Achalkalalki ins Dorf Tmogwi im Kuratal. \u00dcbernachtung in in einr Privatpension in Tmogwi.<\/p>\n<figure id=\"attachment_833\" class=\"thumbnail wp-caption alignright\" style=\"width: 150px\"><a href=\"http:\/\/s414282258.online.de\/ErkaReiseWP\/wp-content\/uploads\/2013\/02\/geo_tmogvi_IMG_8078.jpg\"><img loading=\"lazy\" class=\"size-thumbnail wp-image-833\" alt=\"Festung Tmogvi\" src=\"http:\/\/s414282258.online.de\/ErkaReiseWP\/wp-content\/uploads\/2013\/02\/geo_tmogvi_IMG_8078-150x106.jpg\" width=\"150\" height=\"106\" srcset=\"https:\/\/www.erkareisen.com\/wp-content\/uploads\/2013\/02\/geo_tmogvi_IMG_8078-150x106.jpg 150w, https:\/\/www.erkareisen.com\/wp-content\/uploads\/2013\/02\/geo_tmogvi_IMG_8078-300x212.jpg 300w, https:\/\/www.erkareisen.com\/wp-content\/uploads\/2013\/02\/geo_tmogvi_IMG_8078-190x134.jpg 190w, https:\/\/www.erkareisen.com\/wp-content\/uploads\/2013\/02\/geo_tmogvi_IMG_8078-60x42.jpg 60w, https:\/\/www.erkareisen.com\/wp-content\/uploads\/2013\/02\/geo_tmogvi_IMG_8078-400x283.jpg 400w, https:\/\/www.erkareisen.com\/wp-content\/uploads\/2013\/02\/geo_tmogvi_IMG_8078.jpg 1024w\" sizes=\"(max-width: 150px) 100vw, 150px\" \/><\/a><figcaption class=\"caption wp-caption-text\">Festung Tmogvi<\/figcaption><\/figure>\n<p><strong>8. Tag: Festung Tmogvi und Wardsia<\/strong><br \/>\nWanderung \u00fcber die Festung Tmogvi zur H\u00f6hlenstadt Wardsia. Im 11. Jahrhundert war die Stadt v\u00f6llig unter der Erde, eine Garnsion an der Grenze zum Osmanischen Reich f\u00fcr 10.000 Soldaten. Nach einem Erdbeben ist eine H\u00e4lfte abgebrochen, aus der Garnison wurde ein Kloster. Am Abend dann Transfer nach Bordschomi, dem fr\u00fcheren Zaren-Kurort. \u00dcbernachtung in Bordschomi.<\/p>\n<p><strong>9. Tag: Nationalpark Bordschomi-Charagauli<\/strong><br \/>\nIn einer sch\u00f6nen Tageswanderung im Nationalpark Bordschomi-Charagauli bekommen Sie einen Eindruck vom landschaftlichen und botanischen Reiz des gr\u00f6\u00dften Nationalparks Georgiens. Abends Transfer nach Tbilissi. \u00dcbernachtung in Tbilissi.<\/p>\n<p><strong>10. Tag: Das Kloster \u00fcber Mzcheta<\/strong><br \/>\nFahrt zur historischen Hauptstadt Georgiens Mzcheta, Besichtigung der Kirche Dschwari und der Kathedrale Sweti Zchoweli, danach Weiterfahrt nach Saguramo, Wanderung zum Kloster Sedaseni, das einen herrlichen Ausblick auf Mzcheta bietet. R\u00fcckfahrt nach Tbilissi. \u00dcbernachtung in Tbilissi.<\/p>\n<p><strong>11. Tag: Im Anblick des Kaukasus<\/strong><\/p>\n<figure id=\"attachment_657\" class=\"thumbnail wp-caption alignleft\" style=\"width: 150px\"><a href=\"http:\/\/s414282258.online.de\/ErkaReiseWP\/wp-content\/uploads\/2013\/03\/geo_schuamta_IMG_3358.jpg\"><img loading=\"lazy\" class=\"size-thumbnail wp-image-657\" alt=\"Alt Schuamta\" src=\"http:\/\/s414282258.online.de\/ErkaReiseWP\/wp-content\/uploads\/2013\/03\/geo_schuamta_IMG_3358-150x97.jpg\" width=\"150\" height=\"97\" srcset=\"https:\/\/www.erkareisen.com\/wp-content\/uploads\/2013\/03\/geo_schuamta_IMG_3358-150x97.jpg 150w, https:\/\/www.erkareisen.com\/wp-content\/uploads\/2013\/03\/geo_schuamta_IMG_3358-300x195.jpg 300w, https:\/\/www.erkareisen.com\/wp-content\/uploads\/2013\/03\/geo_schuamta_IMG_3358-190x123.jpg 190w, https:\/\/www.erkareisen.com\/wp-content\/uploads\/2013\/03\/geo_schuamta_IMG_3358-60x39.jpg 60w, https:\/\/www.erkareisen.com\/wp-content\/uploads\/2013\/03\/geo_schuamta_IMG_3358-400x260.jpg 400w, https:\/\/www.erkareisen.com\/wp-content\/uploads\/2013\/03\/geo_schuamta_IMG_3358.jpg 1024w\" sizes=\"(max-width: 150px) 100vw, 150px\" \/><\/a><figcaption class=\"caption wp-caption-text\">Alt Schuamta<\/figcaption><\/figure>\n<p>Fahrt in die Weinbauprovinz Kacheti. Sie wandern von der Akademie Ikalto zum Kloster Alt Schuamta, eine herrliche Strecke, bei der Sie ein faszinierender Blick auf das Alasanital und die gegen\u00fcberliegende Kette des Gro\u00dfen Kaukasus begleitet. Zum Abschluss dieses Tages besuchen Sie noch die Kathedale Alawerdi. \u00dcbernachtung in Telawi.<\/p>\n<p><strong>12. Tag: Nekressi und Weinabend<\/strong><\/p>\n<figure id=\"attachment_579\" class=\"thumbnail wp-caption alignright\" style=\"width: 150px\"><a href=\"http:\/\/s414282258.online.de\/ErkaReiseWP\/wp-content\/uploads\/2013\/03\/geo_anaga_IMG_3338.jpg\"><img loading=\"lazy\" class=\"size-thumbnail wp-image-579\" alt=\"Im Weinkeller von Nika Bakhia\" src=\"http:\/\/s414282258.online.de\/ErkaReiseWP\/wp-content\/uploads\/2013\/03\/geo_anaga_IMG_3338-150x120.jpg\" width=\"150\" height=\"120\" srcset=\"https:\/\/www.erkareisen.com\/wp-content\/uploads\/2013\/03\/geo_anaga_IMG_3338-150x120.jpg 150w, https:\/\/www.erkareisen.com\/wp-content\/uploads\/2013\/03\/geo_anaga_IMG_3338-300x241.jpg 300w, https:\/\/www.erkareisen.com\/wp-content\/uploads\/2013\/03\/geo_anaga_IMG_3338-190x153.jpg 190w, https:\/\/www.erkareisen.com\/wp-content\/uploads\/2013\/03\/geo_anaga_IMG_3338-60x48.jpg 60w, https:\/\/www.erkareisen.com\/wp-content\/uploads\/2013\/03\/geo_anaga_IMG_3338-400x322.jpg 400w, https:\/\/www.erkareisen.com\/wp-content\/uploads\/2013\/03\/geo_anaga_IMG_3338.jpg 1024w\" sizes=\"(max-width: 150px) 100vw, 150px\" \/><\/a><figcaption class=\"caption wp-caption-text\">Im Weinkeller von Nika Bakhia<\/figcaption><\/figure>\n<p>Am Vormittag erwandern Sie sich das bedeutende Kirchenensemble Nekressi, bevor wir Sie ins Dorf Anapa fahren, wo Nika Bakhia, ein auch in Deutschland bekannter K\u00fcnstler, ein kleines Weingut betreibt.\u00a0 Erfahren Sie etwas \u00fcber die Jahrtausende alte Tradition, den Wein ohne jeden Zusatz in Tonamphoren auszubauen. Weinprobe und Abendessen, danach R\u00fcckfahrt nach Tbilissi. \u00dcbernachtung in Tbilissi.<\/p>\n<p><strong>13. Tag: Ruhetag in Tbilissi<\/strong><br \/>\nEin Tag zum Ausspannen und Erholen. Sie k\u00f6nnen sich ein hei\u00dfes Schwefelbad genehmigen oder einfach nur duch die Stadt schlendern. \u00dcbernachtung in Tbilissi.<\/p>\n<p><strong>14 Tag: Klosteranlagen in der W\u00fcste<\/strong><\/p>\n<figure id=\"attachment_338\" class=\"thumbnail wp-caption alignleft\" style=\"width: 150px\"><a href=\"http:\/\/s414282258.online.de\/ErkaReiseWP\/wp-content\/uploads\/2013\/03\/geo_garedschi_2.jpg\"><img loading=\"lazy\" class=\"size-thumbnail wp-image-338\" alt=\"H\u00f6hlenkloster David Garedschi\" src=\"http:\/\/s414282258.online.de\/ErkaReiseWP\/wp-content\/uploads\/2013\/03\/geo_garedschi_2-150x106.jpg\" width=\"150\" height=\"106\" srcset=\"https:\/\/www.erkareisen.com\/wp-content\/uploads\/2013\/03\/geo_garedschi_2-150x106.jpg 150w, https:\/\/www.erkareisen.com\/wp-content\/uploads\/2013\/03\/geo_garedschi_2-300x212.jpg 300w, https:\/\/www.erkareisen.com\/wp-content\/uploads\/2013\/03\/geo_garedschi_2-190x134.jpg 190w, https:\/\/www.erkareisen.com\/wp-content\/uploads\/2013\/03\/geo_garedschi_2-60x42.jpg 60w, https:\/\/www.erkareisen.com\/wp-content\/uploads\/2013\/03\/geo_garedschi_2-400x283.jpg 400w, https:\/\/www.erkareisen.com\/wp-content\/uploads\/2013\/03\/geo_garedschi_2.jpg 1024w\" sizes=\"(max-width: 150px) 100vw, 150px\" \/><\/a><figcaption class=\"caption wp-caption-text\">H\u00f6hlenkloster David Garedschi<\/figcaption><\/figure>\n<p>In Ostgeorgien f\u00fchren wir Sie erneut in eine faszinierende Landschaft, die W\u00fcste von Garedschi. Vom Hauptkloster Lavra aus f\u00fchrt eine Wanderung zum H\u00f6hlenkloster Udabno direkt an der aserbaidschanisch-georgischen Grenze. Es birgt wundersch\u00f6ne Secco-Malereien auf dem 10. und 11. Jahrhundert. Am Abend laden wir Sie zu einer europ\u00e4ischen Supra in unserem Restaurant in Tbilissi ein. \u00dcbernachtung in Tbilissi.<\/p>\n<p><strong>Besondere Hinweise:<\/strong><br \/>\nF\u00fcr die Wanderungen werden kn\u00f6chelhohe Wanderschuhe empfohlen.<br \/>\nDas Programm wird je nach individueller Ankunfts- und Abflugzeit optimiert.<br \/>\nProgramm\u00e4nderungen vorbehalten.<\/p>\n<p><strong>Gruppengr\u00f6\u00dfe:<\/strong><b><br \/>\n<\/b>3 &#8211; 8 Personen<\/p>\n<p><strong>Unsere Leistungen:<\/strong><b><br \/>\n<\/b>alle Transfers ab und bis Flughafen<br \/>\n&#8211; Unterbringung: DZ mit Halbpension in Tbilissi in einem landes\u00fcblichen ***-Hotel (andere Hotelkategorie oder EZ gegen Aufpreis), im Land in landes\u00fcblichen guten Hotels oder Privatpensionen, qualifizierte deutschsprachige Reiseleitung,<br \/>\n&#8211; alle Eintritte f\u00fcr Kirchen und Museen<br \/>\n&#8211; dt. oder engl. sprachige Wanderf\u00fchrung<br \/>\n&#8211; Touristenkarte Georgien<\/p>\n<p><strong>Preis pro Person:<\/strong> auf Anfrage<\/p>\n<p>Wir empfehlen den Abschluss eines \u201eRundumSorglos-Schutzes\u201c (Reise-R\u00fccktritts-, Reiseabbruch-, Reisegep\u00e4ck- und Reisekrankenversicherung mit medizinischer Notfallhilfe und RundumSorglos-Service) der ERV\/Europ\u00e4ische Reiseversicherung AG.<\/p>\n<p><strong>Anreise:<\/strong><br \/>\nDa in den letzten Jahren immer mehr Reisende ihre Fl\u00fcge preiswert und individuell \u00fcber das Internet buchen, bieten wir unsere Reisen ohne Flug an. Wir sind Ihnen aber gerne bei der Suche nach einem preiswerten und geeigneten Flug nach Ihren individuellen W\u00fcnschen behilflich:<\/p>\n<p>Bei gr\u00f6\u00dferen Reisegruppen k\u00f6nnen wir \u00fcber unseren Partner gerne die Reservierung und Buchung des Fluges \u00fcbernehmen.<\/p>\n<p>Bedingt durch die individuellen An- und Abflugszeiten k\u00f6nnen sich am ersten und letzen Tag Programm\u00e4nderungen ergeben.<\/p>\n<p>Veranstalter ist unsere Schwesterfirma-Firma <em><b>ERKA TRAVEL CAUCASUS Ltd<\/b><\/em><strong>.<\/strong> in Tbilissi.<\/p>\n<p><strong>Buchung per e-mail:<\/strong><br \/>\n<a href=\"mailto:service@erkareisen.de\">service@erkareisen.de<\/a><\/p>\n<p>&nbsp;<\/p>\n","protected":false},"excerpt":{"rendered":"<p>Wanderstudienreise 2 Wochen Beste Reisezeit: Mai bis Oktober Nicht jeder ist darauf versessen, in zwei Wochen Georgien alle kulturellen Sehensw\u00fcrdigkeiten abzufahren und \u201eabzuarbeiten\u201c. Manche m\u00f6gen es ein wenig gem\u00fctlicher und ziehen einen Spaziergang oder eine Wanderung den st\u00e4ndigen Transfers im &hellip; <a href=\"https:\/\/www.erkareisen.com\/?page_id=101\">Weiter<\/a><\/p>\n","protected":false},"author":2,"featured_media":0,"parent":0,"menu_order":0,"comment_status":"closed","ping_status":"closed","template":"","meta":{"kt_blocks_editor_width":"","ngg_post_thumbnail":0},"_links":{"self":[{"href":"https:\/\/www.erkareisen.com\/index.php?rest_route=\/wp\/v2\/pages\/101"}],"collection":[{"href":"https:\/\/www.erkareisen.com\/index.php?rest_route=\/wp\/v2\/pages"}],"about":[{"href":"https:\/\/www.erkareisen.com\/index.php?rest_route=\/wp\/v2\/types\/page"}],"author":[{"embeddable":true,"href":"https:\/\/www.erkareisen.com\/index.php?rest_route=\/wp\/v2\/users\/2"}],"replies":[{"embeddable":true,"href":"https:\/\/www.erkareisen.com\/index.php?rest_route=%2Fwp%2Fv2%2Fcomments&post=101"}],"version-history":[{"count":16,"href":"https:\/\/www.erkareisen.com\/index.php?rest_route=\/wp\/v2\/pages\/101\/revisions"}],"predecessor-version":[{"id":302,"href":"https:\/\/www.erkareisen.com\/index.php?rest_route=\/wp\/v2\/pages\/101\/revisions\/302"}],"wp:attachment":[{"href":"https:\/\/www.erkareisen.com\/index.php?rest_route=%2Fwp%2Fv2%2Fmedia&parent=101"}],"curies":[{"name":"wp","href":"https:\/\/api.w.org\/{rel}","templated":true}]}}