{"id":128,"date":"2013-02-27T21:13:53","date_gmt":"2013-02-27T21:13:53","guid":{"rendered":"http:\/\/s414282258.online.de\/ErkaReiseWP\/?page_id=128"},"modified":"2013-02-27T21:31:54","modified_gmt":"2013-02-27T21:31:54","slug":"reisehinweise-armenien","status":"publish","type":"page","link":"https:\/\/www.erkareisen.com\/?page_id=128","title":{"rendered":"Reisehinweise Armenien"},"content":{"rendered":"<p>Das Ausw\u00e4rtige Amt ver\u00f6ffentlicht st\u00e4ndig aktualisierte Reise- und Sicherheitshinweise f\u00fcr alle L\u00e4nder der Welt. Obwohl wir aus der st\u00e4ndigen Pr\u00e4senz vor Ort und unserer mehr als zehnj\u00e4hrigen Erfahrung im Tourismus in den Transitionsl\u00e4ndern des Kaukasus nicht alle Details der Reisehinweise nachvollziehen k\u00f6nnen, empfehlen wir Ihnen, sich vor Antritt einer Reise \u00fcber die Sicherheitslage in Ihrem Reiseland zu informieren. Dabei ist allerdings zu ber\u00fccksichtigen, dass die offiziellen Hinweise des Ausw\u00e4rtigen Amtes auch die Risiken erfassen m\u00fcssen, die jeder Individualreisende oder Privatmann, der vor Ort in der lokalen Gesellschaft lebt, kennen muss. Die Risiken f\u00fcr Pauschalreisende, die von Reisebegleitern mehr oder weniger vollst\u00e4ndig betreut und in entsprechend ausgesuchten Hotels und Pensionen untergebracht sind, entsprechen nach unseren Erfahrungen nicht ann\u00e4hernd den Risiken, mit denen Individualreisende rechnen m\u00fcssen.<\/p>\n<p>Reisehinweise f\u00fcr Armenien:\u00a0\u00a0\u00a0\u00a0\u00a0 <a href=\"http:\/\/www.auswaertiges-amt.de\/DE\/Laenderinformationen\/00-SiHi\/ArmenienSicherheit.html\" target=\"_blank\">http:\/\/www.auswaertigesamt.de\/ Armenien<\/a><\/p>\n","protected":false},"excerpt":{"rendered":"<p>Das Ausw\u00e4rtige Amt ver\u00f6ffentlicht st\u00e4ndig aktualisierte Reise- und Sicherheitshinweise f\u00fcr alle L\u00e4nder der Welt. Obwohl wir aus der st\u00e4ndigen Pr\u00e4senz vor Ort und unserer mehr als zehnj\u00e4hrigen Erfahrung im Tourismus in den Transitionsl\u00e4ndern des Kaukasus nicht alle Details der Reisehinweise &hellip; <a href=\"https:\/\/www.erkareisen.com\/?page_id=128\">Weiter<\/a><\/p>\n","protected":false},"author":2,"featured_media":0,"parent":0,"menu_order":0,"comment_status":"closed","ping_status":"closed","template":"","meta":{"kt_blocks_editor_width":"","ngg_post_thumbnail":0},"_links":{"self":[{"href":"https:\/\/www.erkareisen.com\/index.php?rest_route=\/wp\/v2\/pages\/128"}],"collection":[{"href":"https:\/\/www.erkareisen.com\/index.php?rest_route=\/wp\/v2\/pages"}],"about":[{"href":"https:\/\/www.erkareisen.com\/index.php?rest_route=\/wp\/v2\/types\/page"}],"author":[{"embeddable":true,"href":"https:\/\/www.erkareisen.com\/index.php?rest_route=\/wp\/v2\/users\/2"}],"replies":[{"embeddable":true,"href":"https:\/\/www.erkareisen.com\/index.php?rest_route=%2Fwp%2Fv2%2Fcomments&post=128"}],"version-history":[{"count":5,"href":"https:\/\/www.erkareisen.com\/index.php?rest_route=\/wp\/v2\/pages\/128\/revisions"}],"predecessor-version":[{"id":136,"href":"https:\/\/www.erkareisen.com\/index.php?rest_route=\/wp\/v2\/pages\/128\/revisions\/136"}],"wp:attachment":[{"href":"https:\/\/www.erkareisen.com\/index.php?rest_route=%2Fwp%2Fv2%2Fmedia&parent=128"}],"curies":[{"name":"wp","href":"https:\/\/api.w.org\/{rel}","templated":true}]}}