{"id":1329,"date":"2013-12-17T12:57:59","date_gmt":"2013-12-17T11:57:59","guid":{"rendered":"http:\/\/www.erkareisen.com\/?page_id=1329"},"modified":"2023-03-09T12:24:25","modified_gmt":"2023-03-09T11:24:25","slug":"weinstudienreise-georgien-mit-dem-sensorikexperten-martin-darting-10-19-mai-2014","status":"publish","type":"page","link":"https:\/\/www.erkareisen.com\/?page_id=1329","title":{"rendered":"Weinstudienreise Georgien"},"content":{"rendered":"<p style=\"text-align: center;\"><b><a href=\"http:\/\/s414282258.online.de\/ErkaReiseWP\/wp-content\/uploads\/2013\/02\/geo_01_07_Dionysos-Mosaik-M.jpg\"><img loading=\"lazy\" class=\"alignnone size-medium wp-image-208\" src=\"http:\/\/s414282258.online.de\/ErkaReiseWP\/wp-content\/uploads\/2013\/02\/geo_01_07_Dionysos-Mosaik-M-300x146.jpg\" alt=\"geo_01_07_Dionysos-Mosaik-M\" width=\"300\" height=\"146\" srcset=\"https:\/\/www.erkareisen.com\/wp-content\/uploads\/2013\/02\/geo_01_07_Dionysos-Mosaik-M-300x146.jpg 300w, https:\/\/www.erkareisen.com\/wp-content\/uploads\/2013\/02\/geo_01_07_Dionysos-Mosaik-M-190x92.jpg 190w, https:\/\/www.erkareisen.com\/wp-content\/uploads\/2013\/02\/geo_01_07_Dionysos-Mosaik-M-60x29.jpg 60w, https:\/\/www.erkareisen.com\/wp-content\/uploads\/2013\/02\/geo_01_07_Dionysos-Mosaik-M-400x195.jpg 400w, https:\/\/www.erkareisen.com\/wp-content\/uploads\/2013\/02\/geo_01_07_Dionysos-Mosaik-M.jpg 605w\" sizes=\"(max-width: 300px) 100vw, 300px\" \/><\/a><\/b><\/p>\n<p style=\"text-align: center;\"><b>Weinstudienreise Georgien<br \/>\n1 Woche<br \/>\n<\/b><\/p>\n<p>Georgien feiert sich gerne als die Wiege des Weinbaus. In der Tat, die Technik, Traubensaft zu verg\u00e4ren und so als ein alkoholisches Getr\u00e4nk haltbar zu machen, ist in dieser Gro\u00dfregion entwickelt worden. Dabei ist es wohl kaum erhellend einen Unterschied zu machen, in welchem der beteiligten heutigen L\u00e4nder Georgien, Armenien, Iran oder T\u00fcrkei Arch\u00e4ologen die \u00e4ltesten Traubenkerne gefunden haben.<\/p>\n<figure id=\"attachment_1101\" class=\"thumbnail wp-caption alignright\" style=\"width: 180px\"><a href=\"http:\/\/s414282258.online.de\/ErkaReiseWP\/wp-content\/uploads\/2013\/04\/geo_kvevri_IMG_8331.jpg\"><img loading=\"lazy\" class=\" wp-image-1101 \" src=\"http:\/\/s414282258.online.de\/ErkaReiseWP\/wp-content\/uploads\/2013\/04\/geo_kvevri_IMG_8331-300x212.jpg\" alt=\"Kvevri_Bauer\" width=\"180\" height=\"127\" srcset=\"https:\/\/www.erkareisen.com\/wp-content\/uploads\/2013\/04\/geo_kvevri_IMG_8331-300x212.jpg 300w, https:\/\/www.erkareisen.com\/wp-content\/uploads\/2013\/04\/geo_kvevri_IMG_8331-150x106.jpg 150w, https:\/\/www.erkareisen.com\/wp-content\/uploads\/2013\/04\/geo_kvevri_IMG_8331-190x134.jpg 190w, https:\/\/www.erkareisen.com\/wp-content\/uploads\/2013\/04\/geo_kvevri_IMG_8331-60x42.jpg 60w, https:\/\/www.erkareisen.com\/wp-content\/uploads\/2013\/04\/geo_kvevri_IMG_8331-400x283.jpg 400w, https:\/\/www.erkareisen.com\/wp-content\/uploads\/2013\/04\/geo_kvevri_IMG_8331.jpg 1024w\" sizes=\"(max-width: 180px) 100vw, 180px\" \/><\/a><figcaption class=\"caption wp-caption-text\">Kvevri_Bauer<\/figcaption><\/figure>\n<p>Man spricht von 4.000 bis 7.000 Jahren. Allerdings kann Georgien f\u00fcr sich in Anspruch nehmen, die uralte Ausbaumethode in Tonamphoren &#8211; Kvevris genannt -, die in den Boden eingelassen sind, bis heute im Alltag erhalten zu haben. Kvevris wurden mittlerweile zum Weltkulturerbe ernannt.<\/p>\n<p>Und Georgien bietet mit fast 400 autochtonen Rebsorten, von denen einige Dutzend heute<\/p>\n<figure id=\"attachment_1099\" class=\"thumbnail wp-caption alignleft\" style=\"width: 180px\"><a href=\"http:\/\/s414282258.online.de\/ErkaReiseWP\/wp-content\/uploads\/2013\/04\/geo_alaverdi_IMG_8176.jpg\"><img loading=\"lazy\" class=\" wp-image-1099 \" src=\"http:\/\/s414282258.online.de\/ErkaReiseWP\/wp-content\/uploads\/2013\/04\/geo_alaverdi_IMG_8176-300x212.jpg\" alt=\"Klosterkellerei Alaverdi\" width=\"180\" height=\"127\" srcset=\"https:\/\/www.erkareisen.com\/wp-content\/uploads\/2013\/04\/geo_alaverdi_IMG_8176-300x212.jpg 300w, https:\/\/www.erkareisen.com\/wp-content\/uploads\/2013\/04\/geo_alaverdi_IMG_8176-150x106.jpg 150w, https:\/\/www.erkareisen.com\/wp-content\/uploads\/2013\/04\/geo_alaverdi_IMG_8176-190x134.jpg 190w, https:\/\/www.erkareisen.com\/wp-content\/uploads\/2013\/04\/geo_alaverdi_IMG_8176-60x42.jpg 60w, https:\/\/www.erkareisen.com\/wp-content\/uploads\/2013\/04\/geo_alaverdi_IMG_8176-400x283.jpg 400w, https:\/\/www.erkareisen.com\/wp-content\/uploads\/2013\/04\/geo_alaverdi_IMG_8176.jpg 1024w\" sizes=\"(max-width: 180px) 100vw, 180px\" \/><\/a><figcaption class=\"caption wp-caption-text\">Klosterkellerei Alaverdi<\/figcaption><\/figure>\n<p>noch angebaut und gekeltert werden, Weine, die man andernorts in der Welt nicht kennen lernen kann. Die einw\u00f6chige Reise f\u00fchrt nicht nur in moderne Weinbaubetriebe europ\u00e4ischen Standards, wir besuchen auch kleine, b\u00e4uerliche Familienbetriebe, in der Sie die Jahrtausende alte Weinkultur dieser Region noch unverf\u00e4lscht erleben k\u00f6nnen. Nat\u00fcrlich zeigen wir Ihnen auch die wichtigsten Sehensw\u00fcrdigkeiten des Landes.<\/p>\n<p><b>Programm<\/b><\/p>\n<p><b>1.Tag:.<\/b> Flug nach Tbilissi (individuelle Buchung), Ankunft normalerweise am n\u00e4chsten Tag. fr\u00fchmorgens, Flughafentransfer, \u00dcbernachtung in Tbilissi.<\/p>\n<p><b>2. Tag: <\/b>Stadtrundgang Tbilissi, am Abend Einf\u00fchrung in die Tradition der georgischen Tafel, Supra genannt, mit einer Auswahl an traditionellen georgischen Gerichten. Vorstellung der wichtigsten georgischen Rebsorten. \u00dcbernachtung in Tbilissi.<\/p>\n<p><b>3. Tag:<\/b> Fahrt \u00fcber den Gomboripass in die ostgeorgische Weinbauprovinz Kachetien. Besichtigung der Kirchen von Alt Shuamta und der K\u00f6nigsburg Gremi. Nachmittags Besuch der Klosterkellerei Alaverdi mit Weinprobe. Abendessen im Weingut Schuchmann, eine deutsche Investition, ebenfalls mit Weinprobe, \u00dcbernachtung im Hotel Chateau Kvareli.<\/p>\n<p><b>4. Tag:<\/b> Besichtigung zweier interessanter Weing\u00fcter Cooperative Kindzmarauli und Kareba (gro\u00dfe Weintunnel) in Kvareli, jeweils mit Weinprobe. \u00dcbernachtung und Abendessen in Kvareli.<\/p>\n<figure id=\"attachment_1103\" class=\"thumbnail wp-caption alignleft\" style=\"width: 180px\"><a href=\"http:\/\/s414282258.online.de\/ErkaReiseWP\/wp-content\/uploads\/2013\/04\/geo_schuch_IMG_8338.jpg\"><img loading=\"lazy\" class=\" wp-image-1103 \" src=\"http:\/\/s414282258.online.de\/ErkaReiseWP\/wp-content\/uploads\/2013\/04\/geo_schuch_IMG_8338-300x212.jpg\" alt=\"Kellerei Vinoterra\" width=\"180\" height=\"127\" srcset=\"https:\/\/www.erkareisen.com\/wp-content\/uploads\/2013\/04\/geo_schuch_IMG_8338-300x212.jpg 300w, https:\/\/www.erkareisen.com\/wp-content\/uploads\/2013\/04\/geo_schuch_IMG_8338-150x106.jpg 150w, https:\/\/www.erkareisen.com\/wp-content\/uploads\/2013\/04\/geo_schuch_IMG_8338-190x134.jpg 190w, https:\/\/www.erkareisen.com\/wp-content\/uploads\/2013\/04\/geo_schuch_IMG_8338-60x42.jpg 60w, https:\/\/www.erkareisen.com\/wp-content\/uploads\/2013\/04\/geo_schuch_IMG_8338-400x283.jpg 400w, https:\/\/www.erkareisen.com\/wp-content\/uploads\/2013\/04\/geo_schuch_IMG_8338.jpg 1024w\" sizes=\"(max-width: 180px) 100vw, 180px\" \/><\/a><figcaption class=\"caption wp-caption-text\">Kellerei Vinoterra<\/figcaption><\/figure>\n<p><b>5. Tag: <\/b>R\u00fcckfahrt nach Tbilissi \u00fcber Gurdshaani und Signahi. Besichtigung des Kvevri-Weingutes von Nika Bakhia mit Weinprobe und Mittagessen. Am Abend eine Verkostung der Weine der Weinmanufaktur Awtandil Berdzenischwili. \u00dcbernachtung in Tbilissi.<\/p>\n<figure id=\"attachment_206\" class=\"thumbnail wp-caption alignright\" style=\"width: 180px\"><a href=\"http:\/\/s414282258.online.de\/ErkaReiseWP\/wp-content\/uploads\/2013\/02\/geo_01_07_Chateau-Mukhrani.jpg\"><img loading=\"lazy\" class=\" wp-image-206 \" src=\"http:\/\/s414282258.online.de\/ErkaReiseWP\/wp-content\/uploads\/2013\/02\/geo_01_07_Chateau-Mukhrani-300x181.jpg\" alt=\"Chateau Mukhrani\" width=\"180\" height=\"109\" srcset=\"https:\/\/www.erkareisen.com\/wp-content\/uploads\/2013\/02\/geo_01_07_Chateau-Mukhrani-300x181.jpg 300w, https:\/\/www.erkareisen.com\/wp-content\/uploads\/2013\/02\/geo_01_07_Chateau-Mukhrani-190x114.jpg 190w, https:\/\/www.erkareisen.com\/wp-content\/uploads\/2013\/02\/geo_01_07_Chateau-Mukhrani-60x36.jpg 60w, https:\/\/www.erkareisen.com\/wp-content\/uploads\/2013\/02\/geo_01_07_Chateau-Mukhrani-400x241.jpg 400w, https:\/\/www.erkareisen.com\/wp-content\/uploads\/2013\/02\/geo_01_07_Chateau-Mukhrani.jpg 604w\" sizes=\"(max-width: 180px) 100vw, 180px\" \/><\/a><figcaption class=\"caption wp-caption-text\">Chateau Mukhrani<\/figcaption><\/figure>\n<p><b>6. Tag: <\/b>Besuch der historischen Hauptstadt Mzcheta mit der Dschuari-Kirche und der Kathedrale Sweti Zchoweli. Nachmittags Besuch des Weingutes Chateau Mukhrani mit Weinprobe und Abendessen. \u00dcbernachtung in Tbilissi.<\/p>\n<p><b>7. Tag: <\/b>Ruhetag in Tbilissi. Zeit zum Bummeln, Einkaufen oder einer kurzen Seilbahnfahrt auf den Tbilisser Hausberg &#8222;Mtazminda&#8220;. Am Abend: Abschiedsessen Gourmetmenu \u201cNeue georgische K\u00fcche\u201d, selbstverst\u00e4ndlich mit einer guten Flasche Wein. \u00dcbernachtung in Tbilissi.<\/p>\n<p><b>8. Tag :<\/b> Flughafentransfer und R\u00fcckflug.<\/p>\n<p>(Programm\u00e4nderungen vorberhalten)<\/p>\n<p><b>Unsere Leistungen:<br \/>\n<\/b>Alle Transfers ab und bis Flughafen Tbilissi, Unterkunft in landes\u00fcblichen ***-Hotels im DZ\/DU\/WC (EZ-Zuschlag \u20ac 120,\u2013) mit Fr\u00fchst\u00fcck und Abendessen. Alle im Programm aufgef\u00fchrten Essen, Betriebsbesuche und Weinproben. Eintritte. Deutschsprachiger Fahrer<\/p>\n<p><strong>Preise pro Person<\/strong><\/p>\n<p><strong>Preise auf Anfrage<\/strong><\/p>\n<p>Veranstalter ist unsere georgische Partnerfirma ERKA TRAVEL CAUCASUS Ltd.\/Tbilissi.<\/p>\n<p>&nbsp;<\/p>\n","protected":false},"excerpt":{"rendered":"<p>Weinstudienreise Georgien 1 Woche Georgien feiert sich gerne als die Wiege des Weinbaus. In der Tat, die Technik, Traubensaft zu verg\u00e4ren und so als ein alkoholisches Getr\u00e4nk haltbar zu machen, ist in dieser Gro\u00dfregion entwickelt worden. Dabei ist es wohl &hellip; <a href=\"https:\/\/www.erkareisen.com\/?page_id=1329\">Weiter<\/a><\/p>\n","protected":false},"author":2,"featured_media":0,"parent":0,"menu_order":0,"comment_status":"closed","ping_status":"closed","template":"","meta":{"kt_blocks_editor_width":"","ngg_post_thumbnail":0},"_links":{"self":[{"href":"https:\/\/www.erkareisen.com\/index.php?rest_route=\/wp\/v2\/pages\/1329"}],"collection":[{"href":"https:\/\/www.erkareisen.com\/index.php?rest_route=\/wp\/v2\/pages"}],"about":[{"href":"https:\/\/www.erkareisen.com\/index.php?rest_route=\/wp\/v2\/types\/page"}],"author":[{"embeddable":true,"href":"https:\/\/www.erkareisen.com\/index.php?rest_route=\/wp\/v2\/users\/2"}],"replies":[{"embeddable":true,"href":"https:\/\/www.erkareisen.com\/index.php?rest_route=%2Fwp%2Fv2%2Fcomments&post=1329"}],"version-history":[{"count":15,"href":"https:\/\/www.erkareisen.com\/index.php?rest_route=\/wp\/v2\/pages\/1329\/revisions"}],"predecessor-version":[{"id":3598,"href":"https:\/\/www.erkareisen.com\/index.php?rest_route=\/wp\/v2\/pages\/1329\/revisions\/3598"}],"wp:attachment":[{"href":"https:\/\/www.erkareisen.com\/index.php?rest_route=%2Fwp%2Fv2%2Fmedia&parent=1329"}],"curies":[{"name":"wp","href":"https:\/\/api.w.org\/{rel}","templated":true}]}}