{"id":148,"date":"2013-02-28T08:11:10","date_gmt":"2013-02-28T08:11:10","guid":{"rendered":"http:\/\/s414282258.online.de\/ErkaReiseWP\/?page_id=148"},"modified":"2013-04-28T11:10:48","modified_gmt":"2013-04-28T09:10:48","slug":"armenien-dramatische-landschaften-herrliche-kloster","status":"publish","type":"page","link":"https:\/\/www.erkareisen.com\/?page_id=148","title":{"rendered":"Armenien: Dramatische Landschaften- herrliche Kl\u00f6ster"},"content":{"rendered":"<p style=\"text-align: center;\">\u00a0<a href=\"http:\/\/s414282258.online.de\/ErkaReiseWP\/wp-content\/uploads\/2013\/03\/arm_chorwirab_IMG_3148.jpg\"><img loading=\"lazy\" class=\"size-medium wp-image-626 aligncenter\" alt=\"Kloster Chorwirab und Ararat\" src=\"http:\/\/s414282258.online.de\/ErkaReiseWP\/wp-content\/uploads\/2013\/03\/arm_chorwirab_IMG_3148-300x225.jpg\" width=\"300\" height=\"225\" srcset=\"https:\/\/www.erkareisen.com\/wp-content\/uploads\/2013\/03\/arm_chorwirab_IMG_3148-300x225.jpg 300w, https:\/\/www.erkareisen.com\/wp-content\/uploads\/2013\/03\/arm_chorwirab_IMG_3148-150x112.jpg 150w, https:\/\/www.erkareisen.com\/wp-content\/uploads\/2013\/03\/arm_chorwirab_IMG_3148-190x142.jpg 190w, https:\/\/www.erkareisen.com\/wp-content\/uploads\/2013\/03\/arm_chorwirab_IMG_3148-60x45.jpg 60w, https:\/\/www.erkareisen.com\/wp-content\/uploads\/2013\/03\/arm_chorwirab_IMG_3148-400x300.jpg 400w, https:\/\/www.erkareisen.com\/wp-content\/uploads\/2013\/03\/arm_chorwirab_IMG_3148.jpg 1024w\" sizes=\"(max-width: 300px) 100vw, 300px\" \/><\/a>Kloster Chorwirab und Ararat<\/p>\n<h2 style=\"text-align: center;\"><strong>Schnupperreise <\/strong><\/h2>\n<p style=\"text-align: center;\"><strong>1 Woche<\/strong><\/p>\n<p>Diese einw\u00f6chige Studienreise ist ideal zum ersten Kennen lernen des Landes, zum Reinschnuppern sozusagen. Wir zeigen Ihnen die wichtigsten Sehensw\u00fcrdigkeiten, f\u00fchren Sie durch aufregend sch\u00f6ne Landschaften und geben Ihnen einen interessanten Einblick in die Kultur Armeniens, das im Jahr 301 als erster Staat das Christentum offiziell einf\u00fchrte. Sie sehen mittelalterliche Kirchen und Kl\u00f6ster, werden fasziniert sein vom Anblick des Ararat, einem der eindrucksvollsten Berge unseres Kulturkreises. Stammquartier der Reise ist die armenische Hauptstadt, eine \u00dcbernachtung im Land. (Programm\u00e4nderungen vorbehalten)<\/p>\n<figure id=\"attachment_862\" class=\"thumbnail wp-caption alignleft\" style=\"width: 150px\"><a href=\"http:\/\/s414282258.online.de\/ErkaReiseWP\/wp-content\/uploads\/2013\/02\/arm_etschmiadzin_IMG_7014.jpg\"><img loading=\"lazy\" class=\"size-thumbnail wp-image-862\" alt=\"Kathedrale Etschmiadsin\" src=\"http:\/\/s414282258.online.de\/ErkaReiseWP\/wp-content\/uploads\/2013\/02\/arm_etschmiadzin_IMG_7014-150x112.jpg\" width=\"150\" height=\"112\" srcset=\"https:\/\/www.erkareisen.com\/wp-content\/uploads\/2013\/02\/arm_etschmiadzin_IMG_7014-150x112.jpg 150w, https:\/\/www.erkareisen.com\/wp-content\/uploads\/2013\/02\/arm_etschmiadzin_IMG_7014-300x225.jpg 300w, https:\/\/www.erkareisen.com\/wp-content\/uploads\/2013\/02\/arm_etschmiadzin_IMG_7014-190x142.jpg 190w, https:\/\/www.erkareisen.com\/wp-content\/uploads\/2013\/02\/arm_etschmiadzin_IMG_7014-60x45.jpg 60w, https:\/\/www.erkareisen.com\/wp-content\/uploads\/2013\/02\/arm_etschmiadzin_IMG_7014-400x300.jpg 400w, https:\/\/www.erkareisen.com\/wp-content\/uploads\/2013\/02\/arm_etschmiadzin_IMG_7014.jpg 1024w\" sizes=\"(max-width: 150px) 100vw, 150px\" \/><\/a><figcaption class=\"caption wp-caption-text\">Kathedrale Etschmiadsin<\/figcaption><\/figure>\n<p><strong>1. Tag:<br \/>\nEriwan und Etschmiadzin<\/strong><br \/>\nBei einer Stadtrundfahrt besichtigen Sie das Historische Museum, das Genozid-Mahnmal und die einmalige Handschriftensammlung Matenadaran. Am Nachmittag fahren Sie nach Etschmiadsin, dem Zentrum der armenischen apostolischen Kirche. Neben den Kirchen Gajane und Hripsime besuchen Sie die Kathedrale mit ihrer Schatzkammer. In der N\u00e4he liegt ein interessanter Friedhof, in dem nur Kleriker beerdigt werden d\u00fcrfen. \u00dcbernachtung in Eriwan.<\/p>\n<figure id=\"attachment_732\" class=\"thumbnail wp-caption alignright\" style=\"width: 150px\"><a href=\"http:\/\/s414282258.online.de\/ErkaReiseWP\/wp-content\/uploads\/2013\/03\/arm_norawank_IMG_8941.jpg\"><img loading=\"lazy\" class=\"size-thumbnail wp-image-732\" alt=\"Kloster Norawank\" src=\"http:\/\/s414282258.online.de\/ErkaReiseWP\/wp-content\/uploads\/2013\/03\/arm_norawank_IMG_8941-150x106.jpg\" width=\"150\" height=\"106\" srcset=\"https:\/\/www.erkareisen.com\/wp-content\/uploads\/2013\/03\/arm_norawank_IMG_8941-150x106.jpg 150w, https:\/\/www.erkareisen.com\/wp-content\/uploads\/2013\/03\/arm_norawank_IMG_8941-300x212.jpg 300w, https:\/\/www.erkareisen.com\/wp-content\/uploads\/2013\/03\/arm_norawank_IMG_8941-190x134.jpg 190w, https:\/\/www.erkareisen.com\/wp-content\/uploads\/2013\/03\/arm_norawank_IMG_8941-60x42.jpg 60w, https:\/\/www.erkareisen.com\/wp-content\/uploads\/2013\/03\/arm_norawank_IMG_8941-400x283.jpg 400w, https:\/\/www.erkareisen.com\/wp-content\/uploads\/2013\/03\/arm_norawank_IMG_8941.jpg 1024w\" sizes=\"(max-width: 150px) 100vw, 150px\" \/><\/a><figcaption class=\"caption wp-caption-text\">Kloster Norawank<\/figcaption><\/figure>\n<p><strong>2. Tag:<br \/>\nDas Kloster vor dem Ararat<\/strong><br \/>\nAm fr\u00fchen Morgen besichtigen Sie das Kloster Chor Wirab in der Araxes-Ebene. Fotografen sch\u00e4tzen den einmaligen Blick auf den Ararat, der sich im Hochsommer allerdings fast nur um die Zeit des Sonnenaufgangs zeigt. Es folgt eine eindrucksvolle Fahrt nach S\u00fcdarmenien \u00fcber W\u00fcstengebirge, herrliche P\u00e4sse und durch wilde Schluchten. Am Ende einer Seitenschlucht des Arpa-Tales liegt vor einer schroffen Felskulisse das Kloster Noravank. \u00dcbernachtung in Sissian.<\/p>\n<figure id=\"attachment_733\" class=\"thumbnail wp-caption alignleft\" style=\"width: 150px\"><a href=\"http:\/\/s414282258.online.de\/ErkaReiseWP\/wp-content\/uploads\/2013\/03\/arm_sissian_IMG_7246.jpg\"><img loading=\"lazy\" class=\"size-thumbnail wp-image-733\" alt=\"Steinkreise von Sissian\" src=\"http:\/\/s414282258.online.de\/ErkaReiseWP\/wp-content\/uploads\/2013\/03\/arm_sissian_IMG_7246-150x106.jpg\" width=\"150\" height=\"106\" srcset=\"https:\/\/www.erkareisen.com\/wp-content\/uploads\/2013\/03\/arm_sissian_IMG_7246-150x106.jpg 150w, https:\/\/www.erkareisen.com\/wp-content\/uploads\/2013\/03\/arm_sissian_IMG_7246-300x212.jpg 300w, https:\/\/www.erkareisen.com\/wp-content\/uploads\/2013\/03\/arm_sissian_IMG_7246-190x134.jpg 190w, https:\/\/www.erkareisen.com\/wp-content\/uploads\/2013\/03\/arm_sissian_IMG_7246-60x42.jpg 60w, https:\/\/www.erkareisen.com\/wp-content\/uploads\/2013\/03\/arm_sissian_IMG_7246-400x283.jpg 400w, https:\/\/www.erkareisen.com\/wp-content\/uploads\/2013\/03\/arm_sissian_IMG_7246.jpg 1024w\" sizes=\"(max-width: 150px) 100vw, 150px\" \/><\/a><figcaption class=\"caption wp-caption-text\">Steinkreise von Sissian<\/figcaption><\/figure>\n<p><strong>3. Tag:<br \/>\nSteinkreise und H\u00f6hlenstadt<\/strong><br \/>\nZuerst besichtigen Sie die Steinkreise von Sissian, eine vorgeschichtliche, astrologische Kult- und Forschungsst\u00e4tte. Danach fahren Sie zur pittoresquen H\u00f6hlenstadt Chendsoresk in der N\u00e4he der Grenze zu Berg-Karabach, am Nachmittag durch eine grandiose Schlucht zum einmalig sch\u00f6n gelegenen Kloster Tatev. \u00dcbernachtung in Sissian.<\/p>\n<p>&nbsp;<\/p>\n<figure id=\"attachment_785\" class=\"thumbnail wp-caption alignright\" style=\"width: 150px\"><a href=\"http:\/\/s414282258.online.de\/ErkaReiseWP\/wp-content\/uploads\/2013\/02\/arm_noradus_IMG_7738.jpg\"><img loading=\"lazy\" class=\"size-thumbnail wp-image-785\" alt=\"Friedhof von Noradus\" src=\"http:\/\/s414282258.online.de\/ErkaReiseWP\/wp-content\/uploads\/2013\/02\/arm_noradus_IMG_7738-150x106.jpg\" width=\"150\" height=\"106\" srcset=\"https:\/\/www.erkareisen.com\/wp-content\/uploads\/2013\/02\/arm_noradus_IMG_7738-150x106.jpg 150w, https:\/\/www.erkareisen.com\/wp-content\/uploads\/2013\/02\/arm_noradus_IMG_7738-300x212.jpg 300w, https:\/\/www.erkareisen.com\/wp-content\/uploads\/2013\/02\/arm_noradus_IMG_7738-190x134.jpg 190w, https:\/\/www.erkareisen.com\/wp-content\/uploads\/2013\/02\/arm_noradus_IMG_7738-60x42.jpg 60w, https:\/\/www.erkareisen.com\/wp-content\/uploads\/2013\/02\/arm_noradus_IMG_7738-400x283.jpg 400w, https:\/\/www.erkareisen.com\/wp-content\/uploads\/2013\/02\/arm_noradus_IMG_7738.jpg 1024w\" sizes=\"(max-width: 150px) 100vw, 150px\" \/><\/a><figcaption class=\"caption wp-caption-text\">Friedhof von Noradus<\/figcaption><\/figure>\n<p><strong>4. Tag:<br \/>\nDer Sewan-See<\/strong><br \/>\n\u00dcber den Selimpass fahren Sie zum Sewansee, einem der gr\u00f6\u00dften Hochgebirgsseen (1.900 m) der Welt. Sie besichtigen das Sewan-Kloster, das eindrucksvoll auf einer kleinen Halbinsel liegt. Im D\u00f6rfchen Noraduz besuchen Sie einen der sch\u00f6nsten Friedh\u00f6fe des Landes mit nahezu 1.000 Kreuzsteinen vom 12. Jahrhundert bis heute. \u00dcbernachtung in Dilidschan.<\/p>\n<figure id=\"attachment_729\" class=\"thumbnail wp-caption alignleft\" style=\"width: 150px\"><a href=\"http:\/\/s414282258.online.de\/ErkaReiseWP\/wp-content\/uploads\/2013\/03\/arm_goschawank_IMG_7798.jpg\"><img loading=\"lazy\" class=\"size-thumbnail wp-image-729\" alt=\"Steinmetzarbeit in Goschawank\" src=\"http:\/\/s414282258.online.de\/ErkaReiseWP\/wp-content\/uploads\/2013\/03\/arm_goschawank_IMG_7798-150x112.jpg\" width=\"150\" height=\"112\" srcset=\"https:\/\/www.erkareisen.com\/wp-content\/uploads\/2013\/03\/arm_goschawank_IMG_7798-150x112.jpg 150w, https:\/\/www.erkareisen.com\/wp-content\/uploads\/2013\/03\/arm_goschawank_IMG_7798-300x225.jpg 300w, https:\/\/www.erkareisen.com\/wp-content\/uploads\/2013\/03\/arm_goschawank_IMG_7798-190x142.jpg 190w, https:\/\/www.erkareisen.com\/wp-content\/uploads\/2013\/03\/arm_goschawank_IMG_7798-60x45.jpg 60w, https:\/\/www.erkareisen.com\/wp-content\/uploads\/2013\/03\/arm_goschawank_IMG_7798-400x300.jpg 400w, https:\/\/www.erkareisen.com\/wp-content\/uploads\/2013\/03\/arm_goschawank_IMG_7798.jpg 1024w\" sizes=\"(max-width: 150px) 100vw, 150px\" \/><\/a><figcaption class=\"caption wp-caption-text\">Steinmetzarbeit in Goschawank<\/figcaption><\/figure>\n<p><strong>5. Tag:<\/strong><br \/>\n<strong>Kl\u00f6ster Goschawank und Howannawank<\/strong><br \/>\nIn der Umgebung von Dilidschan liegen die sehenswerten Kl\u00f6ster Goschawank und Howannawank. In Goschawank steht einer der sch\u00f6nsten Kreuzsteine Armeniens mit einer filigranen Arbeit, die eher an H\u00e4kel-Handwerk erinnert. Am Abend geht es zur\u00fcck in die armensiche Hauptstadt. \u00dcbernachtung in Eriwan.<\/p>\n<figure id=\"attachment_637\" class=\"thumbnail wp-caption alignright\" style=\"width: 150px\"><a href=\"http:\/\/s414282258.online.de\/ErkaReiseWP\/wp-content\/uploads\/2013\/03\/arm_geghard_IMG_3108.jpg\"><img loading=\"lazy\" class=\"size-thumbnail wp-image-637\" alt=\"Kloster Geghard\" src=\"http:\/\/s414282258.online.de\/ErkaReiseWP\/wp-content\/uploads\/2013\/03\/arm_geghard_IMG_3108-150x112.jpg\" width=\"150\" height=\"112\" srcset=\"https:\/\/www.erkareisen.com\/wp-content\/uploads\/2013\/03\/arm_geghard_IMG_3108-150x112.jpg 150w, https:\/\/www.erkareisen.com\/wp-content\/uploads\/2013\/03\/arm_geghard_IMG_3108-300x225.jpg 300w, https:\/\/www.erkareisen.com\/wp-content\/uploads\/2013\/03\/arm_geghard_IMG_3108-190x142.jpg 190w, https:\/\/www.erkareisen.com\/wp-content\/uploads\/2013\/03\/arm_geghard_IMG_3108-60x45.jpg 60w, https:\/\/www.erkareisen.com\/wp-content\/uploads\/2013\/03\/arm_geghard_IMG_3108-400x300.jpg 400w, https:\/\/www.erkareisen.com\/wp-content\/uploads\/2013\/03\/arm_geghard_IMG_3108.jpg 1024w\" sizes=\"(max-width: 150px) 100vw, 150px\" \/><\/a><figcaption class=\"caption wp-caption-text\">Kloster Geghard<\/figcaption><\/figure>\n<p><strong>6. Tag: Felsenkloster und Griechentempel<\/strong><br \/>\nSie fahren zum Felsenkloster Geghard, einem der sch\u00f6nsten Klosterensembles des Kaukasus. Viele armenische Familien kommen am Sonntag hierher, um nach einem Kirchenbesuch Familiengedenktage oder religi\u00f6se Feiertage mit einem Opfermahl auf dem Klostergel\u00e4nde zu begehen. Auf dem R\u00fcckweg besichtigen Sie in Garni am ehemaligen Sitz der armenischen K\u00f6nige einen hellenistischen Tempel, der nach einem Erdbeben originalgetreu wiederaufgebaut wurde. Am sp\u00e4ten Nachmittag bleibt noch gen\u00fcgend Zeit, im Zentrum von Eriwan zu bummeln. \u00dcbernachtung in Eriwan.<\/p>\n<figure id=\"attachment_843\" class=\"thumbnail wp-caption alignleft\" style=\"width: 150px\"><a href=\"http:\/\/s414282258.online.de\/ErkaReiseWP\/wp-content\/uploads\/2013\/02\/arm_aragatz_IMG_7089.jpg\"><img loading=\"lazy\" class=\"size-thumbnail wp-image-843\" alt=\"Wandersch\u00e4fer am Aragatz\" src=\"http:\/\/s414282258.online.de\/ErkaReiseWP\/wp-content\/uploads\/2013\/02\/arm_aragatz_IMG_7089-150x106.jpg\" width=\"150\" height=\"106\" srcset=\"https:\/\/www.erkareisen.com\/wp-content\/uploads\/2013\/02\/arm_aragatz_IMG_7089-150x106.jpg 150w, https:\/\/www.erkareisen.com\/wp-content\/uploads\/2013\/02\/arm_aragatz_IMG_7089-300x212.jpg 300w, https:\/\/www.erkareisen.com\/wp-content\/uploads\/2013\/02\/arm_aragatz_IMG_7089-190x134.jpg 190w, https:\/\/www.erkareisen.com\/wp-content\/uploads\/2013\/02\/arm_aragatz_IMG_7089-60x42.jpg 60w, https:\/\/www.erkareisen.com\/wp-content\/uploads\/2013\/02\/arm_aragatz_IMG_7089-400x283.jpg 400w, https:\/\/www.erkareisen.com\/wp-content\/uploads\/2013\/02\/arm_aragatz_IMG_7089.jpg 1024w\" sizes=\"(max-width: 150px) 100vw, 150px\" \/><\/a><figcaption class=\"caption wp-caption-text\">Wandersch\u00e4fer am Aragatz<\/figcaption><\/figure>\n<p><strong>7. Tag: Das Aragatz-Gebirge<\/strong><br \/>\nSie fahren in den Norden ins Aragatz-Gebirge zur Festung Hamberd, die eindrucksvoll auf einer Felsnase \u00fcber einer tiefen Schlucht liegt. Am Nachmittag fahren Sie zu einem 3.000 m hoch gelegenen Bergsee am Fu\u00dfe des Aragatz, vorbei an unz\u00e4hligen Zeltd\u00f6rfern nomadierender Wanderhirten. Meist handelt es sich um Angeh\u00f6rige einer ethnischen Minderheit, den Jesiden. Auf dem R\u00fcckweg besichtigen Sie noch die Kirchen Samossawank und Howannawank. Abschiedsabend und \u00dcbernachtung in Eriwan.<\/p>\n<p><strong>Beste Reisezeit:<\/strong>\u00a0\u00a0 April bis Oktober<\/p>\n<p><strong>Individuelle Termine:\u00a0 <\/strong>jederzeit auf Anfrage<\/p>\n<p><span style=\"text-decoration: underline;\"><strong>Unsere Leistungen:<\/strong><\/span><br \/>\nalle Transfers ab\/bis Flughafen Eriwan; Unterbringung: DZ mit Halbpension in Eriwan in einem landes\u00fcblichen ***-Hotel (andere Hotelkategorie oder EZ gegen Aufpreis), im Land in landes\u00fcblichen guten Hotels oder Privatpensionen. Alle Eintritte f\u00fcr Kirchen und Museen, qualifizierte deutschsprachige Reiseleitung.<\/p>\n<p><strong>Preis pro Person:<\/strong>\u00a0 Preis auf Anfrage<\/p>\n<p><span style=\"text-decoration: underline;\"><strong>Zusatzkosten:<\/strong><strong><\/strong><\/span><br \/>\nFl\u00fcge, Trinkgelder, alkoholische Getr\u00e4nke beim Abendessen.<br \/>\nVisageb\u00fchren<br \/>\nEinzelzimmerzuschlag<\/p>\n<p><strong>Anreise:<\/strong><br \/>\nDa in den letzten Jahren immer mehr Reisende ihre Fl\u00fcge preiswert und individuell \u00fcber das Internet buchen, bieten wir unsere Reisen ohne Flug an. Wir sind Ihnen aber gerne bei der Suche nach einem preiswerten und geeigneten Flug nach Ihren individuellen W\u00fcnschen behilflich:<\/p>\n<p>Bei gr\u00f6\u00dferen Reisegruppen k\u00f6nnen wir \u00fcber unseren Partner gerne die Reservierung und Buchung des Fluges \u00fcbernehmen.<\/p>\n<p>Bedingt durch die individuellen An- und Abflugszeiten k\u00f6nnen sich am ersten und letzen Tag Programm\u00e4nderungen ergeben.<\/p>\n<p><strong>Buchung per e-mail:<\/strong><br \/>\n<a href=\"mailto:service@erkareisen.de\">service@erkareisen.de<\/a><\/p>\n","protected":false},"excerpt":{"rendered":"<p>\u00a0Kloster Chorwirab und Ararat Schnupperreise 1 Woche Diese einw\u00f6chige Studienreise ist ideal zum ersten Kennen lernen des Landes, zum Reinschnuppern sozusagen. Wir zeigen Ihnen die wichtigsten Sehensw\u00fcrdigkeiten, f\u00fchren Sie durch aufregend sch\u00f6ne Landschaften und geben Ihnen einen interessanten Einblick in &hellip; <a href=\"https:\/\/www.erkareisen.com\/?page_id=148\">Weiter<\/a><\/p>\n","protected":false},"author":2,"featured_media":0,"parent":0,"menu_order":0,"comment_status":"closed","ping_status":"closed","template":"","meta":{"kt_blocks_editor_width":"","ngg_post_thumbnail":0},"_links":{"self":[{"href":"https:\/\/www.erkareisen.com\/index.php?rest_route=\/wp\/v2\/pages\/148"}],"collection":[{"href":"https:\/\/www.erkareisen.com\/index.php?rest_route=\/wp\/v2\/pages"}],"about":[{"href":"https:\/\/www.erkareisen.com\/index.php?rest_route=\/wp\/v2\/types\/page"}],"author":[{"embeddable":true,"href":"https:\/\/www.erkareisen.com\/index.php?rest_route=\/wp\/v2\/users\/2"}],"replies":[{"embeddable":true,"href":"https:\/\/www.erkareisen.com\/index.php?rest_route=%2Fwp%2Fv2%2Fcomments&post=148"}],"version-history":[{"count":15,"href":"https:\/\/www.erkareisen.com\/index.php?rest_route=\/wp\/v2\/pages\/148\/revisions"}],"predecessor-version":[{"id":315,"href":"https:\/\/www.erkareisen.com\/index.php?rest_route=\/wp\/v2\/pages\/148\/revisions\/315"}],"wp:attachment":[{"href":"https:\/\/www.erkareisen.com\/index.php?rest_route=%2Fwp%2Fv2%2Fmedia&parent=148"}],"curies":[{"name":"wp","href":"https:\/\/api.w.org\/{rel}","templated":true}]}}