{"id":1510,"date":"2016-01-10T20:08:41","date_gmt":"2016-01-10T19:08:41","guid":{"rendered":"http:\/\/www.erkareisen.com\/?page_id=1510"},"modified":"2023-03-09T12:27:05","modified_gmt":"2023-03-09T11:27:05","slug":"nationalparks-in-georgien","status":"publish","type":"page","link":"https:\/\/www.erkareisen.com\/?page_id=1510","title":{"rendered":"Nationalparks in Georgien"},"content":{"rendered":"<p><strong>Zweiw\u00f6chige Rundreise durch vier Naturschutzgebiete<\/strong><br \/>\n<strong> Festtermin: 4. &#8211; 19. Juni 2016<\/strong><br \/>\nIndividualtermine nach Vereinbarung m\u00f6glich<\/p>\n<p>Georgien hat eine ganze Reihe interessanter Nationalparks und Naturschutzgebiete, die seine Bedeutung als Biodiversit\u00e4ts-Reservoir von Weltrang unterstreichen. In einer zweiw\u00f6chigen Reise stellen wir vier dieser Naturschutzgebiete vor. In Ostgeorgien den Nationalpark Lagodehi an der Grenze zu Daghestan und den Nationalpark Vashlovani an der Grenze zu Aserbaidschan. Beide Gebiete liegen am Rande des Weinbaugebiets Kachetien. In Westgeorgien besuchen wir das Lagunengebiet Pal\u00e4ostomi am Schwarzen Meer bei Poti und den Nationalpark Mtirala in der subtropischen Provinz Adscharien. Die Auswahl bietet eine gr\u00f6\u00dftm\u00f6gliche Vielfalt an Naturerlebnissen in unterschiedlichen Klimazonen bei m\u00f6glichst optimalen Transferstrecken.<\/p>\n<p><strong>Programm:<\/strong><br \/>\n<strong>Samstag, 4.6.: Anreise<\/strong><br \/>\nAnreise, Abholung am Flughafen Tbilissi, Transfer zum Hotel. Abendessen und \u00dcbernachtung in Tbilissi.<\/p>\n<p><strong>Sonntag, 5.6.: Transfer nach Lagodehi<\/strong><br \/>\nFahrt \u00fcber die Steppe David Garedschi mit dem Felsenkloster Lavra nach Ost-Kachetien. Auf Wunsch eine erste Wanderung zum Eingew\u00f6hnen auf den Berg Udabno mit herrlichen Freskenmalereien in den Felsh\u00f6hlen. Abendessen und \u00dcbernachtung in einem G\u00e4stehaus in Lagodehi.<\/p>\n<p><strong>Montag, 6.6.: Nationalpark Lagodehi &#8211; Wanderung zur Meteostation<\/strong><br \/>\nDer Lagodehi-Nationalpark ist der \u00e4lteste im Kaukasus mit insgesamt vier Vegetationszonen, die bis zu einer H\u00f6he von mehr als 3.500 m reichen. Die Wanderung (12 km) f\u00fchrt vom Besucherzentrum bei Lagodehi (300 m) zur Meteostation (1.936 m). \u00dcbernachtung in einer Touristenh\u00fctte oder in Zelten (je nach Gruppengr\u00f6\u00dfe und Belegung) bei der Meteostation.<\/p>\n<p><strong>Dienstag, 7.6.: Nationalpark Lagodehi &#8211; Wanderung zum Black Rocks See<\/strong><br \/>\nDie anspruchsvolle Tageswanderung (insgesamt 24 km) f\u00fchrt zum Black-Rocks-See (2.790 m) und wieder zur\u00fcck zur Meteo-Station. Wer die gesamte Strecke nicht gehen will, kann nat\u00fcrlich gerne fr\u00fcher umkehren. \u00dcbernachtung in der Meteostation.<\/p>\n<p><strong>Mittwoch, 8.6.: Nationalpark Lagodehi &#8211; Wanderung zur\u00fcck<\/strong><br \/>\nR\u00fcckkehr nach Lagodehi (12 km) und Transfer nach Dedoplizkaro. Abendessen und \u00dcbernachtung in einem G\u00e4stehaus in Dedopliszkaro.<\/p>\n<p><strong>Donnerstag, 9.6.: Nationalpark Vashlovani &#8211; Schlammvulkane<\/strong><br \/>\nTagesausflug mit Allradfahrzeugen zu den Schlammvulkanen in der N\u00e4he des Dalis-Stausees. Wenn die Zeit reicht, gibt es noch einen Ausflug in die Adlerschlucht, ebenfalls mit Allradfahrzeugen. Abendessen und \u00dcbernachtung in einem G\u00e4stehaus in Dedopliszkaro.<\/p>\n<p><strong>Freitag, 10.6.: Nationalpark Vashlovani &#8211; Ausflug in den Nationalpark<\/strong><br \/>\nZweit\u00e4tiger Ausflug mit Allradfahrzeugen in den Nationalpark Vashlovani mit vielen Stopps und kurzen Wanderungen an attraktiven Pl\u00e4tzen. Eine Gegend voller bizarrer Felsformationen und Canyons, in denen vor einigen Jahren der kaukasische Leopard mit einer Kamerafalle nachgewiesen wurde. \u00dcbernachtung in einer Touristenh\u00fctte oder in Zelten am Ufer des Flusses Alasani an der aserbaidschanischen Grenze.<\/p>\n<p><strong>Freitag, 11.6.: Nationalpark Vashlovani &#8211; Ausflug in den Nationalpark<\/strong><br \/>\nR\u00fcckfahrt nach Dedopliszkaro, von da Transfer nach Kvareli. Abendessen und Weinprobe im Hotel Chateau Kvareli, das zur Weinkellerei Kindzmarauli Cooperative geh\u00f6rt.<\/p>\n<p><strong>Sonntag, 12.6.: Weinbauregion Kachetien<\/strong><br \/>\nNach einer Besichtigung der Weinkellerei Kindzmarauli Cooperative, der einzigen Kellerei, die seit der Sowjetzeit ununterbrochen in Betrieb ist, Fahrt durch das Weinbaugebiet Kachetien und \u00fcber den Gomboripass nach Tbilissi. Verschiedene Besichtigungen in Kachetien. Abendessen (Menu der Neuen Georgischen K\u00fcche) und \u00dcbernachtung in Tbilissi.<\/p>\n<p><strong>Montag, 13.6.: Transfer ans Schwarze Meer<\/strong><br \/>\nFahrt \u00fcber den Rikoti-Pass und die Kolchis-Hauptstadt Kutaissi ans Schwarze Meer. Unterwegs verschiedene Besichtigungen, u.a. Prometheus-Tropfsteinh\u00f6hle bei Kutaissi. Abendessen und \u00dcbernachtung in einem G\u00e4stehaus in Poti.<\/p>\n<p><strong> Dienstag, 14.6.: Nationalpark Kolkheti &#8211; Bootsfahrt auf dem Pal\u00e4ostomi-See<\/strong><br \/>\nBootsfahrt auf der Pal\u00e4ostomi-Lagune. Am Nachmittag dann Gelegenheit zum Baden im Schwarzen Meer. Abendessen und \u00dcbernachtung in Batumi.<\/p>\n<p><strong>Mittwoch, 15.6.: Mtirala-Nationalpark &#8211; Gef\u00fchrte Wanderung<\/strong><br \/>\nGef\u00fchrte Wanderung ( ca. 8 km) im Mtirala Nationalpark vom Besucherzentrum (260 m) zu den Kalten Quellen (1.235 m). Kolchischer Laubmischwald, \u00fcberwiegend Buchen, charakterisieren diese Strecke. Neben der Vegetation k\u00f6nnen die Besucher Spuren von Braunb\u00e4ren, Rehen, Mardern und anderen Wildtieren finden. Die Route verl\u00e4uft in der N\u00e4he von nat\u00fcrlichen Quellen, am Ziel gibt es einen Picknickplatz und eine Touristenh\u00fctte. \u00dcbernachtung in der H\u00fctte oder in Zelten.<\/p>\n<p><strong>Donnerstag, 16.6.: Mtirala-Nationalpark &#8211; Gef\u00fchrte Wanderung<\/strong><br \/>\nDer zweite Tag der Tour Weg verl\u00e4uft entlang unber\u00fchrter Buchenw\u00e4lder. Abendessen und \u00dcbernachtung in Batumi.<\/p>\n<p><strong> Freitag, 17.6.: Batumi &#8211; zur freien Verf\u00fcgung<\/strong><br \/>\nZum Ausspannen ein Tag in der Badestadt am Schwarzen Meer. Abendessen und \u00dcbernachtung in Batumi.<\/p>\n<p><strong>Samstag, 18.6.: Botanischer Garten<\/strong><br \/>\nZum Abschluss noch ein Halbtagesspaziergang durch den Botanischen Garten von Batumi. Abendessen und \u00dcbernachtung in Batumi.<\/p>\n<p><strong>Sonntag, 19.6.: R\u00fcckflug<\/strong><br \/>\nTransfer zum Flughafen.<\/p>\n<p><strong>Unsere Leistungen:<\/strong><br \/>\n&#8211; Alle Transfers ab\/an Flughafen Tbilissi und Besichtigungen wie beschrieben;<br \/>\n&#8211; gef\u00fchrte Wanderungen in den Nationalparks;<br \/>\n&#8211; \u00dcbernachtungen in guten ***-Hotels (DZ\/Du\/WC), teilweise in guten G\u00e4steh\u00e4usern (DZ\/Etagenduschen-WC), in den Nationalparks in Touristenh\u00fctten oder in Zelten (Ausr\u00fcstung wird gestellt);<br \/>\n&#8211; Verpflegung: Fr\u00fchst\u00fcck, Mittagessen (teilweise als Picknick), Abendessen;<br \/>\n&#8211; deutsch- oder englisch-sprachiger Fahrer\/Guide;<br \/>\n&#8211; alle Eintritte;<br \/>\n&#8211; eine Touristenkarte Georgien, ein Reise-Lesebuch Georgien;<br \/>\n&#8211; Gute Wanderausr\u00fcstung erforderlich<\/p>\n<p><strong>Gruppengr\u00f6\u00dfe: &nbsp;<\/strong> 5 Personen<br \/>\n<strong>Preis pro Person:<\/strong> Preise auf Anfrage.<\/p>\n<p><strong>Zusatzkosten:<\/strong><br \/>\nFl\u00fcge, Trinkgelder, zus\u00e4tzliche alkoholische Getr\u00e4nke beim Abendessen.<\/p>\n<p align=\"left\"><strong>Flugbuchungen<\/strong><br \/>\nDa in den letzten Jahren immer mehr Reisende ihre Fl\u00fcge preiswerter und individuell \u00fcber Internet buchen, bieten wir diese Reise ohne Flug an. Wir sind Ihnen aber gerne bei der Suche nach einem preiswerten und geeigneten Flug nach Ihren individuellen W\u00fcnschen behilflich.<\/p>\n<p align=\"left\">Bedingt durch die individuellen An- und Abflugszeiten k\u00f6nnen sich am ersten und letzen Tag Programm\u00e4nderungen ergeben.<\/p>\n<p>Veranstalter ist unsere Schwesterfirma-Firma <strong><em>ERKA TRAVEL CAUCASUS Ltd<\/em>.<\/strong> in Tiflis.<\/p>\n<p><strong>Buchung per e-mail:<\/strong><br \/>\n<a href=\"mailto:\/\/service@erkareisen.de\">service@erkareisen.de<\/a><\/p>\n","protected":false},"excerpt":{"rendered":"<p>Zweiw\u00f6chige Rundreise durch vier Naturschutzgebiete Festtermin: 4. &#8211; 19. Juni 2016 Individualtermine nach Vereinbarung m\u00f6glich Georgien hat eine ganze Reihe interessanter Nationalparks und Naturschutzgebiete, die seine Bedeutung als Biodiversit\u00e4ts-Reservoir von Weltrang unterstreichen. In einer zweiw\u00f6chigen Reise stellen wir vier dieser &hellip; <a href=\"https:\/\/www.erkareisen.com\/?page_id=1510\">Weiter<\/a><\/p>\n","protected":false},"author":2,"featured_media":0,"parent":0,"menu_order":0,"comment_status":"closed","ping_status":"closed","template":"","meta":{"kt_blocks_editor_width":"","ngg_post_thumbnail":0},"_links":{"self":[{"href":"https:\/\/www.erkareisen.com\/index.php?rest_route=\/wp\/v2\/pages\/1510"}],"collection":[{"href":"https:\/\/www.erkareisen.com\/index.php?rest_route=\/wp\/v2\/pages"}],"about":[{"href":"https:\/\/www.erkareisen.com\/index.php?rest_route=\/wp\/v2\/types\/page"}],"author":[{"embeddable":true,"href":"https:\/\/www.erkareisen.com\/index.php?rest_route=\/wp\/v2\/users\/2"}],"replies":[{"embeddable":true,"href":"https:\/\/www.erkareisen.com\/index.php?rest_route=%2Fwp%2Fv2%2Fcomments&post=1510"}],"version-history":[{"count":3,"href":"https:\/\/www.erkareisen.com\/index.php?rest_route=\/wp\/v2\/pages\/1510\/revisions"}],"predecessor-version":[{"id":3599,"href":"https:\/\/www.erkareisen.com\/index.php?rest_route=\/wp\/v2\/pages\/1510\/revisions\/3599"}],"wp:attachment":[{"href":"https:\/\/www.erkareisen.com\/index.php?rest_route=%2Fwp%2Fv2%2Fmedia&parent=1510"}],"curies":[{"name":"wp","href":"https:\/\/api.w.org\/{rel}","templated":true}]}}