{"id":1525,"date":"2016-01-30T16:31:18","date_gmt":"2016-01-30T15:31:18","guid":{"rendered":"http:\/\/www.erkareisen.com\/?page_id=1525"},"modified":"2018-10-06T19:37:06","modified_gmt":"2018-10-06T17:37:06","slug":"exklusive-wein-gourmetreise","status":"publish","type":"page","link":"https:\/\/www.erkareisen.com\/?page_id=1525","title":{"rendered":"Exklusive Wein &#038; Gourmetreise"},"content":{"rendered":"<figure id=\"attachment_1586\" class=\"thumbnail wp-caption aligncenter\" style=\"width: 614px\"><a href=\"http:\/\/s414282258.online.de\/ErkaReiseWP\/wp-content\/uploads\/2016\/01\/Makatubani_2.jpg\"><img loading=\"lazy\" class=\" wp-image-1586 \" alt=\"Kvevri - Tonamphoren \" src=\"http:\/\/s414282258.online.de\/ErkaReiseWP\/wp-content\/uploads\/2016\/01\/Makatubani_2.jpg\" width=\"614\" height=\"470\" srcset=\"https:\/\/www.erkareisen.com\/wp-content\/uploads\/2016\/01\/Makatubani_2.jpg 1024w, https:\/\/www.erkareisen.com\/wp-content\/uploads\/2016\/01\/Makatubani_2-150x114.jpg 150w, https:\/\/www.erkareisen.com\/wp-content\/uploads\/2016\/01\/Makatubani_2-300x229.jpg 300w, https:\/\/www.erkareisen.com\/wp-content\/uploads\/2016\/01\/Makatubani_2-190x145.jpg 190w, https:\/\/www.erkareisen.com\/wp-content\/uploads\/2016\/01\/Makatubani_2-60x45.jpg 60w, https:\/\/www.erkareisen.com\/wp-content\/uploads\/2016\/01\/Makatubani_2-400x305.jpg 400w\" sizes=\"(max-width: 614px) 100vw, 614px\" \/><\/a><figcaption class=\"caption wp-caption-text\">Kvevri &#8211; Tonamphoren<\/figcaption><\/figure>\n<p style=\"text-align: center;\"><b>Termin nach Vereinbarung<br \/>\n<\/b><\/p>\n<p>Georgien darf sich mit einigem Recht als die Wiege des Weinbaus bezeichnen. Jahrtausende alte Funde von Traubenkernen beweisen dies. Vor allem aber gilt: Nur in Georgien hat sich die uralte Technologie, Trauben in Tonamphoren zu keltern, die im Erdboden vergraben sind, als Volkstradition erhalten. Kvevri hei\u00dfen diese Tongef\u00e4\u00dfe, die bis zu 4.000 Liter fassen k\u00f6nnen.<\/p>\n<p>In der Sowjetzeit wurde der Wein zu einem Massenprodukt degradiert, das fast ausschlie\u00dflich in Tankz\u00fcgen nach Moskau transportiert und dort versektet wurde. In den letzten zwei Jahrzehnten hat sich die georgische Weinwirtschaft aber so dynamisch entwickelt, dass man ihr &#8211; zumindest teilweise &#8211; wieder Weltniveau attestieren kann. Und das vor allem mit endemischen Rebsorten, die es nur in Georgien gibt: <strong>Saperavi<\/strong> (rot) oder <strong>Rkatsiteli<\/strong> (wei\u00df).<\/p>\n<p>Rainer Kaufmann, Journalist und Kaukasus-Experte von ERKA-Reisen, ist seit 25 Jahren in Georgien engagiert, hat diese Entwicklung vor Ort mit verfolgen k\u00f6nnen und kennt viele der gro\u00dfen Weing\u00fcter in ihrer Entwicklung. Vor allem aber kennt er auch einige kleine Familienbetriebe, die hervorragende Weine herstellen. Weing\u00fcter, in denen man die Seele des georgischen Weins ersp\u00fcren kann. In dieser wirklich exklusiven Themenreise vermittelt er einen umfassenden \u00dcberblick \u00fcber Weine und ihre Hersteller, garniert mit ganz besonderen kulinarischen \u00dcberraschungen, die sowohl die traditionelle georgische K\u00fcche beinhalten als auch die ersten Versuche, georgische Speisen mit Einfl\u00fcssen aus aller Welt zu fusionieren.<\/p>\n<p><strong>Eine Informations-Reise f\u00fcr Genie\u00dfer und Menschen, die etwas von Wein und guter K\u00fcche verstehen.<\/strong><\/p>\n<p><strong><span style=\"text-decoration: underline;\">Programm:<\/span><\/strong><\/p>\n<p><b>1. Tag: Anreise<br \/>\n<\/b>Anreise, Transfer vom Flugplatz zum Hotel, Abendessen und \u00dcbernachtung in Tbilissi<\/p>\n<p><b><a href=\"http:\/\/s414282258.online.de\/ErkaReiseWP\/wp-content\/uploads\/2016\/02\/TBS_2.jpg\"><img loading=\"lazy\" class=\"size-thumbnail wp-image-1625 alignleft\" alt=\"TBS_2\" src=\"http:\/\/s414282258.online.de\/ErkaReiseWP\/wp-content\/uploads\/2016\/02\/TBS_2-135x150.jpg\" width=\"135\" height=\"150\" srcset=\"https:\/\/www.erkareisen.com\/wp-content\/uploads\/2016\/02\/TBS_2-135x150.jpg 135w, https:\/\/www.erkareisen.com\/wp-content\/uploads\/2016\/02\/TBS_2-270x300.jpg 270w, https:\/\/www.erkareisen.com\/wp-content\/uploads\/2016\/02\/TBS_2-923x1024.jpg 923w, https:\/\/www.erkareisen.com\/wp-content\/uploads\/2016\/02\/TBS_2-171x190.jpg 171w, https:\/\/www.erkareisen.com\/wp-content\/uploads\/2016\/02\/TBS_2-60x66.jpg 60w, https:\/\/www.erkareisen.com\/wp-content\/uploads\/2016\/02\/TBS_2-302x335.jpg 302w, https:\/\/www.erkareisen.com\/wp-content\/uploads\/2016\/02\/TBS_2.jpg 1024w\" sizes=\"(max-width: 135px) 100vw, 135px\" \/><\/a>2. Tag: Die Altstadt von Tbilissi<br \/>\n<\/b>Altstadtrundgang in Tbilissi. Mittagessen in einem traditionellen Chinkali-Restaurant. Am Abend stellen wir die wichtigsten georgischen Rebsorten in einer ersten Weinprobe vor, bevor der Tamada, der georgische Tischf\u00fchrer, einen Grundkurs in die Rituale der georischen Tafel, Supra genannt, gibt. Selbstverst\u00e4ndlich mit einem ersten \u00dcberblick \u00fcber die Speisen der ber\u00fchmtem georgischen K\u00fcche. \u00dcbernachtung in Tbilissi.<\/p>\n<figure id=\"attachment_1551\" class=\"thumbnail wp-caption alignright\" style=\"width: 150px\"><a href=\"http:\/\/s414282258.online.de\/ErkaReiseWP\/wp-content\/uploads\/2016\/01\/Mzcheta.jpg\"><img loading=\"lazy\" class=\"size-thumbnail wp-image-1551 \" alt=\"Dschwari-Kirche bei Mzcheta\" src=\"http:\/\/s414282258.online.de\/ErkaReiseWP\/wp-content\/uploads\/2016\/01\/Mzcheta-150x93.jpg\" width=\"150\" height=\"93\" srcset=\"https:\/\/www.erkareisen.com\/wp-content\/uploads\/2016\/01\/Mzcheta-150x93.jpg 150w, https:\/\/www.erkareisen.com\/wp-content\/uploads\/2016\/01\/Mzcheta-300x186.jpg 300w, https:\/\/www.erkareisen.com\/wp-content\/uploads\/2016\/01\/Mzcheta-190x118.jpg 190w, https:\/\/www.erkareisen.com\/wp-content\/uploads\/2016\/01\/Mzcheta-60x37.jpg 60w, https:\/\/www.erkareisen.com\/wp-content\/uploads\/2016\/01\/Mzcheta-400x249.jpg 400w, https:\/\/www.erkareisen.com\/wp-content\/uploads\/2016\/01\/Mzcheta.jpg 1024w\" sizes=\"(max-width: 150px) 100vw, 150px\" \/><\/a><figcaption class=\"caption wp-caption-text\">Dschwari-Kirche bei Mzcheta<\/figcaption><\/figure>\n<p><b>3. Tag: Mzcheta und Chateau Mukhrani<br \/>\n<\/b>In der historischen Hauptstadt Georgiens, Mzcheta, besichtigen wir die Dschwari-Kirche, den Prototypen der georgischen Kreuzkuppelkirche, und die Kathedrale Sveti Zchoveli. Mittagessen in einem typisch georgischen Restaurant. Nach einem Besuch in einer altr\u00f6mischen Badeanlage mit einem herrlichen Bacchus-Moraik besichtigen wir das moderne <strong>Weingut Chateau Mukhrani<\/strong>, das in den letzten zehn Jahren von ausl\u00e4ndischen Investoren in einem alten Schloss der georgischen K\u00f6nigsfamilie Bagrationi aufgebaut wurde. Weinprobe und Abendessen im Weingut. \u00dcbernachtung in Tbilissi.<\/p>\n<figure id=\"attachment_1588\" class=\"thumbnail wp-caption alignleft\" style=\"width: 150px\"><a href=\"http:\/\/s414282258.online.de\/ErkaReiseWP\/wp-content\/uploads\/2016\/01\/Shuamta.jpg\"><img loading=\"lazy\" class=\"size-thumbnail wp-image-1588 \" alt=\"Alt Shuamta\" src=\"http:\/\/s414282258.online.de\/ErkaReiseWP\/wp-content\/uploads\/2016\/01\/Shuamta-150x112.jpg\" width=\"150\" height=\"112\" srcset=\"https:\/\/www.erkareisen.com\/wp-content\/uploads\/2016\/01\/Shuamta-150x112.jpg 150w, https:\/\/www.erkareisen.com\/wp-content\/uploads\/2016\/01\/Shuamta-300x224.jpg 300w, https:\/\/www.erkareisen.com\/wp-content\/uploads\/2016\/01\/Shuamta-190x141.jpg 190w, https:\/\/www.erkareisen.com\/wp-content\/uploads\/2016\/01\/Shuamta-60x44.jpg 60w, https:\/\/www.erkareisen.com\/wp-content\/uploads\/2016\/01\/Shuamta-400x298.jpg 400w, https:\/\/www.erkareisen.com\/wp-content\/uploads\/2016\/01\/Shuamta.jpg 1024w\" sizes=\"(max-width: 150px) 100vw, 150px\" \/><\/a><figcaption class=\"caption wp-caption-text\">Alt Shuamta<\/figcaption><\/figure>\n<p><b>4. Tag: Kachetien und Weingut Schuchmann<br \/>\n<\/b>Die n\u00e4chsten Tage f\u00fchren \u00fcber den Gombori-Pass in die ostgeorgische Weinbau-Region Kachetien mit Besichtigung des Kloster-Ensembles Alt Shuamta. Mittagessen\u00a0 und Betriebsbesichtigung im <strong>Weingut Schuchmann<\/strong>, einem deutschen Investor, der eines der Spitzenweing\u00fcter Georgiens aufgebaut hat. Nach einem Marktrundgang in Telavi besuchen wir das neue Kvevri-Forschungsinstitut in Iqalto, wo man sich mit modernsten Forschungsmethoden mit der uralten Weinbautechnologie besch\u00e4ftigt. \u00dcber die Kathedrale Alaverdi und die Kirchenburg Gremi geht es zur Weinbaustadt Kvareli. Abendessen, Weinprobe und \u00dcbernachtung im Hotel &#8222;Chateau Kvareli&#8220;.<\/p>\n<p><b><a href=\"http:\/\/s414282258.online.de\/ErkaReiseWP\/wp-content\/uploads\/2016\/01\/Kvareli.jpg\"><img loading=\"lazy\" class=\"size-thumbnail wp-image-1582 alignright\" alt=\"Kvareli\" src=\"http:\/\/s414282258.online.de\/ErkaReiseWP\/wp-content\/uploads\/2016\/01\/Kvareli-150x140.jpg\" width=\"150\" height=\"140\" srcset=\"https:\/\/www.erkareisen.com\/wp-content\/uploads\/2016\/01\/Kvareli-150x140.jpg 150w, https:\/\/www.erkareisen.com\/wp-content\/uploads\/2016\/01\/Kvareli-300x280.jpg 300w, https:\/\/www.erkareisen.com\/wp-content\/uploads\/2016\/01\/Kvareli-190x177.jpg 190w, https:\/\/www.erkareisen.com\/wp-content\/uploads\/2016\/01\/Kvareli-60x56.jpg 60w, https:\/\/www.erkareisen.com\/wp-content\/uploads\/2016\/01\/Kvareli-357x335.jpg 357w, https:\/\/www.erkareisen.com\/wp-content\/uploads\/2016\/01\/Kvareli.jpg 1024w\" sizes=\"(max-width: 150px) 100vw, 150px\" \/><\/a>5. Tag: Kindzmarauli Kooperative und Weinkellerei Kareba <\/b><br \/>\nBetriebsbesichtigung der <strong>Kindzmarauli Kooperative<\/strong>, der einzigen Gro\u00dfkellerei Georgiens, die \u00a0auch nach Ende der UdSSR ununterbrochen produziert hat. Eine besonders interessante Geschichte, die die Kellermeister erz\u00e4hlen k\u00f6nnen, die in Deutschland studiert haben. Nach dem Besuch des Kloster Nekressi, ebenfalls mit einer interessanten Kvevri-Anlage, und einem Mittags-Imbiss am Kvareli-Lake besichtigen wir die <strong>Weinkellerei Kareba<\/strong>, die vor allem durch ihre Kilometer langen Felsstollen bekannt ist, selbstverst\u00e4ndlich wieder mit einer kleinen Weinprobe. Abendessen und \u00dcbernachtung: Hotel &#8222;Chateau Kvareli&#8220;.<\/p>\n<figure id=\"attachment_1589\" class=\"thumbnail wp-caption alignleft\" style=\"width: 150px\"><a href=\"http:\/\/s414282258.online.de\/ErkaReiseWP\/wp-content\/uploads\/2016\/01\/Signahi.jpg\"><img loading=\"lazy\" class=\"size-thumbnail wp-image-1589 \" alt=\"Signahi\" src=\"http:\/\/s414282258.online.de\/ErkaReiseWP\/wp-content\/uploads\/2016\/01\/Signahi-150x103.jpg\" width=\"150\" height=\"103\" srcset=\"https:\/\/www.erkareisen.com\/wp-content\/uploads\/2016\/01\/Signahi-150x103.jpg 150w, https:\/\/www.erkareisen.com\/wp-content\/uploads\/2016\/01\/Signahi-300x207.jpg 300w, https:\/\/www.erkareisen.com\/wp-content\/uploads\/2016\/01\/Signahi-190x131.jpg 190w, https:\/\/www.erkareisen.com\/wp-content\/uploads\/2016\/01\/Signahi-60x41.jpg 60w, https:\/\/www.erkareisen.com\/wp-content\/uploads\/2016\/01\/Signahi-400x276.jpg 400w, https:\/\/www.erkareisen.com\/wp-content\/uploads\/2016\/01\/Signahi.jpg 1024w\" sizes=\"(max-width: 150px) 100vw, 150px\" \/><\/a><figcaption class=\"caption wp-caption-text\">Signahi<\/figcaption><\/figure>\n<p><b>6. Tagi: A+B Weingut und Pirosmani-Museum Signahi<\/b><br \/>\nBesichtigung der architektonisch einmaligen Doppelkuppelkirche Kweladzminda in Gurdschaani. Mittagessen und Betriebsbesichtigung des Familienbetriebes <strong>&#8222;Weinmanufaktur Avtandil Bedenashvili&#8220;<\/strong> in Kardenaki, selbstvert\u00e4ndlich mit einer Weinprobe. Weiterfahrt nach Signahi, einem kleinen St\u00e4dtchen, das eindrucksvoll \u00fcber dem Alasanital liegt und einen grandiosen Blick auf die Kulisse des Gro\u00dfen Kaukasus bietet. Nach dem Besuch des Pirosmani-Museums (bekannter georgischer naiver Maler) Abendessen und Weinprobe im <strong>Weingut &#8222;Wiege des Weinbaus&#8220;<\/strong>. \u00dcbernachtung in Signahi<\/p>\n<p><b>7. Tag: Bodbe und David Garedschi<\/b><br \/>\nBesuch der Nino-Kirche in Bodbe und Weiterfahrt in die Steppe von David Garedschi. Dort besichtigen wir das Hauptkloster Lavra. Wer will, kann eine allerdings recht anspruchsvolle Wanderung (3 Stunden) zum H\u00f6hlenkloster Udabno unternehmen, das f\u00fcr seine au\u00dfergew\u00f6hnlichen Fresken aus dem Mittelalter bekannt ist. Abendessen im coolsten Restaurant Georgiens, der Oase in Udabno, R\u00fcckfahrt nach Tbilissi. \u00dcbernachtung in Tbilissi.<\/p>\n<figure id=\"attachment_607\" class=\"thumbnail wp-caption alignleft\" style=\"width: 150px\"><a href=\"http:\/\/s414282258.online.de\/ErkaReiseWP\/wp-content\/uploads\/2013\/03\/geo_tbs_museum_IMG_5928.jpg\"><img loading=\"lazy\" class=\"size-thumbnail wp-image-607 \" alt=\"Schatzkammer im Nationalmuseum\" src=\"http:\/\/s414282258.online.de\/ErkaReiseWP\/wp-content\/uploads\/2013\/03\/geo_tbs_museum_IMG_5928-150x108.jpg\" width=\"150\" height=\"108\" srcset=\"https:\/\/www.erkareisen.com\/wp-content\/uploads\/2013\/03\/geo_tbs_museum_IMG_5928-150x108.jpg 150w, https:\/\/www.erkareisen.com\/wp-content\/uploads\/2013\/03\/geo_tbs_museum_IMG_5928-300x217.jpg 300w, https:\/\/www.erkareisen.com\/wp-content\/uploads\/2013\/03\/geo_tbs_museum_IMG_5928-190x137.jpg 190w, https:\/\/www.erkareisen.com\/wp-content\/uploads\/2013\/03\/geo_tbs_museum_IMG_5928-60x43.jpg 60w, https:\/\/www.erkareisen.com\/wp-content\/uploads\/2013\/03\/geo_tbs_museum_IMG_5928-400x289.jpg 400w, https:\/\/www.erkareisen.com\/wp-content\/uploads\/2013\/03\/geo_tbs_museum_IMG_5928.jpg 1024w\" sizes=\"(max-width: 150px) 100vw, 150px\" \/><\/a><figcaption class=\"caption wp-caption-text\">Schatzkammer im Nationalmuseum<\/figcaption><\/figure>\n<p><strong>Samstag, 15. Juli: Museen in Tbilissi<\/strong><br \/>\nEin Tag zum Ausruhen, angereichert mit Museumsbesuchen. Vor allem die Schatzkammer des Historischen Museums mit den Goldfunden aus der Kolchiszeit lohnen einen Besuch. Abendessen in einem georgischen Spezialit\u00e4tenrestaurant und \u00dcbernachtung in Tbilissi.<\/p>\n<p><b><a href=\"http:\/\/s414282258.online.de\/ErkaReiseWP\/wp-content\/uploads\/2016\/02\/Sdo_4.jpg\"><img loading=\"lazy\" class=\"size-thumbnail wp-image-1623 alignright\" alt=\"Sdo_4\" src=\"http:\/\/s414282258.online.de\/ErkaReiseWP\/wp-content\/uploads\/2016\/02\/Sdo_4-150x119.jpg\" width=\"150\" height=\"119\" srcset=\"https:\/\/www.erkareisen.com\/wp-content\/uploads\/2016\/02\/Sdo_4-150x119.jpg 150w, https:\/\/www.erkareisen.com\/wp-content\/uploads\/2016\/02\/Sdo_4-300x238.jpg 300w, https:\/\/www.erkareisen.com\/wp-content\/uploads\/2016\/02\/Sdo_4-190x150.jpg 190w, https:\/\/www.erkareisen.com\/wp-content\/uploads\/2016\/02\/Sdo_4-60x47.jpg 60w, https:\/\/www.erkareisen.com\/wp-content\/uploads\/2016\/02\/Sdo_4-400x317.jpg 400w, https:\/\/www.erkareisen.com\/wp-content\/uploads\/2016\/02\/Sdo_4.jpg 1024w\" sizes=\"(max-width: 150px) 100vw, 150px\" \/><\/a>8. Tag: Georgische Heerstra\u00dfe<br \/>\n<\/b>Ein Ausflug in den Gro\u00dfen Kaukasus, bei dem der Wein einmal nicht im Mittelpunkt steht, f\u00fchrt \u00fcber die Georgische Heerstra\u00dfe und den Kreuzpass nach Kasbeghi. Mittagsimbiss auf einer Panorama-Terrasse mit Blick auf den Kazbek, einem der eindrucksvollsten Berge Georgiens. In Allradfahrzeugen fahren wir zur Wallfahrtkirche Zminda Sameba. Im kleinen D\u00f6rfchen Sdo, einem Adlernest hoch \u00fcber der Terekschlucht, spazieren wir zu einem kleinen, uralten Heiligtum. Abendessen und \u00dcbernachtung in Kasbeghi.<\/p>\n<figure id=\"attachment_916\" class=\"thumbnail wp-caption alignleft\" style=\"width: 150px\"><a href=\"http:\/\/s414282258.online.de\/ErkaReiseWP\/wp-content\/uploads\/2013\/03\/geo_gori_IMG_7837.jpg\"><img loading=\"lazy\" class=\"size-thumbnail wp-image-916 \" alt=\"Stalinmuseum in Gori\" src=\"http:\/\/s414282258.online.de\/ErkaReiseWP\/wp-content\/uploads\/2013\/03\/geo_gori_IMG_7837-150x112.jpg\" width=\"150\" height=\"112\" srcset=\"https:\/\/www.erkareisen.com\/wp-content\/uploads\/2013\/03\/geo_gori_IMG_7837-150x112.jpg 150w, https:\/\/www.erkareisen.com\/wp-content\/uploads\/2013\/03\/geo_gori_IMG_7837-300x225.jpg 300w, https:\/\/www.erkareisen.com\/wp-content\/uploads\/2013\/03\/geo_gori_IMG_7837-190x142.jpg 190w, https:\/\/www.erkareisen.com\/wp-content\/uploads\/2013\/03\/geo_gori_IMG_7837-60x45.jpg 60w, https:\/\/www.erkareisen.com\/wp-content\/uploads\/2013\/03\/geo_gori_IMG_7837-400x300.jpg 400w, https:\/\/www.erkareisen.com\/wp-content\/uploads\/2013\/03\/geo_gori_IMG_7837.jpg 1024w\" sizes=\"(max-width: 150px) 100vw, 150px\" \/><\/a><figcaption class=\"caption wp-caption-text\">Stalinmuseum in Gori<\/figcaption><\/figure>\n<p><b>9. Tag: Weingut Ateni und Stalinmuseum<\/b><br \/>\nNach einem l\u00e4ngeren Transfer \u00fcber den Kreuzpass in die Region Gori besichtigen wir zun\u00e4chst das Stalinmuseum, ein durchaus bemerkenswertes Relikt aus der Sowjetzeit. Im <strong>Weindorf Ateni<\/strong> besichtigen wir eine Weinfabrik, wie immer verbunden mit einer Weinprobe. Abendessen und \u00dcbernachtung in Gori.<\/p>\n<figure id=\"attachment_334\" class=\"thumbnail wp-caption alignright\" style=\"width: 150px\"><a href=\"http:\/\/s414282258.online.de\/ErkaReiseWP\/wp-content\/uploads\/2013\/03\/geo_bagrati_ruine.jpg\"><img loading=\"lazy\" class=\"size-thumbnail wp-image-334 \" alt=\"Bagrati vor der Renovierung\" src=\"http:\/\/s414282258.online.de\/ErkaReiseWP\/wp-content\/uploads\/2013\/03\/geo_bagrati_ruine-150x106.jpg\" width=\"150\" height=\"106\" srcset=\"https:\/\/www.erkareisen.com\/wp-content\/uploads\/2013\/03\/geo_bagrati_ruine-150x106.jpg 150w, https:\/\/www.erkareisen.com\/wp-content\/uploads\/2013\/03\/geo_bagrati_ruine-300x212.jpg 300w, https:\/\/www.erkareisen.com\/wp-content\/uploads\/2013\/03\/geo_bagrati_ruine-190x134.jpg 190w, https:\/\/www.erkareisen.com\/wp-content\/uploads\/2013\/03\/geo_bagrati_ruine-60x42.jpg 60w, https:\/\/www.erkareisen.com\/wp-content\/uploads\/2013\/03\/geo_bagrati_ruine-400x283.jpg 400w, https:\/\/www.erkareisen.com\/wp-content\/uploads\/2013\/03\/geo_bagrati_ruine.jpg 1024w\" sizes=\"(max-width: 150px) 100vw, 150px\" \/><\/a><figcaption class=\"caption wp-caption-text\">Bagrati vor der Renovierung<\/figcaption><\/figure>\n<p><b>10. Tag: Kolchishauptstadt Kutaissi und Weingut Kareba<br \/>\n<\/b>Auf dem Weg in die Kolchis besichtigen wir den westgeorgischen Ableger des<strong> Weingutes Kareba<\/strong>. Danach Stadtrundgang in Kutaissi mit Besuch der Bagrati-Kathedrale. Abendessen in einem sch\u00f6nen Design-Restaurant in der Stadtmitte. \u00dcbernachtung in Kutaissi.<\/p>\n<p><b>11. Tag: Radscha und Kvanchkara-Wein<br \/>\n<\/b>Die vor dem Gro\u00dfen Kaukasus gelegene Provinz Radscha ist bekannt f\u00fcr ihren halbs\u00fc\u00dfen Kvantchkara-Wein. Wir besichtigen die <strong>Kvanchkara-Weinkellerei<\/strong>, dazu die herrliche Bischofskirche Nikorzminda und die sehenswerte Synagoge in Oni. Abendessen und \u00dcbernachtung in Kutaissi.<\/p>\n<p><b><a href=\"http:\/\/s414282258.online.de\/ErkaReiseWP\/wp-content\/uploads\/2016\/01\/Makatubani.jpg\"><img loading=\"lazy\" class=\"size-thumbnail wp-image-1585 alignleft\" alt=\"Makatubani\" src=\"http:\/\/s414282258.online.de\/ErkaReiseWP\/wp-content\/uploads\/2016\/01\/Makatubani-150x119.jpg\" width=\"150\" height=\"119\" srcset=\"https:\/\/www.erkareisen.com\/wp-content\/uploads\/2016\/01\/Makatubani-150x119.jpg 150w, https:\/\/www.erkareisen.com\/wp-content\/uploads\/2016\/01\/Makatubani-300x239.jpg 300w, https:\/\/www.erkareisen.com\/wp-content\/uploads\/2016\/01\/Makatubani-190x151.jpg 190w, https:\/\/www.erkareisen.com\/wp-content\/uploads\/2016\/01\/Makatubani-60x47.jpg 60w, https:\/\/www.erkareisen.com\/wp-content\/uploads\/2016\/01\/Makatubani-400x319.jpg 400w, https:\/\/www.erkareisen.com\/wp-content\/uploads\/2016\/01\/Makatubani.jpg 1024w\" sizes=\"(max-width: 150px) 100vw, 150px\" \/><\/a>12. Tag: Kvevri-Hersteller und Kvevri Weingut<br \/>\n<\/b>Auf dem R\u00fcckweg nach Tbilissi besichtigen wir im Dorf Makatubani einen T\u00f6pfer, der Kvevris herstellt, ein faszinierendes Handwerk. Der Betrieb beliefert mittlerweile auch Weing\u00fcter in Europa, die sich mit der uralten Kellereimethode besch\u00e4ftigen. Im Dorf Tserovani besuchen wir noch <strong>Jago, einen der erfolgreichsten Kvevri-Winzer<\/strong> Georgiens. Seine Weine werden unter anderem im Londoner Ritz-Hotel kredenzt, hie wie da eine au\u00dfergew\u00f6hnliche Adresse. Weinprobe und Abendessen in Tserovani, \u00dcbernachtung in Tbilissi.<\/p>\n<p><b>13. Tag: Neue Georgische K\u00fcche<\/b><br \/>\nNach einem freien Tag in Tbilissi laden wir Sie in unser eigenes Restaurant ein: <strong>&#8222;Rainers European Restaurant<\/strong>&#8222;, er\u00f6ffnet vor mehr als 20 Jahren als eines der ersten nicht-georgischen Restaurants in Tbilissi. In ihm haben wir in den letzten Jahren die <strong>&#8222;Neue Georgische K\u00fcche&#8220;<\/strong> entwickelt und gepflegt. Lassen Sie sich \u00fcberraschen von den kulinarischen Ideen, die Georgien f\u00fcr die Speisekarten in aller Welt bereit h\u00e4lt. \u00dcbernachtung in Tbilissi.<\/p>\n<p><b>14. Tag: R\u00fcckreise<br \/>\n<\/b>Transfer zum Flughafen, R\u00fcckflug.<\/p>\n<p><b>Unsere Leistungen:<\/b><br \/>\n&#8211; alle Transfers in komfortablen Reisebussen ab und bis Flughafen Tbilissi;<br \/>\n&#8211; \u00dcbernachtungen in DZ\/Du\/WC in guten Mittelklassehotels;<br \/>\n&#8211; deutschsprachige Reiseleitung durch Rainer Kaufmann<br \/>\n&#8211; Vollverpflegung: 12 Mittagessen, 14 Abendessen (darunter zwei gro\u00dfe Buffets), 12 Weinproben;<\/p>\n<p><strong>Gruppengr\u00f6\u00dfe:<\/strong> auf Anfrage<br \/>\nDie Reise kann auch von April bis November individuell und auch f\u00fcr kleinere Gruppen organisiert werden. Preise jeweils auf Anfrage.<\/p>\n<p><strong>Zusatzkosten:<\/strong><br \/>\nFl\u00fcge, Trinkgelder, zus\u00e4tzliche alkoholische Getr\u00e4nke beim Abendessen.<\/p>\n<p align=\"left\"><strong>Flugbuchungen<\/strong><br \/>\nDa in den letzten Jahren immer mehr Reisende ihre Fl\u00fcge preiswerter und individuell \u00fcber Internet buchen, bieten wir diese Reise ohne Flug an. Wir sind Ihnen aber gerne bei der Suche nach einem preiswerten und geeigneten Flug nach Ihren individuellen W\u00fcnschen behilflich.<\/p>\n<p align=\"left\">Bedingt durch die individuellen An- und Abflugszeiten k\u00f6nnen sich am ersten und letzen Tag Programm\u00e4nderungen ergeben.<\/p>\n<p>Veranstalter ist unsere Schwesterfirma-Firma <strong><em>ERKA TRAVEL CAUCASUS Ltd<\/em>.<\/strong> in Tiflis.<\/p>\n<p><strong>Buchung per e-mail:<\/strong><br \/>\n<a href=\"mailto:\/\/service@erkareisen.de\">service@erkareisen.de<\/a><\/p>\n","protected":false},"excerpt":{"rendered":"<p>Termin nach Vereinbarung Georgien darf sich mit einigem Recht als die Wiege des Weinbaus bezeichnen. Jahrtausende alte Funde von Traubenkernen beweisen dies. Vor allem aber gilt: Nur in Georgien hat sich die uralte Technologie, Trauben in Tonamphoren zu keltern, die &hellip; <a href=\"https:\/\/www.erkareisen.com\/?page_id=1525\">Weiter<\/a><\/p>\n","protected":false},"author":2,"featured_media":0,"parent":0,"menu_order":0,"comment_status":"closed","ping_status":"closed","template":"","meta":{"kt_blocks_editor_width":"","ngg_post_thumbnail":0},"_links":{"self":[{"href":"https:\/\/www.erkareisen.com\/index.php?rest_route=\/wp\/v2\/pages\/1525"}],"collection":[{"href":"https:\/\/www.erkareisen.com\/index.php?rest_route=\/wp\/v2\/pages"}],"about":[{"href":"https:\/\/www.erkareisen.com\/index.php?rest_route=\/wp\/v2\/types\/page"}],"author":[{"embeddable":true,"href":"https:\/\/www.erkareisen.com\/index.php?rest_route=\/wp\/v2\/users\/2"}],"replies":[{"embeddable":true,"href":"https:\/\/www.erkareisen.com\/index.php?rest_route=%2Fwp%2Fv2%2Fcomments&post=1525"}],"version-history":[{"count":35,"href":"https:\/\/www.erkareisen.com\/index.php?rest_route=\/wp\/v2\/pages\/1525\/revisions"}],"predecessor-version":[{"id":2946,"href":"https:\/\/www.erkareisen.com\/index.php?rest_route=\/wp\/v2\/pages\/1525\/revisions\/2946"}],"wp:attachment":[{"href":"https:\/\/www.erkareisen.com\/index.php?rest_route=%2Fwp%2Fv2%2Fmedia&parent=1525"}],"curies":[{"name":"wp","href":"https:\/\/api.w.org\/{rel}","templated":true}]}}