{"id":2278,"date":"2020-06-01T16:26:37","date_gmt":"2020-06-01T14:26:37","guid":{"rendered":"http:\/\/www.erkareisen.com\/?page_id=2278"},"modified":"2020-06-01T16:38:37","modified_gmt":"2020-06-01T14:38:37","slug":"das-erdhuegelhaus-von-okami","status":"publish","type":"page","link":"https:\/\/www.erkareisen.com\/?page_id=2278","title":{"rendered":"Das Erdh\u00fcgelhaus von Okami"},"content":{"rendered":"<p><strong>Leben im Museum<\/strong><\/p>\n<p>Lena Mikeladse wohnt eigentlich in einem Museum. Ihr Haus ist beim Vorbeifahren kaum zu erkennen, es ist unter einem gro\u00dfen Erdh\u00fcgel versteckt. Nur die Eingangsseite und ein Seitenfl\u00fcgel sind als Mauerwerk erkennbar.<\/p>\n<p><a href=\"http:\/\/erkareisen.com\/wp-content\/uploads\/2020\/06\/erkaweb_2012_3_okami_IMG_8114.jpg\"><img loading=\"lazy\" class=\"wp-image-2269 size-thumbnail alignleft\" src=\"http:\/\/erkareisen.com\/wp-content\/uploads\/2020\/06\/erkaweb_2012_3_okami_IMG_8114-150x95.jpg\" alt=\"\" width=\"150\" height=\"95\" srcset=\"https:\/\/www.erkareisen.com\/wp-content\/uploads\/2020\/06\/erkaweb_2012_3_okami_IMG_8114-150x95.jpg 150w, https:\/\/www.erkareisen.com\/wp-content\/uploads\/2020\/06\/erkaweb_2012_3_okami_IMG_8114-300x190.jpg 300w, https:\/\/www.erkareisen.com\/wp-content\/uploads\/2020\/06\/erkaweb_2012_3_okami_IMG_8114-768x486.jpg 768w, https:\/\/www.erkareisen.com\/wp-content\/uploads\/2020\/06\/erkaweb_2012_3_okami_IMG_8114-1024x648.jpg 1024w, https:\/\/www.erkareisen.com\/wp-content\/uploads\/2020\/06\/erkaweb_2012_3_okami_IMG_8114-190x120.jpg 190w, https:\/\/www.erkareisen.com\/wp-content\/uploads\/2020\/06\/erkaweb_2012_3_okami_IMG_8114-60x38.jpg 60w, https:\/\/www.erkareisen.com\/wp-content\/uploads\/2020\/06\/erkaweb_2012_3_okami_IMG_8114-400x253.jpg 400w\" sizes=\"(max-width: 150px) 100vw, 150px\" \/><\/a><a href=\"http:\/\/erkareisen.com\/wp-content\/uploads\/2020\/06\/erkaweb_2012_3_okami_IMG_9442.jpg\"><img loading=\"lazy\" class=\"alignnone wp-image-2276 size-thumbnail\" src=\"http:\/\/erkareisen.com\/wp-content\/uploads\/2020\/06\/erkaweb_2012_3_okami_IMG_9442-150x113.jpg\" alt=\"\" width=\"150\" height=\"113\" srcset=\"https:\/\/www.erkareisen.com\/wp-content\/uploads\/2020\/06\/erkaweb_2012_3_okami_IMG_9442-150x113.jpg 150w, https:\/\/www.erkareisen.com\/wp-content\/uploads\/2020\/06\/erkaweb_2012_3_okami_IMG_9442-300x225.jpg 300w, https:\/\/www.erkareisen.com\/wp-content\/uploads\/2020\/06\/erkaweb_2012_3_okami_IMG_9442-768x576.jpg 768w, https:\/\/www.erkareisen.com\/wp-content\/uploads\/2020\/06\/erkaweb_2012_3_okami_IMG_9442-1024x768.jpg 1024w, https:\/\/www.erkareisen.com\/wp-content\/uploads\/2020\/06\/erkaweb_2012_3_okami_IMG_9442-190x143.jpg 190w, https:\/\/www.erkareisen.com\/wp-content\/uploads\/2020\/06\/erkaweb_2012_3_okami_IMG_9442-60x45.jpg 60w, https:\/\/www.erkareisen.com\/wp-content\/uploads\/2020\/06\/erkaweb_2012_3_okami_IMG_9442-400x300.jpg 400w\" sizes=\"(max-width: 150px) 100vw, 150px\" \/><\/a> <a href=\"http:\/\/erkareisen.com\/wp-content\/uploads\/2020\/06\/erkaweb_2012_3_okami_IMG_9408.jpg\"><img loading=\"lazy\" class=\"alignnone wp-image-2273 size-thumbnail\" src=\"http:\/\/erkareisen.com\/wp-content\/uploads\/2020\/06\/erkaweb_2012_3_okami_IMG_9408-150x113.jpg\" alt=\"\" width=\"150\" height=\"113\" srcset=\"https:\/\/www.erkareisen.com\/wp-content\/uploads\/2020\/06\/erkaweb_2012_3_okami_IMG_9408-150x113.jpg 150w, https:\/\/www.erkareisen.com\/wp-content\/uploads\/2020\/06\/erkaweb_2012_3_okami_IMG_9408-300x225.jpg 300w, https:\/\/www.erkareisen.com\/wp-content\/uploads\/2020\/06\/erkaweb_2012_3_okami_IMG_9408-768x576.jpg 768w, https:\/\/www.erkareisen.com\/wp-content\/uploads\/2020\/06\/erkaweb_2012_3_okami_IMG_9408-1024x768.jpg 1024w, https:\/\/www.erkareisen.com\/wp-content\/uploads\/2020\/06\/erkaweb_2012_3_okami_IMG_9408-190x143.jpg 190w, https:\/\/www.erkareisen.com\/wp-content\/uploads\/2020\/06\/erkaweb_2012_3_okami_IMG_9408-60x45.jpg 60w, https:\/\/www.erkareisen.com\/wp-content\/uploads\/2020\/06\/erkaweb_2012_3_okami_IMG_9408-400x300.jpg 400w\" sizes=\"(max-width: 150px) 100vw, 150px\" \/><\/a><\/p>\n<p>Die Wohnh\u00f6hle war ein typisches Haus in der Hochebene bei Achalkalaki, besiedelt von den Mes`cheten, einem Turkvolk, das von Stalin vertrieben wurde. Man erreicht dieses einmalige Erdh\u00fcgelhaus, indem man von Achalkalaki in Richtung t\u00fcrkische Grenze f\u00e4hrt und im Dorf Vacchiani nach rechts abbiegt in Richtung Wardsia. In der Ortsmitte von Okami steht das sch\u00f6nste und am besten erhaltene Erdh\u00fcgelhaus der Region.<\/p>\n<p><a href=\"http:\/\/erkareisen.com\/wp-content\/uploads\/2020\/06\/erkaweb_2012_3_okami_IMG_8149.jpg\"><img loading=\"lazy\" class=\"alignnone wp-image-2272 size-thumbnail\" src=\"http:\/\/erkareisen.com\/wp-content\/uploads\/2020\/06\/erkaweb_2012_3_okami_IMG_8149-150x113.jpg\" alt=\"\" width=\"150\" height=\"113\" srcset=\"https:\/\/www.erkareisen.com\/wp-content\/uploads\/2020\/06\/erkaweb_2012_3_okami_IMG_8149-150x113.jpg 150w, https:\/\/www.erkareisen.com\/wp-content\/uploads\/2020\/06\/erkaweb_2012_3_okami_IMG_8149-300x225.jpg 300w, https:\/\/www.erkareisen.com\/wp-content\/uploads\/2020\/06\/erkaweb_2012_3_okami_IMG_8149-768x576.jpg 768w, https:\/\/www.erkareisen.com\/wp-content\/uploads\/2020\/06\/erkaweb_2012_3_okami_IMG_8149-1024x768.jpg 1024w, https:\/\/www.erkareisen.com\/wp-content\/uploads\/2020\/06\/erkaweb_2012_3_okami_IMG_8149-190x143.jpg 190w, https:\/\/www.erkareisen.com\/wp-content\/uploads\/2020\/06\/erkaweb_2012_3_okami_IMG_8149-60x45.jpg 60w, https:\/\/www.erkareisen.com\/wp-content\/uploads\/2020\/06\/erkaweb_2012_3_okami_IMG_8149-400x300.jpg 400w\" sizes=\"(max-width: 150px) 100vw, 150px\" \/>&nbsp;<\/a><a href=\"http:\/\/erkareisen.com\/wp-content\/uploads\/2020\/06\/erkaweb_2012_3_okami_IMG_9423.jpg\"><img loading=\"lazy\" class=\"alignnone wp-image-2274 size-thumbnail\" src=\"http:\/\/erkareisen.com\/wp-content\/uploads\/2020\/06\/erkaweb_2012_3_okami_IMG_9423-150x113.jpg\" alt=\"\" width=\"150\" height=\"113\" srcset=\"https:\/\/www.erkareisen.com\/wp-content\/uploads\/2020\/06\/erkaweb_2012_3_okami_IMG_9423-150x113.jpg 150w, https:\/\/www.erkareisen.com\/wp-content\/uploads\/2020\/06\/erkaweb_2012_3_okami_IMG_9423-300x225.jpg 300w, https:\/\/www.erkareisen.com\/wp-content\/uploads\/2020\/06\/erkaweb_2012_3_okami_IMG_9423-768x576.jpg 768w, https:\/\/www.erkareisen.com\/wp-content\/uploads\/2020\/06\/erkaweb_2012_3_okami_IMG_9423-1024x768.jpg 1024w, https:\/\/www.erkareisen.com\/wp-content\/uploads\/2020\/06\/erkaweb_2012_3_okami_IMG_9423-190x143.jpg 190w, https:\/\/www.erkareisen.com\/wp-content\/uploads\/2020\/06\/erkaweb_2012_3_okami_IMG_9423-60x45.jpg 60w, https:\/\/www.erkareisen.com\/wp-content\/uploads\/2020\/06\/erkaweb_2012_3_okami_IMG_9423-400x300.jpg 400w\" sizes=\"(max-width: 150px) 100vw, 150px\" \/>&nbsp;<\/a><a href=\"http:\/\/erkareisen.com\/wp-content\/uploads\/2020\/06\/erkaweb_2012_3_okami_IMG_8135.jpg\"><img loading=\"lazy\" class=\"alignnone wp-image-2271 size-thumbnail\" src=\"http:\/\/erkareisen.com\/wp-content\/uploads\/2020\/06\/erkaweb_2012_3_okami_IMG_8135-150x113.jpg\" alt=\"\" width=\"150\" height=\"113\" srcset=\"https:\/\/www.erkareisen.com\/wp-content\/uploads\/2020\/06\/erkaweb_2012_3_okami_IMG_8135-150x113.jpg 150w, https:\/\/www.erkareisen.com\/wp-content\/uploads\/2020\/06\/erkaweb_2012_3_okami_IMG_8135-300x225.jpg 300w, https:\/\/www.erkareisen.com\/wp-content\/uploads\/2020\/06\/erkaweb_2012_3_okami_IMG_8135-768x576.jpg 768w, https:\/\/www.erkareisen.com\/wp-content\/uploads\/2020\/06\/erkaweb_2012_3_okami_IMG_8135-1024x768.jpg 1024w, https:\/\/www.erkareisen.com\/wp-content\/uploads\/2020\/06\/erkaweb_2012_3_okami_IMG_8135-190x143.jpg 190w, https:\/\/www.erkareisen.com\/wp-content\/uploads\/2020\/06\/erkaweb_2012_3_okami_IMG_8135-60x45.jpg 60w, https:\/\/www.erkareisen.com\/wp-content\/uploads\/2020\/06\/erkaweb_2012_3_okami_IMG_8135-400x300.jpg 400w\" sizes=\"(max-width: 150px) 100vw, 150px\" \/> <\/a><a href=\"http:\/\/erkareisen.com\/wp-content\/uploads\/2020\/06\/erkaweb_2012_3_okami_IMG_2533.jpg\"><img loading=\"lazy\" class=\"alignnone wp-image-2263 size-thumbnail\" src=\"http:\/\/erkareisen.com\/wp-content\/uploads\/2020\/06\/erkaweb_2012_3_okami_IMG_2533-150x113.jpg\" alt=\"\" width=\"150\" height=\"113\" srcset=\"https:\/\/www.erkareisen.com\/wp-content\/uploads\/2020\/06\/erkaweb_2012_3_okami_IMG_2533-150x113.jpg 150w, https:\/\/www.erkareisen.com\/wp-content\/uploads\/2020\/06\/erkaweb_2012_3_okami_IMG_2533-300x225.jpg 300w, https:\/\/www.erkareisen.com\/wp-content\/uploads\/2020\/06\/erkaweb_2012_3_okami_IMG_2533-768x576.jpg 768w, https:\/\/www.erkareisen.com\/wp-content\/uploads\/2020\/06\/erkaweb_2012_3_okami_IMG_2533-1024x768.jpg 1024w, https:\/\/www.erkareisen.com\/wp-content\/uploads\/2020\/06\/erkaweb_2012_3_okami_IMG_2533-190x143.jpg 190w, https:\/\/www.erkareisen.com\/wp-content\/uploads\/2020\/06\/erkaweb_2012_3_okami_IMG_2533-60x45.jpg 60w, https:\/\/www.erkareisen.com\/wp-content\/uploads\/2020\/06\/erkaweb_2012_3_okami_IMG_2533-400x300.jpg 400w\" sizes=\"(max-width: 150px) 100vw, 150px\" \/><\/a><\/p>\n<p>Es gibt nur noch wenige dieser H\u00e4user, die bewohnt sind, die meisten werden, wenn sie nicht ganz zerst\u00f6rt sind, als Kartoffelkeller oder Stallungen benutzt.&nbsp; Alle R\u00e4ume sind durch kleine L\u00fcftungsl\u00f6cher an der Decke bel\u00fcftet, die auch f\u00fcr die Beleuchtung sorgen. In beiden Seitenfl\u00fcgeln sind Stallungen untergebracht, Mensch und Tier wohnten unter einem Dach.<\/p>\n<p><a href=\"http:\/\/erkareisen.com\/wp-content\/uploads\/2020\/06\/erkaweb_2012_3_okami_IMG_8131.jpg\"><img loading=\"lazy\" class=\"alignnone wp-image-2270 size-thumbnail\" src=\"http:\/\/erkareisen.com\/wp-content\/uploads\/2020\/06\/erkaweb_2012_3_okami_IMG_8131-150x113.jpg\" alt=\"\" width=\"150\" height=\"113\" srcset=\"https:\/\/www.erkareisen.com\/wp-content\/uploads\/2020\/06\/erkaweb_2012_3_okami_IMG_8131-150x113.jpg 150w, https:\/\/www.erkareisen.com\/wp-content\/uploads\/2020\/06\/erkaweb_2012_3_okami_IMG_8131-300x225.jpg 300w, https:\/\/www.erkareisen.com\/wp-content\/uploads\/2020\/06\/erkaweb_2012_3_okami_IMG_8131-768x576.jpg 768w, https:\/\/www.erkareisen.com\/wp-content\/uploads\/2020\/06\/erkaweb_2012_3_okami_IMG_8131-1024x768.jpg 1024w, https:\/\/www.erkareisen.com\/wp-content\/uploads\/2020\/06\/erkaweb_2012_3_okami_IMG_8131-190x143.jpg 190w, https:\/\/www.erkareisen.com\/wp-content\/uploads\/2020\/06\/erkaweb_2012_3_okami_IMG_8131-60x45.jpg 60w, https:\/\/www.erkareisen.com\/wp-content\/uploads\/2020\/06\/erkaweb_2012_3_okami_IMG_8131-400x300.jpg 400w\" sizes=\"(max-width: 150px) 100vw, 150px\" \/>&nbsp;<\/a><a href=\"http:\/\/erkareisen.com\/wp-content\/uploads\/2020\/06\/erkaweb_2012_3_okami_IMG_0127.jpg\"><img loading=\"lazy\" class=\"alignnone wp-image-2260 size-thumbnail\" src=\"http:\/\/erkareisen.com\/wp-content\/uploads\/2020\/06\/erkaweb_2012_3_okami_IMG_0127-150x113.jpg\" alt=\"\" width=\"150\" height=\"113\" srcset=\"https:\/\/www.erkareisen.com\/wp-content\/uploads\/2020\/06\/erkaweb_2012_3_okami_IMG_0127-150x113.jpg 150w, https:\/\/www.erkareisen.com\/wp-content\/uploads\/2020\/06\/erkaweb_2012_3_okami_IMG_0127-300x225.jpg 300w, https:\/\/www.erkareisen.com\/wp-content\/uploads\/2020\/06\/erkaweb_2012_3_okami_IMG_0127-768x576.jpg 768w, https:\/\/www.erkareisen.com\/wp-content\/uploads\/2020\/06\/erkaweb_2012_3_okami_IMG_0127-1024x768.jpg 1024w, https:\/\/www.erkareisen.com\/wp-content\/uploads\/2020\/06\/erkaweb_2012_3_okami_IMG_0127-190x143.jpg 190w, https:\/\/www.erkareisen.com\/wp-content\/uploads\/2020\/06\/erkaweb_2012_3_okami_IMG_0127-60x45.jpg 60w, https:\/\/www.erkareisen.com\/wp-content\/uploads\/2020\/06\/erkaweb_2012_3_okami_IMG_0127-400x300.jpg 400w\" sizes=\"(max-width: 150px) 100vw, 150px\" \/>&nbsp;<\/a><a href=\"http:\/\/erkareisen.com\/wp-content\/uploads\/2020\/06\/erkaweb_2012_3_okami_IMG_0133.jpg\"><img loading=\"lazy\" class=\"alignnone wp-image-2262 size-thumbnail\" src=\"http:\/\/erkareisen.com\/wp-content\/uploads\/2020\/06\/erkaweb_2012_3_okami_IMG_0133-150x113.jpg\" alt=\"\" width=\"150\" height=\"113\" srcset=\"https:\/\/www.erkareisen.com\/wp-content\/uploads\/2020\/06\/erkaweb_2012_3_okami_IMG_0133-150x113.jpg 150w, https:\/\/www.erkareisen.com\/wp-content\/uploads\/2020\/06\/erkaweb_2012_3_okami_IMG_0133-300x225.jpg 300w, https:\/\/www.erkareisen.com\/wp-content\/uploads\/2020\/06\/erkaweb_2012_3_okami_IMG_0133-768x576.jpg 768w, https:\/\/www.erkareisen.com\/wp-content\/uploads\/2020\/06\/erkaweb_2012_3_okami_IMG_0133-1024x768.jpg 1024w, https:\/\/www.erkareisen.com\/wp-content\/uploads\/2020\/06\/erkaweb_2012_3_okami_IMG_0133-190x143.jpg 190w, https:\/\/www.erkareisen.com\/wp-content\/uploads\/2020\/06\/erkaweb_2012_3_okami_IMG_0133-60x45.jpg 60w, https:\/\/www.erkareisen.com\/wp-content\/uploads\/2020\/06\/erkaweb_2012_3_okami_IMG_0133-400x300.jpg 400w\" sizes=\"(max-width: 150px) 100vw, 150px\" \/>&nbsp;<\/a><a href=\"http:\/\/erkareisen.com\/wp-content\/uploads\/2020\/06\/erkaweb_2012_3_okami_IMG_0128.jpg\"><img loading=\"lazy\" class=\"alignnone wp-image-2261 size-thumbnail\" src=\"http:\/\/erkareisen.com\/wp-content\/uploads\/2020\/06\/erkaweb_2012_3_okami_IMG_0128-150x113.jpg\" alt=\"\" width=\"150\" height=\"113\" srcset=\"https:\/\/www.erkareisen.com\/wp-content\/uploads\/2020\/06\/erkaweb_2012_3_okami_IMG_0128-150x113.jpg 150w, https:\/\/www.erkareisen.com\/wp-content\/uploads\/2020\/06\/erkaweb_2012_3_okami_IMG_0128-300x225.jpg 300w, https:\/\/www.erkareisen.com\/wp-content\/uploads\/2020\/06\/erkaweb_2012_3_okami_IMG_0128-768x576.jpg 768w, https:\/\/www.erkareisen.com\/wp-content\/uploads\/2020\/06\/erkaweb_2012_3_okami_IMG_0128-1024x768.jpg 1024w, https:\/\/www.erkareisen.com\/wp-content\/uploads\/2020\/06\/erkaweb_2012_3_okami_IMG_0128-190x143.jpg 190w, https:\/\/www.erkareisen.com\/wp-content\/uploads\/2020\/06\/erkaweb_2012_3_okami_IMG_0128-60x45.jpg 60w, https:\/\/www.erkareisen.com\/wp-content\/uploads\/2020\/06\/erkaweb_2012_3_okami_IMG_0128-400x300.jpg 400w\" sizes=\"(max-width: 150px) 100vw, 150px\" \/><\/a><\/p>\n<p>Die Fotos entstanden im Jahr 2004.&nbsp;&nbsp; Neben ein paar Vorratsr\u00e4umen hat Lena Mikeladse eine kleine K\u00fcche und ein Wohn- und Schlafzimmer, alles h\u00f6chst sauber herausgeputzt und liebevoll gepflegt, wie diese Fotostrecke beweist.&nbsp;<\/p>\n<p><a href=\"http:\/\/erkareisen.com\/wp-content\/uploads\/2020\/06\/erkaweb_2012_3_okami_IMG_2540.jpg\"><img loading=\"lazy\" class=\"alignnone wp-image-2268 size-thumbnail\" src=\"http:\/\/erkareisen.com\/wp-content\/uploads\/2020\/06\/erkaweb_2012_3_okami_IMG_2540-150x117.jpg\" alt=\"\" width=\"150\" height=\"117\" srcset=\"https:\/\/www.erkareisen.com\/wp-content\/uploads\/2020\/06\/erkaweb_2012_3_okami_IMG_2540-150x117.jpg 150w, https:\/\/www.erkareisen.com\/wp-content\/uploads\/2020\/06\/erkaweb_2012_3_okami_IMG_2540-300x234.jpg 300w, https:\/\/www.erkareisen.com\/wp-content\/uploads\/2020\/06\/erkaweb_2012_3_okami_IMG_2540-768x598.jpg 768w, https:\/\/www.erkareisen.com\/wp-content\/uploads\/2020\/06\/erkaweb_2012_3_okami_IMG_2540-1024x797.jpg 1024w, https:\/\/www.erkareisen.com\/wp-content\/uploads\/2020\/06\/erkaweb_2012_3_okami_IMG_2540-190x148.jpg 190w, https:\/\/www.erkareisen.com\/wp-content\/uploads\/2020\/06\/erkaweb_2012_3_okami_IMG_2540-60x47.jpg 60w, https:\/\/www.erkareisen.com\/wp-content\/uploads\/2020\/06\/erkaweb_2012_3_okami_IMG_2540-400x311.jpg 400w\" sizes=\"(max-width: 150px) 100vw, 150px\" \/> <\/a><a href=\"http:\/\/erkareisen.com\/wp-content\/uploads\/2020\/06\/erkaweb_2012_3_okami_IMG_2539.jpg\"><img loading=\"lazy\" class=\"alignnone wp-image-2267 size-thumbnail\" src=\"http:\/\/erkareisen.com\/wp-content\/uploads\/2020\/06\/erkaweb_2012_3_okami_IMG_2539-150x113.jpg\" alt=\"\" width=\"150\" height=\"113\" srcset=\"https:\/\/www.erkareisen.com\/wp-content\/uploads\/2020\/06\/erkaweb_2012_3_okami_IMG_2539-150x113.jpg 150w, https:\/\/www.erkareisen.com\/wp-content\/uploads\/2020\/06\/erkaweb_2012_3_okami_IMG_2539-300x225.jpg 300w, https:\/\/www.erkareisen.com\/wp-content\/uploads\/2020\/06\/erkaweb_2012_3_okami_IMG_2539-768x576.jpg 768w, https:\/\/www.erkareisen.com\/wp-content\/uploads\/2020\/06\/erkaweb_2012_3_okami_IMG_2539-1024x768.jpg 1024w, https:\/\/www.erkareisen.com\/wp-content\/uploads\/2020\/06\/erkaweb_2012_3_okami_IMG_2539-190x143.jpg 190w, https:\/\/www.erkareisen.com\/wp-content\/uploads\/2020\/06\/erkaweb_2012_3_okami_IMG_2539-60x45.jpg 60w, https:\/\/www.erkareisen.com\/wp-content\/uploads\/2020\/06\/erkaweb_2012_3_okami_IMG_2539-400x300.jpg 400w\" sizes=\"(max-width: 150px) 100vw, 150px\" \/> <img loading=\"lazy\" class=\"alignnone size-thumbnail wp-image-2266\" src=\"http:\/\/erkareisen.com\/wp-content\/uploads\/2020\/06\/erkaweb_2012_3_okami_IMG_2538-150x113.jpg\" alt=\"\" width=\"150\" height=\"113\" srcset=\"https:\/\/www.erkareisen.com\/wp-content\/uploads\/2020\/06\/erkaweb_2012_3_okami_IMG_2538-150x113.jpg 150w, https:\/\/www.erkareisen.com\/wp-content\/uploads\/2020\/06\/erkaweb_2012_3_okami_IMG_2538-300x225.jpg 300w, https:\/\/www.erkareisen.com\/wp-content\/uploads\/2020\/06\/erkaweb_2012_3_okami_IMG_2538-768x576.jpg 768w, https:\/\/www.erkareisen.com\/wp-content\/uploads\/2020\/06\/erkaweb_2012_3_okami_IMG_2538-1024x768.jpg 1024w, https:\/\/www.erkareisen.com\/wp-content\/uploads\/2020\/06\/erkaweb_2012_3_okami_IMG_2538-190x143.jpg 190w, https:\/\/www.erkareisen.com\/wp-content\/uploads\/2020\/06\/erkaweb_2012_3_okami_IMG_2538-60x45.jpg 60w, https:\/\/www.erkareisen.com\/wp-content\/uploads\/2020\/06\/erkaweb_2012_3_okami_IMG_2538-400x300.jpg 400w\" sizes=\"(max-width: 150px) 100vw, 150px\" \/>&nbsp;<\/a><a href=\"http:\/\/erkareisen.com\/wp-content\/uploads\/2020\/06\/erkaweb_2012_2_okami_IMG_0121.jpg\"><img loading=\"lazy\" class=\"alignnone wp-image-2259 size-thumbnail\" src=\"http:\/\/erkareisen.com\/wp-content\/uploads\/2020\/06\/erkaweb_2012_2_okami_IMG_0121-150x113.jpg\" alt=\"\" width=\"150\" height=\"113\" srcset=\"https:\/\/www.erkareisen.com\/wp-content\/uploads\/2020\/06\/erkaweb_2012_2_okami_IMG_0121-150x113.jpg 150w, https:\/\/www.erkareisen.com\/wp-content\/uploads\/2020\/06\/erkaweb_2012_2_okami_IMG_0121-300x225.jpg 300w, https:\/\/www.erkareisen.com\/wp-content\/uploads\/2020\/06\/erkaweb_2012_2_okami_IMG_0121-768x576.jpg 768w, https:\/\/www.erkareisen.com\/wp-content\/uploads\/2020\/06\/erkaweb_2012_2_okami_IMG_0121-1024x768.jpg 1024w, https:\/\/www.erkareisen.com\/wp-content\/uploads\/2020\/06\/erkaweb_2012_2_okami_IMG_0121-190x143.jpg 190w, https:\/\/www.erkareisen.com\/wp-content\/uploads\/2020\/06\/erkaweb_2012_2_okami_IMG_0121-60x45.jpg 60w, https:\/\/www.erkareisen.com\/wp-content\/uploads\/2020\/06\/erkaweb_2012_2_okami_IMG_0121-400x300.jpg 400w\" sizes=\"(max-width: 150px) 100vw, 150px\" \/><\/a><\/p>\n<p>Das Haus ist mittlerweile verwaist, seine Besitzerin nur noch selten anzutreffen. Wir von ERKA-Reisen versuchen aber bei jeder Reise, die uns durch Okami f\u00fchrt, \u00fcber Nachbarn an den Hausschl\u00fcssel zu kommen, um unseren G\u00e4sten diese einmalige Kleinod zeigen zu k\u00f6nnen. Eigentlich sollte es als Museum erhalten werden, auch um die Geschichte der von Stalin vertriebenen Mess`cheten zu erz\u00e4hlen.<\/p>\n","protected":false},"excerpt":{"rendered":"<p>Leben im Museum Lena Mikeladse wohnt eigentlich in einem Museum. Ihr Haus ist beim Vorbeifahren kaum zu erkennen, es ist unter einem gro\u00dfen Erdh\u00fcgel versteckt. Nur die Eingangsseite und ein Seitenfl\u00fcgel sind als Mauerwerk erkennbar. Die Wohnh\u00f6hle war ein typisches &hellip; <a href=\"https:\/\/www.erkareisen.com\/?page_id=2278\">Weiter<\/a><\/p>\n","protected":false},"author":3,"featured_media":2269,"parent":0,"menu_order":0,"comment_status":"closed","ping_status":"closed","template":"","meta":{"kt_blocks_editor_width":"","ngg_post_thumbnail":0},"_links":{"self":[{"href":"https:\/\/www.erkareisen.com\/index.php?rest_route=\/wp\/v2\/pages\/2278"}],"collection":[{"href":"https:\/\/www.erkareisen.com\/index.php?rest_route=\/wp\/v2\/pages"}],"about":[{"href":"https:\/\/www.erkareisen.com\/index.php?rest_route=\/wp\/v2\/types\/page"}],"author":[{"embeddable":true,"href":"https:\/\/www.erkareisen.com\/index.php?rest_route=\/wp\/v2\/users\/3"}],"replies":[{"embeddable":true,"href":"https:\/\/www.erkareisen.com\/index.php?rest_route=%2Fwp%2Fv2%2Fcomments&post=2278"}],"version-history":[{"count":3,"href":"https:\/\/www.erkareisen.com\/index.php?rest_route=\/wp\/v2\/pages\/2278\/revisions"}],"predecessor-version":[{"id":2282,"href":"https:\/\/www.erkareisen.com\/index.php?rest_route=\/wp\/v2\/pages\/2278\/revisions\/2282"}],"wp:featuredmedia":[{"embeddable":true,"href":"https:\/\/www.erkareisen.com\/index.php?rest_route=\/wp\/v2\/media\/2269"}],"wp:attachment":[{"href":"https:\/\/www.erkareisen.com\/index.php?rest_route=%2Fwp%2Fv2%2Fmedia&parent=2278"}],"curies":[{"name":"wp","href":"https:\/\/api.w.org\/{rel}","templated":true}]}}