{"id":236,"date":"2013-03-08T22:10:53","date_gmt":"2013-03-08T22:10:53","guid":{"rendered":"http:\/\/s414282258.online.de\/ErkaReiseWP\/?page_id=236"},"modified":"2021-09-29T11:35:09","modified_gmt":"2021-09-29T09:35:09","slug":"wandern-schatili-omalo","status":"publish","type":"page","link":"https:\/\/www.erkareisen.com\/?page_id=236","title":{"rendered":"Chewsureti-Tuscheti-Trek: Von Schatili nach Omalo"},"content":{"rendered":"<p><strong>&nbsp;<\/strong><\/p>\n<figure id=\"attachment_559\" class=\"thumbnail wp-caption aligncenter\" style=\"width: 300px\"><a href=\"http:\/\/s414282258.online.de\/ErkaReiseWP\/wp-content\/uploads\/2013\/03\/geo_wildepaesse_schatili_5_1.jpg\"><img loading=\"lazy\" class=\"size-medium wp-image-559\" src=\"http:\/\/s414282258.online.de\/ErkaReiseWP\/wp-content\/uploads\/2013\/03\/geo_wildepaesse_schatili_5_1-300x225.jpg\" alt=\"Schatili\" width=\"300\" height=\"225\" srcset=\"https:\/\/www.erkareisen.com\/wp-content\/uploads\/2013\/03\/geo_wildepaesse_schatili_5_1-300x225.jpg 300w, https:\/\/www.erkareisen.com\/wp-content\/uploads\/2013\/03\/geo_wildepaesse_schatili_5_1-150x112.jpg 150w, https:\/\/www.erkareisen.com\/wp-content\/uploads\/2013\/03\/geo_wildepaesse_schatili_5_1-190x142.jpg 190w, https:\/\/www.erkareisen.com\/wp-content\/uploads\/2013\/03\/geo_wildepaesse_schatili_5_1-60x45.jpg 60w, https:\/\/www.erkareisen.com\/wp-content\/uploads\/2013\/03\/geo_wildepaesse_schatili_5_1-400x300.jpg 400w, https:\/\/www.erkareisen.com\/wp-content\/uploads\/2013\/03\/geo_wildepaesse_schatili_5_1.jpg 1024w\" sizes=\"(max-width: 300px) 100vw, 300px\" \/><\/a><figcaption class=\"caption wp-caption-text\">Schatili<\/figcaption><\/figure>\n<h2 align=\"center\"><strong>Wandern in einer fast versunkenen Welt<\/strong><\/h2>\n<p align=\"center\"><strong>2 Wochen<\/strong><b><br \/>\n<strong>Individuelle Termine von Juli bis September buchbar<\/strong><\/b><\/p>\n<p>Diese einzigartige Tour f\u00fchrt in eine der sch\u00f6nsten Gegenden Georgiens: Chewsuretien und Tuschetien. Anfahrt \u00fcber den atemberaubend sch\u00f6nen Chachmatipass in den Gro\u00dfen Kaukasus. W\u00e4hrend der Tour genie\u00dfen Sie faszinierende Ausblicke auf Hochgebirgswiesen, ungez\u00e4hmte Fl\u00fcsse und Wasserf\u00e4lle vor dem Hintergrund alter Niederlassungen und den f\u00fcr Chewsuretien typischen Wehrt\u00fcrmen. Von Schatili, dem Wehrdorf, f\u00fchrt die Wanderung an der Hauptkette des Kaukasus entlang nach Tuschetien. Es ist mehr als eine \u00fcbliche Tour, es ist vielmehr ein ethnologisch und kulturell beeindruckender Marsch durch grandiose T\u00e4ler, wilde Schluchten und Hochgebirgsd\u00f6rfer, die nur noch im Sommer bewohnt sind. Und \u00fcberall Sch\u00e4fer auf der Sommerweide. \u00dcbernachtet wird in Zelten, mal bei Sch\u00e4fern, mal auf Bauernh\u00f6fen. F\u00fcr den Wanderer eine Welt, die ihn um einige Jahrhunderte zur\u00fcck versetzt. R\u00fcckfahrt \u00fcber den nicht minder dramatischen Abano-Pass, die h\u00f6chste Passstra\u00dfe in Georgien. Programm\u00e4nderungen vorbehalten.<\/p>\n<p><b>1. Tag:<br \/>\nTbilisi Stadtbesichtigung<\/b><br \/>\nZum Eingew\u00f6hnen zeigen wir Ihnen erst einmal die georgische Hauptstadt und laden Sie zu einer georgischen Tafel, der ber\u00fchmten Supra ein. \u00dcbernachtung in Tbilissi.<\/p>\n<p><b>2. Tag:<br \/>\nTbilisi \u2013 Schatili \u2013 Mutso<br \/>\n<\/b>Die Anreise f\u00fchrt \u00fcber den Chachmatipass (2.676 m) in das Zentrum der chewsuretischen Berge, daas Wehrdorf Schatili (180 km, 5-6 Stunden). Nach einer Besichtigung bringen wir Sie mit dem Allradfahrzeug zum ersten Camp bei den Ruinen des Mutso Turms. \u00dcbernachtung im Zelt.<\/p>\n<p><b>3. Tag:<br \/>\nEntlang des Chonistskali Flusses (5-6 h)<br \/>\n<\/b>Die Tour f\u00fchrt zum zweiten Camp entlang des Chonistskali Flusses bis zum letzten bewohnten Dorf vor dem Pass, Chonischala Von hier beginnt der Aufstieg zum n\u00e4chsten Zeltplatz auf 2.500 m. \u00dcbernachtung im Zelt.<\/p>\n<p><b>4. Tag:<br \/>\nAtsunta Pass (ca 8 h)<br \/>\n<\/b>Tagestour \u00fcber den Atsunta Pass ( 3.431 m) bis zum ersten Zeltplatz auf tuschetischem Gebiet. \u00dcbernachtung im Zelt.<\/p>\n<p><b>5. Tag:<br \/>\nGirevi \u2013 Parsma \u2013 Chesho (5-6 h)<\/b><br \/>\nDie Tour zieht sich entlang des Pirikita Alazani Flusses \u00fcber D\u00f6rfer Chontio, Girevi und Parsma zum Dorf Chesho. \u00dcbernachtung im Zelt.<\/p>\n<p><b>6. Tag:<br \/>\nChesho. Ruhetag.<\/b><br \/>\nAuf Wunsch kleine Wanderung in der Umgebung. \u00dcbernachtung im Zelt.<\/p>\n<p><b>7. Tag:<br \/>\nChesho \u2013 Dartlo \u2013 Chigo (5-6 h).<br \/>\n<\/b>Kontinuierlich f\u00fchrt der Weg entlang eines Flusses durch das Dorf Dartlo bis zum Zeltplatz in der N\u00e4he des Dorfs Chigo. \u00dcbernachtung im Zelt.<\/p>\n<p><b>8. Tag:<br \/>\nChigo \u2013 Sonechi Pa\u00df \u2013 Diklo \u2013 Schenako (4-5 h)<br \/>\n<\/b>Aufstieg zum Sonechi Pa\u00df auf 2:497 m; Abstieg zum Dorf Diklo und weiter bis zum Dorf Schenako. \u00dcbernachtung im Zelt.<\/p>\n<p><b>9. Tag:<br \/>\nSchenako<\/b><br \/>\nKleine Entspannungstour in der Gegend (1-2 h). \u00dcbernachtung im Zelt.<\/p>\n<p><b>10. Tag:<br \/>\nShenako \u2013 Omalo (3-4 h)<br \/>\n<\/b>Die Tour f\u00fchrt zum Zentrum der Provinz Tuschetien, nach Omalo. Besichtigung der Keselo T\u00fcrme und des lokalen Museums. \u00dcbernachtung in einem G\u00e4stehaus bei Omalo.<\/p>\n<p><b>11. Tag: Omalo und Umgebung<br \/>\n<\/b>Ein Tag zum Ausklingen mit Spazierg\u00e4ngen in die Umgebung von Omalo. Am Abend dann eine kleine tuschetische Abschiedsfeier.<\/p>\n<p><b>12. Tag: Omalo _Kvareli<\/b><br \/>\nAutofahrt \u00fcber dem Abano Pa\u00df (2.926 m) nach Kachetien. Wir bringen Sie nach Kvareli, wo Sie im Hotel Chateau Kvareli \u00fcbernachten.<\/p>\n<p><b>13. Tag:<br \/>\nTelavi \u2013 Tbilisi<br \/>\n<\/b>Sightseeingtour durch Kachetien. Sie besuchen die Festungskirche Gremi, die Kathedrale Alaverdi, die Kirchen von Alt Shuamta und das Ikalto Kloster. R\u00fcckfahrt nach Tbilissi \u00fcber den Gombori-Pass. Abendessen und \u00dcbernachtung in Tbilissi.<\/p>\n<p><b>14. Tag:<br \/>\nTbilisi<br \/>\n<\/b>Zum Ausspannen ein Tag zur freien Verf\u00fcgung in der georgischen Hauptstadt. Am Abend servieren wir Ihnen ein Abschiedsmenu: \u201eNeue georgische K\u00fcche.\u201c<\/p>\n<p><b>15. Tag:<br \/>\nR\u00fcckreise<\/b><br \/>\nFlughafentransfer.<\/p>\n<p><strong>Teilnehmerzahl:<\/strong>&nbsp; 2 \u2013 9 Personen<\/p>\n<p><b>Preise auf Anfrage<br \/>\n<\/b><\/p>\n<p><b><span style=\"text-decoration: underline;\">Voraussetzungen: <\/span><\/b><br \/>\nTeamgeist, Komfortverzicht und Mitarbeit bei der Zubereitung der Mahlzeiten. Kondition f\u00fcr Wanderungen bis h\u00f6chstens 8-9 h. H\u00f6chster Punkt der Wanderungen: 3.431 m. Geeignete Ausr\u00fcstung erfoderlich.<\/p>\n<p><b><span style=\"text-decoration: underline;\">Unsere Leistungen:<\/span><\/b><br \/>\nAlle Transfers ab\/bis Flughafen Tbilisi, \u00dcbernachtungen in Tbilissi im DZ in ***-Hotel (Dusche\/WC), in einer einfachen Familienpension in Duisi und in Omalo, ansonsten in Zelten. Vollpension (au\u00dfer am Tag 14 nur HP \u2013 bei den Wandertagen werden die Mahlzeiten gemeinsam zubereitet).<br \/>\nQualifizierte Reiseleitung (englisch oder deutsch) + lokaler Wanderf\u00fchrer mit einem Packpferd. Alle Geb\u00fchren, Eintritte und lokale F\u00fchrungen.<\/p>\n<p>Auf Wunsch k\u00f6nnen weitere Packpferde gestellt werden. Kosten pro Tag: EUR 25,\u2013<br \/>\nAuf Wunsch k\u00f6nnen Zwei-Mann-Zelte gestellt werden: Kosten pro Tag: EUR 15,\u2013<\/p>\n<p><strong>Zusatzkosten:<\/strong><br \/>\nFl\u00fcge, Einzelzimmerzuschlag, evtl. zus\u00e4tzliche \u00dcbernachtungen in Tbilissi je nach Ankunfts- und Abflugzeiten.<\/p>\n<p><strong>Anreise:<\/strong><br \/>\nDa in den letzten Jahren immer mehr Reisende ihre Fl\u00fcge preiswert und individuell \u00fcber das Internet buchen, bieten wir unsere Reisen ohne Flug an. Wir sind Ihnen aber gerne bei der Suche nach einem preiswerten und geeigneten Flug nach Ihren individuellen W\u00fcnschen behilflich:<\/p>\n<p>Bei gr\u00f6\u00dferen Reisegruppen k\u00f6nnen wir \u00fcber unseren Partner gerne die Reservierung und Buchung des Fluges \u00fcbernehmen.<\/p>\n<p>Bedingt durch die individuellen An- und Abflugszeiten k\u00f6nnen sich am ersten und letzen Tag Programm\u00e4nderungen ergeben.<\/p>\n<p>Veranstalter ist unsere Schwesterfirma-Firma <em><b>ERKA TRAVEL CAUCASUS Ltd<\/b><\/em><strong>.<\/strong> in Tbilissi.<\/p>\n<p><strong>Buchung per e-mail:<\/strong><br \/>\n<a href=\"mailto:service@erkareisen.de\">service@erkareisen.de<\/a><\/p>\n<p>&nbsp;<\/p>\n<p>&nbsp;<\/p>\n<p>&nbsp;<\/p>\n","protected":false},"excerpt":{"rendered":"<p>&nbsp; Wandern in einer fast versunkenen Welt 2 Wochen Individuelle Termine von Juli bis September buchbar Diese einzigartige Tour f\u00fchrt in eine der sch\u00f6nsten Gegenden Georgiens: Chewsuretien und Tuschetien. Anfahrt \u00fcber den atemberaubend sch\u00f6nen Chachmatipass in den Gro\u00dfen Kaukasus. W\u00e4hrend &hellip; <a href=\"https:\/\/www.erkareisen.com\/?page_id=236\">Weiter<\/a><\/p>\n","protected":false},"author":2,"featured_media":0,"parent":0,"menu_order":0,"comment_status":"closed","ping_status":"closed","template":"","meta":{"kt_blocks_editor_width":"","ngg_post_thumbnail":0},"_links":{"self":[{"href":"https:\/\/www.erkareisen.com\/index.php?rest_route=\/wp\/v2\/pages\/236"}],"collection":[{"href":"https:\/\/www.erkareisen.com\/index.php?rest_route=\/wp\/v2\/pages"}],"about":[{"href":"https:\/\/www.erkareisen.com\/index.php?rest_route=\/wp\/v2\/types\/page"}],"author":[{"embeddable":true,"href":"https:\/\/www.erkareisen.com\/index.php?rest_route=\/wp\/v2\/users\/2"}],"replies":[{"embeddable":true,"href":"https:\/\/www.erkareisen.com\/index.php?rest_route=%2Fwp%2Fv2%2Fcomments&post=236"}],"version-history":[{"count":12,"href":"https:\/\/www.erkareisen.com\/index.php?rest_route=\/wp\/v2\/pages\/236\/revisions"}],"predecessor-version":[{"id":2945,"href":"https:\/\/www.erkareisen.com\/index.php?rest_route=\/wp\/v2\/pages\/236\/revisions\/2945"}],"wp:attachment":[{"href":"https:\/\/www.erkareisen.com\/index.php?rest_route=%2Fwp%2Fv2%2Fmedia&parent=236"}],"curies":[{"name":"wp","href":"https:\/\/api.w.org\/{rel}","templated":true}]}}