{"id":27,"date":"2013-02-26T20:54:00","date_gmt":"2013-02-26T20:54:00","guid":{"rendered":"http:\/\/s414282258.online.de\/ErkaReiseWP\/?page_id=27"},"modified":"2025-01-13T18:58:13","modified_gmt":"2025-01-13T17:58:13","slug":"gruppenmuffel","status":"publish","type":"page","link":"https:\/\/www.erkareisen.com\/?page_id=27","title":{"rendered":"Individualreisen"},"content":{"rendered":"<h2><a href=\"http:\/\/www.erkareisen.com\/wp-content\/uploads\/2020\/07\/p\u00e4sse_2012_abanopass.jpg\"><img loading=\"lazy\" class=\"wp-image-2387 size-medium alignleft\" src=\"http:\/\/www.erkareisen.com\/wp-content\/uploads\/2020\/07\/p\u00e4sse_2012_abanopass-300x219.jpg\" alt=\"\" width=\"300\" height=\"219\" srcset=\"https:\/\/www.erkareisen.com\/wp-content\/uploads\/2020\/07\/p\u00e4sse_2012_abanopass-300x219.jpg 300w, https:\/\/www.erkareisen.com\/wp-content\/uploads\/2020\/07\/p\u00e4sse_2012_abanopass-150x109.jpg 150w, https:\/\/www.erkareisen.com\/wp-content\/uploads\/2020\/07\/p\u00e4sse_2012_abanopass-768x559.jpg 768w, https:\/\/www.erkareisen.com\/wp-content\/uploads\/2020\/07\/p\u00e4sse_2012_abanopass-1024x746.jpg 1024w, https:\/\/www.erkareisen.com\/wp-content\/uploads\/2020\/07\/p\u00e4sse_2012_abanopass-190x138.jpg 190w, https:\/\/www.erkareisen.com\/wp-content\/uploads\/2020\/07\/p\u00e4sse_2012_abanopass-60x44.jpg 60w, https:\/\/www.erkareisen.com\/wp-content\/uploads\/2020\/07\/p\u00e4sse_2012_abanopass-400x291.jpg 400w\" sizes=\"(max-width: 300px) 100vw, 300px\" \/><\/a><a href=\"http:\/\/www.erkareisen.com\/wp-content\/uploads\/2013\/03\/geo_wildepaesse_zagar_IMG_4.jpg\"><img loading=\"lazy\" class=\"wp-image-508 size-medium alignright\" src=\"http:\/\/www.erkareisen.com\/wp-content\/uploads\/2013\/03\/geo_wildepaesse_zagar_IMG_4-300x225.jpg\" alt=\"\" width=\"300\" height=\"225\" srcset=\"https:\/\/www.erkareisen.com\/wp-content\/uploads\/2013\/03\/geo_wildepaesse_zagar_IMG_4-300x225.jpg 300w, https:\/\/www.erkareisen.com\/wp-content\/uploads\/2013\/03\/geo_wildepaesse_zagar_IMG_4-150x112.jpg 150w, https:\/\/www.erkareisen.com\/wp-content\/uploads\/2013\/03\/geo_wildepaesse_zagar_IMG_4-190x142.jpg 190w, https:\/\/www.erkareisen.com\/wp-content\/uploads\/2013\/03\/geo_wildepaesse_zagar_IMG_4-60x45.jpg 60w, https:\/\/www.erkareisen.com\/wp-content\/uploads\/2013\/03\/geo_wildepaesse_zagar_IMG_4-400x300.jpg 400w, https:\/\/www.erkareisen.com\/wp-content\/uploads\/2013\/03\/geo_wildepaesse_zagar_IMG_4.jpg 1024w\" sizes=\"(max-width: 300px) 100vw, 300px\" \/><\/a><\/h2>\n<h2>&nbsp;<\/h2>\n<h2>Unsere St\u00e4rke: Individuell und trotzdem pauschal<\/h2>\n<p>&nbsp;<\/p>\n<p>Sie sind ein Gruppenmuffel, wollen aber auf die Annehmlichkeiten einer Pauschalreise nicht verzichten? Kein Problem.<\/p>\n<p>Nahezu alle unsere Reisen veranstalten wir bereits f\u00fcr eine oder zwei Personen. Entweder genau nach unserem Reiseprogramm. Oder wir schneidern Ihnen ein Spezial-Programm nach Ihren W\u00fcnschen.<\/p>\n<p>Schicken Sie einfach eine email an: <a href=\"mailto:\/\/service@erkareisen.de\"><strong>service@erkareisen.de<\/strong> <\/a><\/p>\n<p>Teilen Sie uns den von Ihnen gew\u00fcnschten Reisetermin mit, die Anzahl der Personen und die individuellen W\u00fcnsche f\u00fcr Ihre Reise. Wir basteln Ihnen ein individuelles Reiseprogramm samt Angebot.<\/p>\n<p>Wir freuen uns auf Sie.<\/p>\n<p>ERKA-Reisen GmbH<br><strong><em>Der Kaukasus-Spezialist<\/em><\/strong><\/p>\n\n\n<p><\/p>\n","protected":false},"excerpt":{"rendered":"<p>&nbsp; Unsere St\u00e4rke: Individuell und trotzdem pauschal &nbsp; Sie sind ein Gruppenmuffel, wollen aber auf die Annehmlichkeiten einer Pauschalreise nicht verzichten? Kein Problem. Nahezu alle unsere Reisen veranstalten wir bereits f\u00fcr eine oder zwei Personen. Entweder genau nach unserem Reiseprogramm. &hellip; <a href=\"https:\/\/www.erkareisen.com\/?page_id=27\">Weiter<\/a><\/p>\n","protected":false},"author":2,"featured_media":0,"parent":0,"menu_order":0,"comment_status":"closed","ping_status":"closed","template":"","meta":{"kt_blocks_editor_width":"","ngg_post_thumbnail":0},"_links":{"self":[{"href":"https:\/\/www.erkareisen.com\/index.php?rest_route=\/wp\/v2\/pages\/27"}],"collection":[{"href":"https:\/\/www.erkareisen.com\/index.php?rest_route=\/wp\/v2\/pages"}],"about":[{"href":"https:\/\/www.erkareisen.com\/index.php?rest_route=\/wp\/v2\/types\/page"}],"author":[{"embeddable":true,"href":"https:\/\/www.erkareisen.com\/index.php?rest_route=\/wp\/v2\/users\/2"}],"replies":[{"embeddable":true,"href":"https:\/\/www.erkareisen.com\/index.php?rest_route=%2Fwp%2Fv2%2Fcomments&post=27"}],"version-history":[{"count":15,"href":"https:\/\/www.erkareisen.com\/index.php?rest_route=\/wp\/v2\/pages\/27\/revisions"}],"predecessor-version":[{"id":5090,"href":"https:\/\/www.erkareisen.com\/index.php?rest_route=\/wp\/v2\/pages\/27\/revisions\/5090"}],"wp:attachment":[{"href":"https:\/\/www.erkareisen.com\/index.php?rest_route=%2Fwp%2Fv2%2Fmedia&parent=27"}],"curies":[{"name":"wp","href":"https:\/\/api.w.org\/{rel}","templated":true}]}}