{"id":3126,"date":"2022-06-20T09:56:58","date_gmt":"2022-06-20T07:56:58","guid":{"rendered":"https:\/\/www.erkareisen.com\/?page_id=3126"},"modified":"2023-02-15T18:13:13","modified_gmt":"2023-02-15T17:13:13","slug":"besondere-reise-idee-2022","status":"publish","type":"page","link":"https:\/\/www.erkareisen.com\/?page_id=3126","title":{"rendered":"Super-Expedition: Megalithen und Menhire in Georgien"},"content":{"rendered":"\n<p class=\"has-medium-font-size\"><strong>Zeitpunkt: zeitiges Fr\u00fchjahr oder sp\u00e4ter Herbst:<\/strong><\/p>\n\n\n\n<p><strong>Einw\u00f6chige Expedition &#8211; Termine auf Anfrage <\/strong><\/p>\n\n\n\n<p>Kaum jemand in Georgien und au\u00dferhalb hat eine Ahnung, welch ungeheuren Sch\u00e4tze aus uralten Zeiten das Land bietet: Gro\u00dfe Megalithen-Siedlungen, H\u00f6hlensiedlungen, Steinkreise, Menhire und vieles mehr. Anlagen, die Tausende Jahre alt sind, die meisten davon nicht erforscht. Es gibt aber eine kleine Gruppe von engagierten Heimatforschern in Georgien, die nahezu an jedem Wochenende solche Anlagen im Land aufsuchen und fotografisch wie filmisch dokumentieren. <strong>ERKA-Reisen<\/strong> kooperiert mit dieser Gruppe und kann daher im Herbst eine erste Expedition zu mehreren nahezu unbekannten Pl\u00e4tzen anbieten. Dabei werden t\u00e4glich ein paar Stunden anstrengende Wanderungen notwendig. Der Lohn: Eindr\u00fccke, die man sich kaum vorstellen kann.<\/p>\n\n\n\n<p>Die Expedition wird gef\u00fchrt vom <strong>deutschen Kaukasus-Spezialisten Rainer Kaufmann<\/strong>, der in den letzten Jahren viele dieser Pl\u00e4tze besucht hat. Individuelle Termine sind m\u00f6glich, allerdings reduziert sich die Reisezeit auf den Herbst und das fr\u00fche Fr\u00fchjahr, da sonst aufgrund des nat\u00fcrlichen Bewuchses der Pl\u00e4tze nur eingeschr\u00e4nkte Sichtverh\u00e4ltnisse auf die Kulturdenkm\u00e4ler bestehen.<\/p>\n\n\n\n<p>Die Reise f\u00fchrt u. a. zu folgenden Orten mit nahezu unglaublichen Urzeit-Funden: Samschwilde, Tetrizkaro, Chivdvari, Nardabazewi, Tkemlovani, Bedeni-Plateau, Tsalka, Tejisi, Imera, Bareti, Sarvan, Aranlo, Nardevani, Shaori, Mamulo, Khrami-Schlucht, den Berg Klein-Abuli und einige mehr. Namen und Orte, die kaum jemand kennt, die man aber nie mehr vergisst, wenn man sie einmal besucht hat. Das genaue Programm wird je nach Wetterlage kurzfristig arrangiert. <strong>Sicher ist aber: Eine solche Expedition hat es bislang in Georgien noch nicht gegeben.<\/strong><\/p>\n\n\n\n<p>Ein eindrucksvolles Video auf youtube: <a href=\"https:\/\/www.youtube.com\/watch?v=lT22lbEcjuE\">hier<\/a><\/p>\n\n\n\n<p>Anfragen und Buchung \u00fcber <a href=\"mailto:service@erkareisen.de\">service@erkareisen.de<\/a><\/p>\n\n\n\n<p>Einen kleinen Vorgeschmack auf die Reise gibt auch dieses<a href=\"https:\/\/www.youtube.com\/watch?v=vAk3UY8HHJo\"> Video hier<\/a><\/p>\n\n\n\n<p>Umfangreiche Foto-Sammlung auf: <a href=\"http:\/\/www.georgien-erleben.de\">www.georgien-erleben.de<\/a> Stichwort: Megalithen<\/p>\n\n\n\n<figure class=\"wp-block-gallery columns-3 is-cropped\"><ul class=\"blocks-gallery-grid\"><li class=\"blocks-gallery-item\"><figure><a href=\"https:\/\/www.erkareisen.com\/wp-content\/uploads\/2022\/06\/megalithen_avranlo_11.jpg\"><img loading=\"lazy\" width=\"850\" height=\"566\" src=\"https:\/\/www.erkareisen.com\/wp-content\/uploads\/2022\/06\/megalithen_avranlo_11.jpg\" alt=\"\" data-id=\"3196\" data-full-url=\"https:\/\/www.erkareisen.com\/wp-content\/uploads\/2022\/06\/megalithen_avranlo_11.jpg\" data-link=\"https:\/\/www.erkareisen.com\/?attachment_id=3196\" class=\"wp-image-3196\" srcset=\"https:\/\/www.erkareisen.com\/wp-content\/uploads\/2022\/06\/megalithen_avranlo_11.jpg 850w, https:\/\/www.erkareisen.com\/wp-content\/uploads\/2022\/06\/megalithen_avranlo_11-300x200.jpg 300w, https:\/\/www.erkareisen.com\/wp-content\/uploads\/2022\/06\/megalithen_avranlo_11-150x100.jpg 150w, https:\/\/www.erkareisen.com\/wp-content\/uploads\/2022\/06\/megalithen_avranlo_11-768x511.jpg 768w\" sizes=\"(max-width: 850px) 100vw, 850px\" \/><\/a><\/figure><\/li><li class=\"blocks-gallery-item\"><figure><a href=\"https:\/\/www.erkareisen.com\/wp-content\/uploads\/2022\/06\/megalithen_avranlo_12.jpg\"><img loading=\"lazy\" width=\"850\" height=\"566\" src=\"https:\/\/www.erkareisen.com\/wp-content\/uploads\/2022\/06\/megalithen_avranlo_12.jpg\" alt=\"\" data-id=\"3197\" data-full-url=\"https:\/\/www.erkareisen.com\/wp-content\/uploads\/2022\/06\/megalithen_avranlo_12.jpg\" data-link=\"https:\/\/www.erkareisen.com\/?attachment_id=3197\" class=\"wp-image-3197\" srcset=\"https:\/\/www.erkareisen.com\/wp-content\/uploads\/2022\/06\/megalithen_avranlo_12.jpg 850w, https:\/\/www.erkareisen.com\/wp-content\/uploads\/2022\/06\/megalithen_avranlo_12-300x200.jpg 300w, https:\/\/www.erkareisen.com\/wp-content\/uploads\/2022\/06\/megalithen_avranlo_12-150x100.jpg 150w, https:\/\/www.erkareisen.com\/wp-content\/uploads\/2022\/06\/megalithen_avranlo_12-768x511.jpg 768w\" sizes=\"(max-width: 850px) 100vw, 850px\" \/><\/a><\/figure><\/li><li class=\"blocks-gallery-item\"><figure><a href=\"https:\/\/www.erkareisen.com\/wp-content\/uploads\/2022\/06\/megalithen_gokhnari_07.jpg\"><img loading=\"lazy\" width=\"850\" height=\"566\" src=\"https:\/\/www.erkareisen.com\/wp-content\/uploads\/2022\/06\/megalithen_gokhnari_07.jpg\" alt=\"\" data-id=\"3198\" data-full-url=\"https:\/\/www.erkareisen.com\/wp-content\/uploads\/2022\/06\/megalithen_gokhnari_07.jpg\" data-link=\"https:\/\/www.erkareisen.com\/?attachment_id=3198\" class=\"wp-image-3198\" srcset=\"https:\/\/www.erkareisen.com\/wp-content\/uploads\/2022\/06\/megalithen_gokhnari_07.jpg 850w, https:\/\/www.erkareisen.com\/wp-content\/uploads\/2022\/06\/megalithen_gokhnari_07-300x200.jpg 300w, https:\/\/www.erkareisen.com\/wp-content\/uploads\/2022\/06\/megalithen_gokhnari_07-150x100.jpg 150w, https:\/\/www.erkareisen.com\/wp-content\/uploads\/2022\/06\/megalithen_gokhnari_07-768x511.jpg 768w\" sizes=\"(max-width: 850px) 100vw, 850px\" \/><\/a><\/figure><\/li><li class=\"blocks-gallery-item\"><figure><a href=\"https:\/\/www.erkareisen.com\/wp-content\/uploads\/2022\/06\/megalithen_mamulo_01.jpg\"><img loading=\"lazy\" width=\"850\" height=\"566\" src=\"https:\/\/www.erkareisen.com\/wp-content\/uploads\/2022\/06\/megalithen_mamulo_01.jpg\" alt=\"\" data-id=\"3199\" data-full-url=\"https:\/\/www.erkareisen.com\/wp-content\/uploads\/2022\/06\/megalithen_mamulo_01.jpg\" data-link=\"https:\/\/www.erkareisen.com\/?attachment_id=3199\" class=\"wp-image-3199\" srcset=\"https:\/\/www.erkareisen.com\/wp-content\/uploads\/2022\/06\/megalithen_mamulo_01.jpg 850w, https:\/\/www.erkareisen.com\/wp-content\/uploads\/2022\/06\/megalithen_mamulo_01-300x200.jpg 300w, https:\/\/www.erkareisen.com\/wp-content\/uploads\/2022\/06\/megalithen_mamulo_01-150x100.jpg 150w, https:\/\/www.erkareisen.com\/wp-content\/uploads\/2022\/06\/megalithen_mamulo_01-768x511.jpg 768w\" sizes=\"(max-width: 850px) 100vw, 850px\" \/><\/a><\/figure><\/li><li class=\"blocks-gallery-item\"><figure><a href=\"https:\/\/www.erkareisen.com\/wp-content\/uploads\/2022\/06\/megalithen_mamulo_17.jpg\"><img loading=\"lazy\" width=\"850\" height=\"566\" src=\"https:\/\/www.erkareisen.com\/wp-content\/uploads\/2022\/06\/megalithen_mamulo_17.jpg\" alt=\"\" data-id=\"3200\" data-full-url=\"https:\/\/www.erkareisen.com\/wp-content\/uploads\/2022\/06\/megalithen_mamulo_17.jpg\" data-link=\"https:\/\/www.erkareisen.com\/?attachment_id=3200\" class=\"wp-image-3200\" srcset=\"https:\/\/www.erkareisen.com\/wp-content\/uploads\/2022\/06\/megalithen_mamulo_17.jpg 850w, https:\/\/www.erkareisen.com\/wp-content\/uploads\/2022\/06\/megalithen_mamulo_17-300x200.jpg 300w, https:\/\/www.erkareisen.com\/wp-content\/uploads\/2022\/06\/megalithen_mamulo_17-150x100.jpg 150w, https:\/\/www.erkareisen.com\/wp-content\/uploads\/2022\/06\/megalithen_mamulo_17-768x511.jpg 768w\" sizes=\"(max-width: 850px) 100vw, 850px\" \/><\/a><\/figure><\/li><li class=\"blocks-gallery-item\"><figure><a href=\"https:\/\/www.erkareisen.com\/wp-content\/uploads\/2022\/06\/megalithen_samschwilde_17.jpg\"><img loading=\"lazy\" width=\"850\" height=\"566\" src=\"https:\/\/www.erkareisen.com\/wp-content\/uploads\/2022\/06\/megalithen_samschwilde_17.jpg\" alt=\"\" data-id=\"3201\" data-full-url=\"https:\/\/www.erkareisen.com\/wp-content\/uploads\/2022\/06\/megalithen_samschwilde_17.jpg\" data-link=\"https:\/\/www.erkareisen.com\/?attachment_id=3201\" class=\"wp-image-3201\" srcset=\"https:\/\/www.erkareisen.com\/wp-content\/uploads\/2022\/06\/megalithen_samschwilde_17.jpg 850w, https:\/\/www.erkareisen.com\/wp-content\/uploads\/2022\/06\/megalithen_samschwilde_17-300x200.jpg 300w, https:\/\/www.erkareisen.com\/wp-content\/uploads\/2022\/06\/megalithen_samschwilde_17-150x100.jpg 150w, https:\/\/www.erkareisen.com\/wp-content\/uploads\/2022\/06\/megalithen_samschwilde_17-768x511.jpg 768w\" sizes=\"(max-width: 850px) 100vw, 850px\" \/><\/a><\/figure><\/li><li class=\"blocks-gallery-item\"><figure><a href=\"https:\/\/www.erkareisen.com\/wp-content\/uploads\/2022\/06\/megalithen_samschwilde_40.jpg\"><img loading=\"lazy\" width=\"850\" height=\"566\" src=\"https:\/\/www.erkareisen.com\/wp-content\/uploads\/2022\/06\/megalithen_samschwilde_40.jpg\" alt=\"\" data-id=\"3202\" data-full-url=\"https:\/\/www.erkareisen.com\/wp-content\/uploads\/2022\/06\/megalithen_samschwilde_40.jpg\" data-link=\"https:\/\/www.erkareisen.com\/?attachment_id=3202\" class=\"wp-image-3202\" srcset=\"https:\/\/www.erkareisen.com\/wp-content\/uploads\/2022\/06\/megalithen_samschwilde_40.jpg 850w, https:\/\/www.erkareisen.com\/wp-content\/uploads\/2022\/06\/megalithen_samschwilde_40-300x200.jpg 300w, https:\/\/www.erkareisen.com\/wp-content\/uploads\/2022\/06\/megalithen_samschwilde_40-150x100.jpg 150w, https:\/\/www.erkareisen.com\/wp-content\/uploads\/2022\/06\/megalithen_samschwilde_40-768x511.jpg 768w\" sizes=\"(max-width: 850px) 100vw, 850px\" \/><\/a><\/figure><\/li><li class=\"blocks-gallery-item\"><figure><a href=\"https:\/\/www.erkareisen.com\/wp-content\/uploads\/2022\/06\/megalithen_samschwilde_41.jpg\"><img loading=\"lazy\" width=\"850\" height=\"566\" src=\"https:\/\/www.erkareisen.com\/wp-content\/uploads\/2022\/06\/megalithen_samschwilde_41.jpg\" alt=\"\" data-id=\"3203\" data-full-url=\"https:\/\/www.erkareisen.com\/wp-content\/uploads\/2022\/06\/megalithen_samschwilde_41.jpg\" data-link=\"https:\/\/www.erkareisen.com\/?attachment_id=3203\" class=\"wp-image-3203\" srcset=\"https:\/\/www.erkareisen.com\/wp-content\/uploads\/2022\/06\/megalithen_samschwilde_41.jpg 850w, https:\/\/www.erkareisen.com\/wp-content\/uploads\/2022\/06\/megalithen_samschwilde_41-300x200.jpg 300w, https:\/\/www.erkareisen.com\/wp-content\/uploads\/2022\/06\/megalithen_samschwilde_41-150x100.jpg 150w, https:\/\/www.erkareisen.com\/wp-content\/uploads\/2022\/06\/megalithen_samschwilde_41-768x511.jpg 768w\" sizes=\"(max-width: 850px) 100vw, 850px\" \/><\/a><\/figure><\/li><li class=\"blocks-gallery-item\"><figure><a href=\"https:\/\/www.erkareisen.com\/wp-content\/uploads\/2022\/06\/megalithen_samschwilde_42.jpg\"><img loading=\"lazy\" width=\"850\" height=\"566\" src=\"https:\/\/www.erkareisen.com\/wp-content\/uploads\/2022\/06\/megalithen_samschwilde_42.jpg\" alt=\"\" data-id=\"3204\" data-full-url=\"https:\/\/www.erkareisen.com\/wp-content\/uploads\/2022\/06\/megalithen_samschwilde_42.jpg\" data-link=\"https:\/\/www.erkareisen.com\/?attachment_id=3204\" class=\"wp-image-3204\" srcset=\"https:\/\/www.erkareisen.com\/wp-content\/uploads\/2022\/06\/megalithen_samschwilde_42.jpg 850w, https:\/\/www.erkareisen.com\/wp-content\/uploads\/2022\/06\/megalithen_samschwilde_42-300x200.jpg 300w, https:\/\/www.erkareisen.com\/wp-content\/uploads\/2022\/06\/megalithen_samschwilde_42-150x100.jpg 150w, https:\/\/www.erkareisen.com\/wp-content\/uploads\/2022\/06\/megalithen_samschwilde_42-768x511.jpg 768w\" sizes=\"(max-width: 850px) 100vw, 850px\" \/><\/a><\/figure><\/li><li class=\"blocks-gallery-item\"><figure><a href=\"https:\/\/www.erkareisen.com\/wp-content\/uploads\/2022\/06\/megalithen_samschwilde_43.jpg\"><img loading=\"lazy\" width=\"850\" height=\"566\" src=\"https:\/\/www.erkareisen.com\/wp-content\/uploads\/2022\/06\/megalithen_samschwilde_43.jpg\" alt=\"\" data-id=\"3205\" data-full-url=\"https:\/\/www.erkareisen.com\/wp-content\/uploads\/2022\/06\/megalithen_samschwilde_43.jpg\" data-link=\"https:\/\/www.erkareisen.com\/?attachment_id=3205\" class=\"wp-image-3205\" srcset=\"https:\/\/www.erkareisen.com\/wp-content\/uploads\/2022\/06\/megalithen_samschwilde_43.jpg 850w, https:\/\/www.erkareisen.com\/wp-content\/uploads\/2022\/06\/megalithen_samschwilde_43-300x200.jpg 300w, https:\/\/www.erkareisen.com\/wp-content\/uploads\/2022\/06\/megalithen_samschwilde_43-150x100.jpg 150w, https:\/\/www.erkareisen.com\/wp-content\/uploads\/2022\/06\/megalithen_samschwilde_43-768x511.jpg 768w\" sizes=\"(max-width: 850px) 100vw, 850px\" \/><\/a><\/figure><\/li><li class=\"blocks-gallery-item\"><figure><a href=\"https:\/\/www.erkareisen.com\/wp-content\/uploads\/2022\/06\/megalithen_tejisi_01.jpg\"><img loading=\"lazy\" width=\"850\" height=\"566\" src=\"https:\/\/www.erkareisen.com\/wp-content\/uploads\/2022\/06\/megalithen_tejisi_01.jpg\" alt=\"\" data-id=\"3206\" data-full-url=\"https:\/\/www.erkareisen.com\/wp-content\/uploads\/2022\/06\/megalithen_tejisi_01.jpg\" data-link=\"https:\/\/www.erkareisen.com\/?attachment_id=3206\" class=\"wp-image-3206\" srcset=\"https:\/\/www.erkareisen.com\/wp-content\/uploads\/2022\/06\/megalithen_tejisi_01.jpg 850w, https:\/\/www.erkareisen.com\/wp-content\/uploads\/2022\/06\/megalithen_tejisi_01-300x200.jpg 300w, https:\/\/www.erkareisen.com\/wp-content\/uploads\/2022\/06\/megalithen_tejisi_01-150x100.jpg 150w, https:\/\/www.erkareisen.com\/wp-content\/uploads\/2022\/06\/megalithen_tejisi_01-768x511.jpg 768w\" sizes=\"(max-width: 850px) 100vw, 850px\" \/><\/a><\/figure><\/li><li class=\"blocks-gallery-item\"><figure><a href=\"https:\/\/www.erkareisen.com\/wp-content\/uploads\/2022\/06\/megalithen_tejisi_10.jpg\"><img loading=\"lazy\" width=\"850\" height=\"566\" src=\"https:\/\/www.erkareisen.com\/wp-content\/uploads\/2022\/06\/megalithen_tejisi_10.jpg\" alt=\"\" data-id=\"3207\" data-full-url=\"https:\/\/www.erkareisen.com\/wp-content\/uploads\/2022\/06\/megalithen_tejisi_10.jpg\" data-link=\"https:\/\/www.erkareisen.com\/?attachment_id=3207\" class=\"wp-image-3207\" srcset=\"https:\/\/www.erkareisen.com\/wp-content\/uploads\/2022\/06\/megalithen_tejisi_10.jpg 850w, https:\/\/www.erkareisen.com\/wp-content\/uploads\/2022\/06\/megalithen_tejisi_10-300x200.jpg 300w, https:\/\/www.erkareisen.com\/wp-content\/uploads\/2022\/06\/megalithen_tejisi_10-150x100.jpg 150w, https:\/\/www.erkareisen.com\/wp-content\/uploads\/2022\/06\/megalithen_tejisi_10-768x511.jpg 768w\" sizes=\"(max-width: 850px) 100vw, 850px\" \/><\/a><\/figure><\/li><li class=\"blocks-gallery-item\"><figure><a href=\"https:\/\/www.erkareisen.com\/wp-content\/uploads\/2022\/06\/megalithen_tejisi_16.jpg\"><img loading=\"lazy\" width=\"850\" height=\"566\" src=\"https:\/\/www.erkareisen.com\/wp-content\/uploads\/2022\/06\/megalithen_tejisi_16.jpg\" alt=\"\" data-id=\"3208\" data-full-url=\"https:\/\/www.erkareisen.com\/wp-content\/uploads\/2022\/06\/megalithen_tejisi_16.jpg\" data-link=\"https:\/\/www.erkareisen.com\/?attachment_id=3208\" class=\"wp-image-3208\" srcset=\"https:\/\/www.erkareisen.com\/wp-content\/uploads\/2022\/06\/megalithen_tejisi_16.jpg 850w, https:\/\/www.erkareisen.com\/wp-content\/uploads\/2022\/06\/megalithen_tejisi_16-300x200.jpg 300w, https:\/\/www.erkareisen.com\/wp-content\/uploads\/2022\/06\/megalithen_tejisi_16-150x100.jpg 150w, https:\/\/www.erkareisen.com\/wp-content\/uploads\/2022\/06\/megalithen_tejisi_16-768x511.jpg 768w\" sizes=\"(max-width: 850px) 100vw, 850px\" \/><\/a><\/figure><\/li><\/ul><\/figure>\n\n\n\n<p>Weitere Fotos zu Megalithen, Steinkreisen und Menhiren auf: <a href=\"http:\/\/www.georgien-erleben.de\">www.georgien-erleben.de<\/a><\/p>\n\n\n\n<p>Veranstalter ist unsere Schwesterfirma-Firma <strong><em>ERKA TRAVEL CAUCASUS Ltd<\/em>.<\/strong> in Tiflis.<\/p>\n\n\n\n<p>Anfragen und Buchung \u00fcber <a href=\"mailto:service@erkareisen.de\">service@erkareisen.de<\/a><\/p>\n","protected":false},"excerpt":{"rendered":"<p>Zeitpunkt: zeitiges Fr\u00fchjahr oder sp\u00e4ter Herbst: Einw\u00f6chige Expedition &#8211; Termine auf Anfrage Kaum jemand in Georgien und au\u00dferhalb hat eine Ahnung, welch ungeheuren Sch\u00e4tze aus uralten Zeiten das Land bietet: Gro\u00dfe Megalithen-Siedlungen, H\u00f6hlensiedlungen, Steinkreise, Menhire und vieles mehr. Anlagen, die &hellip; <a href=\"https:\/\/www.erkareisen.com\/?page_id=3126\">Weiter<\/a><\/p>\n","protected":false},"author":3,"featured_media":0,"parent":0,"menu_order":0,"comment_status":"closed","ping_status":"closed","template":"","meta":{"kt_blocks_editor_width":"","ngg_post_thumbnail":0},"_links":{"self":[{"href":"https:\/\/www.erkareisen.com\/index.php?rest_route=\/wp\/v2\/pages\/3126"}],"collection":[{"href":"https:\/\/www.erkareisen.com\/index.php?rest_route=\/wp\/v2\/pages"}],"about":[{"href":"https:\/\/www.erkareisen.com\/index.php?rest_route=\/wp\/v2\/types\/page"}],"author":[{"embeddable":true,"href":"https:\/\/www.erkareisen.com\/index.php?rest_route=\/wp\/v2\/users\/3"}],"replies":[{"embeddable":true,"href":"https:\/\/www.erkareisen.com\/index.php?rest_route=%2Fwp%2Fv2%2Fcomments&post=3126"}],"version-history":[{"count":22,"href":"https:\/\/www.erkareisen.com\/index.php?rest_route=\/wp\/v2\/pages\/3126\/revisions"}],"predecessor-version":[{"id":3465,"href":"https:\/\/www.erkareisen.com\/index.php?rest_route=\/wp\/v2\/pages\/3126\/revisions\/3465"}],"wp:attachment":[{"href":"https:\/\/www.erkareisen.com\/index.php?rest_route=%2Fwp%2Fv2%2Fmedia&parent=3126"}],"curies":[{"name":"wp","href":"https:\/\/api.w.org\/{rel}","templated":true}]}}