{"id":3726,"date":"2024-01-08T12:59:54","date_gmt":"2024-01-08T11:59:54","guid":{"rendered":"https:\/\/www.erkareisen.com\/?page_id=3726"},"modified":"2024-01-19T16:06:25","modified_gmt":"2024-01-19T15:06:25","slug":"erka-special-2024-friedhofskultur-in-georgien","status":"publish","type":"page","link":"https:\/\/www.erkareisen.com\/?page_id=3726","title":{"rendered":"ERKA-Special 2024: Friedhofskultur in Georgien"},"content":{"rendered":"\n<div class=\"wp-block-media-text alignwide is-stacked-on-mobile\" style=\"grid-template-columns:27% auto\"><figure class=\"wp-block-media-text__media\"><img loading=\"lazy\" width=\"425\" height=\"425\" src=\"https:\/\/www.erkareisen.com\/wp-content\/uploads\/2024\/01\/titel_friedhoefe_2024-Kopie.jpg\" alt=\"\" class=\"wp-image-3727 size-full\" srcset=\"https:\/\/www.erkareisen.com\/wp-content\/uploads\/2024\/01\/titel_friedhoefe_2024-Kopie.jpg 425w, https:\/\/www.erkareisen.com\/wp-content\/uploads\/2024\/01\/titel_friedhoefe_2024-Kopie-300x300.jpg 300w, https:\/\/www.erkareisen.com\/wp-content\/uploads\/2024\/01\/titel_friedhoefe_2024-Kopie-150x150.jpg 150w\" sizes=\"(max-width: 425px) 100vw, 425px\" \/><\/figure><div class=\"wp-block-media-text__content\">\n<p><strong>Zw\u00f6lft\u00e4gige Spezial-Studienreise f\u00fcr Gruppen bis zu 6 Personen<\/strong><\/p>\n\n\n\n<p><strong><br>Pilotreise vom 6. &#8211;&nbsp;&nbsp; 17. September 2024<\/strong><\/p>\n\n\n\n<p><strong>Individuelle Termine sind auf Anfrage jederzeit m\u00f6glich<\/strong><\/p>\n<\/div><\/div>\n\n\n\n<div class=\"wp-block-media-text alignwide is-stacked-on-mobile\" style=\"grid-template-columns:26% auto\"><figure class=\"wp-block-media-text__media\"><img loading=\"lazy\" width=\"850\" height=\"566\" src=\"https:\/\/www.erkareisen.com\/wp-content\/uploads\/2024\/01\/uschguli_07.jpg\" alt=\"\" class=\"wp-image-3730 size-full\" srcset=\"https:\/\/www.erkareisen.com\/wp-content\/uploads\/2024\/01\/uschguli_07.jpg 850w, https:\/\/www.erkareisen.com\/wp-content\/uploads\/2024\/01\/uschguli_07-300x200.jpg 300w, https:\/\/www.erkareisen.com\/wp-content\/uploads\/2024\/01\/uschguli_07-150x100.jpg 150w, https:\/\/www.erkareisen.com\/wp-content\/uploads\/2024\/01\/uschguli_07-768x511.jpg 768w\" sizes=\"(max-width: 850px) 100vw, 850px\" \/><\/figure><div class=\"wp-block-media-text__content\">\n<p>Friedh\u00f6fe erz\u00e4hlen \u00fcberall auf der Welt viel von der Alltagskultur der Menschen und der Geschichte des Landes, auch in Georgien. Allerdings: In kaum einem Land dieser Gr\u00f6\u00dfe findet man im Vorbeifahren so viele unterschiedliche Friedhofsformen und \u2013kulturen wie hier. Von vorchristlichen Dolmengr\u00e4bern \u00fcber mittelalterliche Steinmonumente und alte Jugendstil-Friedh\u00f6fe bis zu sowjetischen Nomenklatur-Gr\u00e4bern. Besonders auffallend: Viele Gr\u00e4ber haben einen Tisch und Sitzb\u00e4nke zum Verweilen. Die Tradition, die Toten an ihrem Sterbetag und vor allem an Ostern mit einem Familien-Picknick auf ihrem Grab zu ehren, ist in Georgien noch ungebrochen.<\/p>\n\n\n\n<p>Diese Spezialstudienreise f\u00fchrt zu Friedh\u00f6fen in allen Landesteilen mit eindrucksvollen Grabmonumenten aus vielen Jahrhunderten. Die Pilotreise wird vom deutschen Kaukasus-Spezialisten Rainer Kaufmann gef\u00fchrt, der auf der Webseite <a href=\"http:\/\/www.georgien-erleben.de\">www.georgien-erleben.de<\/a> nahezu 1.000 Fotos von vielen Friedh\u00f6fen in ganz Georgien ver\u00f6ffentlicht hat, eine einmalige Sammlung.<\/p>\n\n\n\n<p><strong>Das Programm:<\/strong><strong><\/strong><\/p>\n<\/div><\/div>\n\n\n\n<div class=\"wp-block-media-text alignwide is-stacked-on-mobile\" style=\"grid-template-columns:26% auto\"><figure class=\"wp-block-media-text__media\"><img loading=\"lazy\" width=\"1024\" height=\"768\" src=\"https:\/\/www.erkareisen.com\/wp-content\/uploads\/2024\/01\/IMG_5921-1024x768.jpg\" alt=\"\" class=\"wp-image-3731 size-full\" srcset=\"https:\/\/www.erkareisen.com\/wp-content\/uploads\/2024\/01\/IMG_5921-1024x768.jpg 1024w, https:\/\/www.erkareisen.com\/wp-content\/uploads\/2024\/01\/IMG_5921-300x225.jpg 300w, https:\/\/www.erkareisen.com\/wp-content\/uploads\/2024\/01\/IMG_5921-150x113.jpg 150w, https:\/\/www.erkareisen.com\/wp-content\/uploads\/2024\/01\/IMG_5921-768x576.jpg 768w, https:\/\/www.erkareisen.com\/wp-content\/uploads\/2024\/01\/IMG_5921-1536x1152.jpg 1536w, https:\/\/www.erkareisen.com\/wp-content\/uploads\/2024\/01\/IMG_5921-2048x1536.jpg 2048w\" sizes=\"(max-width: 1024px) 100vw, 1024px\" \/><\/figure><div class=\"wp-block-media-text__content\">\n<p><strong>Freitag 6.9. Anreise<\/strong> individuell, \u00dcbernachtung in Tbilissi.<\/p>\n\n\n\n<p><strong>Samstag 7.9. Nationalmuseum<br><\/strong>Fr\u00fchmorgens Ankunft auf dem Flughafen Tbilissi. Transfer zum Hotel. Am Nachmittag <strong><em>Stadtrundgang <\/em><\/strong>mit Besuch des <strong><em>Nationalmuseums<\/em><\/strong><em>.<\/em> Am Abend zeigen wir die TV-Dokumentation \u201eGeorgien \u2013 Von Null auf 5.000\u201c aus der Reihe \u201eL\u00e4nder-Menschen-Abenteuer\u201c, an der Rainer Kaufmann als lokaler Produktionsleiter in Georgien mitgewirkt hat. Danach laden wir ein zu einer gro\u00dfen <strong><em>georgischen Tafel<\/em><\/strong> ein, Supra genannt, verbunden mit einer Weinprobe. \u00dcbernachtung in Tbilissi<\/p>\n<\/div><\/div>\n\n\n\n<div class=\"wp-block-media-text alignwide is-stacked-on-mobile\" style=\"grid-template-columns:26% auto\"><figure class=\"wp-block-media-text__media\"><img loading=\"lazy\" width=\"851\" height=\"567\" src=\"https:\/\/www.erkareisen.com\/wp-content\/uploads\/2024\/01\/kukia_10.jpg\" alt=\"\" class=\"wp-image-3734 size-full\" srcset=\"https:\/\/www.erkareisen.com\/wp-content\/uploads\/2024\/01\/kukia_10.jpg 851w, https:\/\/www.erkareisen.com\/wp-content\/uploads\/2024\/01\/kukia_10-300x200.jpg 300w, https:\/\/www.erkareisen.com\/wp-content\/uploads\/2024\/01\/kukia_10-150x100.jpg 150w, https:\/\/www.erkareisen.com\/wp-content\/uploads\/2024\/01\/kukia_10-768x512.jpg 768w\" sizes=\"(max-width: 851px) 100vw, 851px\" \/><\/figure><div class=\"wp-block-media-text__content\">\n<p><strong>Sonntag, 8.9. Kukia-Friedhof und Pantheon<br><\/strong>Der bedeutendste Friedhof von Tbilissi ist der <strong><em>Kukia-Friedhof<\/em><\/strong>,&nbsp; ein faszinierender Jugendstil-Friedhof mit multi-ethnischer Belegung. Neben Georgiern und Russen sind hier vor allem viele Armenier begraben, die im 18. und 19. Jahrhundert die gro\u00dfb\u00fcrgerliche Gesellschaft der georgischen Hauptstadt pr\u00e4gten. Danach steht noch das <strong><em>Pantheon am Berg Mtazminda<\/em><\/strong> auf dem Programm, ein Ehrenfriedhof f\u00fcr die gro\u00dfen Kulturschaffenden Georgiens.&nbsp;Abendessen und \u00dcbernachtung in Tbilissi.<\/p>\n<\/div><\/div>\n\n\n\n<div class=\"wp-block-media-text alignwide is-stacked-on-mobile\" style=\"grid-template-columns:26% auto\"><figure class=\"wp-block-media-text__media\"><img loading=\"lazy\" width=\"850\" height=\"566\" src=\"https:\/\/www.erkareisen.com\/wp-content\/uploads\/2024\/01\/saburtalo_28_IMG_5703.jpg\" alt=\"\" class=\"wp-image-3735 size-full\" srcset=\"https:\/\/www.erkareisen.com\/wp-content\/uploads\/2024\/01\/saburtalo_28_IMG_5703.jpg 850w, https:\/\/www.erkareisen.com\/wp-content\/uploads\/2024\/01\/saburtalo_28_IMG_5703-300x200.jpg 300w, https:\/\/www.erkareisen.com\/wp-content\/uploads\/2024\/01\/saburtalo_28_IMG_5703-150x100.jpg 150w, https:\/\/www.erkareisen.com\/wp-content\/uploads\/2024\/01\/saburtalo_28_IMG_5703-768x511.jpg 768w\" sizes=\"(max-width: 850px) 100vw, 850px\" \/><\/figure><div class=\"wp-block-media-text__content\">\n<p><strong>Montag, 9.9. Friedh\u00f6fe in Vake und Saburtalo<br><\/strong>Ein weiterer Tag in der georgischen Hauptstadt. Besucht werden der <strong><em>Vake-Friedhof<\/em> <\/strong>und der Friedhof im Stadtteil <strong><em>Saburtalo<\/em><\/strong>, beides Friedh\u00f6fe mit gro\u00dfb\u00fcrgerlichen Grabm\u00e4lern der letzten beiden Jahrhunderte. Dazu auch ein <strong><em>j\u00fcdischer Friedhof<\/em><\/strong>. Abendessen und \u00dcbernachtung in Tbilissi.<\/p>\n<\/div><\/div>\n\n\n\n<div class=\"wp-block-media-text alignwide is-stacked-on-mobile\" style=\"grid-template-columns:26% auto\"><figure class=\"wp-block-media-text__media\"><img loading=\"lazy\" width=\"850\" height=\"566\" src=\"https:\/\/www.erkareisen.com\/wp-content\/uploads\/2024\/01\/shatili_04_IMG_5859.jpg\" alt=\"\" class=\"wp-image-3737 size-full\" srcset=\"https:\/\/www.erkareisen.com\/wp-content\/uploads\/2024\/01\/shatili_04_IMG_5859.jpg 850w, https:\/\/www.erkareisen.com\/wp-content\/uploads\/2024\/01\/shatili_04_IMG_5859-300x200.jpg 300w, https:\/\/www.erkareisen.com\/wp-content\/uploads\/2024\/01\/shatili_04_IMG_5859-150x100.jpg 150w, https:\/\/www.erkareisen.com\/wp-content\/uploads\/2024\/01\/shatili_04_IMG_5859-768x511.jpg 768w\" sizes=\"(max-width: 850px) 100vw, 850px\" \/><\/figure><div class=\"wp-block-media-text__content\">\n<p><strong>Dienstag, 10.9. Chargali und Schatili<br><\/strong>Fahrt am <strong><em>Schinvali-Stausee<\/em> <\/strong>vorbei in die <em>Hochgebirgsregion <strong>Chewsureti<\/strong><\/em>. Im <strong><em>Dorf Chargali<\/em> <\/strong>Besuch des eindrucksvollen Museums f\u00fcr den georgischen <strong><em>Nationalschriftsteller Wascha Pschawela<\/em><\/strong>, ein Museum, das seinen Charme aus der Sowjetzeit nicht verleugnen kann. Danach Besuch eines <strong><em>Bergfriedhofs im Dorf Gudani, <\/em><\/strong>Fahrt \u00fcber den <strong><em>Datvisdschwari-Pass<\/em> <\/strong>(2.676 m) nach <strong><em>Schatili<\/em><\/strong>, einem Wehrdorf an der georgisch-tschetschenischen Grenze. Abendessen und \u00dcbernachtung in einem G\u00e4stehaus in Schatili.<\/p>\n<\/div><\/div>\n\n\n\n<div class=\"wp-block-media-text alignwide is-stacked-on-mobile\" style=\"grid-template-columns:26% auto\"><figure class=\"wp-block-media-text__media\"><img loading=\"lazy\" width=\"850\" height=\"566\" src=\"https:\/\/www.erkareisen.com\/wp-content\/uploads\/2024\/01\/Shatili_06.jpg\" alt=\"\" class=\"wp-image-3741 size-full\" srcset=\"https:\/\/www.erkareisen.com\/wp-content\/uploads\/2024\/01\/Shatili_06.jpg 850w, https:\/\/www.erkareisen.com\/wp-content\/uploads\/2024\/01\/Shatili_06-300x200.jpg 300w, https:\/\/www.erkareisen.com\/wp-content\/uploads\/2024\/01\/Shatili_06-150x100.jpg 150w, https:\/\/www.erkareisen.com\/wp-content\/uploads\/2024\/01\/Shatili_06-768x511.jpg 768w\" sizes=\"(max-width: 850px) 100vw, 850px\" \/><\/figure><div class=\"wp-block-media-text__content\">\n<p><strong>Mittwoch, 11.9. Stein-Monumente und Mittelalterliche Sterbeh\u00e4user<br><\/strong>Fahrt in die D\u00f6rfer <strong><em>Mutso und Ardoti<\/em> <\/strong>mit Besichtigung uralter Friedh\u00f6fe mit einzigartigen Stein-Monumenten als Gr\u00e4ber. Dazu <strong><em>mittelalterliche Sterbeh\u00e4user<\/em> <\/strong>f\u00fcr alte und kranke Menschen. R\u00fcckfahrt in die georgische Hauptstadt. Abendessen und \u00dcbernachtung in Tbilissi.<\/p>\n<\/div><\/div>\n\n\n\n<div class=\"wp-block-media-text alignwide is-stacked-on-mobile\" style=\"grid-template-columns:26% auto\"><figure class=\"wp-block-media-text__media\"><img loading=\"lazy\" width=\"850\" height=\"567\" src=\"https:\/\/www.erkareisen.com\/wp-content\/uploads\/2024\/01\/Ubissa_01.jpg\" alt=\"\" class=\"wp-image-3743 size-full\" srcset=\"https:\/\/www.erkareisen.com\/wp-content\/uploads\/2024\/01\/Ubissa_01.jpg 850w, https:\/\/www.erkareisen.com\/wp-content\/uploads\/2024\/01\/Ubissa_01-300x200.jpg 300w, https:\/\/www.erkareisen.com\/wp-content\/uploads\/2024\/01\/Ubissa_01-150x100.jpg 150w, https:\/\/www.erkareisen.com\/wp-content\/uploads\/2024\/01\/Ubissa_01-768x512.jpg 768w\" sizes=\"(max-width: 850px) 100vw, 850px\" \/><\/figure><div class=\"wp-block-media-text__content\">\n<p><strong>Donnerstag, 12.9. Mzcheta und Ubissa<br><\/strong>Ausflug in die <strong><em>historische Hauptstadt Mzcheta<\/em> <\/strong>mit Besichtigung der <strong><em>Dschwari-Kirche<\/em> <\/strong>und der <strong><em>Kathedrale Sweti Zchoveli<\/em><\/strong>. In der Umgebung findet man verschiedene Pl\u00e4tze mit <strong><em>Dolmengr\u00e4bern von der Bronzezeit bis zum Mittelalter<\/em><\/strong>. Weiterfahrt \u00fcber den Rikotipass und den <strong><em>Friedhof von Ubissa<\/em><\/strong> nach Kutaissi. \u00dcbernachtung in Kutaissi<\/p>\n<\/div><\/div>\n\n\n\n<div class=\"wp-block-media-text alignwide is-stacked-on-mobile\" style=\"grid-template-columns:26% auto\"><figure class=\"wp-block-media-text__media\"><img loading=\"lazy\" width=\"850\" height=\"566\" src=\"https:\/\/www.erkareisen.com\/wp-content\/uploads\/2024\/01\/sugdidi_02.jpg\" alt=\"\" class=\"wp-image-3746 size-full\" srcset=\"https:\/\/www.erkareisen.com\/wp-content\/uploads\/2024\/01\/sugdidi_02.jpg 850w, https:\/\/www.erkareisen.com\/wp-content\/uploads\/2024\/01\/sugdidi_02-300x200.jpg 300w, https:\/\/www.erkareisen.com\/wp-content\/uploads\/2024\/01\/sugdidi_02-150x100.jpg 150w, https:\/\/www.erkareisen.com\/wp-content\/uploads\/2024\/01\/sugdidi_02-768x511.jpg 768w\" sizes=\"(max-width: 850px) 100vw, 850px\" \/><\/figure><div class=\"wp-block-media-text__content\">\n<p><strong>Freitag, 13.9. Familien-Kathedralen auf dem Friedhof von Sugdidi<br><\/strong>Ein Transfertag nach Westgeorgien mit verschiedenen Stopps. In der N\u00e4he der westgeorgischen Stadt <strong><em>Sugdidi<\/em> <\/strong>wartet ein ganz besonderer Friedhof mit <strong><em>protzigen Familien-Grabm\u00e4lern<\/em><\/strong>, die teilweise kleinen Kathedralen gleichen. Eine ganz besondere Friedhofskultur, die es nur in der Provinz Mingrelien gibt. Auf dem Weg nach Batumi lohnt \u00fcberdies ein Stopp am <strong><em>Friedhof von Poti<\/em><\/strong>. Abendessen und \u00dcbernachtung in Batumi.<\/p>\n<\/div><\/div>\n\n\n\n<div class=\"wp-block-media-text alignwide is-stacked-on-mobile\" style=\"grid-template-columns:26% auto\"><figure class=\"wp-block-media-text__media\"><img loading=\"lazy\" width=\"850\" height=\"566\" src=\"https:\/\/www.erkareisen.com\/wp-content\/uploads\/2024\/01\/batumi_1_19_IMG_6303.jpg\" alt=\"\" class=\"wp-image-3750 size-full\" srcset=\"https:\/\/www.erkareisen.com\/wp-content\/uploads\/2024\/01\/batumi_1_19_IMG_6303.jpg 850w, https:\/\/www.erkareisen.com\/wp-content\/uploads\/2024\/01\/batumi_1_19_IMG_6303-300x200.jpg 300w, https:\/\/www.erkareisen.com\/wp-content\/uploads\/2024\/01\/batumi_1_19_IMG_6303-150x100.jpg 150w, https:\/\/www.erkareisen.com\/wp-content\/uploads\/2024\/01\/batumi_1_19_IMG_6303-768x511.jpg 768w\" sizes=\"(max-width: 850px) 100vw, 850px\" \/><\/figure><div class=\"wp-block-media-text__content\">\n<p><strong>Samstag, 14.9. Goderzi-Pass und H\u00f6hlenstadt Wardsia<br><\/strong>Am Vormittag Besuch des gro\u00dfen Friedhofs <strong><em>\u201eSou Kso\u201c<\/em><\/strong> in Batumi, eine der eindrucksvollsten Grabanlagen in ganz Georgien. Danach Fahrt \u00fcber <strong><em>Goderzi-Pass <\/em><\/strong>(2.025 <em>m) <\/em>mit Stopps an verschiedenen Grabst\u00e4tten, die teilweise abseits der Stra\u00dfe und direkt bei Bauernh\u00f6fen und Wohnh\u00e4usern liegen. Evtl. Besichtigungen der <strong><em>Burg Rabati in Achalziche <\/em><\/strong>und der <strong><em>H\u00f6hlenstadt Wardsia<\/em><\/strong>. Abendessen und \u00dcbernachtung in einer gro\u00dfen Ferien-Anlage in der N\u00e4he der H\u00f6hlenstadt Wardsia.<\/p>\n<\/div><\/div>\n\n\n\n<div class=\"wp-block-media-text alignwide is-stacked-on-mobile\" style=\"grid-template-columns:26% auto\"><figure class=\"wp-block-media-text__media\"><img loading=\"lazy\" width=\"1024\" height=\"768\" src=\"https:\/\/www.erkareisen.com\/wp-content\/uploads\/2024\/01\/2014_11_fotoseite_IMG_1693-1024x768.jpg\" alt=\"\" class=\"wp-image-3753 size-full\" srcset=\"https:\/\/www.erkareisen.com\/wp-content\/uploads\/2024\/01\/2014_11_fotoseite_IMG_1693-1024x768.jpg 1024w, https:\/\/www.erkareisen.com\/wp-content\/uploads\/2024\/01\/2014_11_fotoseite_IMG_1693-300x225.jpg 300w, https:\/\/www.erkareisen.com\/wp-content\/uploads\/2024\/01\/2014_11_fotoseite_IMG_1693-150x113.jpg 150w, https:\/\/www.erkareisen.com\/wp-content\/uploads\/2024\/01\/2014_11_fotoseite_IMG_1693-768x576.jpg 768w, https:\/\/www.erkareisen.com\/wp-content\/uploads\/2024\/01\/2014_11_fotoseite_IMG_1693-1536x1152.jpg 1536w, https:\/\/www.erkareisen.com\/wp-content\/uploads\/2024\/01\/2014_11_fotoseite_IMG_1693-2048x1536.jpg 2048w\" sizes=\"(max-width: 1024px) 100vw, 1024px\" \/><\/figure><div class=\"wp-block-media-text__content\">\n<p><strong>Sonntag, 15.9. Grabsteine als Satire?<\/strong><br>Auf dem R\u00fcckweg Stopp im <strong><em>Dorf Achalsopeli <\/em><\/strong>bei Madneuli. Auf <strong><em>dem Friedhof <\/em><\/strong>befinden sich seltsame Grabsteine, die fast schon satirische Abbildungen der Verstorbenen zeigen, und uralte Grabplatten mit sonderbarer Symbolik. Dazu Besichtigung der <strong><em>Steinkreise von Tejisi <\/em><\/strong>oder des<strong><em> deutschen Friedhofs in Asureti. <\/em><\/strong>\u00dcbernachtung in Tbilissi.<\/p>\n<\/div><\/div>\n\n\n\n<div class=\"wp-block-media-text alignwide is-stacked-on-mobile\" style=\"grid-template-columns:26% auto\"><figure class=\"wp-block-media-text__media\"><img loading=\"lazy\" width=\"1024\" height=\"768\" src=\"https:\/\/www.erkareisen.com\/wp-content\/uploads\/2024\/01\/IMG_4130-1024x768.jpg\" alt=\"\" class=\"wp-image-3756 size-full\" srcset=\"https:\/\/www.erkareisen.com\/wp-content\/uploads\/2024\/01\/IMG_4130-1024x768.jpg 1024w, https:\/\/www.erkareisen.com\/wp-content\/uploads\/2024\/01\/IMG_4130-300x225.jpg 300w, https:\/\/www.erkareisen.com\/wp-content\/uploads\/2024\/01\/IMG_4130-150x113.jpg 150w, https:\/\/www.erkareisen.com\/wp-content\/uploads\/2024\/01\/IMG_4130-768x576.jpg 768w, https:\/\/www.erkareisen.com\/wp-content\/uploads\/2024\/01\/IMG_4130-1536x1152.jpg 1536w, https:\/\/www.erkareisen.com\/wp-content\/uploads\/2024\/01\/IMG_4130-2048x1536.jpg 2048w\" sizes=\"(max-width: 1024px) 100vw, 1024px\" \/><\/figure><div class=\"wp-block-media-text__content\">\n<p><strong>Montag 16.9. &nbsp;Freier Tag in Tbilissi<\/strong><br>Ein Tag zum Ausruhen und zur freien Verf\u00fcgung in der georgischen Hauptstadt. Programm nach Absprache. Entdecken Sie Tbilissi als Grafitti-Hauptstadt. Am Abend laden wir zu einem gro\u00dfen <strong><em>Abschieds-Buffet der \u201eNeuen Georgischen K\u00fcche\u201c <\/em><\/strong>ein.<\/p>\n\n\n\n<p><strong>Dienstag, 17.9. R\u00fcckreise<br><\/strong>Fr\u00fchmorgens Transfer zum Flughafen und R\u00fcckflug.<\/p>\n<\/div><\/div>\n\n\n\n<p><\/p>\n\n\n\n<p><strong>Unsere Leistungen:&nbsp;<\/strong>Transfers in einem 4\u00d74-Minibus, max. 6 Personen. \u00dcbernachtungen in ***-Hotels DZ\/Dusche\/WC (in Schatili: mit Etagen-Dusche\/Toilette). Vollpension ohne alk. Getr\u00e4nke, Mittagessen tw. als Picknick, Fahrer\/Guide (engl.\/dt.) Bei Pilotreise Reiseleitung durch Rainer Kaufmann.<\/p>\n\n\n\n<p><strong>Preise f\u00fcr Pilottour<\/strong>&nbsp;(ohne Flug) pro Person im DZ <br>(in Klammer f\u00fcr individuelle Termine mit deutsch-sprachigem, Fahrer\/Guide):<br><br><strong>1 \u2013 2 Personen: \u20ac 2.180,\u2013 (\u20ac 1.780,\u2013)<br>3 \u2013 4 Personen: \u20ac 1.580,\u2013 (\u20ac 1.340,\u2013)<br>5 \u2013 6 Personen: \u20ac 1.384,\u2013 (\u20ac 1.180,\u2013)<\/strong><br><strong><br>Preise f\u00fcr gr\u00f6\u00dfere Gruppen auf Anfrage.<\/strong><\/p>\n\n\n\n<p><strong>Flugbuchungen<\/strong><br>Da in den letzten Jahren immer mehr Reisende ihre Fl\u00fcge preiswerter und individuell \u00fcber Internet buchen, bieten wir diese Reise ohne Flug an. Wir sind Ihnen aber gerne bei der Suche nach einem preiswerten und geeigneten Flug nach Ihren individuellen W\u00fcnschen behilflich.<\/p>\n\n\n\n<p>Bedingt durch die individuellen An- und Abflugszeiten k\u00f6nnen sich am ersten und letzen Tag Programm\u00e4nderungen ergeben.<\/p>\n\n\n\n<p>Veranstalter ist unsere Schwesterfirma-Firma&nbsp;<strong><em>ERKA TRAVEL CAUCASUS Ltd<\/em>.<\/strong>&nbsp;in Tiflis.<\/p>\n\n\n\n<p><strong>Buchung per e-mail:<\/strong><br><a href=\"mailto:\/\/service@erkareisen.de\">service@erkareisen.de<\/a><\/p>\n","protected":false},"excerpt":{"rendered":"<p>Zw\u00f6lft\u00e4gige Spezial-Studienreise f\u00fcr Gruppen bis zu 6 Personen Pilotreise vom 6. &#8211;&nbsp;&nbsp; 17. September 2024 Individuelle Termine sind auf Anfrage jederzeit m\u00f6glich Friedh\u00f6fe erz\u00e4hlen \u00fcberall auf der Welt viel von der Alltagskultur der Menschen und der Geschichte des Landes, auch &hellip; <a href=\"https:\/\/www.erkareisen.com\/?page_id=3726\">Weiter<\/a><\/p>\n","protected":false},"author":3,"featured_media":0,"parent":0,"menu_order":0,"comment_status":"closed","ping_status":"closed","template":"","meta":{"kt_blocks_editor_width":"","ngg_post_thumbnail":0},"_links":{"self":[{"href":"https:\/\/www.erkareisen.com\/index.php?rest_route=\/wp\/v2\/pages\/3726"}],"collection":[{"href":"https:\/\/www.erkareisen.com\/index.php?rest_route=\/wp\/v2\/pages"}],"about":[{"href":"https:\/\/www.erkareisen.com\/index.php?rest_route=\/wp\/v2\/types\/page"}],"author":[{"embeddable":true,"href":"https:\/\/www.erkareisen.com\/index.php?rest_route=\/wp\/v2\/users\/3"}],"replies":[{"embeddable":true,"href":"https:\/\/www.erkareisen.com\/index.php?rest_route=%2Fwp%2Fv2%2Fcomments&post=3726"}],"version-history":[{"count":17,"href":"https:\/\/www.erkareisen.com\/index.php?rest_route=\/wp\/v2\/pages\/3726\/revisions"}],"predecessor-version":[{"id":4669,"href":"https:\/\/www.erkareisen.com\/index.php?rest_route=\/wp\/v2\/pages\/3726\/revisions\/4669"}],"wp:attachment":[{"href":"https:\/\/www.erkareisen.com\/index.php?rest_route=%2Fwp%2Fv2%2Fmedia&parent=3726"}],"curies":[{"name":"wp","href":"https:\/\/api.w.org\/{rel}","templated":true}]}}