{"id":5268,"date":"2025-10-25T19:11:31","date_gmt":"2025-10-25T17:11:31","guid":{"rendered":"https:\/\/www.erkareisen.com\/?page_id=5268"},"modified":"2026-01-16T14:07:25","modified_gmt":"2026-01-16T13:07:25","slug":"foto-galerie-friedhofsrundreise","status":"publish","type":"page","link":"https:\/\/www.erkareisen.com\/?page_id=5268","title":{"rendered":"Foto-Galerie: Friedhofsrundreise"},"content":{"rendered":"\n<p>Es lohnt sich nahezu immer, an einem georgischen Friedhof f\u00fcr einen kurzen Spaziergang anzuhalten.Von urzeitlichen Dolmengr\u00e4bern \u00fcber Jugendstil-Gr\u00e4ber und nahezu satirische Darstellungen bis zu sozialistischem Nomenklatur-Protz findet man in dem Land nahezu alle Formen der Bestattungskultur. ERKA-Reisen bietet auf diesem Sektor viele M\u00f6glichkeiten individuell zusammen gestellter Reisen an, sowohl f\u00fcr kleine Gruppen als auch f\u00fcr gr\u00f6\u00dfere Gruppen, insbesondere f\u00fcr Fotofreunde. <br>Schreiben Sie uns eine Mail, wir organisieren Ihnen gerne ein speziell auf Ihre W\u00fcnsche zugeschnittenes Reiseprogramm. <br>Mehr zum Thema Friedh\u00f6fe auch auf unserer Foto-Webseite: <a href=\"http:\/\/www.georgien-erleben.de\">www.georgien-erleben.de<\/a> <br><br>Hier zun\u00e4chst die Foto-Galerie einer Friedhofsreise durch das ganze Land aus dem Jahr 2023. Das besondere Erlebnis: \u00dcber die oftmals au\u00dfergew\u00f6hnlichen Ausgestaltungen der Gr\u00e4ber kommt man optisch mit vielen Menschen in Kontakt, die unter der Erde ihre letzte Ruhest\u00e4tte gefunden haben. Auf einem georgischen Friedhof bleiben so viele Menschen alles andere als anonym. Sie lachen Dich an, als ob sie noch am Leben w\u00e4ren&#8230;<\/p>\n\n\n\n<figure class=\"wp-block-image size-large is-resized\"><img loading=\"lazy\" src=\"https:\/\/www.erkareisen.com\/wp-content\/uploads\/2025\/10\/web_Achalsopeli_20230827_164317-1024x683.jpg\" alt=\"\" class=\"wp-image-5270\" width=\"750\" height=\"500\" srcset=\"https:\/\/www.erkareisen.com\/wp-content\/uploads\/2025\/10\/web_Achalsopeli_20230827_164317-1024x683.jpg 1024w, https:\/\/www.erkareisen.com\/wp-content\/uploads\/2025\/10\/web_Achalsopeli_20230827_164317-300x200.jpg 300w, https:\/\/www.erkareisen.com\/wp-content\/uploads\/2025\/10\/web_Achalsopeli_20230827_164317-150x100.jpg 150w, https:\/\/www.erkareisen.com\/wp-content\/uploads\/2025\/10\/web_Achalsopeli_20230827_164317-768x512.jpg 768w, https:\/\/www.erkareisen.com\/wp-content\/uploads\/2025\/10\/web_Achalsopeli_20230827_164317-1536x1024.jpg 1536w, https:\/\/www.erkareisen.com\/wp-content\/uploads\/2025\/10\/web_Achalsopeli_20230827_164317-2048x1365.jpg 2048w, https:\/\/www.erkareisen.com\/wp-content\/uploads\/2025\/10\/web_Achalsopeli_20230827_164317.jpg 2160w\" sizes=\"(max-width: 750px) 100vw, 750px\" \/><\/figure>\n\n\n\n<figure class=\"wp-block-image size-large\"><img loading=\"lazy\" width=\"1024\" height=\"683\" src=\"https:\/\/www.erkareisen.com\/wp-content\/uploads\/2025\/10\/web_Achalsopeli_20230827_165940-1024x683.jpg\" alt=\"\" class=\"wp-image-5271\" srcset=\"https:\/\/www.erkareisen.com\/wp-content\/uploads\/2025\/10\/web_Achalsopeli_20230827_165940-1024x683.jpg 1024w, https:\/\/www.erkareisen.com\/wp-content\/uploads\/2025\/10\/web_Achalsopeli_20230827_165940-300x200.jpg 300w, https:\/\/www.erkareisen.com\/wp-content\/uploads\/2025\/10\/web_Achalsopeli_20230827_165940-150x100.jpg 150w, https:\/\/www.erkareisen.com\/wp-content\/uploads\/2025\/10\/web_Achalsopeli_20230827_165940-768x512.jpg 768w, https:\/\/www.erkareisen.com\/wp-content\/uploads\/2025\/10\/web_Achalsopeli_20230827_165940-1536x1024.jpg 1536w, https:\/\/www.erkareisen.com\/wp-content\/uploads\/2025\/10\/web_Achalsopeli_20230827_165940-2048x1365.jpg 2048w, https:\/\/www.erkareisen.com\/wp-content\/uploads\/2025\/10\/web_Achalsopeli_20230827_165940.jpg 2160w\" sizes=\"(max-width: 1024px) 100vw, 1024px\" \/><\/figure>\n\n\n\n<figure class=\"wp-block-image size-large\"><img loading=\"lazy\" width=\"1024\" height=\"683\" src=\"https:\/\/www.erkareisen.com\/wp-content\/uploads\/2025\/10\/web_Achalsopeli_20230827_170441-1024x683.jpg\" alt=\"\" class=\"wp-image-5272\" srcset=\"https:\/\/www.erkareisen.com\/wp-content\/uploads\/2025\/10\/web_Achalsopeli_20230827_170441-1024x683.jpg 1024w, https:\/\/www.erkareisen.com\/wp-content\/uploads\/2025\/10\/web_Achalsopeli_20230827_170441-300x200.jpg 300w, https:\/\/www.erkareisen.com\/wp-content\/uploads\/2025\/10\/web_Achalsopeli_20230827_170441-150x100.jpg 150w, https:\/\/www.erkareisen.com\/wp-content\/uploads\/2025\/10\/web_Achalsopeli_20230827_170441-768x512.jpg 768w, https:\/\/www.erkareisen.com\/wp-content\/uploads\/2025\/10\/web_Achalsopeli_20230827_170441-1536x1024.jpg 1536w, https:\/\/www.erkareisen.com\/wp-content\/uploads\/2025\/10\/web_Achalsopeli_20230827_170441-2048x1365.jpg 2048w, https:\/\/www.erkareisen.com\/wp-content\/uploads\/2025\/10\/web_Achalsopeli_20230827_170441.jpg 2160w\" sizes=\"(max-width: 1024px) 100vw, 1024px\" \/><\/figure>\n\n\n\n<figure class=\"wp-block-image size-large\"><img loading=\"lazy\" width=\"1024\" height=\"683\" src=\"https:\/\/www.erkareisen.com\/wp-content\/uploads\/2025\/10\/web_Batumi_IMG_6305-1024x683.jpg\" alt=\"\" class=\"wp-image-5274\" srcset=\"https:\/\/www.erkareisen.com\/wp-content\/uploads\/2025\/10\/web_Batumi_IMG_6305-1024x683.jpg 1024w, https:\/\/www.erkareisen.com\/wp-content\/uploads\/2025\/10\/web_Batumi_IMG_6305-300x200.jpg 300w, https:\/\/www.erkareisen.com\/wp-content\/uploads\/2025\/10\/web_Batumi_IMG_6305-150x100.jpg 150w, https:\/\/www.erkareisen.com\/wp-content\/uploads\/2025\/10\/web_Batumi_IMG_6305-768x512.jpg 768w, https:\/\/www.erkareisen.com\/wp-content\/uploads\/2025\/10\/web_Batumi_IMG_6305-1536x1024.jpg 1536w, https:\/\/www.erkareisen.com\/wp-content\/uploads\/2025\/10\/web_Batumi_IMG_6305-2048x1365.jpg 2048w, https:\/\/www.erkareisen.com\/wp-content\/uploads\/2025\/10\/web_Batumi_IMG_6305.jpg 2160w\" sizes=\"(max-width: 1024px) 100vw, 1024px\" \/><\/figure>\n\n\n\n<figure class=\"wp-block-image size-large\"><img loading=\"lazy\" width=\"1024\" height=\"768\" src=\"https:\/\/www.erkareisen.com\/wp-content\/uploads\/2025\/10\/Batumi_IMG_6329-1024x768.jpg\" alt=\"\" class=\"wp-image-5275\" srcset=\"https:\/\/www.erkareisen.com\/wp-content\/uploads\/2025\/10\/Batumi_IMG_6329-1024x768.jpg 1024w, https:\/\/www.erkareisen.com\/wp-content\/uploads\/2025\/10\/Batumi_IMG_6329-300x225.jpg 300w, https:\/\/www.erkareisen.com\/wp-content\/uploads\/2025\/10\/Batumi_IMG_6329-150x112.jpg 150w, https:\/\/www.erkareisen.com\/wp-content\/uploads\/2025\/10\/Batumi_IMG_6329-768x576.jpg 768w, https:\/\/www.erkareisen.com\/wp-content\/uploads\/2025\/10\/Batumi_IMG_6329-1536x1152.jpg 1536w, https:\/\/www.erkareisen.com\/wp-content\/uploads\/2025\/10\/Batumi_IMG_6329-2048x1536.jpg 2048w\" sizes=\"(max-width: 1024px) 100vw, 1024px\" \/><\/figure>\n\n\n\n<figure class=\"wp-block-image size-large\"><img loading=\"lazy\" width=\"1024\" height=\"683\" src=\"https:\/\/www.erkareisen.com\/wp-content\/uploads\/2025\/10\/web_Batumi_IMG_6334-1024x683.jpg\" alt=\"\" class=\"wp-image-5278\" srcset=\"https:\/\/www.erkareisen.com\/wp-content\/uploads\/2025\/10\/web_Batumi_IMG_6334-1024x683.jpg 1024w, https:\/\/www.erkareisen.com\/wp-content\/uploads\/2025\/10\/web_Batumi_IMG_6334-300x200.jpg 300w, https:\/\/www.erkareisen.com\/wp-content\/uploads\/2025\/10\/web_Batumi_IMG_6334-150x100.jpg 150w, https:\/\/www.erkareisen.com\/wp-content\/uploads\/2025\/10\/web_Batumi_IMG_6334-768x512.jpg 768w, https:\/\/www.erkareisen.com\/wp-content\/uploads\/2025\/10\/web_Batumi_IMG_6334-1536x1024.jpg 1536w, https:\/\/www.erkareisen.com\/wp-content\/uploads\/2025\/10\/web_Batumi_IMG_6334-2048x1365.jpg 2048w, https:\/\/www.erkareisen.com\/wp-content\/uploads\/2025\/10\/web_Batumi_IMG_6334.jpg 2160w\" sizes=\"(max-width: 1024px) 100vw, 1024px\" \/><\/figure>\n\n\n\n<figure class=\"wp-block-image size-large\"><img loading=\"lazy\" width=\"1024\" height=\"768\" src=\"https:\/\/www.erkareisen.com\/wp-content\/uploads\/2025\/10\/Batumi_IMG_6369-1024x768.jpg\" alt=\"\" class=\"wp-image-5279\" srcset=\"https:\/\/www.erkareisen.com\/wp-content\/uploads\/2025\/10\/Batumi_IMG_6369-1024x768.jpg 1024w, https:\/\/www.erkareisen.com\/wp-content\/uploads\/2025\/10\/Batumi_IMG_6369-300x225.jpg 300w, https:\/\/www.erkareisen.com\/wp-content\/uploads\/2025\/10\/Batumi_IMG_6369-150x112.jpg 150w, https:\/\/www.erkareisen.com\/wp-content\/uploads\/2025\/10\/Batumi_IMG_6369-768x576.jpg 768w, https:\/\/www.erkareisen.com\/wp-content\/uploads\/2025\/10\/Batumi_IMG_6369-1536x1152.jpg 1536w, https:\/\/www.erkareisen.com\/wp-content\/uploads\/2025\/10\/Batumi_IMG_6369-2048x1536.jpg 2048w\" sizes=\"(max-width: 1024px) 100vw, 1024px\" \/><\/figure>\n\n\n\n<figure class=\"wp-block-image size-large\"><img loading=\"lazy\" width=\"1024\" height=\"768\" src=\"https:\/\/www.erkareisen.com\/wp-content\/uploads\/2025\/10\/Kvirike_IMG_6164-1024x768.jpg\" alt=\"\" class=\"wp-image-5280\" srcset=\"https:\/\/www.erkareisen.com\/wp-content\/uploads\/2025\/10\/Kvirike_IMG_6164-1024x768.jpg 1024w, https:\/\/www.erkareisen.com\/wp-content\/uploads\/2025\/10\/Kvirike_IMG_6164-300x225.jpg 300w, https:\/\/www.erkareisen.com\/wp-content\/uploads\/2025\/10\/Kvirike_IMG_6164-150x112.jpg 150w, https:\/\/www.erkareisen.com\/wp-content\/uploads\/2025\/10\/Kvirike_IMG_6164-768x576.jpg 768w, https:\/\/www.erkareisen.com\/wp-content\/uploads\/2025\/10\/Kvirike_IMG_6164-1536x1152.jpg 1536w, https:\/\/www.erkareisen.com\/wp-content\/uploads\/2025\/10\/Kvirike_IMG_6164-2048x1536.jpg 2048w\" sizes=\"(max-width: 1024px) 100vw, 1024px\" \/><\/figure>\n\n\n\n<figure class=\"wp-block-image size-large\"><img loading=\"lazy\" width=\"1024\" height=\"768\" src=\"https:\/\/www.erkareisen.com\/wp-content\/uploads\/2025\/10\/Kvirike_IMG_6176-1024x768.jpg\" alt=\"\" class=\"wp-image-5281\" srcset=\"https:\/\/www.erkareisen.com\/wp-content\/uploads\/2025\/10\/Kvirike_IMG_6176-1024x768.jpg 1024w, https:\/\/www.erkareisen.com\/wp-content\/uploads\/2025\/10\/Kvirike_IMG_6176-300x225.jpg 300w, https:\/\/www.erkareisen.com\/wp-content\/uploads\/2025\/10\/Kvirike_IMG_6176-150x112.jpg 150w, https:\/\/www.erkareisen.com\/wp-content\/uploads\/2025\/10\/Kvirike_IMG_6176-768x576.jpg 768w, https:\/\/www.erkareisen.com\/wp-content\/uploads\/2025\/10\/Kvirike_IMG_6176-1536x1152.jpg 1536w, https:\/\/www.erkareisen.com\/wp-content\/uploads\/2025\/10\/Kvirike_IMG_6176-2048x1536.jpg 2048w\" sizes=\"(max-width: 1024px) 100vw, 1024px\" \/><\/figure>\n\n\n\n<figure class=\"wp-block-image size-large\"><img loading=\"lazy\" width=\"1024\" height=\"768\" src=\"https:\/\/www.erkareisen.com\/wp-content\/uploads\/2025\/10\/Mandaeti_IMG_5999-1024x768.jpg\" alt=\"\" class=\"wp-image-5283\" srcset=\"https:\/\/www.erkareisen.com\/wp-content\/uploads\/2025\/10\/Mandaeti_IMG_5999-1024x768.jpg 1024w, https:\/\/www.erkareisen.com\/wp-content\/uploads\/2025\/10\/Mandaeti_IMG_5999-300x225.jpg 300w, https:\/\/www.erkareisen.com\/wp-content\/uploads\/2025\/10\/Mandaeti_IMG_5999-150x112.jpg 150w, https:\/\/www.erkareisen.com\/wp-content\/uploads\/2025\/10\/Mandaeti_IMG_5999-768x576.jpg 768w, https:\/\/www.erkareisen.com\/wp-content\/uploads\/2025\/10\/Mandaeti_IMG_5999-1536x1152.jpg 1536w, https:\/\/www.erkareisen.com\/wp-content\/uploads\/2025\/10\/Mandaeti_IMG_5999-2048x1536.jpg 2048w\" sizes=\"(max-width: 1024px) 100vw, 1024px\" \/><\/figure>\n\n\n\n<figure class=\"wp-block-image size-large\"><img loading=\"lazy\" width=\"1024\" height=\"768\" src=\"https:\/\/www.erkareisen.com\/wp-content\/uploads\/2025\/10\/Mandaeti_IMG_6027-1024x768.jpg\" alt=\"\" class=\"wp-image-5284\" srcset=\"https:\/\/www.erkareisen.com\/wp-content\/uploads\/2025\/10\/Mandaeti_IMG_6027-1024x768.jpg 1024w, https:\/\/www.erkareisen.com\/wp-content\/uploads\/2025\/10\/Mandaeti_IMG_6027-300x225.jpg 300w, https:\/\/www.erkareisen.com\/wp-content\/uploads\/2025\/10\/Mandaeti_IMG_6027-150x112.jpg 150w, https:\/\/www.erkareisen.com\/wp-content\/uploads\/2025\/10\/Mandaeti_IMG_6027-768x576.jpg 768w, https:\/\/www.erkareisen.com\/wp-content\/uploads\/2025\/10\/Mandaeti_IMG_6027-1536x1152.jpg 1536w, https:\/\/www.erkareisen.com\/wp-content\/uploads\/2025\/10\/Mandaeti_IMG_6027-2048x1536.jpg 2048w\" sizes=\"(max-width: 1024px) 100vw, 1024px\" \/><\/figure>\n\n\n\n<figure class=\"wp-block-image size-large\"><img loading=\"lazy\" width=\"1024\" height=\"768\" src=\"https:\/\/www.erkareisen.com\/wp-content\/uploads\/2025\/10\/Okami_IMG_6398-1024x768.jpg\" alt=\"\" class=\"wp-image-5285\" srcset=\"https:\/\/www.erkareisen.com\/wp-content\/uploads\/2025\/10\/Okami_IMG_6398-1024x768.jpg 1024w, https:\/\/www.erkareisen.com\/wp-content\/uploads\/2025\/10\/Okami_IMG_6398-300x225.jpg 300w, https:\/\/www.erkareisen.com\/wp-content\/uploads\/2025\/10\/Okami_IMG_6398-150x112.jpg 150w, https:\/\/www.erkareisen.com\/wp-content\/uploads\/2025\/10\/Okami_IMG_6398-768x576.jpg 768w, https:\/\/www.erkareisen.com\/wp-content\/uploads\/2025\/10\/Okami_IMG_6398-1536x1152.jpg 1536w, https:\/\/www.erkareisen.com\/wp-content\/uploads\/2025\/10\/Okami_IMG_6398-2048x1536.jpg 2048w\" sizes=\"(max-width: 1024px) 100vw, 1024px\" \/><\/figure>\n\n\n\n<figure class=\"wp-block-image size-large\"><img loading=\"lazy\" width=\"1024\" height=\"768\" src=\"https:\/\/www.erkareisen.com\/wp-content\/uploads\/2025\/10\/Poti_IMG_6229-1024x768.jpg\" alt=\"\" class=\"wp-image-5286\" srcset=\"https:\/\/www.erkareisen.com\/wp-content\/uploads\/2025\/10\/Poti_IMG_6229-1024x768.jpg 1024w, https:\/\/www.erkareisen.com\/wp-content\/uploads\/2025\/10\/Poti_IMG_6229-300x225.jpg 300w, https:\/\/www.erkareisen.com\/wp-content\/uploads\/2025\/10\/Poti_IMG_6229-150x112.jpg 150w, https:\/\/www.erkareisen.com\/wp-content\/uploads\/2025\/10\/Poti_IMG_6229-768x576.jpg 768w, https:\/\/www.erkareisen.com\/wp-content\/uploads\/2025\/10\/Poti_IMG_6229-1536x1152.jpg 1536w, https:\/\/www.erkareisen.com\/wp-content\/uploads\/2025\/10\/Poti_IMG_6229-2048x1536.jpg 2048w\" sizes=\"(max-width: 1024px) 100vw, 1024px\" \/><\/figure>\n\n\n\n<figure class=\"wp-block-image size-large\"><img loading=\"lazy\" width=\"1024\" height=\"768\" src=\"https:\/\/www.erkareisen.com\/wp-content\/uploads\/2025\/10\/Poti_IMG_6234-1024x768.jpg\" alt=\"\" class=\"wp-image-5287\" srcset=\"https:\/\/www.erkareisen.com\/wp-content\/uploads\/2025\/10\/Poti_IMG_6234-1024x768.jpg 1024w, https:\/\/www.erkareisen.com\/wp-content\/uploads\/2025\/10\/Poti_IMG_6234-300x225.jpg 300w, https:\/\/www.erkareisen.com\/wp-content\/uploads\/2025\/10\/Poti_IMG_6234-150x112.jpg 150w, https:\/\/www.erkareisen.com\/wp-content\/uploads\/2025\/10\/Poti_IMG_6234-768x576.jpg 768w, https:\/\/www.erkareisen.com\/wp-content\/uploads\/2025\/10\/Poti_IMG_6234-1536x1152.jpg 1536w, https:\/\/www.erkareisen.com\/wp-content\/uploads\/2025\/10\/Poti_IMG_6234-2048x1536.jpg 2048w\" sizes=\"(max-width: 1024px) 100vw, 1024px\" \/><\/figure>\n\n\n\n<figure class=\"wp-block-image size-large\"><img loading=\"lazy\" width=\"1024\" height=\"768\" src=\"https:\/\/www.erkareisen.com\/wp-content\/uploads\/2025\/10\/Poti_IMG_6253-1024x768.jpg\" alt=\"\" class=\"wp-image-5288\" srcset=\"https:\/\/www.erkareisen.com\/wp-content\/uploads\/2025\/10\/Poti_IMG_6253-1024x768.jpg 1024w, https:\/\/www.erkareisen.com\/wp-content\/uploads\/2025\/10\/Poti_IMG_6253-300x225.jpg 300w, https:\/\/www.erkareisen.com\/wp-content\/uploads\/2025\/10\/Poti_IMG_6253-150x112.jpg 150w, https:\/\/www.erkareisen.com\/wp-content\/uploads\/2025\/10\/Poti_IMG_6253-768x576.jpg 768w, https:\/\/www.erkareisen.com\/wp-content\/uploads\/2025\/10\/Poti_IMG_6253-1536x1152.jpg 1536w, https:\/\/www.erkareisen.com\/wp-content\/uploads\/2025\/10\/Poti_IMG_6253-2048x1536.jpg 2048w\" sizes=\"(max-width: 1024px) 100vw, 1024px\" \/><\/figure>\n\n\n\n<figure class=\"wp-block-image size-large\"><img loading=\"lazy\" width=\"1024\" height=\"768\" src=\"https:\/\/www.erkareisen.com\/wp-content\/uploads\/2025\/10\/Shatili_IMG_5857-1024x768.jpg\" alt=\"\" class=\"wp-image-5289\" srcset=\"https:\/\/www.erkareisen.com\/wp-content\/uploads\/2025\/10\/Shatili_IMG_5857-1024x768.jpg 1024w, https:\/\/www.erkareisen.com\/wp-content\/uploads\/2025\/10\/Shatili_IMG_5857-300x225.jpg 300w, https:\/\/www.erkareisen.com\/wp-content\/uploads\/2025\/10\/Shatili_IMG_5857-150x112.jpg 150w, https:\/\/www.erkareisen.com\/wp-content\/uploads\/2025\/10\/Shatili_IMG_5857-768x576.jpg 768w, https:\/\/www.erkareisen.com\/wp-content\/uploads\/2025\/10\/Shatili_IMG_5857-1536x1152.jpg 1536w, https:\/\/www.erkareisen.com\/wp-content\/uploads\/2025\/10\/Shatili_IMG_5857-2048x1536.jpg 2048w\" sizes=\"(max-width: 1024px) 100vw, 1024px\" \/><\/figure>\n\n\n\n<figure class=\"wp-block-image size-large\"><img loading=\"lazy\" width=\"1024\" height=\"683\" src=\"https:\/\/www.erkareisen.com\/wp-content\/uploads\/2025\/10\/TBS_000658-1024x683.jpg\" alt=\"\" class=\"wp-image-5290\" srcset=\"https:\/\/www.erkareisen.com\/wp-content\/uploads\/2025\/10\/TBS_000658-1024x683.jpg 1024w, https:\/\/www.erkareisen.com\/wp-content\/uploads\/2025\/10\/TBS_000658-300x200.jpg 300w, https:\/\/www.erkareisen.com\/wp-content\/uploads\/2025\/10\/TBS_000658-150x100.jpg 150w, https:\/\/www.erkareisen.com\/wp-content\/uploads\/2025\/10\/TBS_000658-768x512.jpg 768w, https:\/\/www.erkareisen.com\/wp-content\/uploads\/2025\/10\/TBS_000658-1536x1025.jpg 1536w, https:\/\/www.erkareisen.com\/wp-content\/uploads\/2025\/10\/TBS_000658-2048x1366.jpg 2048w\" sizes=\"(max-width: 1024px) 100vw, 1024px\" \/><\/figure>\n\n\n\n<figure class=\"wp-block-image size-large\"><img loading=\"lazy\" width=\"1024\" height=\"768\" src=\"https:\/\/www.erkareisen.com\/wp-content\/uploads\/2025\/10\/TBS_IMG_8462-1024x768.jpg\" alt=\"\" class=\"wp-image-5291\" srcset=\"https:\/\/www.erkareisen.com\/wp-content\/uploads\/2025\/10\/TBS_IMG_8462-1024x768.jpg 1024w, https:\/\/www.erkareisen.com\/wp-content\/uploads\/2025\/10\/TBS_IMG_8462-300x225.jpg 300w, https:\/\/www.erkareisen.com\/wp-content\/uploads\/2025\/10\/TBS_IMG_8462-150x112.jpg 150w, https:\/\/www.erkareisen.com\/wp-content\/uploads\/2025\/10\/TBS_IMG_8462-768x576.jpg 768w, https:\/\/www.erkareisen.com\/wp-content\/uploads\/2025\/10\/TBS_IMG_8462-1536x1152.jpg 1536w, https:\/\/www.erkareisen.com\/wp-content\/uploads\/2025\/10\/TBS_IMG_8462-2048x1536.jpg 2048w\" sizes=\"(max-width: 1024px) 100vw, 1024px\" \/><\/figure>\n\n\n\n<figure class=\"wp-block-image size-large\"><img loading=\"lazy\" width=\"1024\" height=\"768\" src=\"https:\/\/www.erkareisen.com\/wp-content\/uploads\/2025\/10\/TBS_IMG_8464-1024x768.jpg\" alt=\"\" class=\"wp-image-5292\" srcset=\"https:\/\/www.erkareisen.com\/wp-content\/uploads\/2025\/10\/TBS_IMG_8464-1024x768.jpg 1024w, https:\/\/www.erkareisen.com\/wp-content\/uploads\/2025\/10\/TBS_IMG_8464-300x225.jpg 300w, https:\/\/www.erkareisen.com\/wp-content\/uploads\/2025\/10\/TBS_IMG_8464-150x112.jpg 150w, https:\/\/www.erkareisen.com\/wp-content\/uploads\/2025\/10\/TBS_IMG_8464-768x576.jpg 768w, https:\/\/www.erkareisen.com\/wp-content\/uploads\/2025\/10\/TBS_IMG_8464-1536x1152.jpg 1536w, https:\/\/www.erkareisen.com\/wp-content\/uploads\/2025\/10\/TBS_IMG_8464-2048x1536.jpg 2048w\" sizes=\"(max-width: 1024px) 100vw, 1024px\" \/><\/figure>\n\n\n\n<figure class=\"wp-block-image size-large\"><img loading=\"lazy\" width=\"1024\" height=\"768\" src=\"https:\/\/www.erkareisen.com\/wp-content\/uploads\/2025\/10\/TBS_IMG_8479-1024x768.jpg\" alt=\"\" class=\"wp-image-5293\" srcset=\"https:\/\/www.erkareisen.com\/wp-content\/uploads\/2025\/10\/TBS_IMG_8479-1024x768.jpg 1024w, https:\/\/www.erkareisen.com\/wp-content\/uploads\/2025\/10\/TBS_IMG_8479-300x225.jpg 300w, https:\/\/www.erkareisen.com\/wp-content\/uploads\/2025\/10\/TBS_IMG_8479-150x112.jpg 150w, https:\/\/www.erkareisen.com\/wp-content\/uploads\/2025\/10\/TBS_IMG_8479-768x576.jpg 768w, https:\/\/www.erkareisen.com\/wp-content\/uploads\/2025\/10\/TBS_IMG_8479-1536x1152.jpg 1536w, https:\/\/www.erkareisen.com\/wp-content\/uploads\/2025\/10\/TBS_IMG_8479-2048x1536.jpg 2048w\" sizes=\"(max-width: 1024px) 100vw, 1024px\" \/><\/figure>\n\n\n\n<figure class=\"wp-block-image size-large\"><img loading=\"lazy\" width=\"1024\" height=\"768\" src=\"https:\/\/www.erkareisen.com\/wp-content\/uploads\/2025\/10\/TBS_IMG_8480-1024x768.jpg\" alt=\"\" class=\"wp-image-5294\" srcset=\"https:\/\/www.erkareisen.com\/wp-content\/uploads\/2025\/10\/TBS_IMG_8480-1024x768.jpg 1024w, https:\/\/www.erkareisen.com\/wp-content\/uploads\/2025\/10\/TBS_IMG_8480-300x225.jpg 300w, https:\/\/www.erkareisen.com\/wp-content\/uploads\/2025\/10\/TBS_IMG_8480-150x112.jpg 150w, https:\/\/www.erkareisen.com\/wp-content\/uploads\/2025\/10\/TBS_IMG_8480-768x576.jpg 768w, https:\/\/www.erkareisen.com\/wp-content\/uploads\/2025\/10\/TBS_IMG_8480-1536x1152.jpg 1536w, https:\/\/www.erkareisen.com\/wp-content\/uploads\/2025\/10\/TBS_IMG_8480-2048x1536.jpg 2048w\" sizes=\"(max-width: 1024px) 100vw, 1024px\" \/><\/figure>\n\n\n\n<figure class=\"wp-block-image size-large\"><img loading=\"lazy\" width=\"1024\" height=\"768\" src=\"https:\/\/www.erkareisen.com\/wp-content\/uploads\/2025\/10\/TBS_Jued_Friedhof_IMG_5554-1024x768.jpg\" alt=\"\" class=\"wp-image-5295\" srcset=\"https:\/\/www.erkareisen.com\/wp-content\/uploads\/2025\/10\/TBS_Jued_Friedhof_IMG_5554-1024x768.jpg 1024w, https:\/\/www.erkareisen.com\/wp-content\/uploads\/2025\/10\/TBS_Jued_Friedhof_IMG_5554-300x225.jpg 300w, https:\/\/www.erkareisen.com\/wp-content\/uploads\/2025\/10\/TBS_Jued_Friedhof_IMG_5554-150x112.jpg 150w, https:\/\/www.erkareisen.com\/wp-content\/uploads\/2025\/10\/TBS_Jued_Friedhof_IMG_5554-768x576.jpg 768w, https:\/\/www.erkareisen.com\/wp-content\/uploads\/2025\/10\/TBS_Jued_Friedhof_IMG_5554-1536x1152.jpg 1536w, https:\/\/www.erkareisen.com\/wp-content\/uploads\/2025\/10\/TBS_Jued_Friedhof_IMG_5554-2048x1536.jpg 2048w\" sizes=\"(max-width: 1024px) 100vw, 1024px\" \/><\/figure>\n\n\n\n<figure class=\"wp-block-image size-large\"><img loading=\"lazy\" width=\"1024\" height=\"768\" src=\"https:\/\/www.erkareisen.com\/wp-content\/uploads\/2025\/10\/TBS_Kukia_10_P1010004-1024x768.jpg\" alt=\"\" class=\"wp-image-5296\" srcset=\"https:\/\/www.erkareisen.com\/wp-content\/uploads\/2025\/10\/TBS_Kukia_10_P1010004-1024x768.jpg 1024w, https:\/\/www.erkareisen.com\/wp-content\/uploads\/2025\/10\/TBS_Kukia_10_P1010004-300x225.jpg 300w, https:\/\/www.erkareisen.com\/wp-content\/uploads\/2025\/10\/TBS_Kukia_10_P1010004-150x112.jpg 150w, https:\/\/www.erkareisen.com\/wp-content\/uploads\/2025\/10\/TBS_Kukia_10_P1010004-768x576.jpg 768w, https:\/\/www.erkareisen.com\/wp-content\/uploads\/2025\/10\/TBS_Kukia_10_P1010004-1536x1152.jpg 1536w, https:\/\/www.erkareisen.com\/wp-content\/uploads\/2025\/10\/TBS_Kukia_10_P1010004-2048x1536.jpg 2048w\" sizes=\"(max-width: 1024px) 100vw, 1024px\" \/><figcaption>OLYMPUS DIGITAL CAMERA<\/figcaption><\/figure>\n\n\n\n<figure class=\"wp-block-image size-large\"><img loading=\"lazy\" width=\"1024\" height=\"768\" src=\"https:\/\/www.erkareisen.com\/wp-content\/uploads\/2025\/10\/TBS_Kukia_P1010004-1024x768.jpg\" alt=\"\" class=\"wp-image-5297\" srcset=\"https:\/\/www.erkareisen.com\/wp-content\/uploads\/2025\/10\/TBS_Kukia_P1010004-1024x768.jpg 1024w, https:\/\/www.erkareisen.com\/wp-content\/uploads\/2025\/10\/TBS_Kukia_P1010004-300x225.jpg 300w, https:\/\/www.erkareisen.com\/wp-content\/uploads\/2025\/10\/TBS_Kukia_P1010004-150x112.jpg 150w, https:\/\/www.erkareisen.com\/wp-content\/uploads\/2025\/10\/TBS_Kukia_P1010004-768x576.jpg 768w, https:\/\/www.erkareisen.com\/wp-content\/uploads\/2025\/10\/TBS_Kukia_P1010004-1536x1152.jpg 1536w, https:\/\/www.erkareisen.com\/wp-content\/uploads\/2025\/10\/TBS_Kukia_P1010004-2048x1536.jpg 2048w\" sizes=\"(max-width: 1024px) 100vw, 1024px\" \/><figcaption>OLYMPUS DIGITAL CAMERA<\/figcaption><\/figure>\n\n\n\n<figure class=\"wp-block-image size-large\"><img loading=\"lazy\" width=\"1024\" height=\"768\" src=\"https:\/\/www.erkareisen.com\/wp-content\/uploads\/2025\/10\/TBS_Pantheon_IMG_6068-1024x768.jpg\" alt=\"\" class=\"wp-image-5298\" srcset=\"https:\/\/www.erkareisen.com\/wp-content\/uploads\/2025\/10\/TBS_Pantheon_IMG_6068-1024x768.jpg 1024w, https:\/\/www.erkareisen.com\/wp-content\/uploads\/2025\/10\/TBS_Pantheon_IMG_6068-300x225.jpg 300w, https:\/\/www.erkareisen.com\/wp-content\/uploads\/2025\/10\/TBS_Pantheon_IMG_6068-150x112.jpg 150w, https:\/\/www.erkareisen.com\/wp-content\/uploads\/2025\/10\/TBS_Pantheon_IMG_6068-768x576.jpg 768w, https:\/\/www.erkareisen.com\/wp-content\/uploads\/2025\/10\/TBS_Pantheon_IMG_6068-1536x1152.jpg 1536w, https:\/\/www.erkareisen.com\/wp-content\/uploads\/2025\/10\/TBS_Pantheon_IMG_6068-2048x1536.jpg 2048w\" sizes=\"(max-width: 1024px) 100vw, 1024px\" \/><\/figure>\n\n\n\n<figure class=\"wp-block-image size-large\"><img loading=\"lazy\" width=\"1024\" height=\"768\" src=\"https:\/\/www.erkareisen.com\/wp-content\/uploads\/2025\/10\/TBS_Vera_IMG_4061-1024x768.jpg\" alt=\"\" class=\"wp-image-5299\" srcset=\"https:\/\/www.erkareisen.com\/wp-content\/uploads\/2025\/10\/TBS_Vera_IMG_4061-1024x768.jpg 1024w, https:\/\/www.erkareisen.com\/wp-content\/uploads\/2025\/10\/TBS_Vera_IMG_4061-300x225.jpg 300w, https:\/\/www.erkareisen.com\/wp-content\/uploads\/2025\/10\/TBS_Vera_IMG_4061-150x112.jpg 150w, https:\/\/www.erkareisen.com\/wp-content\/uploads\/2025\/10\/TBS_Vera_IMG_4061-768x576.jpg 768w, https:\/\/www.erkareisen.com\/wp-content\/uploads\/2025\/10\/TBS_Vera_IMG_4061-1536x1152.jpg 1536w, https:\/\/www.erkareisen.com\/wp-content\/uploads\/2025\/10\/TBS_Vera_IMG_4061-2048x1536.jpg 2048w\" sizes=\"(max-width: 1024px) 100vw, 1024px\" \/><\/figure>\n","protected":false},"excerpt":{"rendered":"<p>Es lohnt sich nahezu immer, an einem georgischen Friedhof f\u00fcr einen kurzen Spaziergang anzuhalten.Von urzeitlichen Dolmengr\u00e4bern \u00fcber Jugendstil-Gr\u00e4ber und nahezu satirische Darstellungen bis zu sozialistischem Nomenklatur-Protz findet man in dem Land nahezu alle Formen der Bestattungskultur. ERKA-Reisen bietet auf diesem &hellip; <a href=\"https:\/\/www.erkareisen.com\/?page_id=5268\">Weiter<\/a><\/p>\n","protected":false},"author":3,"featured_media":0,"parent":0,"menu_order":0,"comment_status":"closed","ping_status":"closed","template":"","meta":{"kt_blocks_editor_width":"","ngg_post_thumbnail":0},"_links":{"self":[{"href":"https:\/\/www.erkareisen.com\/index.php?rest_route=\/wp\/v2\/pages\/5268"}],"collection":[{"href":"https:\/\/www.erkareisen.com\/index.php?rest_route=\/wp\/v2\/pages"}],"about":[{"href":"https:\/\/www.erkareisen.com\/index.php?rest_route=\/wp\/v2\/types\/page"}],"author":[{"embeddable":true,"href":"https:\/\/www.erkareisen.com\/index.php?rest_route=\/wp\/v2\/users\/3"}],"replies":[{"embeddable":true,"href":"https:\/\/www.erkareisen.com\/index.php?rest_route=%2Fwp%2Fv2%2Fcomments&post=5268"}],"version-history":[{"count":8,"href":"https:\/\/www.erkareisen.com\/index.php?rest_route=\/wp\/v2\/pages\/5268\/revisions"}],"predecessor-version":[{"id":5546,"href":"https:\/\/www.erkareisen.com\/index.php?rest_route=\/wp\/v2\/pages\/5268\/revisions\/5546"}],"wp:attachment":[{"href":"https:\/\/www.erkareisen.com\/index.php?rest_route=%2Fwp%2Fv2%2Fmedia&parent=5268"}],"curies":[{"name":"wp","href":"https:\/\/api.w.org\/{rel}","templated":true}]}}