{"id":5335,"date":"2026-01-14T14:51:05","date_gmt":"2026-01-14T13:51:05","guid":{"rendered":"https:\/\/www.erkareisen.com\/?page_id=5335"},"modified":"2026-03-12T09:13:56","modified_gmt":"2026-03-12T08:13:56","slug":"monatliche-zoom-konfi-von-erka-reisen","status":"publish","type":"page","link":"https:\/\/www.erkareisen.com\/?page_id=5335","title":{"rendered":"Monatliche ZOOM-Konfi von ERKA Reisen"},"content":{"rendered":"\n<p>Die Nachrichtenlage \u00fcber die politische Situation in Georgien ist verwirrend, sie folgt aber oft genug einseitigen politischen Vorgaben, die sehr oberfl\u00e4chlich dargestellt werden. Dabei kann nicht \u00fcbersehen werden, dass die georgische Gesellschaft tief gespalten ist. Der deutsche Kaukasus-Experte Rainer Kaufmann ist seit 35 Jahren in Georgien als politischer Journalist, Buchautor und Reiseveranstalter engagiert und hat seither etwa die H\u00e4lfte des Jahres in Georgien verbracht.&nbsp;<\/p>\n\n\n\n<p>Anmeldungen bitte unter:&nbsp;<a href=\"mailto:s.gugunishvili@erka-travel.com\">s.gugunishvili@erka-travel.com<\/a><\/p>\n\n\n\n<p>1992 schon hat er die erste TV-Dokumentation des ZDF im nachsowjetischen Georgien organisiert, seit 1993 f\u00fchrt er j\u00e4hrlich Reisegruppen vor allem mit politischen Schwerpunkt-Interessen durch das Land. Auch in diesem Jahr war er immer wieder vor Ort und kann die Situation mit vielen Hintergr\u00fcnden, die sonst nicht berichtet werden, einordnen.<br><br><strong>F\u00fcr ERKA-Reisen GmbH\/Bruchsal und ERKA-Travel Ltd.\/Tbilissi bietet er von Oktober bis M\u00e4rz jeweils eine monatliche ZOOM-Konfi, in der er mit aktuellen Hintergrund-Informationen, aber auch mit historischen und kulturellen Geschichten \u00fcber das Land informiert.<\/strong><\/p>\n\n\n\n<p>Denn das Land und vor allem seine Bev\u00f6lkerung brauchen jetzt eine distanzierte Berichterstattung, damit sie vor allem von der westlichen Welt nicht v\u00f6llig abgekapselt werden. Die Menschen im Land sind auf Begegnungen mit G\u00e4sten aus Europa angewiesen, nicht nur wirtschaftlich. Und f\u00fcr die Besucher aus aller Welt gilt noch immer der georgische Grundsatz: Der Gast ist von Gott gesandt.<\/p>\n\n\n\n<h2>N\u00e4chster Termin: 19. M\u00e4rz 2026, \u00a0 19:00\u00a0 Uhr\u00a0 \u00a0(MEZ)<br>Thema:\u00a0Die so genannte Rosen-Revolution \u2013 Wie eine politische Zeitenwende inszeniert wurde<\/h2>\n\n\n\n<p>Ein direkte Folge der in der letzten Konfi behandelten Pankisi-Krise war die so genannte &#8222;Rosen-Revolution&#8220;, in der der damalie georgoische Pr\u00e4sident Eduard Schewardnadse abgesetzt wurde. Die wahren Hintergr\u00fcnde dieser Palast-Revolte, die dann Mikhail Saakashvili an die Macht brachte, hat Rainer Kaufmann als deutscher Journalist vor Ort erlebt. Sein Bericht \u00fcber dieses Ereignis wird viele \u00fcberraschen.<\/p>\n\n\n\n<h2>Anmeldungen bitte unter:&nbsp;<a href=\"mailto:s.gugunishvili@erka-travel.com\">s.gugunishvili@erka-travel.com<\/a><\/h2>\n\n\n\n<p><strong>Weitere Termine folgen.&nbsp;<\/strong><\/p>\n","protected":false},"excerpt":{"rendered":"<p>Die Nachrichtenlage \u00fcber die politische Situation in Georgien ist verwirrend, sie folgt aber oft genug einseitigen politischen Vorgaben, die sehr oberfl\u00e4chlich dargestellt werden. Dabei kann nicht \u00fcbersehen werden, dass die georgische Gesellschaft tief gespalten ist. Der deutsche Kaukasus-Experte Rainer Kaufmann &hellip; <a href=\"https:\/\/www.erkareisen.com\/?page_id=5335\">Weiter<\/a><\/p>\n","protected":false},"author":2,"featured_media":0,"parent":0,"menu_order":0,"comment_status":"closed","ping_status":"closed","template":"","meta":{"kt_blocks_editor_width":"","ngg_post_thumbnail":0},"_links":{"self":[{"href":"https:\/\/www.erkareisen.com\/index.php?rest_route=\/wp\/v2\/pages\/5335"}],"collection":[{"href":"https:\/\/www.erkareisen.com\/index.php?rest_route=\/wp\/v2\/pages"}],"about":[{"href":"https:\/\/www.erkareisen.com\/index.php?rest_route=\/wp\/v2\/types\/page"}],"author":[{"embeddable":true,"href":"https:\/\/www.erkareisen.com\/index.php?rest_route=\/wp\/v2\/users\/2"}],"replies":[{"embeddable":true,"href":"https:\/\/www.erkareisen.com\/index.php?rest_route=%2Fwp%2Fv2%2Fcomments&post=5335"}],"version-history":[{"count":5,"href":"https:\/\/www.erkareisen.com\/index.php?rest_route=\/wp\/v2\/pages\/5335\/revisions"}],"predecessor-version":[{"id":5573,"href":"https:\/\/www.erkareisen.com\/index.php?rest_route=\/wp\/v2\/pages\/5335\/revisions\/5573"}],"wp:attachment":[{"href":"https:\/\/www.erkareisen.com\/index.php?rest_route=%2Fwp%2Fv2%2Fmedia&parent=5335"}],"curies":[{"name":"wp","href":"https:\/\/api.w.org\/{rel}","templated":true}]}}