{"id":59,"date":"2013-02-26T21:52:59","date_gmt":"2013-02-26T21:52:59","guid":{"rendered":"http:\/\/s414282258.online.de\/ErkaReiseWP\/?page_id=59"},"modified":"2023-02-18T16:31:13","modified_gmt":"2023-02-18T15:31:13","slug":"georgien","status":"publish","type":"page","link":"https:\/\/www.erkareisen.com\/?page_id=59","title":{"rendered":"Georgien"},"content":{"rendered":"<h1 style=\"text-align: center;\"><strong>Gottes eigenes Paradies<\/strong><\/h1>\n<figure id=\"attachment_396\" class=\"thumbnail wp-caption aligncenter\" style=\"width: 300px\"><a href=\"http:\/\/s414282258.online.de\/ErkaReiseWP\/wp-content\/uploads\/2013\/03\/geo_kazbek_mariamoba_3IMG_9.jpg\"><img loading=\"lazy\" class=\"size-medium wp-image-396\" src=\"http:\/\/s414282258.online.de\/ErkaReiseWP\/wp-content\/uploads\/2013\/03\/geo_kazbek_mariamoba_3IMG_9-300x225.jpg\" alt=\"Marienwallfahrt am Kazbek\" width=\"300\" height=\"225\" srcset=\"https:\/\/www.erkareisen.com\/wp-content\/uploads\/2013\/03\/geo_kazbek_mariamoba_3IMG_9-300x225.jpg 300w, https:\/\/www.erkareisen.com\/wp-content\/uploads\/2013\/03\/geo_kazbek_mariamoba_3IMG_9-150x112.jpg 150w, https:\/\/www.erkareisen.com\/wp-content\/uploads\/2013\/03\/geo_kazbek_mariamoba_3IMG_9-190x142.jpg 190w, https:\/\/www.erkareisen.com\/wp-content\/uploads\/2013\/03\/geo_kazbek_mariamoba_3IMG_9-60x45.jpg 60w, https:\/\/www.erkareisen.com\/wp-content\/uploads\/2013\/03\/geo_kazbek_mariamoba_3IMG_9-400x300.jpg 400w, https:\/\/www.erkareisen.com\/wp-content\/uploads\/2013\/03\/geo_kazbek_mariamoba_3IMG_9.jpg 1024w\" sizes=\"(max-width: 300px) 100vw, 300px\" \/><\/a><figcaption class=\"caption wp-caption-text\">Marienwallfahrt am Kazbek<\/figcaption><\/figure>\n<p>Die Legende ist bekannt, sie wird in Georgien auch mit viel Hingabe gepflegt, die Legende von der Erschaffung der Welt. Gott soll den Georgiern, die zur gro\u00dfen Landzuteilung an die V\u00f6lker der Erde zu sp\u00e4t gekommen waren, zum Dank f\u00fcr Ihr charmant-fr\u00f6hliches Auftreten das Fleckchen Erde geschenkt haben, das er eigentlich f\u00fcr sich selbst ausgedacht hatte. Mit den wildesten Bergen und Schluchten, den fruchtbarsten Ebenen, den sonderbarsten W\u00fcsteneien. Kurz von nahezu jedem Eck der Erde das Beste.<\/p>\n<figure id=\"attachment_521\" class=\"thumbnail wp-caption alignleft\" style=\"width: 150px\"><a href=\"https:\/\/s414282258.online.de\/ErkaReiseWP\/wp-content\/uploads\/2013\/03\/geo_stepanzminda_sioni_IMG_.jpg\"><img loading=\"lazy\" class=\"wp-image-521 size-thumbnail\" src=\"https:\/\/www.erkareisen.com\/wp-content\/uploads\/2013\/03\/geo_stepanzminda_sioni_IMG_-150x116.jpg\" alt=\"Sioni am Kreuzpass\" width=\"150\" height=\"116\" srcset=\"https:\/\/www.erkareisen.com\/wp-content\/uploads\/2013\/03\/geo_stepanzminda_sioni_IMG_-150x116.jpg 150w, https:\/\/www.erkareisen.com\/wp-content\/uploads\/2013\/03\/geo_stepanzminda_sioni_IMG_-300x232.jpg 300w, https:\/\/www.erkareisen.com\/wp-content\/uploads\/2013\/03\/geo_stepanzminda_sioni_IMG_-190x147.jpg 190w, https:\/\/www.erkareisen.com\/wp-content\/uploads\/2013\/03\/geo_stepanzminda_sioni_IMG_-60x46.jpg 60w, https:\/\/www.erkareisen.com\/wp-content\/uploads\/2013\/03\/geo_stepanzminda_sioni_IMG_-400x309.jpg 400w, https:\/\/www.erkareisen.com\/wp-content\/uploads\/2013\/03\/geo_stepanzminda_sioni_IMG_.jpg 1024w\" sizes=\"(max-width: 150px) 100vw, 150px\" \/><\/a><figcaption class=\"caption wp-caption-text\">Sioni am Kreuzpass<\/figcaption><\/figure>\n<p>Die Geschichte ist gut erfunden. Georgien, etwa so gr0\u00df wie Bayern, bietet auf engstem Raum eine landschaftliche Vielfalt, die ihresgleichen sucht. St\u00e4ndig wechselt die Landschaftskulisse von der subtropischen Schwarzmeerk\u00fcste \u00fcber hochalpine Zonen des Gro\u00dfen Kaukasus und kontinentaleurop\u00e4isch anmutende Mittelgebirge bis hin zur Steppenregion an der aserbaidschanischen Grenze. Keine dieser Landschaft ist beliebig. Und \u00fcberall findet man Zeugen einer Jahrtausende alten Kultur.<\/p>\n<figure id=\"attachment_832\" class=\"thumbnail wp-caption alignright\" style=\"width: 150px\"><a href=\"http:\/\/s414282258.online.de\/ErkaReiseWP\/wp-content\/uploads\/2013\/02\/geo_tbs_nationalmuseum_IMG_.jpg\"><img loading=\"lazy\" class=\"size-thumbnail wp-image-832\" src=\"http:\/\/s414282258.online.de\/ErkaReiseWP\/wp-content\/uploads\/2013\/02\/geo_tbs_nationalmuseum_IMG_-150x112.jpg\" alt=\"Sesswa und Mzia - die Urgro\u00dfeltern Europas\" width=\"150\" height=\"112\" srcset=\"https:\/\/www.erkareisen.com\/wp-content\/uploads\/2013\/02\/geo_tbs_nationalmuseum_IMG_-150x112.jpg 150w, https:\/\/www.erkareisen.com\/wp-content\/uploads\/2013\/02\/geo_tbs_nationalmuseum_IMG_-300x225.jpg 300w, https:\/\/www.erkareisen.com\/wp-content\/uploads\/2013\/02\/geo_tbs_nationalmuseum_IMG_-190x142.jpg 190w, https:\/\/www.erkareisen.com\/wp-content\/uploads\/2013\/02\/geo_tbs_nationalmuseum_IMG_-60x45.jpg 60w, https:\/\/www.erkareisen.com\/wp-content\/uploads\/2013\/02\/geo_tbs_nationalmuseum_IMG_-400x300.jpg 400w, https:\/\/www.erkareisen.com\/wp-content\/uploads\/2013\/02\/geo_tbs_nationalmuseum_IMG_.jpg 1024w\" sizes=\"(max-width: 150px) 100vw, 150px\" \/><\/a><figcaption class=\"caption wp-caption-text\">Sesswa und Mzia &#8211; die Urgro\u00dfeltern Europas<\/figcaption><\/figure>\n<p>Die Urgro\u00dfeltern Europas sind \u00fcber Georgien auf unseren Kontinent gekommen. Die reichhaltigste Fundst\u00e4tte fr\u00fcher Hominiden in ganz Eurasien ist in Georgien: Dmanissi.&nbsp; Georgien war also schon sehr fr\u00fch in der Menscheitsgeschichte ein Durchgangsland. Durchgang zwischen Ost und West, zwischen Nord und S\u00fcd &#8211; ein \u00dcbergang der Kontinente. Das sp\u00fcrt man heute noch allerorten. Nur selten in der Welt f\u00fchlt sich der Reisende aus Europa gleichzeitig zu Hause und in der Fremde wir in Georgien. Denn im georgischen Alltag verschmelzen Europa, Asien und der Orient zu einem unverwechselbaren Ganzen.<\/p>\n<figure id=\"attachment_596\" class=\"thumbnail wp-caption alignleft\" style=\"width: 150px\"><a href=\"https:\/\/s414282258.online.de\/ErkaReiseWP\/wp-content\/uploads\/2013\/03\/geo_sartichala_IMG_6875.jpg\"><img loading=\"lazy\" class=\"wp-image-596 size-thumbnail\" src=\"https:\/\/www.erkareisen.com\/wp-content\/uploads\/2013\/03\/geo_sartichala_IMG_6875-150x115.jpg\" alt=\"Stra\u00dfenmetzgerei in Sartichala\" width=\"150\" height=\"115\" srcset=\"https:\/\/www.erkareisen.com\/wp-content\/uploads\/2013\/03\/geo_sartichala_IMG_6875-150x115.jpg 150w, https:\/\/www.erkareisen.com\/wp-content\/uploads\/2013\/03\/geo_sartichala_IMG_6875-300x231.jpg 300w, https:\/\/www.erkareisen.com\/wp-content\/uploads\/2013\/03\/geo_sartichala_IMG_6875-190x146.jpg 190w, https:\/\/www.erkareisen.com\/wp-content\/uploads\/2013\/03\/geo_sartichala_IMG_6875-60x46.jpg 60w, https:\/\/www.erkareisen.com\/wp-content\/uploads\/2013\/03\/geo_sartichala_IMG_6875-400x308.jpg 400w, https:\/\/www.erkareisen.com\/wp-content\/uploads\/2013\/03\/geo_sartichala_IMG_6875.jpg 1024w\" sizes=\"(max-width: 150px) 100vw, 150px\" \/><\/a><figcaption class=\"caption wp-caption-text\">Stra\u00dfenmetzgerei in Sartichala<\/figcaption><\/figure>\n<p>Wir von <em><strong>ERKA-Reisen<\/strong><\/em> zeigen in unseren Reiseprogrammen nicht nur die kulturhistorischen Highlights des Landes. Wir zeigen Ihnen auch, dass Georgien heute nicht \u00fcberall den Eindruck vermitteln kann, Gottes eigener Paradiesgarten zu sein. Viele Regionen Georgiens werden einige Zeit brauchen, bis ihre Menschen wieder an die Legende glauben k\u00f6nnen. So sehr wir seit drei Jahrzehnten im Land verwurzelt sind, haben wir uns immer den distanzierten Blick des Europ\u00e4ers bewahrt.<\/p>\n<figure id=\"attachment_578\" class=\"thumbnail wp-caption alignleft\" style=\"width: 150px\"><a href=\"https:\/\/s414282258.online.de\/ErkaReiseWP\/wp-content\/uploads\/2013\/03\/geo_anaga_IMG_3330.jpg\"><img loading=\"lazy\" class=\"wp-image-578 size-thumbnail\" src=\"https:\/\/www.erkareisen.com\/wp-content\/uploads\/2013\/03\/geo_anaga_IMG_3330-150x88.jpg\" alt=\"L\u00e4ndlicher Mittagstisch\" width=\"150\" height=\"88\" srcset=\"https:\/\/www.erkareisen.com\/wp-content\/uploads\/2013\/03\/geo_anaga_IMG_3330-150x88.jpg 150w, https:\/\/www.erkareisen.com\/wp-content\/uploads\/2013\/03\/geo_anaga_IMG_3330-300x177.jpg 300w, https:\/\/www.erkareisen.com\/wp-content\/uploads\/2013\/03\/geo_anaga_IMG_3330-190x112.jpg 190w, https:\/\/www.erkareisen.com\/wp-content\/uploads\/2013\/03\/geo_anaga_IMG_3330-60x35.jpg 60w, https:\/\/www.erkareisen.com\/wp-content\/uploads\/2013\/03\/geo_anaga_IMG_3330-400x236.jpg 400w, https:\/\/www.erkareisen.com\/wp-content\/uploads\/2013\/03\/geo_anaga_IMG_3330.jpg 1024w\" sizes=\"(max-width: 150px) 100vw, 150px\" \/><\/a><figcaption class=\"caption wp-caption-text\">L\u00e4ndlicher Mittagstisch<\/figcaption><\/figure>\n<p>&nbsp;<\/p>\n<p>Freuen Sie sich also auf interessante Begegnungen und Einsichten. Wir freuen uns auf Sie, egal ob Sie Ihren Schwerpunkt in Kirchen und Kl\u00f6stern sehen, in Land und Leuten, in Wein und gutem Essen. Ob Sie durchs Land gefahren werden wollen oder sich lieber die sch\u00f6nsten Regionen Georgiens erwandern.&nbsp; Wenn Sie W\u00fcnsche und Interessen haben, die in unseren Angeboten nicht ber\u00fccksichtig sind, werden wir unsere lange Erfahrung in Georgien und unser Netzwerk aktivieren und Ihnen ein individuelles Reiseprogramm zusammen stellen. Schreiben Sie uns: <a href=\"mailto:\/\/service@erkareisen.de\">service@erkareisen.de.<\/a><\/p>\n<p><strong>ERKA-Reisen &#8211; der Kaukasus-Spezialist<\/strong><\/p>\n<p>&nbsp;<\/p>\n<p>&nbsp;<\/p>\n","protected":false},"excerpt":{"rendered":"<p>Gottes eigenes Paradies Die Legende ist bekannt, sie wird in Georgien auch mit viel Hingabe gepflegt, die Legende von der Erschaffung der Welt. Gott soll den Georgiern, die zur gro\u00dfen Landzuteilung an die V\u00f6lker der Erde zu sp\u00e4t gekommen waren, &hellip; <a href=\"https:\/\/www.erkareisen.com\/?page_id=59\">Weiter<\/a><\/p>\n","protected":false},"author":2,"featured_media":0,"parent":0,"menu_order":0,"comment_status":"closed","ping_status":"closed","template":"","meta":{"kt_blocks_editor_width":"","ngg_post_thumbnail":0},"_links":{"self":[{"href":"https:\/\/www.erkareisen.com\/index.php?rest_route=\/wp\/v2\/pages\/59"}],"collection":[{"href":"https:\/\/www.erkareisen.com\/index.php?rest_route=\/wp\/v2\/pages"}],"about":[{"href":"https:\/\/www.erkareisen.com\/index.php?rest_route=\/wp\/v2\/types\/page"}],"author":[{"embeddable":true,"href":"https:\/\/www.erkareisen.com\/index.php?rest_route=\/wp\/v2\/users\/2"}],"replies":[{"embeddable":true,"href":"https:\/\/www.erkareisen.com\/index.php?rest_route=%2Fwp%2Fv2%2Fcomments&post=59"}],"version-history":[{"count":22,"href":"https:\/\/www.erkareisen.com\/index.php?rest_route=\/wp\/v2\/pages\/59\/revisions"}],"predecessor-version":[{"id":3494,"href":"https:\/\/www.erkareisen.com\/index.php?rest_route=\/wp\/v2\/pages\/59\/revisions\/3494"}],"wp:attachment":[{"href":"https:\/\/www.erkareisen.com\/index.php?rest_route=%2Fwp%2Fv2%2Fmedia&parent=59"}],"curies":[{"name":"wp","href":"https:\/\/api.w.org\/{rel}","templated":true}]}}