{"id":63,"date":"2013-02-26T21:55:24","date_gmt":"2013-02-26T21:55:24","guid":{"rendered":"http:\/\/s414282258.online.de\/ErkaReiseWP\/?page_id=63"},"modified":"2023-03-09T12:20:15","modified_gmt":"2023-03-09T11:20:15","slug":"georgien-gastfreundschaft-und-grose-kultur","status":"publish","type":"page","link":"https:\/\/www.erkareisen.com\/?page_id=63","title":{"rendered":"Georgien: Gastfreundschaft und gro\u00dfe Kultur"},"content":{"rendered":"<p>&nbsp;<\/p>\n<figure id=\"attachment_341\" class=\"thumbnail wp-caption aligncenter\" style=\"width: 300px\"><a href=\"http:\/\/s414282258.online.de\/ErkaReiseWP\/wp-content\/uploads\/2013\/03\/geo_kasbek.jpg\"><img loading=\"lazy\" class=\"size-medium wp-image-341\" src=\"http:\/\/s414282258.online.de\/ErkaReiseWP\/wp-content\/uploads\/2013\/03\/geo_kasbek-300x212.jpg\" alt=\"Kazbek\" width=\"300\" height=\"212\" srcset=\"https:\/\/www.erkareisen.com\/wp-content\/uploads\/2013\/03\/geo_kasbek-300x212.jpg 300w, https:\/\/www.erkareisen.com\/wp-content\/uploads\/2013\/03\/geo_kasbek-150x106.jpg 150w, https:\/\/www.erkareisen.com\/wp-content\/uploads\/2013\/03\/geo_kasbek-190x134.jpg 190w, https:\/\/www.erkareisen.com\/wp-content\/uploads\/2013\/03\/geo_kasbek-60x42.jpg 60w, https:\/\/www.erkareisen.com\/wp-content\/uploads\/2013\/03\/geo_kasbek-400x283.jpg 400w, https:\/\/www.erkareisen.com\/wp-content\/uploads\/2013\/03\/geo_kasbek.jpg 1024w\" sizes=\"(max-width: 300px) 100vw, 300px\" \/><\/a><figcaption class=\"caption wp-caption-text\">Kazbek<\/figcaption><\/figure>\n<h2 style=\"text-align: center;\"><strong>Kompakt-Studienreise <\/strong><\/h2>\n<p style=\"text-align: center;\"><strong>1 Woche<\/strong><br \/>\n<strong>Individuelle Termine ganzj\u00e4hrig zu buchen<\/strong><\/p>\n<p>Diese einw\u00f6chige Studienreise ist ideal zum ersten Kennenlernen des Landes, zum Reinschnuppern sozusagen. Wir zeigen Ihnen die wichtigsten Sehensw\u00fcrdigkeiten, f\u00fchren Sie durch aufregend sch\u00f6ne Landschaften und geben Ihnen einen interessanten Einblick in die Kultur Georgiens. Sie sehen vorchristliche H\u00f6hlenst\u00e4dte und mittelalterliche Kl\u00f6ster, machen eine erste Bekanntschaft mit der sprichw\u00f6rtlichen Gastfreundschaft des Kaukasus. Eine Einf\u00fchrung in die Tradition des georgischen Tisches ist selbstverst\u00e4ndlich. Eine mittelschwere Wanderung erwartet Sie. Stammquartier der Reise ist die georgische Hauptstadt, eine \u00dcbernachtung im Land.<\/p>\n<p><strong>Reiseverlauf:<\/strong><\/p>\n<p><strong>Tag 1: Ankunft in Tbilissi<\/strong><br \/>\nTransfer zum Hotel, \u00dcbernachtung in Tbilissi.<\/p>\n<figure id=\"attachment_355\" class=\"thumbnail wp-caption alignleft\" style=\"width: 150px\"><a href=\"http:\/\/s414282258.online.de\/ErkaReiseWP\/wp-content\/uploads\/2013\/03\/geo_tbs_altstadt.jpg\"><img loading=\"lazy\" class=\"size-thumbnail wp-image-355\" src=\"http:\/\/s414282258.online.de\/ErkaReiseWP\/wp-content\/uploads\/2013\/03\/geo_tbs_altstadt-150x106.jpg\" alt=\"In der Altstadt vin Tbilissi\" width=\"150\" height=\"106\" srcset=\"https:\/\/www.erkareisen.com\/wp-content\/uploads\/2013\/03\/geo_tbs_altstadt-150x106.jpg 150w, https:\/\/www.erkareisen.com\/wp-content\/uploads\/2013\/03\/geo_tbs_altstadt-300x212.jpg 300w, https:\/\/www.erkareisen.com\/wp-content\/uploads\/2013\/03\/geo_tbs_altstadt-190x134.jpg 190w, https:\/\/www.erkareisen.com\/wp-content\/uploads\/2013\/03\/geo_tbs_altstadt-60x42.jpg 60w, https:\/\/www.erkareisen.com\/wp-content\/uploads\/2013\/03\/geo_tbs_altstadt-400x283.jpg 400w, https:\/\/www.erkareisen.com\/wp-content\/uploads\/2013\/03\/geo_tbs_altstadt.jpg 420w\" sizes=\"(max-width: 150px) 100vw, 150px\" \/><\/a><figcaption class=\"caption wp-caption-text\">Altstadt von Tbilissi<\/figcaption><\/figure>\n<p><strong>Tag 2: Altstadtrundgang Tbilissi<br \/>\n<\/strong>Altstadttrundgang mit F\u00fchrung in Tbilissi, einer Stadt, in der sich moderne Architektur mit traditionellen Hinterh\u00f6fen verbindet. Sie besuchen u.a.: die Kirchen Metechi, Antschischati und Sioni, die j\u00fcdische Synagoge, die Altstadt unterhalb der Nariqala-Festung und das B\u00e4derviertel. Mit der neuen Seilbahn fahren Sie auf die Nariqala-Festung aus der Perserzeit, danach schlendern Sie \u00fcber den Rustaweli-Prospekt, die Prachtstra\u00dfe von Tbilissi zur\u00fcck zum Hotel. Abends: Einf\u00fchrung in die Tradition des georgischen Tisches. \u00dcbernachtung in Tbilissi.<\/p>\n<figure id=\"attachment_546\" class=\"thumbnail wp-caption alignright\" style=\"width: 150px\"><a href=\"http:\/\/s414282258.online.de\/ErkaReiseWP\/wp-content\/uploads\/2013\/03\/geo_stepanzminda_sdo_IMG_451.jpg\"><img loading=\"lazy\" class=\"size-thumbnail wp-image-546\" src=\"http:\/\/s414282258.online.de\/ErkaReiseWP\/wp-content\/uploads\/2013\/03\/geo_stepanzminda_sdo_IMG_451-150x110.jpg\" alt=\"Das D\u00f6rfchen Sdo bei kasbeghi\" width=\"150\" height=\"110\" srcset=\"https:\/\/www.erkareisen.com\/wp-content\/uploads\/2013\/03\/geo_stepanzminda_sdo_IMG_451-150x110.jpg 150w, https:\/\/www.erkareisen.com\/wp-content\/uploads\/2013\/03\/geo_stepanzminda_sdo_IMG_451-300x220.jpg 300w, https:\/\/www.erkareisen.com\/wp-content\/uploads\/2013\/03\/geo_stepanzminda_sdo_IMG_451-190x139.jpg 190w, https:\/\/www.erkareisen.com\/wp-content\/uploads\/2013\/03\/geo_stepanzminda_sdo_IMG_451-60x44.jpg 60w, https:\/\/www.erkareisen.com\/wp-content\/uploads\/2013\/03\/geo_stepanzminda_sdo_IMG_451-400x293.jpg 400w, https:\/\/www.erkareisen.com\/wp-content\/uploads\/2013\/03\/geo_stepanzminda_sdo_IMG_451.jpg 1024w\" sizes=\"(max-width: 150px) 100vw, 150px\" \/><\/a><figcaption class=\"caption wp-caption-text\">Das Dorf Sdo bei Kasbeghi<\/figcaption><\/figure>\n<p style=\"text-align: right;\"><strong>Tag 3: Georgische Heerstrasse<\/strong><br \/>\nFahrt in den Grossen Kaukasus \u00fcber die georgische Heerstrasse und den Kreuzpass nach Kasbegi, auf Wunsch Wanderung oder Fahrt mit Allrad-Shuttle zur Kirche Zminda Sameba (Gesamtdauer: 4 Stunden), die eindrucksvoll auf einer Felsnase vor dem Kasbek liegt. Auf dem R\u00fcckweg Besichtigung der Wehrkirche Ananuri. \u00dcbernachtung in Tbilissi.<\/p>\n<figure id=\"attachment_409\" class=\"thumbnail wp-caption alignleft\" style=\"width: 150px\"><a href=\"http:\/\/s414282258.online.de\/ErkaReiseWP\/wp-content\/uploads\/2013\/03\/geo_signaghi_2.jpg\"><img loading=\"lazy\" class=\"size-thumbnail wp-image-409\" src=\"http:\/\/s414282258.online.de\/ErkaReiseWP\/wp-content\/uploads\/2013\/03\/geo_signaghi_2-150x112.jpg\" alt=\"Signaghi\" width=\"150\" height=\"112\" srcset=\"https:\/\/www.erkareisen.com\/wp-content\/uploads\/2013\/03\/geo_signaghi_2-150x112.jpg 150w, https:\/\/www.erkareisen.com\/wp-content\/uploads\/2013\/03\/geo_signaghi_2-300x225.jpg 300w, https:\/\/www.erkareisen.com\/wp-content\/uploads\/2013\/03\/geo_signaghi_2-190x142.jpg 190w, https:\/\/www.erkareisen.com\/wp-content\/uploads\/2013\/03\/geo_signaghi_2-60x45.jpg 60w, https:\/\/www.erkareisen.com\/wp-content\/uploads\/2013\/03\/geo_signaghi_2-400x300.jpg 400w, https:\/\/www.erkareisen.com\/wp-content\/uploads\/2013\/03\/geo_signaghi_2.jpg 1024w\" sizes=\"(max-width: 150px) 100vw, 150px\" \/><\/a><figcaption class=\"caption wp-caption-text\">Signaghi<\/figcaption><\/figure>\n<p><strong>Tag 4: Weinland Kachetien<br \/>\n<\/strong>Ein Tag mit viel Landschaft und vielen Kirchen, den wichtigsten allerdings nur. Auf dem Programm stehen das Touristenst\u00e4dtchen Signachi, die Grabkirche der Hl. Nino in Bodbe, die Doppelkuppel-Kirche Kweladzminda in Gurdschaani, das Kirchensensemble Alt Schuamta (6. bis 11. Jdt.) und die Kathedrale Alaverdi. Die M\u00f6nche von Alaverdi betreiben den \u00e4ltesten Weinkeller Georgiens. \u00dcbernachtung in Tbilissi.<\/p>\n<figure id=\"attachment_916\" class=\"thumbnail wp-caption alignright\" style=\"width: 150px\"><a href=\"http:\/\/s414282258.online.de\/ErkaReiseWP\/wp-content\/uploads\/2013\/03\/geo_gori_IMG_7837.jpg\"><img loading=\"lazy\" class=\"size-thumbnail wp-image-916\" src=\"http:\/\/s414282258.online.de\/ErkaReiseWP\/wp-content\/uploads\/2013\/03\/geo_gori_IMG_7837-150x112.jpg\" alt=\"Stalinmuseum in Gori\" width=\"150\" height=\"112\" srcset=\"https:\/\/www.erkareisen.com\/wp-content\/uploads\/2013\/03\/geo_gori_IMG_7837-150x112.jpg 150w, https:\/\/www.erkareisen.com\/wp-content\/uploads\/2013\/03\/geo_gori_IMG_7837-300x225.jpg 300w, https:\/\/www.erkareisen.com\/wp-content\/uploads\/2013\/03\/geo_gori_IMG_7837-190x142.jpg 190w, https:\/\/www.erkareisen.com\/wp-content\/uploads\/2013\/03\/geo_gori_IMG_7837-60x45.jpg 60w, https:\/\/www.erkareisen.com\/wp-content\/uploads\/2013\/03\/geo_gori_IMG_7837-400x300.jpg 400w, https:\/\/www.erkareisen.com\/wp-content\/uploads\/2013\/03\/geo_gori_IMG_7837.jpg 1024w\" sizes=\"(max-width: 150px) 100vw, 150px\" \/><\/a><figcaption class=\"caption wp-caption-text\">Stalinmuseum in Gori<\/figcaption><\/figure>\n<p style=\"text-align: right;\"><strong>Tag 5: \u00dcber Mzcheta nach Gori<br \/>\n<\/strong>Fahrt \u00fcber die historische Hauptstadt Mzcheta (Dschwari-Kirche, Kathedrale Sweti Zchoweli) nach Gori. Das dortige Stalinmuseum ist seit 1957 unver\u00e4ndert, ein schaurig-sch\u00f6nes Monument sozialistischer Heldenverehrung und aus diesem Grund einen Besuch wert. Besuch der vorchristlichen H\u00f6hlenstadt Uplisziche. Weiterfahrt nach Kutaissi, \u00dcbernachtung in Kutaissi.<\/p>\n<figure id=\"attachment_823\" class=\"thumbnail wp-caption alignleft\" style=\"width: 150px\"><a href=\"http:\/\/s414282258.online.de\/ErkaReiseWP\/wp-content\/uploads\/2013\/02\/geo_gelati_IMG_8476.jpg\"><img loading=\"lazy\" class=\"size-thumbnail wp-image-823\" src=\"http:\/\/s414282258.online.de\/ErkaReiseWP\/wp-content\/uploads\/2013\/02\/geo_gelati_IMG_8476-150x106.jpg\" alt=\"Kloster Gelati\" width=\"150\" height=\"106\" srcset=\"https:\/\/www.erkareisen.com\/wp-content\/uploads\/2013\/02\/geo_gelati_IMG_8476-150x106.jpg 150w, https:\/\/www.erkareisen.com\/wp-content\/uploads\/2013\/02\/geo_gelati_IMG_8476-300x212.jpg 300w, https:\/\/www.erkareisen.com\/wp-content\/uploads\/2013\/02\/geo_gelati_IMG_8476-190x134.jpg 190w, https:\/\/www.erkareisen.com\/wp-content\/uploads\/2013\/02\/geo_gelati_IMG_8476-60x42.jpg 60w, https:\/\/www.erkareisen.com\/wp-content\/uploads\/2013\/02\/geo_gelati_IMG_8476-400x283.jpg 400w, https:\/\/www.erkareisen.com\/wp-content\/uploads\/2013\/02\/geo_gelati_IMG_8476.jpg 1024w\" sizes=\"(max-width: 150px) 100vw, 150px\" \/><\/a><figcaption class=\"caption wp-caption-text\">Kloster Gelati<\/figcaption><\/figure>\n<p><strong>Tag 6: K\u00f6nig David&#8217;s Kloster<br \/>\n<\/strong>Besichtigung der Kathedrale Bagrati und des Klosters Gelati, eines der sch\u00f6nsten Klosterensembles im ganzen Kaukasus. R\u00fcckreise \u00fcber den Rikoti-Pass nach Tbilissi, unterwegs Besichtigung der Kirche Ubissa. \u00dcbernachtung in Tbilissi.<\/p>\n<p>&nbsp;<\/p>\n<figure id=\"attachment_888\" class=\"thumbnail wp-caption alignright\" style=\"width: 150px\"><a href=\"http:\/\/s414282258.online.de\/ErkaReiseWP\/wp-content\/uploads\/2013\/02\/geo_garedschi_IMG_4752.jpg\"><img loading=\"lazy\" class=\"size-thumbnail wp-image-888\" src=\"http:\/\/s414282258.online.de\/ErkaReiseWP\/wp-content\/uploads\/2013\/02\/geo_garedschi_IMG_4752-150x113.jpg\" alt=\"Kloster in Garedschi\" width=\"150\" height=\"113\" srcset=\"https:\/\/www.erkareisen.com\/wp-content\/uploads\/2013\/02\/geo_garedschi_IMG_4752-150x113.jpg 150w, https:\/\/www.erkareisen.com\/wp-content\/uploads\/2013\/02\/geo_garedschi_IMG_4752-300x226.jpg 300w, https:\/\/www.erkareisen.com\/wp-content\/uploads\/2013\/02\/geo_garedschi_IMG_4752-190x143.jpg 190w, https:\/\/www.erkareisen.com\/wp-content\/uploads\/2013\/02\/geo_garedschi_IMG_4752-60x45.jpg 60w, https:\/\/www.erkareisen.com\/wp-content\/uploads\/2013\/02\/geo_garedschi_IMG_4752-400x301.jpg 400w, https:\/\/www.erkareisen.com\/wp-content\/uploads\/2013\/02\/geo_garedschi_IMG_4752.jpg 1024w\" sizes=\"(max-width: 150px) 100vw, 150px\" \/><\/a><figcaption class=\"caption wp-caption-text\">Kloster in Garedschi<\/figcaption><\/figure>\n<p style=\"text-align: right;\"><strong>Tag 7: H\u00f6hlenkloster in der W\u00fcste<br \/>\n<\/strong>Fahrt in die Halbw\u00fcste von David Garedschi mit Besichtigung des Klosters Lawra am Berg Udabno, auf Wunsch Aufstieg zum H\u00f6hlenkloster Udabno mit wundersch\u00f6nen Fresken (etwas beschwerlich, Gesamtdauer 4 Stunden) oder ein freier Nachmittag in Tbilissi. Abschiedsabend mit einem Gourmentmenu &#8222;Neue Georgische K\u00fcche&#8220; in unserem Restaurant im Hotel Kartli. \u00dcbernachtung in Tbilissi.<\/p>\n<p><strong>Tag 8: R\u00fcckreise<\/strong><br \/>\nTransfer zum Flughafen<\/p>\n<p><span style=\"text-decoration: underline;\"><strong>Besondere Hinweise:<\/strong><\/span><br \/>\nF\u00fcr die Wanderungen in Kasbegi und David Garedschi werden kn\u00f6chelhohe Wanderschuhe empfohlen.<br \/>\nDas Programm wird je nach individueller Ankunfts- und Abflugzeit optimiert. Programm\u00e4nderungen vorbehalten.<\/p>\n<p><span style=\"text-decoration: underline;\"><strong>Unsere Leistungen:<\/strong><\/span><br \/>\n&#8211; alle Transfers ab und bis Flughafen Tbilisi<br \/>\n&#8211; Unterbringung: DZ mit Vollpension in Tbilissi in einem landes\u00fcblichen ***-Hotel (andere Hotelkategorie oder EZ gegen Aufpreis), im Land in landes\u00fcblichen guten Hotels oder Privatpensionen<br \/>\n&#8211; alle Eintritte f\u00fcr Kirchen und Museen<br \/>\n&#8211; deutsch\/engl. sprechender Fahrer als Guide<br \/>\n&#8211; Touristenkarte Georgien<br \/>\n&#8211; Zur Reisevorbereitung erhalten Sie nach Anzahlung des Reisepreises ein Buch Ihrer Wahl von Rainer Kaufmann:&nbsp; &#8222;Reiselesebuch Georgien&#8220; oder &#8222;Georgien &#8211; Begegnungen in zwei Jahrzehnten&#8220;<\/p>\n<p><strong>Preise pro Person:<br \/>\nPreise auf Anfrage<\/strong><\/p>\n<p><strong>Zusatzkosten:<\/strong><br \/>\nFl\u00fcge, Trinkgelder, zus\u00e4tzliche alkoholische Getr\u00e4nke beim Abendessen.<\/p>\n<p align=\"left\"><strong>Flugbuchungen<\/strong><br \/>\nDa in den letzten Jahren immer mehr Reisende ihre Fl\u00fcge preiswerter und individuell \u00fcber Internet buchen, bieten wir unsere Reisen grunds\u00e4tzlich ohne Flug an. Wir sind Ihnen aber gerne bei der Suche nach einem preiswerten und geeigneten Flug nach Ihren individuellen W\u00fcnschen behilflich.<\/p>\n<p align=\"left\">Bedingt durch die individuellen An- und Abflugszeiten k\u00f6nnen sich am ersten und letzen Tag Programm\u00e4nderungen ergeben.<\/p>\n<p>Veranstalter ist unsere Schwesterfirma-Firma <strong><em>ERKA TRAVEL CAUCASUS Ltd<\/em>.<\/strong> in Tiflis.<\/p>\n<p><strong>Buchung per e-mail:<\/strong><br \/>\n<a href=\"mailto:service@erkareisen.de\">service@erkareisen.de<\/a><\/p>\n<p>&nbsp;<\/p>\n","protected":false},"excerpt":{"rendered":"<p>&nbsp; Kompakt-Studienreise 1 Woche Individuelle Termine ganzj\u00e4hrig zu buchen Diese einw\u00f6chige Studienreise ist ideal zum ersten Kennenlernen des Landes, zum Reinschnuppern sozusagen. Wir zeigen Ihnen die wichtigsten Sehensw\u00fcrdigkeiten, f\u00fchren Sie durch aufregend sch\u00f6ne Landschaften und geben Ihnen einen interessanten Einblick &hellip; <a href=\"https:\/\/www.erkareisen.com\/?page_id=63\">Weiter<\/a><\/p>\n","protected":false},"author":2,"featured_media":0,"parent":0,"menu_order":0,"comment_status":"closed","ping_status":"closed","template":"","meta":{"kt_blocks_editor_width":"","ngg_post_thumbnail":0},"_links":{"self":[{"href":"https:\/\/www.erkareisen.com\/index.php?rest_route=\/wp\/v2\/pages\/63"}],"collection":[{"href":"https:\/\/www.erkareisen.com\/index.php?rest_route=\/wp\/v2\/pages"}],"about":[{"href":"https:\/\/www.erkareisen.com\/index.php?rest_route=\/wp\/v2\/types\/page"}],"author":[{"embeddable":true,"href":"https:\/\/www.erkareisen.com\/index.php?rest_route=\/wp\/v2\/users\/2"}],"replies":[{"embeddable":true,"href":"https:\/\/www.erkareisen.com\/index.php?rest_route=%2Fwp%2Fv2%2Fcomments&post=63"}],"version-history":[{"count":23,"href":"https:\/\/www.erkareisen.com\/index.php?rest_route=\/wp\/v2\/pages\/63\/revisions"}],"predecessor-version":[{"id":3595,"href":"https:\/\/www.erkareisen.com\/index.php?rest_route=\/wp\/v2\/pages\/63\/revisions\/3595"}],"wp:attachment":[{"href":"https:\/\/www.erkareisen.com\/index.php?rest_route=%2Fwp%2Fv2%2Fmedia&parent=63"}],"curies":[{"name":"wp","href":"https:\/\/api.w.org\/{rel}","templated":true}]}}