{"id":70,"date":"2013-02-26T22:02:33","date_gmt":"2013-02-26T22:02:33","guid":{"rendered":"http:\/\/s414282258.online.de\/ErkaReiseWP\/?page_id=70"},"modified":"2013-04-28T10:03:11","modified_gmt":"2013-04-28T08:03:11","slug":"wandern-im-grosen-kaukasus","status":"publish","type":"page","link":"https:\/\/www.erkareisen.com\/?page_id=70","title":{"rendered":"Wandern im Gro\u00dfen Kaukasus"},"content":{"rendered":"<h2 style=\"text-align: center;\"><strong>Tageswanderungen f\u00fcr jedermann<\/strong><\/h2>\n<p style=\"text-align: center;\"><strong> 1 Woche<\/strong><\/p>\n<p>Einen sch\u00f6nen Wanderurlaub bieten wir in Kasbegi, dem beliebten Ausflugsort im Gro\u00dfen Kaukasus. Unser Stamm-Quartier ist das neu erbaute Hotel &#8222;Kasbegi&#8220;oder in einer Privatpension. Die Tagestouren k\u00f6nnen auf das Leistungsverm\u00f6gen der einzelnen Wandergruppen abgestimmt werden und sind von jedem normal ge\u00fcbten Wanderer leicht zu bew\u00e4ltigen. Der Wanderurlaub im Gro\u00dfen Kaukasus l\u00e4sst sich sehr gut mit einem Wanderurlaub im Kleinen Kaukasus zu einer eindrucksvollen Zweiwochen-Tour kombinieren. Programm\u00e4nderungen vorbehalten.<\/p>\n<p>Ideal f\u00fcr kleine Wandergruppen und Familien<\/p>\n<p><strong>1. Tag: Anreise<\/strong><br \/>\nFlug nach Tbilissi, Transfer zum Hotel. \u00dcbernachtung in Tbilissi.<\/p>\n<p><strong>2. Tag: \u00dcber die georgische Heerstra\u00dfe nach Kasbegi<\/strong><br \/>\n\u00dcber die Georgische Heerstra\u00dfe und den Kreuzpass (2.379 m) fahren Sie zu Ihrem Zielort Kasbegi. Unterwegs besichtigen Sie die historische Hauptstadt Georgiens Mzcheta mit der Kirche Dschwari, der Kathedrale Sweti Zchoweli und dem Kloster Samtawro. \u00dcbernachtung in Kasbegi.<\/p>\n<p><strong>3. Tag: In die DarialiSchlucht<\/strong><br \/>\nEine Wanderung (3-4 Stunden) zum Akklimatisieren. Sie f\u00fchrt durch die Dariali-Schlucht zur russischen Grenze. \u00dcbernachtung in Kasbegi.<\/p>\n<p><strong>4. Tag: \u00dcber Zminda Sameba zum Gergeti Gletscher<\/strong><br \/>\nEine herrliche Wanderung (5-6 Stunden) \u00fcber die traumhaft sch\u00f6n gelegene Kirche Zminda Sameba zum Gergeti-Gletscher am Fu\u00df des 5.033 m hohen Kasbek. \u00dcbernachtung in Kasbegi.<\/p>\n<p><strong>5. Tag: Zur Quelle des Terek<\/strong><br \/>\nDurch die eindrucksvolle Truso-Schlucht f\u00fchrt diese Wanderung (5-6 Stunden) zur Quelle des Flusses Terek und zur\u00fcck zum Dorf Kobi. \u00dcbernachtung in Kasbegi.<\/p>\n<p><strong>6. Tag: Djuta vertr\u00e4umtes Dorf zwischen den Bergen<\/strong><br \/>\nVon Djuta aus f\u00fchrt diese Wanderung hoch hinauf in die Bergwelt der Viertausender (Dauer beliebig). Wer ein Bisschen klettern will, kann sich am Chaukhi-Massiv versuchen. \u00dcbernachtung in Kasbegi.<\/p>\n<p><strong>7. Tag: Zur\u00fcck nach Tbilissi<\/strong><br \/>\nAuf dem R\u00fcckweg nach Tbilissi besichtigen Sie die Wehrkirche Ananuri.<\/p>\n<p><strong>8. Tag: R\u00fcckreise<\/strong><br \/>\nTransfer zum Flughafen, R\u00fcckflug.<\/p>\n<p><span style=\"text-decoration: underline;\"><strong>Unsere Leistungen:<\/strong><\/span><br \/>\nalle Transfers ab\/bis Flughafen Tbilisi; Unterbringung: DZ mit Vollpension (Mittagessen meist als Picknick) in Tbilissi in einem landes\u00fcblichen **-Hotel (andere Hotelkategorie oder EZ gegen Aufpreis), in Kasbegi im ***-Hotel (oder einer Privatpension). Alle Eintritte f\u00fcr Kirchen und Museen, qualifizierte deutschsprachige Reiseleitung; ortskundige Wanderf\u00fchrung,\u00a0 Touristenkarte.<\/p>\n<p><span style=\"text-decoration: underline;\"><strong>Besondere Hinweis:<\/strong><\/span><br \/>\nF\u00fcr die Wanderungen sind kn\u00f6chelhohe Wanderschuhe und Wanderausr\u00fcstung Voraussetzung.<\/p>\n<p><strong>Beste Reisezeit:<\/strong>\u00a0 Mai bis Oktober,<\/p>\n<p><strong>Individuelle Termine:\u00a0 <\/strong>jederzeit auf Anfrage<\/p>\n<p><strong>Pauschalpreis pro Person:<\/strong> Auf Anfrage<br \/>\n(Gruppengr\u00f6\u00dfe: 6-9 Personen)<br \/>\nPreise f\u00fcr weitere Gruppengr\u00f6\u00dfen auf Anfrage<\/p>\n<p><strong><\/strong><strong>Zusatzkosten:<\/strong><br \/>\nFl\u00fcge, Einzelzimmerzuschlag, evtl. zus\u00e4tzliche \u00dcbernachtungen In Tbilissi je nach Ankunfts- und Abflugzeiten. Visageb\u00fchren fallen z.Z. f\u00fcr Georgien nicht an.<\/p>\n<p><strong>Anreise:<\/strong><br \/>\nDa in den letzten Jahren immer mehr Reisende ihre Fl\u00fcge preiswert und individuell \u00fcber das Internet buchen, bieten wir unsere Reisen ohne Flug an. Wir sind Ihnen aber gerne bei der Suche nach einem preiswerten und geeigneten Flug nach Ihren individuellen W\u00fcnschen behilflich:<\/p>\n<p>Bei gr\u00f6\u00dferen Reisegruppen k\u00f6nnen wir \u00fcber unseren Partner gerne die Reservierung und Buchung des Fluges \u00fcbernehmen.<\/p>\n<p>Bedingt durch die individuellen An- und Abflugszeiten k\u00f6nnen sich am ersten und letzen Tag Programm\u00e4nderungen ergeben.<\/p>\n<p>Veranstalter ist unsere Schwesterfirma-Firma <em><b>ERKA TRAVEL CAUCASUS Ltd<\/b><\/em><strong>.<\/strong> in Tbilissi.<\/p>\n<p><strong>Buchung per e-mail:<\/strong><br \/>\n<a href=\"mailto:service@erkareisen.de\">service@erkareisen.de<\/a><\/p>\n","protected":false},"excerpt":{"rendered":"<p>Tageswanderungen f\u00fcr jedermann 1 Woche Einen sch\u00f6nen Wanderurlaub bieten wir in Kasbegi, dem beliebten Ausflugsort im Gro\u00dfen Kaukasus. Unser Stamm-Quartier ist das neu erbaute Hotel &#8222;Kasbegi&#8220;oder in einer Privatpension. Die Tagestouren k\u00f6nnen auf das Leistungsverm\u00f6gen der einzelnen Wandergruppen abgestimmt werden &hellip; <a href=\"https:\/\/www.erkareisen.com\/?page_id=70\">Weiter<\/a><\/p>\n","protected":false},"author":2,"featured_media":0,"parent":0,"menu_order":0,"comment_status":"closed","ping_status":"closed","template":"","meta":{"kt_blocks_editor_width":"","ngg_post_thumbnail":0},"_links":{"self":[{"href":"https:\/\/www.erkareisen.com\/index.php?rest_route=\/wp\/v2\/pages\/70"}],"collection":[{"href":"https:\/\/www.erkareisen.com\/index.php?rest_route=\/wp\/v2\/pages"}],"about":[{"href":"https:\/\/www.erkareisen.com\/index.php?rest_route=\/wp\/v2\/types\/page"}],"author":[{"embeddable":true,"href":"https:\/\/www.erkareisen.com\/index.php?rest_route=\/wp\/v2\/users\/2"}],"replies":[{"embeddable":true,"href":"https:\/\/www.erkareisen.com\/index.php?rest_route=%2Fwp%2Fv2%2Fcomments&post=70"}],"version-history":[{"count":5,"href":"https:\/\/www.erkareisen.com\/index.php?rest_route=\/wp\/v2\/pages\/70\/revisions"}],"predecessor-version":[{"id":975,"href":"https:\/\/www.erkareisen.com\/index.php?rest_route=\/wp\/v2\/pages\/70\/revisions\/975"}],"wp:attachment":[{"href":"https:\/\/www.erkareisen.com\/index.php?rest_route=%2Fwp%2Fv2%2Fmedia&parent=70"}],"curies":[{"name":"wp","href":"https:\/\/api.w.org\/{rel}","templated":true}]}}