{"id":72,"date":"2013-02-26T22:03:48","date_gmt":"2013-02-26T22:03:48","guid":{"rendered":"http:\/\/s414282258.online.de\/ErkaReiseWP\/?page_id=72"},"modified":"2013-04-28T13:34:19","modified_gmt":"2013-04-28T11:34:19","slug":"wandern-im-kleinen-kaukasus","status":"publish","type":"page","link":"https:\/\/www.erkareisen.com\/?page_id=72","title":{"rendered":"Wandern im Kleinen Kaukasus"},"content":{"rendered":"<h2 style=\"text-align: center;\">Georgien: Panoramablick und Griechendorf<\/h2>\n<p style=\"text-align: center;\"><strong>1 Woche<\/strong><\/p>\n<p>Einen sch\u00f6nen Wanderurlaub bieten wir in Bakuriani, dem beliebten Ferienort im Kleinen Kaukasus. Unser Quartier ist das Hotel &#8222;Apollon&#8220;, ein gem\u00fctliches Gasthaus mit freundlichem Service. Die Tagestouren k\u00f6nnen auf das Leistungsverm\u00f6gen der einzelnen Wandergruppen abgestimmt werden und sind von jedem normal ge\u00fcbten Wanderer leicht zu bew\u00e4ltigen. F\u00fcr Kinderbetreuung kann gesorgt werden. Der Wanderurlaub im Kleinen Kaukasus l\u00e4sst sich sehr gut mit einem Wanderurlaub im gro\u00dfen Kaukasus zu einer eindrucksvollen Zweiwochen-Tour kombinieren. Progamm\u00e4nderungen vorbehalten.<\/p>\n<p>Ideal f\u00fcr kleine Wandergruppen und Familien<\/p>\n<p><strong>1. Tag: \u00dcber Mzcheta und Bordshomi nach Bakuriani<\/strong><br \/>\nDer H\u00f6henort Bakuriani liegt im Kleinen Kaukasus. Unterwegs besichtigen Sie Mzcheta, die historische Hauptstadt Georgiens mit der Kirche Dschwari, der Kathedrale Sweti Zchoweli und dem Kloster Samtawro. Im Kurort Bordschomi k\u00f6nnen Sie sich bei einem Spaziergang im Kurpark in die Zeit zur\u00fcckversetzen, als hier noch Zaren kurten. Danach fahren wir mit der Schmalspurbahn nach Bakuriani. Alle \u00dcbernachtung in Bakuriani.<\/p>\n<p><strong>2. Tag: Zichisdschwari &#8211; ein Griechendorf<\/strong><br \/>\nDie erste Wanderung (4-5 Stunden) ist noch nicht besonders anstrengend. Sie f\u00fchrt durch den wundersch\u00f6nen Grund des Vulkankraters, in dem Bakuriani liegt, nach Zichisdschwari. Das Dorf wird fast ausschlie\u00dflich von Griechen bewohnt. Ein kleines Thermalbad l\u00e4dt zum Schwimmen ein.<\/p>\n<p><strong>3. Tag: Kaukasus-Panorama auf dem Kochta<\/strong><br \/>\nDie zweite Wanderung (5-6 Stunden) f\u00fchrt auf den Kochta, den Hausberg von Bakuriani. Von hier aus k\u00f6nnen Sie noch weiter den Kraterrand hinaufwandern oder ganz einfach das atemberaubende Kaukasus-Panorama genie\u00dfen. Bei guter Fernsicht k\u00f6nnen Sie sogar Elbrus und Kazbek sehen.<\/p>\n<p><strong>4. Tag: Zum Tabatzkuri-See<\/strong><br \/>\nDie heutige Wanderung (5-6 Stunden) f\u00fchrt zum Tabatzkuri-See. Wer will, kann den Weg wieder zur\u00fcck gehen (3-4 Stunden), ansonsten wird ein Autotransfer \u00fcber den Zrazkaro-Pass (2.454 m) organisiert.<\/p>\n<p><strong>5. Tag: Erholung oder Gipfelsturm<\/strong><br \/>\nEin Tag zum Erholen in Bakuriani. Wer die Anstrengung liebt, kann vom D\u00f6rfchen Zichisdschwari aus den 2.850 m hohen Gipfel des Karakaja angehen.<\/p>\n<p><strong>6. Tag: Zur\u00fcck nach Tbilissi<\/strong><br \/>\nAuf dem R\u00fcckweg nach Tbilissi besichtigen Sie die vorchristliche H\u00f6hlenstadt Uplisziche, die Kirche Ateni Sioni und das Stalin-Geburtshaus in Gori. \u00dcbernachtung in Tbilissi.<\/p>\n<p><strong>7. Tag: Ein tag in der georgischen Hauptstadt<\/strong><br \/>\nZum Abschlu\u00df erwandern Sie sich noch die georgische Hauptstatd, bevor wir Sie zu einem Abschiedsabend mit &#8222;Neuer Georgischer K\u00fcche&#8220; einladen. \u00dcbernachtung in Tbilissi.<\/p>\n<p><span style=\"text-decoration: underline;\"><strong>Unsere Leistungen:<\/strong><\/span><br \/>\nalle Transfers ab\/bis Flughafen Tbilisi; Unterbringung: DZ mit Vollpension (Mittagessen meist als Picknick) in Tbilissi in einem landes\u00fcblichen **-Hotel (andere Hotelkategorie oder EZ gegen Aufpreis), in Bakuriani im Hotel Apollon oder einem gleichwertigen G\u00e4stehaus. Alle Eintritte f\u00fcr Kirchen und Museen, qualifizierte deutschsprachige Reiseleitung; ortskundige Wanderf\u00fchrung,\u00a0 Touristenkarte.<\/p>\n<p><span style=\"text-decoration: underline;\"><strong>Besondere Hinweis:<\/strong><\/span>\u00a0 F\u00fcr die Wanderungen sind kn\u00f6chelhohe Wanderschuhe und Wanderausr\u00fcstung Voraussetzung.<\/p>\n<p><strong>Beste Reisezeit:<\/strong>\u00a0 Mai bis Oktober,<\/p>\n<p><strong>Individuelle Termine:\u00a0 <\/strong>jederzeit auf Anfrage<\/p>\n<p><strong>Pauschalpreis pro Person: \u00a0<\/strong> Preis auf Anfrage<br \/>\n(Gruppengr\u00f6\u00dfe: 6-9 Personen)<br \/>\nPreise f\u00fcr weitere Gruppengr\u00f6\u00dfen auf Anfrage<\/p>\n<p><strong>Zusatzkosten:<\/strong><br \/>\nFl\u00fcge, Einzelzimmerzuschlag, evtl. zus\u00e4tzliche \u00dcbernachtungen In Tbilissi je nach Ankunfts- und Abbflugzeiten.<br \/>\nVisageb\u00fchren fallen z.Z. nicht an<\/p>\n<p><strong>Anreise:<\/strong><br \/>\nDa in den letzten Jahren immer mehr Reisende ihre Fl\u00fcge preiswert und individuell \u00fcber das Internet buchen, bieten wir unsere Reisen ohne Flug an. Wir sind Ihnen aber gerne bei der Suche nach einem preiswerten und geeigneten Flug nach Ihren individuellen W\u00fcnschen behilflich:<\/p>\n<p>Bei gr\u00f6\u00dferen Reisegruppen k\u00f6nnen wir \u00fcber unseren Partner gerne die Reservierung und Buchung des Fluges \u00fcbernehmen.<\/p>\n<p>Bedingt durch die individuellen An- und Abflugszeiten k\u00f6nnen sich am ersten und letzen Tag Programm\u00e4nderungen ergeben.<\/p>\n<p>Veranstalter ist unsere Schwesterfirma-Firma <em><b>ERKA TRAVEL CAUCASUS Ltd<\/b><\/em><strong>.<\/strong> in Tbilissi.<\/p>\n<p><strong>Buchung per e-mail:<\/strong><br \/>\n<a href=\"mailto:service@erkareisen.de\">service@erkareisen.de<\/a><\/p>\n","protected":false},"excerpt":{"rendered":"<p>Georgien: Panoramablick und Griechendorf 1 Woche Einen sch\u00f6nen Wanderurlaub bieten wir in Bakuriani, dem beliebten Ferienort im Kleinen Kaukasus. Unser Quartier ist das Hotel &#8222;Apollon&#8220;, ein gem\u00fctliches Gasthaus mit freundlichem Service. Die Tagestouren k\u00f6nnen auf das Leistungsverm\u00f6gen der einzelnen Wandergruppen &hellip; <a href=\"https:\/\/www.erkareisen.com\/?page_id=72\">Weiter<\/a><\/p>\n","protected":false},"author":2,"featured_media":0,"parent":0,"menu_order":0,"comment_status":"closed","ping_status":"closed","template":"","meta":{"kt_blocks_editor_width":"","ngg_post_thumbnail":0},"_links":{"self":[{"href":"https:\/\/www.erkareisen.com\/index.php?rest_route=\/wp\/v2\/pages\/72"}],"collection":[{"href":"https:\/\/www.erkareisen.com\/index.php?rest_route=\/wp\/v2\/pages"}],"about":[{"href":"https:\/\/www.erkareisen.com\/index.php?rest_route=\/wp\/v2\/types\/page"}],"author":[{"embeddable":true,"href":"https:\/\/www.erkareisen.com\/index.php?rest_route=\/wp\/v2\/users\/2"}],"replies":[{"embeddable":true,"href":"https:\/\/www.erkareisen.com\/index.php?rest_route=%2Fwp%2Fv2%2Fcomments&post=72"}],"version-history":[{"count":13,"href":"https:\/\/www.erkareisen.com\/index.php?rest_route=\/wp\/v2\/pages\/72\/revisions"}],"predecessor-version":[{"id":1205,"href":"https:\/\/www.erkareisen.com\/index.php?rest_route=\/wp\/v2\/pages\/72\/revisions\/1205"}],"wp:attachment":[{"href":"https:\/\/www.erkareisen.com\/index.php?rest_route=%2Fwp%2Fv2%2Fmedia&parent=72"}],"curies":[{"name":"wp","href":"https:\/\/api.w.org\/{rel}","templated":true}]}}