{"id":74,"date":"2013-02-26T22:06:20","date_gmt":"2013-02-26T22:06:20","guid":{"rendered":"http:\/\/s414282258.online.de\/ErkaReiseWP\/?page_id=74"},"modified":"2013-04-28T09:52:02","modified_gmt":"2013-04-28T07:52:02","slug":"wandern-in-swanetien","status":"publish","type":"page","link":"https:\/\/www.erkareisen.com\/?page_id=74","title":{"rendered":"Wandern in Swanetien"},"content":{"rendered":"<figure id=\"attachment_487\" class=\"thumbnail wp-caption aligncenter\" style=\"width: 300px\"><a href=\"http:\/\/s414282258.online.de\/ErkaReiseWP\/wp-content\/uploads\/2013\/03\/geo_swan_wandern_IMG_24.jpg\"><img loading=\"lazy\" class=\"size-medium wp-image-487\" alt=\"Am Uigir-Pass\" src=\"http:\/\/s414282258.online.de\/ErkaReiseWP\/wp-content\/uploads\/2013\/03\/geo_swan_wandern_IMG_24-300x225.jpg\" width=\"300\" height=\"225\" srcset=\"https:\/\/www.erkareisen.com\/wp-content\/uploads\/2013\/03\/geo_swan_wandern_IMG_24-300x225.jpg 300w, https:\/\/www.erkareisen.com\/wp-content\/uploads\/2013\/03\/geo_swan_wandern_IMG_24-150x112.jpg 150w, https:\/\/www.erkareisen.com\/wp-content\/uploads\/2013\/03\/geo_swan_wandern_IMG_24-190x142.jpg 190w, https:\/\/www.erkareisen.com\/wp-content\/uploads\/2013\/03\/geo_swan_wandern_IMG_24-60x45.jpg 60w, https:\/\/www.erkareisen.com\/wp-content\/uploads\/2013\/03\/geo_swan_wandern_IMG_24-400x300.jpg 400w, https:\/\/www.erkareisen.com\/wp-content\/uploads\/2013\/03\/geo_swan_wandern_IMG_24.jpg 1024w\" sizes=\"(max-width: 300px) 100vw, 300px\" \/><\/a><figcaption class=\"caption wp-caption-text\">Am Uigir-Pass<\/figcaption><\/figure>\n<h2 style=\"text-align: center;\"><strong>Wandertour von Betscho nach Uschguli<\/strong><\/h2>\n<p style=\"text-align: center;\"><strong>2 Wochen<\/strong><br \/>\nIndividuelle Termine von Juni bis Oktober<\/p>\n<p>Eine der interessantesten Wanderrouten in Georgien f\u00fchrt durch die abgeschiedene Hochgebirgsprovinz Swanetien. Das Ziel ist Uschguli, das h\u00f6chst gelegene Dorf Europas. Sie wandern von Dorf zu Dorf und \u00fcbernachten in einfachen, l\u00e4ndlichen Quartieren. Diese Quartiere sind sorgf\u00e4ltig ausgesucht und immer sauber, erfordern aber vom Wanderer einen gewissen Komfortverzicht. Nicht \u00fcberall gibt es Duschen oder warmes Wasser, daf\u00fcr erleben Sie die Gastfreundschaft dieses Volksstammes hautnah. Und Sie erwandern sich die sch\u00f6nsten D\u00f6rfer Swanetiens und die herrlichsten Schatzkammern dieser Region. Denn es gibt in nahezu jedem Dorf eine oder mehrere kleine Kirchlein, deren Besuch sich lohnt. Sie sind meist mit Fresken aus dem 10. oder 11. Jahrhundert ausgemalt, ein Zeichen f\u00fcr den Reichtum der Swanen im Mittelalter.<br \/>\nProgramm\u00e4nderungen vorbehalten.<\/p>\n<p><strong>Programm:<br \/>\n1. Tag: Mzcheta und Kutaissi<\/strong><br \/>\nFahrt nach Westgeorgien, unterwegs besichtigen Sie die wichtigsten kulturhistorischen Sehensw\u00fcrdigkeiten in Mzcheta (Dschwari-Kirche und Kathedrale Sweti Zchoweli) und Kutaissi (Bagrati-Kathedrale). \u00dcbernachtung in Kutaissi.<\/p>\n<p><strong>2. Tag: Am Inguri entlang nach Swanetien<\/strong><br \/>\nVon Kutaissi aus fahren Sie am Inguri-Flu\u00df entlang nach Ober-Swanetien, eine Fahrt von der subtropischen Kolchis in den hochalpinen Kaukasus. Genie\u00dfen Sie die aufregend sch\u00f6nen Schluchten und Tallandschaften des Inguri. \u00dcbernachtung in einem einfachen G\u00e4stehaus in Betscho, am Fu\u00dfe des 4.700 m hohen Uschba, einem eindrucksvollen Solit\u00e4r.<\/p>\n<figure id=\"attachment_473\" class=\"thumbnail wp-caption alignleft\" style=\"width: 150px\"><a href=\"http:\/\/s414282258.online.de\/ErkaReiseWP\/wp-content\/uploads\/2013\/03\/geo_swan_uschba_IMG_2157.jpg\"><img loading=\"lazy\" class=\"size-thumbnail wp-image-473\" alt=\"Uschba\" src=\"http:\/\/s414282258.online.de\/ErkaReiseWP\/wp-content\/uploads\/2013\/03\/geo_swan_uschba_IMG_2157-150x112.jpg\" width=\"150\" height=\"112\" srcset=\"https:\/\/www.erkareisen.com\/wp-content\/uploads\/2013\/03\/geo_swan_uschba_IMG_2157-150x112.jpg 150w, https:\/\/www.erkareisen.com\/wp-content\/uploads\/2013\/03\/geo_swan_uschba_IMG_2157-300x225.jpg 300w, https:\/\/www.erkareisen.com\/wp-content\/uploads\/2013\/03\/geo_swan_uschba_IMG_2157-190x142.jpg 190w, https:\/\/www.erkareisen.com\/wp-content\/uploads\/2013\/03\/geo_swan_uschba_IMG_2157-60x45.jpg 60w, https:\/\/www.erkareisen.com\/wp-content\/uploads\/2013\/03\/geo_swan_uschba_IMG_2157-400x300.jpg 400w, https:\/\/www.erkareisen.com\/wp-content\/uploads\/2013\/03\/geo_swan_uschba_IMG_2157.jpg 1024w\" sizes=\"(max-width: 150px) 100vw, 150px\" \/><\/a><figcaption class=\"caption wp-caption-text\">Uschba<\/figcaption><\/figure>\n<p><strong>3. Tag: Tageswanderung zum Uschba-Gletscher<\/strong><br \/>\nEine sch\u00f6ne, aber anstrengede Tageswanderung f\u00fchrt vom Dorf Mazeri unterhalb des Uschba \u00fcber den Uschba-Wasserfall bis zum Uschba-Gletscher. (ca. 9 Stunden, H\u00f6henunterschied: 1.200 m). Die Tour kann auch abgek\u00fcrzt werden (ca. 4 Stunden, H\u00f6henunterschied: 250 m). \u00dcbernachtung in Betscho.<\/p>\n<p><strong>4. Tag: Tageswanderung von Betscho nach Mestia<\/strong><br \/>\nDie Wanderstrecke f\u00fchrt \u00fcber die Tebdiashi-Kette (ca. 2.900 m) in die Provinzhauptstadt Mestia. \u00dcbernachtung in Mestia in einem komfortablen Hotel.<\/p>\n<p><strong>5. Tag: Von Mestia nach Jabeschi<\/strong><br \/>\nAm Vormittag besichtigen Sie das bemerkenswerte Ikonenmuseum und das Matschubi-Museum. Am Nachmittag wandern Sie zum D\u00f6rfchen Mulachi am Fu\u00dfe des Berges Tetnuldi und am Ende eines Inguri-Seitentales (ca. 4 Stunden, H\u00f6henunterschied: ca. 500 m). \u00dcbernachtung in einem Bauernhaus im D\u00f6rfchen Jabeschi.<\/p>\n<figure id=\"attachment_490\" class=\"thumbnail wp-caption alignright\" style=\"width: 150px\"><a href=\"http:\/\/s414282258.online.de\/ErkaReiseWP\/wp-content\/uploads\/2013\/03\/geo_swan_wanderung_IMG_235.jpg\"><img loading=\"lazy\" class=\"size-thumbnail wp-image-490\" alt=\"Aufstieg zum Tviberi-Gletscher\" src=\"http:\/\/s414282258.online.de\/ErkaReiseWP\/wp-content\/uploads\/2013\/03\/geo_swan_wanderung_IMG_235-150x112.jpg\" width=\"150\" height=\"112\" srcset=\"https:\/\/www.erkareisen.com\/wp-content\/uploads\/2013\/03\/geo_swan_wanderung_IMG_235-150x112.jpg 150w, https:\/\/www.erkareisen.com\/wp-content\/uploads\/2013\/03\/geo_swan_wanderung_IMG_235-300x225.jpg 300w, https:\/\/www.erkareisen.com\/wp-content\/uploads\/2013\/03\/geo_swan_wanderung_IMG_235-190x142.jpg 190w, https:\/\/www.erkareisen.com\/wp-content\/uploads\/2013\/03\/geo_swan_wanderung_IMG_235-60x45.jpg 60w, https:\/\/www.erkareisen.com\/wp-content\/uploads\/2013\/03\/geo_swan_wanderung_IMG_235-400x300.jpg 400w, https:\/\/www.erkareisen.com\/wp-content\/uploads\/2013\/03\/geo_swan_wanderung_IMG_235.jpg 1024w\" sizes=\"(max-width: 150px) 100vw, 150px\" \/><\/a><figcaption class=\"caption wp-caption-text\">Aufstieg zum Tviberi-Gletscher<\/figcaption><\/figure>\n<p><strong>6. Tag: Tageswanderung \u00a0zum Tviberi-Gletscher<\/strong><br \/>\nEine mittelschwere Tageswanderung f\u00fchrt durch die Tviberischlucht zum Tviberi-Gletscher. (ca. 6 Stunden, H\u00f6henunterschied: 750 m). \u00dcbernachtung im D\u00f6rfchen Jabeschi<\/p>\n<p><strong>7. Tag: \u00dcber den Mulachi-Pass nach Ipari<\/strong><br \/>\nSie wandern \u00fcber den sch\u00f6nen Mulachi-Pass, immer den Uschba und einige der sch\u00f6nsten Wehrd\u00f6rfer Swanetiens im Blick. Auf der anderen Seite des Passes geht es hinab ins D\u00f6rfchen Ipari, an dem Sie wieder den Inguri-Fluss erreichen. (ca. 6 Stunden, H\u00f6henunterschied: 900 m). \u00dcbernachtung in einem einfachen Bauernhaus in Ipari.<\/p>\n<p><strong>8. Tag: Ipari und Adischi<\/strong><br \/>\nBei einem Spaziergang in Ipari besuchen Sie die kleine Georgskirche, ein verborgenes Kleinod. Am Nachmttag wandern Sie hinauf zum abgeschiedenen D\u00f6rfchen Adischi. Sie besichtigen die Dorfkirche mit ihrem wertvollen Schatz an Ikonen und Prozessionskreuzen. (ca. 4 Stunden, H\u00f6henunterschied: 700 m). \u00dcbernachtung in einem einfchen Bauernhaus in Adishi.<\/p>\n<figure id=\"attachment_465\" class=\"thumbnail wp-caption alignleft\" style=\"width: 150px\"><a href=\"http:\/\/s414282258.online.de\/ErkaReiseWP\/wp-content\/uploads\/2013\/03\/geo_swan_iprali_IMG_2916.jpg\"><img loading=\"lazy\" class=\"size-thumbnail wp-image-465\" alt=\"Iprali\" src=\"http:\/\/s414282258.online.de\/ErkaReiseWP\/wp-content\/uploads\/2013\/03\/geo_swan_iprali_IMG_2916-150x112.jpg\" width=\"150\" height=\"112\" srcset=\"https:\/\/www.erkareisen.com\/wp-content\/uploads\/2013\/03\/geo_swan_iprali_IMG_2916-150x112.jpg 150w, https:\/\/www.erkareisen.com\/wp-content\/uploads\/2013\/03\/geo_swan_iprali_IMG_2916-300x225.jpg 300w, https:\/\/www.erkareisen.com\/wp-content\/uploads\/2013\/03\/geo_swan_iprali_IMG_2916-190x142.jpg 190w, https:\/\/www.erkareisen.com\/wp-content\/uploads\/2013\/03\/geo_swan_iprali_IMG_2916-60x45.jpg 60w, https:\/\/www.erkareisen.com\/wp-content\/uploads\/2013\/03\/geo_swan_iprali_IMG_2916-400x300.jpg 400w, https:\/\/www.erkareisen.com\/wp-content\/uploads\/2013\/03\/geo_swan_iprali_IMG_2916.jpg 1024w\" sizes=\"(max-width: 150px) 100vw, 150px\" \/><\/a><figcaption class=\"caption wp-caption-text\">Iprali<\/figcaption><\/figure>\n<p><strong>9. Tag: Kala und die Wallfahrtskirche Lagurka<\/strong><br \/>\nVon Adischi wandern Sie zum Dorf Kala (ca. 6 Stunden, H\u00f6henunterschied 500 m) mit seiner wundersch\u00f6n gelegenen Wallfahrtskirche Lagurka, der wichtigsten Kirche in Swanetien. \u00dcbernachtung in einer konfortabel ausgebauten\u00a0 Familienpension im Ortsteil Iprali hoch \u00fcber Kala. Auch auf diesem Bauernhof befindet sich eine sehenswerte kleine Kirche mit interessanten Fresken.<\/p>\n<figure id=\"attachment_363\" class=\"thumbnail wp-caption alignright\" style=\"width: 150px\"><a href=\"http:\/\/s414282258.online.de\/ErkaReiseWP\/wp-content\/uploads\/2013\/03\/geo_swan_uschguli.jpg\"><img loading=\"lazy\" class=\"size-thumbnail wp-image-363\" alt=\"Uschguli\" src=\"http:\/\/s414282258.online.de\/ErkaReiseWP\/wp-content\/uploads\/2013\/03\/geo_swan_uschguli-150x106.jpg\" width=\"150\" height=\"106\" srcset=\"https:\/\/www.erkareisen.com\/wp-content\/uploads\/2013\/03\/geo_swan_uschguli-150x106.jpg 150w, https:\/\/www.erkareisen.com\/wp-content\/uploads\/2013\/03\/geo_swan_uschguli-300x212.jpg 300w, https:\/\/www.erkareisen.com\/wp-content\/uploads\/2013\/03\/geo_swan_uschguli-190x134.jpg 190w, https:\/\/www.erkareisen.com\/wp-content\/uploads\/2013\/03\/geo_swan_uschguli-60x42.jpg 60w, https:\/\/www.erkareisen.com\/wp-content\/uploads\/2013\/03\/geo_swan_uschguli-400x283.jpg 400w, https:\/\/www.erkareisen.com\/wp-content\/uploads\/2013\/03\/geo_swan_uschguli.jpg 1024w\" sizes=\"(max-width: 150px) 100vw, 150px\" \/><\/a><figcaption class=\"caption wp-caption-text\">Uschguli<\/figcaption><\/figure>\n<p><strong>10. Tag: Zum h\u00f6chsten Dorf Europas<\/strong><br \/>\nNach einem Besuch der Wallfahrtskirche Lagurka (kurzer, aber steiler Aufstieg) wandern Sie nach Uschguli, dem am h\u00f6chsten gelegenen Dorf Europas (2.200 m). Es besteht aus drei kleinen Siedlungen und beherbergt eine wertvolle Ikonenschatzkammer, die Sie genauso besichtigen k\u00f6nnen wie die Kirche Lamaria, sofern Museums- und Kirchenw\u00e4chter nicht gerade in der Stadt sind oder in den Bergen. (ca. 6 Stunden, H\u00f6henunterschied 600 m). \u00dcbernachtung in Uschguli.<\/p>\n<figure id=\"attachment_353\" class=\"thumbnail wp-caption alignleft\" style=\"width: 150px\"><a href=\"http:\/\/s414282258.online.de\/ErkaReiseWP\/wp-content\/uploads\/2013\/03\/geo_swan_uschguli_schkara.jpg\"><img loading=\"lazy\" class=\"size-thumbnail wp-image-353\" alt=\"Auf dem Weg zum Schkchara-Gletscher\" src=\"http:\/\/s414282258.online.de\/ErkaReiseWP\/wp-content\/uploads\/2013\/03\/geo_swan_uschguli_schkara-150x106.jpg\" width=\"150\" height=\"106\" srcset=\"https:\/\/www.erkareisen.com\/wp-content\/uploads\/2013\/03\/geo_swan_uschguli_schkara-150x106.jpg 150w, https:\/\/www.erkareisen.com\/wp-content\/uploads\/2013\/03\/geo_swan_uschguli_schkara-300x212.jpg 300w, https:\/\/www.erkareisen.com\/wp-content\/uploads\/2013\/03\/geo_swan_uschguli_schkara-190x134.jpg 190w, https:\/\/www.erkareisen.com\/wp-content\/uploads\/2013\/03\/geo_swan_uschguli_schkara-60x42.jpg 60w, https:\/\/www.erkareisen.com\/wp-content\/uploads\/2013\/03\/geo_swan_uschguli_schkara-400x283.jpg 400w, https:\/\/www.erkareisen.com\/wp-content\/uploads\/2013\/03\/geo_swan_uschguli_schkara.jpg 1024w\" sizes=\"(max-width: 150px) 100vw, 150px\" \/><\/a><figcaption class=\"caption wp-caption-text\">Auf dem Weg zum Schkchara-Gletscher<\/figcaption><\/figure>\n<p><strong>11. Tag: Wanderung zum Schchara-Gletscher<\/strong><br \/>\nEine sch\u00f6ne Tages-Wanderung f\u00fchrt Sie in einem herrlichen Hochtal von Uschguli zum Schchara-Gletscher. (ca. 6 Stunden, H\u00f6henunterschied: 300 m). \u00dcbernachtung in Uschguli.<\/p>\n<p><strong>12. Tag: Zagar-Pass und Swanetischer Abend<\/strong><br \/>\nAm Vormittag wandern Sie auf den Zagar-Pass (2.623 m), von wo aus Sie nochmals eine herrliche Aussicht auf den Kaukasus-Hauptkamm genie\u00dfen k\u00f6nnen. (ca. 4 Stunden, H\u00f6henunterschied 300 m). Am Nachmittag fahren Sie zur\u00fcck nach Mestia zu einem swanetischen Abschiedsabend. \u00dcbernachtung in Mestia.<\/p>\n<p><strong>13. Tag: Zur\u00fcck nach Tbilissi<\/strong><br \/>\nAm Inguri entlang fahren Sie wieder zur\u00fcck in die kolchische Ebene und von da zur Hauptstadt, ein Gewalttrip von ca. 8 Stunden. \u00dcbernachtung in Tbilissi.<\/p>\n<p><strong>14. Tag: Ausspannen in Tbilissi<\/strong><br \/>\nDen letzten Tag k\u00f6nnen Sie in Tbilissi bummeln und ausspannen. Vielleicht besuchen Sie die hei\u00dfen Schw\u00e4felb\u00e4der in der Altstadt. \u00dcbernachtung in Tbilissi.<\/p>\n<p><span style=\"text-decoration: underline;\"><strong>Unsere Leistungen:<\/strong><\/span><br \/>\nAlle Transfers ab\/bis Flughafen Tbilisi; Unterbringung: DZ mit Vollpension (Mittagessen meist als Picknick) in Tbilissi in einem landes\u00fcblichen ***-Hotel (andere Hotelkategorie oder EZ gegen Aufpreis), im Land in landes\u00fcblichen guten Hotels oder Privatpensionen, in Swanetien teilweise in recht einfachen Bauernh\u00e4usern. Alle Eintritte f\u00fcr Kirchen und Museen, ortskundige Wanderf\u00fchrung (englisch), Touristenkarte.<\/p>\n<p>Gep\u00e4cktransfer von \u00dcbernachtungsquartier zu \u00dcbernachtungsquartier ist m\u00f6glich, ebenso das Anmieten von Packpferden.<\/p>\n<p><strong>Besondere Hinweis:<\/strong> F\u00fcr die Wanderungen ist eine gute Wanderausr\u00fcstung notwendig.<\/p>\n<p><strong>Pauschalpreis pro Person:<\/strong> Preis auf Anfrage<br \/>\n(Gruppengr\u00f6\u00dfe: 6 Personen)<br \/>\nPreise f\u00fcr weitere Gruppengr\u00f6\u00dfen auf Anfrage<\/p>\n<p><span style=\"text-decoration: underline;\"><strong>Zusatzkosten:<\/strong><\/span><br \/>\nFl\u00fcge, Einzelzimmerzuschlag, evtl. zus\u00e4tzliche \u00dcbernachtungen In Tbilissi je nach Ankunfts- und Abflugzeiten.<\/p>\n<p><strong>Anreise:<\/strong><br \/>\nDa in den letzten Jahren immer mehr Reisende ihre Fl\u00fcge preiswert und individuell \u00fcber das Internet buchen, bieten wir unsere Reisen ohne Flug an. Wir sind Ihnen aber gerne bei der Suche nach einem preiswerten und geeigneten Flug nach Ihren individuellen W\u00fcnschen behilflich.<\/p>\n<p>Bei gr\u00f6\u00dferen Reisegruppen k\u00f6nnen wir \u00fcber unseren Partner gerne die Reservierung und Buchung des Fluges \u00fcbernehmen.<\/p>\n<p>Bedingt durch die individuellen An- und Abflugszeiten k\u00f6nnen sich am ersten und letzen Tag Programm\u00e4nderungen ergeben.<\/p>\n<p>Veranstalter ist unsere Schwesterfirma-Firma <em><b>ERKA TRAVEL CAUCASUS Ltd<\/b><\/em><strong>.<\/strong> in Tbilissi.<\/p>\n<p><strong>Buchung per e-mail:<\/strong><br \/>\n<a href=\"mailto:service@erkareisen.de\">service@erkareisen.de<\/a><\/p>\n","protected":false},"excerpt":{"rendered":"<p>Wandertour von Betscho nach Uschguli 2 Wochen Individuelle Termine von Juni bis Oktober Eine der interessantesten Wanderrouten in Georgien f\u00fchrt durch die abgeschiedene Hochgebirgsprovinz Swanetien. Das Ziel ist Uschguli, das h\u00f6chst gelegene Dorf Europas. Sie wandern von Dorf zu Dorf &hellip; <a href=\"https:\/\/www.erkareisen.com\/?page_id=74\">Weiter<\/a><\/p>\n","protected":false},"author":2,"featured_media":320,"parent":0,"menu_order":0,"comment_status":"closed","ping_status":"closed","template":"","meta":{"kt_blocks_editor_width":"","ngg_post_thumbnail":0},"_links":{"self":[{"href":"https:\/\/www.erkareisen.com\/index.php?rest_route=\/wp\/v2\/pages\/74"}],"collection":[{"href":"https:\/\/www.erkareisen.com\/index.php?rest_route=\/wp\/v2\/pages"}],"about":[{"href":"https:\/\/www.erkareisen.com\/index.php?rest_route=\/wp\/v2\/types\/page"}],"author":[{"embeddable":true,"href":"https:\/\/www.erkareisen.com\/index.php?rest_route=\/wp\/v2\/users\/2"}],"replies":[{"embeddable":true,"href":"https:\/\/www.erkareisen.com\/index.php?rest_route=%2Fwp%2Fv2%2Fcomments&post=74"}],"version-history":[{"count":23,"href":"https:\/\/www.erkareisen.com\/index.php?rest_route=\/wp\/v2\/pages\/74\/revisions"}],"predecessor-version":[{"id":1178,"href":"https:\/\/www.erkareisen.com\/index.php?rest_route=\/wp\/v2\/pages\/74\/revisions\/1178"}],"wp:featuredmedia":[{"embeddable":true,"href":"https:\/\/www.erkareisen.com\/index.php?rest_route=\/wp\/v2\/media\/320"}],"wp:attachment":[{"href":"https:\/\/www.erkareisen.com\/index.php?rest_route=%2Fwp%2Fv2%2Fmedia&parent=74"}],"curies":[{"name":"wp","href":"https:\/\/api.w.org\/{rel}","templated":true}]}}