{"id":938,"date":"2013-04-17T16:06:37","date_gmt":"2013-04-17T14:06:37","guid":{"rendered":"http:\/\/s414282258.online.de\/ErkaReiseWP\/?page_id=938"},"modified":"2013-04-28T10:26:22","modified_gmt":"2013-04-28T08:26:22","slug":"georgien-wiege-des-weinbaus","status":"publish","type":"page","link":"https:\/\/www.erkareisen.com\/?page_id=938","title":{"rendered":"Weinland Kachetien"},"content":{"rendered":"<h2 style=\"text-align: center;\" align=\"left\"><strong><a href=\"http:\/\/s414282258.online.de\/ErkaReiseWP\/wp-content\/uploads\/2013\/02\/geo_01_07_Dionysos-Mosaik-M.jpg\"><img loading=\"lazy\" class=\"aligncenter\" alt=\"geo_01_07_Dionysos-Mosaik-M\" src=\"http:\/\/s414282258.online.de\/ErkaReiseWP\/wp-content\/uploads\/2013\/02\/geo_01_07_Dionysos-Mosaik-M-300x146.jpg\" width=\"300\" height=\"146\" \/><\/a><em><br \/>\n<\/em><\/strong>Exklusive Studienreise durch die bekannteste Weinbauregion Georgiens<\/h2>\n<p style=\"text-align: center;\" align=\"left\"><strong>1 Woche<\/strong><br \/>\nganzj\u00e4hrig buchbar<\/p>\n<p align=\"left\"><strong><br \/>\n<\/strong>Georgien und der Weinbau &#8211; eine Jahrtausende alte Geschichte. F\u00fcr ERKA-Reisen eine besondere Verpflichtung, sich dem Thema Wein in dieser exklusiven Studienreise intensiv zu widmen. Nat\u00fcrlich mit einem Besuch der wichtigsten Weing\u00fcter, aber auch mit Stippvisiten bei kleinen Privatwinzern, die sich vor wenigen Jahren auf den Weg gemacht haben, dem georgischen Wein auch individuelle Noten und vor allem individuelle Klasse zu verleihen.\u00a0 Eine intensive Themenreise, wie sie nur ERKA-Reisen mit seiner 20-j\u00e4hrigen Erfahrung in Georgien anbieten kann.<\/p>\n<p align=\"left\"><strong>Programm <\/strong><\/p>\n<p align=\"left\"><strong>1. Tag: Flug nach Tbilissi<\/strong><br \/>\nTransfer zum Hotel. \u00dcbernachtung in Tbilissi.<\/p>\n<figure id=\"attachment_610\" class=\"thumbnail wp-caption alignleft\" style=\"width: 150px\"><a href=\"http:\/\/s414282258.online.de\/ErkaReiseWP\/wp-content\/uploads\/2013\/03\/geo_tbs_museum_IMG_5937.jpg\"><img loading=\"lazy\" class=\"size-thumbnail wp-image-610\" alt=\"Schatzkammer im Nationalmuseum Tbilissi\" src=\"http:\/\/s414282258.online.de\/ErkaReiseWP\/wp-content\/uploads\/2013\/03\/geo_tbs_museum_IMG_5937-150x112.jpg\" width=\"150\" height=\"112\" srcset=\"https:\/\/www.erkareisen.com\/wp-content\/uploads\/2013\/03\/geo_tbs_museum_IMG_5937-150x112.jpg 150w, https:\/\/www.erkareisen.com\/wp-content\/uploads\/2013\/03\/geo_tbs_museum_IMG_5937-300x224.jpg 300w, https:\/\/www.erkareisen.com\/wp-content\/uploads\/2013\/03\/geo_tbs_museum_IMG_5937-190x141.jpg 190w, https:\/\/www.erkareisen.com\/wp-content\/uploads\/2013\/03\/geo_tbs_museum_IMG_5937-60x44.jpg 60w, https:\/\/www.erkareisen.com\/wp-content\/uploads\/2013\/03\/geo_tbs_museum_IMG_5937-400x298.jpg 400w, https:\/\/www.erkareisen.com\/wp-content\/uploads\/2013\/03\/geo_tbs_museum_IMG_5937.jpg 1024w\" sizes=\"(max-width: 150px) 100vw, 150px\" \/><\/a><figcaption class=\"caption wp-caption-text\">Schatzkammer im Nationalmuseum Tbilissi<\/figcaption><\/figure>\n<p><strong>2. Tag: Stadtrundgang Tbilissi<\/strong><br \/>\nWir zeigen Ihnen die Sch\u00f6nheiten der georgischen Hauptstadt, u.a. auch die Schatzkammer des Historischen Museums mit ihren reichhaltingen Goldfunden aus der Kolchiszeit. Zum Mittagessen laden wir Sie in ein traditionelles Chatschapuri-Restaurant ein. Zum Abend bietet Ihnen die K\u00fcche des Hotels Kartli eine georgische Tafel, &#8222;Supra&#8220; genannt, mit vielen georgischen Spezialit\u00e4ten. Dazu gibt es die erste Weinprobe. \u00dcbernachtung in Tbilissi.<\/p>\n<figure id=\"attachment_580\" class=\"thumbnail wp-caption alignright\" style=\"width: 150px\"><a href=\"http:\/\/s414282258.online.de\/ErkaReiseWP\/wp-content\/uploads\/2013\/03\/geo_anaga_IMG_3340.jpg\"><img loading=\"lazy\" class=\"size-thumbnail wp-image-580\" alt=\"Biowinzer Nika Bakhia\" src=\"http:\/\/s414282258.online.de\/ErkaReiseWP\/wp-content\/uploads\/2013\/03\/geo_anaga_IMG_3340-150x110.jpg\" width=\"150\" height=\"110\" srcset=\"https:\/\/www.erkareisen.com\/wp-content\/uploads\/2013\/03\/geo_anaga_IMG_3340-150x110.jpg 150w, https:\/\/www.erkareisen.com\/wp-content\/uploads\/2013\/03\/geo_anaga_IMG_3340-300x220.jpg 300w, https:\/\/www.erkareisen.com\/wp-content\/uploads\/2013\/03\/geo_anaga_IMG_3340-190x139.jpg 190w, https:\/\/www.erkareisen.com\/wp-content\/uploads\/2013\/03\/geo_anaga_IMG_3340-60x44.jpg 60w, https:\/\/www.erkareisen.com\/wp-content\/uploads\/2013\/03\/geo_anaga_IMG_3340-400x294.jpg 400w, https:\/\/www.erkareisen.com\/wp-content\/uploads\/2013\/03\/geo_anaga_IMG_3340.jpg 1024w\" sizes=\"(max-width: 150px) 100vw, 150px\" \/><\/a><figcaption class=\"caption wp-caption-text\">Biowinzer Nika Bakhia<\/figcaption><\/figure>\n<p style=\"text-align: left;\"><strong>3. Tag: Fahrt nach Kachetien<\/strong><br \/>\n\u00dcber das Touristenst\u00e4dtchen Signahi und das Kloster Bodbe, die Grabeskirche der hl. Nino, erreichen wir das Dorf Anaga im Alasanital. Dort betreibt Nika Bakhia, von Hause aus bildender K\u00fcnstler, einen kleinen Winzerbetrieb in der traditionellen georgischen Kvevri-Technologie. Nika ist in Deutschland als Bildhauer bekannt, er verkauft einen gro\u00dfen Teil seiner Weine auch \u00fcber Fachh\u00e4ndler in Deutschland. Weinprobe mit Mittagessen bei Nika Bakhia. \u00dcbernachtung in Telavi.<\/p>\n<figure id=\"attachment_1099\" class=\"thumbnail wp-caption alignleft\" style=\"width: 150px\"><a href=\"http:\/\/s414282258.online.de\/ErkaReiseWP\/wp-content\/uploads\/2013\/04\/geo_alaverdi_IMG_8176.jpg\"><img loading=\"lazy\" class=\"size-thumbnail wp-image-1099 \" alt=\"Klosterkellerei Alaverdi\" src=\"http:\/\/s414282258.online.de\/ErkaReiseWP\/wp-content\/uploads\/2013\/04\/geo_alaverdi_IMG_8176-150x106.jpg\" width=\"150\" height=\"106\" srcset=\"https:\/\/www.erkareisen.com\/wp-content\/uploads\/2013\/04\/geo_alaverdi_IMG_8176-150x106.jpg 150w, https:\/\/www.erkareisen.com\/wp-content\/uploads\/2013\/04\/geo_alaverdi_IMG_8176-300x212.jpg 300w, https:\/\/www.erkareisen.com\/wp-content\/uploads\/2013\/04\/geo_alaverdi_IMG_8176-190x134.jpg 190w, https:\/\/www.erkareisen.com\/wp-content\/uploads\/2013\/04\/geo_alaverdi_IMG_8176-60x42.jpg 60w, https:\/\/www.erkareisen.com\/wp-content\/uploads\/2013\/04\/geo_alaverdi_IMG_8176-400x283.jpg 400w, https:\/\/www.erkareisen.com\/wp-content\/uploads\/2013\/04\/geo_alaverdi_IMG_8176.jpg 1024w\" sizes=\"(max-width: 150px) 100vw, 150px\" \/><\/a><figcaption class=\"caption wp-caption-text\">Klosterkellerei Alaverdi<\/figcaption><\/figure>\n<p style=\"text-align: left;\"><strong class=\"size-thumbnail wp-image-1099\">4. Tag: Kellerei und Kathedrale Alaverdi<br \/>\n<\/strong>Neben einigen Kirchen und Kl\u00f6stern in Kachetien besichtigen wir die Kathedrale Alaverdi. Im Klosterhof haben M\u00f6nche in den letzten Jahren wieder eine Tradition aufgegriffen und eine einzigartige Weinkellerei wieder aufgebaut. Der \u00e4lteste, existierende Weinbaubetrieb Georgiens. Nat\u00fcrlich werden wir die Klosterweine testen. In einem Nachbardorf besuchen wir einen Handwerksbetrieb, der Kvevri herstellt. Das sind gro\u00dfe Tonamphoren, die im Boden eingelassen werden und in denen der Wein seit Jahrtausenden ausgebaut wird. Die Kvevri-Methode ist in den letzten Jahren auch vom gewerblichen Weinbau als Alleinstellungsmerkmal des georgischen Weins wieder entdeckt worden. \u00dcbernachtung in Telavi.<\/p>\n<figure id=\"attachment_1103\" class=\"thumbnail wp-caption alignright\" style=\"width: 150px\"><a href=\"http:\/\/s414282258.online.de\/ErkaReiseWP\/wp-content\/uploads\/2013\/04\/geo_schuch_IMG_8338.jpg\"><img loading=\"lazy\" class=\"size-thumbnail wp-image-1103\" alt=\"Kellerei Vinoterra\" src=\"http:\/\/s414282258.online.de\/ErkaReiseWP\/wp-content\/uploads\/2013\/04\/geo_schuch_IMG_8338-150x106.jpg\" width=\"150\" height=\"106\" srcset=\"https:\/\/www.erkareisen.com\/wp-content\/uploads\/2013\/04\/geo_schuch_IMG_8338-150x106.jpg 150w, https:\/\/www.erkareisen.com\/wp-content\/uploads\/2013\/04\/geo_schuch_IMG_8338-300x212.jpg 300w, https:\/\/www.erkareisen.com\/wp-content\/uploads\/2013\/04\/geo_schuch_IMG_8338-190x134.jpg 190w, https:\/\/www.erkareisen.com\/wp-content\/uploads\/2013\/04\/geo_schuch_IMG_8338-60x42.jpg 60w, https:\/\/www.erkareisen.com\/wp-content\/uploads\/2013\/04\/geo_schuch_IMG_8338-400x283.jpg 400w, https:\/\/www.erkareisen.com\/wp-content\/uploads\/2013\/04\/geo_schuch_IMG_8338.jpg 1024w\" sizes=\"(max-width: 150px) 100vw, 150px\" \/><\/a><figcaption class=\"caption wp-caption-text\">Kellerei Vinoterra<\/figcaption><\/figure>\n<p align=\"left\"><strong>5. Tag: Schuchmann &#8211; ein deutscher Wein-Investor<br \/>\n<\/strong>Nach einem gem\u00fctlichen Vormittag in Telawi besichtigen wir zun\u00e4chst das Kirchenensemble Gremi, danach Alt Schuamta mit seinem drei Kirchen aus dem 7. &#8211; 11. Jahrhundert. Im Weingut Vinoterra, das der deutsche Unternehmer Schuchmann in den letzten Jahren investierte, stehen Kvevris neben modernsten Stahltanks. Das Weingut Schuchmann gilt als eines der Vorzeige-Unternehmen des modernen georgischen Weinbaus. Auch hier wartet neben dem\u00a0 Abendessen eine ausf\u00fchrliche Weinprobe. \u00dcbernachtung in Telawi.<\/p>\n<figure id=\"attachment_1101\" class=\"thumbnail wp-caption alignleft\" style=\"width: 150px\"><a href=\"http:\/\/s414282258.online.de\/ErkaReiseWP\/wp-content\/uploads\/2013\/04\/geo_kvevri_IMG_8331.jpg\"><img loading=\"lazy\" class=\"size-thumbnail wp-image-1101 \" alt=\"Kvevri_Bauer\" src=\"http:\/\/s414282258.online.de\/ErkaReiseWP\/wp-content\/uploads\/2013\/04\/geo_kvevri_IMG_8331-150x106.jpg\" width=\"150\" height=\"106\" srcset=\"https:\/\/www.erkareisen.com\/wp-content\/uploads\/2013\/04\/geo_kvevri_IMG_8331-150x106.jpg 150w, https:\/\/www.erkareisen.com\/wp-content\/uploads\/2013\/04\/geo_kvevri_IMG_8331-300x212.jpg 300w, https:\/\/www.erkareisen.com\/wp-content\/uploads\/2013\/04\/geo_kvevri_IMG_8331-190x134.jpg 190w, https:\/\/www.erkareisen.com\/wp-content\/uploads\/2013\/04\/geo_kvevri_IMG_8331-60x42.jpg 60w, https:\/\/www.erkareisen.com\/wp-content\/uploads\/2013\/04\/geo_kvevri_IMG_8331-400x283.jpg 400w, https:\/\/www.erkareisen.com\/wp-content\/uploads\/2013\/04\/geo_kvevri_IMG_8331.jpg 1024w\" sizes=\"(max-width: 150px) 100vw, 150px\" \/><\/a><figcaption class=\"caption wp-caption-text\">Kvevri_Bauer<\/figcaption><\/figure>\n<p align=\"left\"><strong>6. Tag<\/strong><strong>: Eine F<\/strong><strong>amilien-Weinmanufaktur<br \/>\n<\/strong>Auf dem R\u00fcckweg nach Tbilissi besichtigen wir in Dorf Kardenaki noch eine georgische Familien-Weinmanufaktur und probieren bei einem Mittagessen selbstverst\u00e4ndlich auch dort die Weine. u.a. zwei Spezialit\u00e4ten, die nur in diesem Dorf angebaut werden. Georgien hat mehr als 300 autochtone Rebsorten, die es nirgendwo auf der Welt gibt. Ein genetisches Potenzial, das derzeit nur ansatzweise ausgenutzt wird. Abendessen und \u00dcbernachtung in Tbilissi.<\/p>\n<figure id=\"attachment_1102\" class=\"thumbnail wp-caption alignright\" style=\"width: 150px\"><a href=\"http:\/\/s414282258.online.de\/ErkaReiseWP\/wp-content\/uploads\/2013\/04\/geo_mukhrani_IMG_8477.jpg\"><img loading=\"lazy\" class=\"size-thumbnail wp-image-1102 \" alt=\"Weinprobe im Chateau Mukhrani\" src=\"http:\/\/s414282258.online.de\/ErkaReiseWP\/wp-content\/uploads\/2013\/04\/geo_mukhrani_IMG_8477-150x106.jpg\" width=\"150\" height=\"106\" srcset=\"https:\/\/www.erkareisen.com\/wp-content\/uploads\/2013\/04\/geo_mukhrani_IMG_8477-150x106.jpg 150w, https:\/\/www.erkareisen.com\/wp-content\/uploads\/2013\/04\/geo_mukhrani_IMG_8477-300x212.jpg 300w, https:\/\/www.erkareisen.com\/wp-content\/uploads\/2013\/04\/geo_mukhrani_IMG_8477-190x134.jpg 190w, https:\/\/www.erkareisen.com\/wp-content\/uploads\/2013\/04\/geo_mukhrani_IMG_8477-60x42.jpg 60w, https:\/\/www.erkareisen.com\/wp-content\/uploads\/2013\/04\/geo_mukhrani_IMG_8477-400x283.jpg 400w, https:\/\/www.erkareisen.com\/wp-content\/uploads\/2013\/04\/geo_mukhrani_IMG_8477.jpg 1024w\" sizes=\"(max-width: 150px) 100vw, 150px\" \/><\/a><figcaption class=\"caption wp-caption-text\">Weinprobe im Chateau Mukhrani<\/figcaption><\/figure>\n<p align=\"left\"><strong>7. Tag: Mzcheta und Chateau Mukhrani<br \/>\n<\/strong>In der historischen Hauptstadt Georgiens, Mzcheta, vor den Toren von Tbilissi gelegen, besichtigen wir die Dchwari-Kirche (6. Jahrhundert) und die Kathedrale Sweti Zchoweli. In einem Restaurant am Ufer der Kura geniessen wir Chinkali, bevor wir im Dorf Mukhrani eines der gr\u00f6\u00dften georgischen Weing\u00fcter besichtigen, das Chateau Mukhrani. Die fr\u00fchere Residenz der georgischen K\u00f6nigsfamilie wird derzeit von schwedischen und georgischen Investoren zu einem gro\u00dfen Tourismus-Magnet mit Reitanlagen und Golfpl\u00e4tzen umgestaltet. Das Weingut, ebenfalls neu angelegt, existiert seit ein paar Jahren und z\u00e4hlt zu den Flaggschiffen der georgischen Weinwirtschaft. Auch hier gibt\u00a0 eine entsprechende Weinprobe. Zum Abendessen servieren wir Ihnen in unserem Hotel Kartli ein Gourmet-Menu der &#8222;Neuen Georgischen K\u00fcche&#8220;, in dem wir traditionelle georgische Speisen an die moderne europ\u00e4ische K\u00fcche heranf\u00fchren. \u00dcbernachtung in Tbilissi.<\/p>\n<p align=\"left\"><strong>7. Tag: R\u00fcckreise<\/strong><br \/>\nTransfer zum Flughafen und R\u00fcckflug.<\/p>\n<p align=\"left\"><strong><span style=\"text-decoration: underline;\">Preise pro Person<\/span><br \/>\nGruppengr\u00f6\u00dfe 3 Personen: \u20ac 1.150,&#8211;<br \/>\nGruppengr\u00f6\u00dfe 4 &#8211; 6 Personen: \u20ac 1.075,&#8211;<br \/>\nGruppengr\u00f6\u00dfe 7 &#8211; 12 Personen: \u20ac 950,&#8211;<br \/>\n<\/strong><\/p>\n<p align=\"left\"><strong>EZ-Zuschlag:<\/strong>\u00a0 \u20ac 185,&#8211;<\/p>\n<p align=\"left\">Preise f\u00fcr kleinere Gruppen auf Anfrage<\/p>\n<p align=\"left\"><span style=\"text-decoration: underline;\"><strong>Unsere Leistungen:<\/strong><\/span><br \/>\nAlle Transfers ab und bis Flughafen Tbilissi.<br \/>\nUnterbringung: DZ mit Vollpension in landes\u00fcblichen ***-Hotels; soweit beschrieben auch in privaten Pensionen; deutschsprachige Reiseleitung ; alle Eintritte; Abend- und Mittagessen wie beschrieben, gelegentlich als Picknick oder bei einer Weinprobe; sechs Weinproben in Weing\u00fctern oder Restaurant; eine georgische Supra und ein Gourmet-Menu &#8222;Neue Georgische K\u00fcche&#8220;<\/p>\n<p><strong>Zusatzkosten:<\/strong><br \/>\nFl\u00fcge, Einzelzimmerzuschlag, Trinkgelder, zus\u00e4tzliche alkoholische Getr\u00e4nke bei Mittag- und Abendessen.<\/p>\n<p align=\"left\">Wir empfehlen den Abschluss eines &#8222;RundumSorglos-Schutzes&#8220; (Reise-R\u00fccktritts-, Reiseabbruch-, Reisegep\u00e4ck- und Reisekrankenversicherung mit medizinischer Notfallhilfe und RundumSorglos-Service) der ERV\/Europ\u00e4ische Reiseversicherung AG.<\/p>\n<p align=\"left\"><strong>Flugbuchungen<\/strong><br \/>\nDa in den letzten Jahren immer mehr Reisende ihre Fl\u00fcge preiswerter und individuell \u00fcber Internet buchen, bieten wir diese Reise ohne Flug an. Wir sind Ihnen aber gerne bei der Suche nach einem preiswerten und geeigneten Flug nach Ihren individuellen W\u00fcnschen behilflich.<\/p>\n<p align=\"left\">Das Programm wird je nach individueller Ankunfts- und Abflugzeit optimiert. Programm\u00e4nderungen vorbehalten.<\/p>\n<p>Veranstalter ist unsere Schwesterfirma-Firma <strong><em>ERKA TRAVEL CAUCASUS Ltd<\/em>.<\/strong> in Tiflis.<\/p>\n<p><strong>Buchung per e-mail:<\/strong><br \/>\n<a href=\"mailto:service@erkareisen.de\">service@erkareisen.de<\/a><\/p>\n","protected":false},"excerpt":{"rendered":"<p>Exklusive Studienreise durch die bekannteste Weinbauregion Georgiens 1 Woche ganzj\u00e4hrig buchbar Georgien und der Weinbau &#8211; eine Jahrtausende alte Geschichte. F\u00fcr ERKA-Reisen eine besondere Verpflichtung, sich dem Thema Wein in dieser exklusiven Studienreise intensiv zu widmen. Nat\u00fcrlich mit einem Besuch &hellip; <a href=\"https:\/\/www.erkareisen.com\/?page_id=938\">Weiter<\/a><\/p>\n","protected":false},"author":3,"featured_media":0,"parent":0,"menu_order":0,"comment_status":"closed","ping_status":"closed","template":"","meta":{"kt_blocks_editor_width":"","ngg_post_thumbnail":0},"_links":{"self":[{"href":"https:\/\/www.erkareisen.com\/index.php?rest_route=\/wp\/v2\/pages\/938"}],"collection":[{"href":"https:\/\/www.erkareisen.com\/index.php?rest_route=\/wp\/v2\/pages"}],"about":[{"href":"https:\/\/www.erkareisen.com\/index.php?rest_route=\/wp\/v2\/types\/page"}],"author":[{"embeddable":true,"href":"https:\/\/www.erkareisen.com\/index.php?rest_route=\/wp\/v2\/users\/3"}],"replies":[{"embeddable":true,"href":"https:\/\/www.erkareisen.com\/index.php?rest_route=%2Fwp%2Fv2%2Fcomments&post=938"}],"version-history":[{"count":8,"href":"https:\/\/www.erkareisen.com\/index.php?rest_route=\/wp\/v2\/pages\/938\/revisions"}],"predecessor-version":[{"id":940,"href":"https:\/\/www.erkareisen.com\/index.php?rest_route=\/wp\/v2\/pages\/938\/revisions\/940"}],"wp:attachment":[{"href":"https:\/\/www.erkareisen.com\/index.php?rest_route=%2Fwp%2Fv2%2Fmedia&parent=938"}],"curies":[{"name":"wp","href":"https:\/\/api.w.org\/{rel}","templated":true}]}}