{"id":939,"date":"2013-04-17T16:07:14","date_gmt":"2013-04-17T14:07:14","guid":{"rendered":"http:\/\/s414282258.online.de\/ErkaReiseWP\/?page_id=939"},"modified":"2013-04-28T10:55:23","modified_gmt":"2013-04-28T08:55:23","slug":"georgien-mit-der-eisenbahn-erfahren","status":"publish","type":"page","link":"https:\/\/www.erkareisen.com\/?page_id=939","title":{"rendered":"Georgien &#8211; mit der Eisenbahn erfahren"},"content":{"rendered":"<p><!--[if gte mso 9]><xml>\n<w:WordDocument>\n<w:View>Normal<\/w:View>\n<w:Zoom>0<\/w:Zoom>\n<w:TrackMoves\/>\n<w:TrackFormatting\/>\n<w:HyphenationZone>21<\/w:HyphenationZone>\n<w:PunctuationKerning\/>\n<w:ValidateAgainstSchemas\/>\n<w:SaveIfXMLInvalid>false<\/w:SaveIfXMLInvalid>\n<w:IgnoreMixedContent>false<\/w:IgnoreMixedContent>\n<w:AlwaysShowPlaceholderText>false<\/w:AlwaysShowPlaceholderText>\n<w:DoNotPromoteQF\/>\n<w:LidThemeOther>DE<\/w:LidThemeOther>\n<w:LidThemeAsian>X-NONE<\/w:LidThemeAsian>\n<w:LidThemeComplexScript>X-NONE<\/w:LidThemeComplexScript>\n<w:Compatibility>\n<w:BreakWrappedTables\/>\n<w:SnapToGridInCell\/>\n<w:WrapTextWithPunct\/>\n<w:UseAsianBreakRules\/>\n<w:DontGrowAutofit\/>\n<w:SplitPgBreakAndParaMark\/>\n<w:DontVertAlignCellWithSp\/>\n<w:DontBreakConstrainedForcedTables\/>\n<w:DontVertAlignInTxbx\/>\n<w:Word11KerningPairs\/>\n<w:CachedColBalance\/>\n<\/w:Compatibility>\n<m:mathPr>\n<m:mathFont m:val=\"Cambria Math\"\/>\n<m:brkBin m:val=\"before\"\/>\n<m:brkBinSub m:val=\"--\"\/>\n<m:smallFrac m:val=\"off\"\/>\n<m:dispDef\/>\n<m:lMargin m:val=\"0\"\/>\n<m:rMargin m:val=\"0\"\/>\n<m:defJc m:val=\"centerGroup\"\/>\n<m:wrapIndent m:val=\"1440\"\/>\n<m:intLim m:val=\"subSup\"\/>\n<m:naryLim m:val=\"undOvr\"\/>\n<\/m:mathPr><\/w:WordDocument>\n<\/xml><![endif]--><\/p>\n<h2 style=\"text-align: center;\"><span lang=\"DE-AT\"> Georgien-Rundreise f\u00fcr Bahnfreunde<\/span><\/h2>\n<p style=\"text-align: center;\"><span lang=\"DE-AT\"><strong>2\u00a0Wochen<\/strong><\/span><strong><br \/>\n<\/strong>Beste Reisezeit: Mai &#8211; Oktober<\/p>\n<p><span lang=\"DE-AT\"><br \/>\n<\/span><span lang=\"DE-AT\">Mit dieser Rundreise erschlie\u00dfen wir Georgien f\u00fcr alle Freunde der Eisenbahn, denn die meisten Strecken des alten Eisenbahnnetzes werden wieder regelm\u00e4\u00dfig befahren. In den jeweiligen Etappen- oder Zielorten werden Tagesausfl\u00fcge mit \u00f6ffentlichen Omnibussen, Marschroutkas oder Taxen organisiert.<\/span><\/p>\n<p><strong>Reiseverlauf: <\/strong> (nach aktuellem Fahrplan, \u00c4nderungen m\u00f6glich)<\/p>\n<p><strong>1. Tag: Anreise<\/strong><br \/>\nFlug nach Tbilissi, Transfer zum Hotel. \u00dcbernachtung in Tbilissi<\/p>\n<p><strong>2. Tag:\u00a0 Mit dem Zug ans Schwarze Meer<\/strong><br \/>\nUm 7:30 Uhr startet laut Fahrplan der Zug nach Batumi. Er endet im Dorf Machindschauri, wenige Kilometer vor der adscharischen Hauptstadt. Obwohl ein Grossteil der Schienenstrecke mit finanzieller Hilfe der EU mittlerweile saniert wurde, m\u00fcssen Sie einen halben Tag daf\u00fcr kalkulieren, denn die fahrplanm\u00e4\u00dfige Ankunft ist um 12:52 Uhr. Gen\u00fcgend Zeit also, mit dem Marschroutka nach Batumi zu fahren und einen ersten Stadtbummel zu machen.<\/p>\n<p><span lang=\"DE-AT\"><br \/>\n<\/span><strong><span lang=\"DE-AT\">3. Tag: Batumi und Umgebung<\/span><\/strong><span lang=\"DE-AT\"><br \/>\nDie subtropische Provinz Adscharien bieten Ihnen M\u00f6glichkeiten zu interessanten Tagesausfl\u00fcgen. Vielleicht fahren Sie mit dem Taxi oder Marschroutka auf den Goderzi-Pass. Oder Sie besuchen den interessanten Botanischen Garten Batumi. Oder erkunden die lebhafte Hafenstadt. \u00dcbernachtung in Batumi.<\/span><\/p>\n<p><strong>4. Tag: Zugfahrt nach Kutaissi<\/strong><br \/>\nVon 8:00 bis 12:00 Uhr dauert nach Fahrplan die Zugreise von Machindschauri nach Kutaissi, der Hauptstadt der Kolchis. In Kutaissi lohnt ein Stadtrundgang mit dem Besuch der Kathedrale Bagrati. \u00dcbernachtung in Kutaissi.<\/p>\n<p><span lang=\"DE-AT\"><strong>5. Tag: Ausfl\u00fcge rund um Kutaissi<\/strong><br \/>\nSie machen einen Tagesausflug per Marschroutka zum Kloster Gelati. Auf dem R\u00fcckweg machen Sie einen Zwischenstopp und spazieren zum herrlichen Kloster Mozameta, das hoch \u00fcber dem Rioni-Tal liegt. \u00dcbernachtung in Kutaissi.<\/span><\/p>\n<p><strong>6. Tag: Mit der Eisenbahn nach Sachchere<\/strong><br \/>\nEine spannende Zugfahrt von Kutaissi in die Bergwerkstadt Satchchere \u00fcber die Industriest\u00e4dte Sestaphoni und Tschiatura steht heute auf dem Programm. Vor der Abfashrt in Kutaissi (16.00 Uhr) haben Sie gen\u00fcgend Zeit f\u00fcr einen ausf\u00fchrlichen Stadtbummel. \u00dcbernachtung in einem Privatquartier in Tschiatura.<\/p>\n<p><strong>7<\/strong><span lang=\"DE-AT\"><strong>. Tag:Bergwerkstadt Tschiatura<\/strong><br \/>\n<\/span><span lang=\"DE-AT\"> F\u00fcr Schienenfreaks und Seilbahnfreunde ein Eldorade, die alte Bergwerkstadt mit vielen Seilbahnen\u00a0 und Bergwerksbahnen. \u00dcbernachtung in Tschiatura.<\/span><span lang=\"DE-AT\"><br \/>\n<\/span><\/p>\n<p><strong>8. Tag: <\/strong><span lang=\"DE-AT\"><strong>Im Gro\u00dfen Kaukasus<\/strong><br \/>\nMit den Z\u00fcgen Schachchere &#8211; Sestafoni und -Tbilissi fahren wir zur\u00fcck in die georgische Hauptstadt. Wenn es der Fahrplan erlaubt, machen wir Station im Bahnhof Moliti.\u00a0 \u00dcbernachtung in Tbilissi<\/span><\/p>\n<p><strong>9. Tag: Tbilissi zur Erholung<\/strong><br \/>\nRuhetag in Tbilissi. Vielleicht machen Sie einen Bummel \u00fcber den Gro\u00dfen Markt, die beiden Einkaufsstra\u00dfen Aghmaschenebeli-Prospekt und Rustaweli-Prospekt oder besuchen die t\u00fcrkischen Schwefelb\u00e4der in der Altstadt. Auf Wunsch versuchen wir, einen Besuch in der Lokomotiven-Fabrik von Tbilissi zu arrangieren. \u00dcbernachtung am Tbilissi.<\/p>\n<p><strong>10. Tag: Schmalspurbahn nach Bordschomi<\/strong><br \/>\nMit dem Zug fahren Sie von Tbilissi zum Kurort Bordschomi. Dort startet um 11.40 eine gem\u00fctliche Schmalspurbahn, die Sie in den Ferienort Bakuriani bringt. H\u00f6henunterschied rund 1.000 m. \u00dcbernachtung in Bakuriani.<\/p>\n<p><span lang=\"DE-AT\"><strong>11. Tag: Spazierg\u00e4nge oder Ausritt in Bakuriani<\/strong><br \/>\nIn Bakuriani empfehlen wir einen Spaziergang zum Kochta oder einen Ausflug \u00fcber den Tzrazkaro-Pass zum Tabazkuri-See. \u00dcbernachtung in Bordschomi.<\/span><\/p>\n<p><strong>12. Tag: Mit Bahn und Bus nach Achalziche<\/strong><br \/>\nMit dem Zug fahren Sie von Bordschomi nach Achalziche. Dort besuchen Sie die neu renovierte Burg Rabati. \u00dcbernachtung in Achalziche.<\/p>\n<p><strong>13. Tag: H\u00f6hlenkloster<\/strong><br \/>\nMit Omnibus oder Marschroutka fahren Sie zur H\u00f6hlenstadt Wardsia, am Abend \u00fcber Achalziche zum t\u00fcrkisch-georgischen Grenzort Vale.<\/p>\n<p><strong>14. Tag: Tbilissi frei<\/strong><br \/>\nEin letzter Tag zur freien Erholung. \u00dcbernachtung in Tbilissi.<\/p>\n<p><strong>15. Tag: R\u00fcckreise<\/strong><br \/>\nTransfer zum Flughafen, R\u00fcckflug.<\/p>\n<p><span style=\"text-decoration: underline;\"><strong>Anmerkungen:<\/strong><\/span><br \/>\nAls Vorlauf oder im Anschlu\u00df sind Bahnreisen von und nach Baku und Eriwan m\u00f6glich.<\/p>\n<p><span style=\"text-decoration: underline;\"><strong>Unsere Leistungen:<\/strong><\/span><br \/>\nalle Transfers in Georgien mit Bahn, Bussen und Marschroutkas; Unterbringung: DZ mit Halbpension in Tbilissi in einem landes\u00fcblichen **-Hotel (andere Hotelkategorie oder EZ gegen Aufpreis), bei Nachtz\u00fcgen landes\u00fcbliche Schlafcoupees f\u00fcr zwei\/vier Personen; im Land in landes\u00fcblichen guten Hotels oder Privatpensionen. Alle Eintritte f\u00fcr Kirchen und Museen, qualifizierte deutschsprachige Reisebegleitung;\u00a0 Touristenkarte.<\/p>\n<p><strong>Beste Reisezeit:<\/strong>\u00a0 April bis Oktober<\/p>\n<p><strong>Individuelle Termine:<\/strong><br \/>\njederzeit auf Anfrage<\/p>\n<p><strong>Pauschalpreis pro Person:<\/strong> Preis auf Anfrage<\/p>\n<p><span lang=\"DE-AT\"><span style=\"text-decoration: underline;\"><strong>Zusatzkosten:<\/strong><\/span><br \/>\nFl\u00fcge, Einzelzimmerzuschlag, alkoholkische Getr\u00e4nke beim Abendessen.<br \/>\n<\/span><\/p>\n<p><strong>Anreise:<\/strong><br \/>\nDa in den letzten Jahren immer mehr Reisende ihre Fl\u00fcge preiswert und individuell \u00fcber das Internet buchen, bieten wir unsere Reisen ohne Flug an. Wir sind Ihnen aber gerne bei der Suche nach einem preiswerten und geeigneten Flug nach Ihren individuellen W\u00fcnschen behilflich:<\/p>\n<p>Bei gr\u00f6\u00dferen Reisegruppen k\u00f6nnen wir \u00fcber unseren Partner gerne die Reservierung und Buchung des Fluges \u00fcbernehmen.<\/p>\n<p>Bedingt durch die individuellen An- und Abflugszeiten k\u00f6nnen sich am ersten und letzen Tag Programm\u00e4nderungen ergeben. Programm\u00e4nderungen vorbehalten.<\/p>\n<p>Veranstalter ist unsere Schwesterfirma-Firma <em><b>ERKA TRAVEL CAUCASUS Ltd<\/b><\/em><strong>.<\/strong> in Tbilissi.<\/p>\n<p><strong>Buchung per e-mail:<\/strong><br \/>\n<a href=\"mailto:service@erkareisen.de\">service@erkareisen.de<\/a><\/p>\n<p>&nbsp;<\/p>\n<p><span lang=\"DE-AT\">\u00a0<\/span><\/p>\n","protected":false},"excerpt":{"rendered":"<p>Georgien-Rundreise f\u00fcr Bahnfreunde 2\u00a0Wochen Beste Reisezeit: Mai &#8211; Oktober Mit dieser Rundreise erschlie\u00dfen wir Georgien f\u00fcr alle Freunde der Eisenbahn, denn die meisten Strecken des alten Eisenbahnnetzes werden wieder regelm\u00e4\u00dfig befahren. In den jeweiligen Etappen- oder Zielorten werden Tagesausfl\u00fcge mit &hellip; <a href=\"https:\/\/www.erkareisen.com\/?page_id=939\">Weiter<\/a><\/p>\n","protected":false},"author":3,"featured_media":0,"parent":0,"menu_order":0,"comment_status":"closed","ping_status":"closed","template":"","meta":{"kt_blocks_editor_width":"","ngg_post_thumbnail":0},"_links":{"self":[{"href":"https:\/\/www.erkareisen.com\/index.php?rest_route=\/wp\/v2\/pages\/939"}],"collection":[{"href":"https:\/\/www.erkareisen.com\/index.php?rest_route=\/wp\/v2\/pages"}],"about":[{"href":"https:\/\/www.erkareisen.com\/index.php?rest_route=\/wp\/v2\/types\/page"}],"author":[{"embeddable":true,"href":"https:\/\/www.erkareisen.com\/index.php?rest_route=\/wp\/v2\/users\/3"}],"replies":[{"embeddable":true,"href":"https:\/\/www.erkareisen.com\/index.php?rest_route=%2Fwp%2Fv2%2Fcomments&post=939"}],"version-history":[{"count":8,"href":"https:\/\/www.erkareisen.com\/index.php?rest_route=\/wp\/v2\/pages\/939\/revisions"}],"predecessor-version":[{"id":942,"href":"https:\/\/www.erkareisen.com\/index.php?rest_route=\/wp\/v2\/pages\/939\/revisions\/942"}],"wp:attachment":[{"href":"https:\/\/www.erkareisen.com\/index.php?rest_route=%2Fwp%2Fv2%2Fmedia&parent=939"}],"curies":[{"name":"wp","href":"https:\/\/api.w.org\/{rel}","templated":true}]}}